{"id":3910,"date":"2025-12-11T17:42:38","date_gmt":"2025-12-11T09:42:38","guid":{"rendered":"https:\/\/minghanggroup.com\/?post_type=product&#038;p=3910"},"modified":"2026-01-20T13:49:41","modified_gmt":"2026-01-20T05:49:41","slug":"empty-large-glass-food-storage-jars-with-lids-bulk","status":"publish","type":"product","link":"https:\/\/minghanggroup.com\/tr\/urun\/empty-large-glass-food-storage-jars-with-lids-bulk\/","title":{"rendered":"50 oz, 64 oz, 100 oz Kapakl\u0131 B\u00fcy\u00fck Boy Bo\u015f Cam G\u0131da Saklama Kavanozlar\u0131 (Toptan)"},"content":{"rendered":"<p>Bu b\u00fcy\u00fck cam g\u0131da saklama kavanozlar\u0131, p\u00fcr\u00fczs\u00fcz, yuvarlak ve zarif k\u00f6\u015felere sahip uzun, kare bir \u015fekle sahiptir. Metal ge\u00e7meli kapaklar ve fileli s\u0131zd\u0131rmazl\u0131k halkas\u0131, s\u0131zd\u0131rmaz bir conta sa\u011flar.<\/p>\n<h2>\u00dcr\u00fcn \u00d6zellikleri<\/h2>\n<ul>\n<li><strong>B\u00fcy\u00fck Kapasite:<\/strong> Bu kavanozlar 1,5 litreden 3 litreye kadar de\u011fi\u015fen boyutlarda mevcuttur ve bu sayede \u00e7ok miktarda e\u015fya alabilir ve ayn\u0131 zamanda da\u011f\u0131n\u0131kl\u0131\u011f\u0131 en aza indirebilirler.<\/li>\n<li><strong>Ge\u00e7meli S\u0131zd\u0131rmazl\u0131k Tasar\u0131m\u0131:<\/strong> Metal ge\u00e7meli kapaklar sayesinde m\u00fckemmel bir s\u0131zd\u0131rmazl\u0131k sa\u011flan\u0131r, b\u00f6ylece nem i\u00e7eri giremez ve tazelik korunur.<\/li>\n<li><strong>Sa\u011flam ve \u0130stiflenebilir:<\/strong> Kare \u015feklinde olduklar\u0131 i\u00e7in kavanozlar \u00fcst \u00fcste veya yan yana istiflenebilir, b\u00f6ylece tabanlar\u0131 sa\u011flam olur ve y\u00fcksek ta\u015f\u0131ma kapasitesine sahip olurlar.<\/li>\n<\/ul>\n<h2 style=\"text-align: left;\">Temel \u00d6zellikler<\/h2>\n<table class=\"aligncenter\" style=\"border-collapse: collapse; width: 413.27pt;\" border=\"0\" width=\"551\" cellspacing=\"0\" cellpadding=\"0\">\n<tbody>\n<tr style=\"height: 13.50pt;\">\n<td style=\"height: 13.50pt; width: 86.25pt;\" width=\"115\" height=\"18\">\u015eartname<\/td>\n<td style=\"width: 327.00pt;\" width=\"436\">Detaylar<\/td>\n<\/tr>\n<tr style=\"height: 13.50pt;\">\n<td style=\"height: 13.50pt;\" height=\"18\">Kapasite\u200b<\/td>\n<td>1500ml (50oz) \/ 2000ml (64oz) \/ 3000ml (100oz)<\/td>\n<\/tr>\n<tr style=\"height: 13.50pt;\">\n<td style=\"height: 13.50pt;\" height=\"18\">Boyutlar\u200b<\/td>\n<td>11.4\u00d715cm \/ 11.4\u00d719.5cm \/ 11.4\u00d725.8cm<\/td>\n<\/tr>\n<tr style=\"height: 13.50pt;\">\n<td style=\"height: 13.50pt;\" height=\"18\">Malzeme<\/td>\n<td>Kal\u0131n \u015eeffaf Cam<\/td>\n<\/tr>\n<tr style=\"height: 13.50pt;\">\n<td style=\"height: 13.50pt;\" height=\"18\">Jar Shape\u200b<\/td>\n<td>Tall Square with Rounded Corners<\/td>\n<\/tr>\n<tr style=\"height: 13.50pt;\">\n<td style=\"height: 13.50pt;\" height=\"18\">Kapak Tipi\u200b<\/td>\n<td>Tel Halkal\u0131 Metal Kelep\u00e7eli Kapak<\/td>\n<\/tr>\n<tr style=\"height: 13.50pt;\">\n<td style=\"height: 13.50pt;\" height=\"18\">\u0130deal Olanlar \u0130\u00e7in<\/td>\n<td>Large glass food storage jars, glass food storage jars<\/td>\n<\/tr>\n<\/tbody>\n<\/table>\n<h2>Ba\u015far\u0131 \u00d6yk\u00fcs\u00fc: Ticari Bir F\u0131r\u0131n \u0130\u00e7in Depolama Devrimi<\/h2>\n<p>B\u00fcy\u00fck bir f\u0131r\u0131n i\u00e7in f\u0131r\u0131n malzemelerinin toplu depolanmas\u0131 zorlu bir i\u015fti. Un, \u015feker ve tah\u0131llar\u0131 depolamak i\u00e7in, 3 litrelik geni\u015f kapasiteli kapakl\u0131 cam g\u0131da saklama kavanozlar\u0131m\u0131z\u0131 tercih ettiler. Hava ge\u00e7irmez kapaklar, malzemelerin raf \u00f6mr\u00fcn\u00fc uzatmakla kalmad\u0131, ayn\u0131 zamanda israf\u0131 da azaltt\u0131. Kaplar\u0131n kare \u015fekli, ayn\u0131 alanda daha fazla depolama alan\u0131 sa\u011flayarak mutfak d\u00fczenini optimize etti. Sonu\u00e7lar\u0131 g\u00f6rd\u00fckten sonra, t\u00fcm ma\u011fazalar\u0131nda kullan\u0131lmak \u00fczere d\u00f6rt y\u00fcz bin adet cam kavanozdan olu\u015fan yeni bir sipari\u015f verdiler.<\/p>\n<h2>B\u00fcy\u00fck Boy Cam G\u0131da Saklama Kavanozlar\u0131 \u0130\u00e7in \u00d6zelle\u015ftirilebilir Se\u00e7enekler<\/h2>\n<ul>\n<li>Serigrafi bask\u0131l\u0131 hacim i\u015faretleri \u2013 Bu, porsiyon kontrol\u00fcn\u00fc kolayla\u015ft\u0131ran \u00f6l\u00e7\u00fcm g\u00f6stergeleri ekler.<\/li>\n<li>Buzlu dekoratif panel \u2013 Zarif mat bir etki veren asit a\u015f\u0131nd\u0131rma tekni\u011fiyle i\u015flenmi\u015f y\u00fczey.<\/li>\n<li>\u00d6zel kelep\u00e7e kaplamas\u0131 \u2013 Bir\u00e7ok metalik ton aras\u0131ndan se\u00e7im yap\u0131labilir.<\/li>\n<li>G\u00fc\u00e7lendirilmi\u015f taban tasar\u0131m\u0131 \u2013 Kavanozun camdan yap\u0131lm\u0131\u015f alt k\u0131sm\u0131, daha a\u011f\u0131r e\u015fyalar\u0131 ta\u015f\u0131yabilmesi i\u00e7in kal\u0131nla\u015ft\u0131r\u0131lm\u0131\u015ft\u0131r.<\/li>\n<li>Tek par\u00e7a sap \u2013 Sap, camla ayn\u0131 kal\u0131ptan \u00fcretilmi\u015ftir ve tutma kolayl\u0131\u011f\u0131 i\u00e7in tasarlanm\u0131\u015ft\u0131r.<\/li>\n<\/ul>","protected":false},"excerpt":{"rendered":"<p>Temiz ve modern mutfaklar i\u00e7in tasarlanm\u0131\u015f b\u00fcy\u00fck cam g\u0131da saklama kavanozlar\u0131n\u0131 ve kapakl\u0131 cam g\u0131da saklama kavanozlar\u0131n\u0131 ke\u015ffedin. Dayan\u0131kl\u0131, hava ge\u00e7irmez ve h\u0131zl\u0131 kargo ile sunulmaktad\u0131r.<\/p>","protected":false},"featured_media":3915,"template":"","meta":{"postBodyCss":"","postBodyMargin":[],"postBodyPadding":[],"postBodyBackground":{"backgroundType":"classic","gradient":""}},"product_brand":[],"product_cat":[15,17,59],"product_tag":[66],"class_list":{"0":"post-3910","1":"product","2":"type-product","3":"status-publish","4":"has-post-thumbnail","6":"product_cat-glass-containers","7":"product_cat-glass-jars","8":"product_cat-glass-storage-jars","9":"product_tag-swing-top-jars","11":"first","12":"instock","13":"shipping-taxable","14":"product-type-simple"},"jetpack_sharing_enabled":true,"_links":{"self":[{"href":"https:\/\/minghanggroup.com\/tr\/wp-json\/wp\/v2\/product\/3910","targetHints":{"allow":["GET"]}}],"collection":[{"href":"https:\/\/minghanggroup.com\/tr\/wp-json\/wp\/v2\/product"}],"about":[{"href":"https:\/\/minghanggroup.com\/tr\/wp-json\/wp\/v2\/types\/product"}],"wp:featuredmedia":[{"embeddable":true,"href":"https:\/\/minghanggroup.com\/tr\/wp-json\/wp\/v2\/media\/3915"}],"wp:attachment":[{"href":"https:\/\/minghanggroup.com\/tr\/wp-json\/wp\/v2\/media?parent=3910"}],"wp:term":[{"taxonomy":"product_brand","embeddable":true,"href":"https:\/\/minghanggroup.com\/tr\/wp-json\/wp\/v2\/product_brand?post=3910"},{"taxonomy":"product_cat","embeddable":true,"href":"https:\/\/minghanggroup.com\/tr\/wp-json\/wp\/v2\/product_cat?post=3910"},{"taxonomy":"product_tag","embeddable":true,"href":"https:\/\/minghanggroup.com\/tr\/wp-json\/wp\/v2\/product_tag?post=3910"}],"curies":[{"name":"wp","href":"https:\/\/api.w.org\/{rel}","templated":true}]}}