{"id":3905,"date":"2025-12-11T17:25:03","date_gmt":"2025-12-11T09:25:03","guid":{"rendered":"https:\/\/minghanggroup.com\/?post_type=product&#038;p=3905"},"modified":"2026-01-20T13:49:49","modified_gmt":"2026-01-20T05:49:49","slug":"small-square-glass-storage-jars-with-airtight-lids-bulk","status":"publish","type":"product","link":"https:\/\/minghanggroup.com\/tr\/urun\/small-square-glass-storage-jars-with-airtight-lids-bulk\/","title":{"rendered":"380 ml, 500 ml, 750 ml, 1000 ml Hava Ge\u00e7irmez Kapakl\u0131 K\u00fc\u00e7\u00fck Kare Cam Saklama Kavanozlar\u0131 (Toptan Sat\u0131\u015f)"},"content":{"rendered":"<p>Bunlar, \u015feffaf camdan yap\u0131lm\u0131\u015f kare cam saklama kavanozlar\u0131d\u0131r ve benzer kaplar\u0131 g\u00f6rd\u00fcyseniz, b\u00fcy\u00fck olas\u0131l\u0131kla hepsinde ortak bir metal ge\u00e7meli kilit sistemi vard\u0131r. \u015eeffaf g\u00f6vdeleri sayesinde, yeterli miktarda olup olmad\u0131\u011f\u0131n\u0131 kontrol etmek i\u00e7in kavanozu a\u00e7maya gerek yoktur. Bu nedenle, at\u0131\u015ft\u0131rmal\u0131klar, soslar veya k\u00fc\u00e7\u00fck e\u015fyalar kullan\u0131c\u0131n\u0131n g\u00f6z\u00fcn\u00fcn \u00f6n\u00fcnde rahatl\u0131kla saklanabilir.<\/p>\n<h2>\u00dcr\u00fcn \u00d6zellikleri<\/h2>\n<ul>\n<li><strong>Kare ve G\u00fc\u00e7l\u00fc Kare \u015eekli:<\/strong> \u015eeffaf camdan \u00fcretilmi\u015f ve k\u0131sa, kare g\u00f6vdeli bu kavanozlar, birbirine yak\u0131n yerle\u015ftirme i\u00e7in m\u00fckemmeldir ve bu da yuvarlak kavanozlara g\u00f6re daha fazla raf alan\u0131 tasarrufu sa\u011flar.<\/li>\n<li><strong>Ge\u00e7meli Kilitli Conta Tasar\u0131m\u0131:<\/strong> Kau\u00e7uktan yap\u0131lm\u0131\u015f \u00fc\u00e7 s\u0131zd\u0131rmazl\u0131k halkas\u0131, \u00e7ok iyi nem ve s\u0131z\u0131nt\u0131 \u00f6nleme \u00f6zelli\u011fi sa\u011flayacak \u015fekilde kal\u0131n olarak tasarlanm\u0131\u015ft\u0131r.<\/li>\n<li><strong>\u0130stifleme Tasar\u0131m\u0131:<\/strong> D\u00fczg\u00fcn \u015fekilleri ve d\u00fczl\u00fckleri sayesinde, b\u00fcy\u00fck bir stabiliteyle \u00fcst \u00fcste istiflenebilirler.<\/li>\n<\/ul>\n<h2 style=\"text-align: left;\">Temel \u00d6zellikler<\/h2>\n<table class=\"aligncenter\" style=\"border-collapse: collapse; width: 384.02pt;\" border=\"0\" width=\"512\" cellspacing=\"0\" cellpadding=\"0\">\n<tbody>\n<tr style=\"height: 13.50pt;\">\n<td style=\"height: 13.50pt; width: 86.25pt;\" width=\"115\" height=\"18\">\u015eartname<\/td>\n<td style=\"width: 297.75pt;\" width=\"397\">Detaylar<\/td>\n<\/tr>\n<tr style=\"height: 13.50pt;\">\n<td style=\"height: 13.50pt;\" height=\"18\">Kapasite\u200b<\/td>\n<td>380 ml \/ 500 ml \/ 750 ml \/ 1000 ml<\/td>\n<\/tr>\n<tr style=\"height: 13.50pt;\">\n<td style=\"height: 13.50pt;\" height=\"18\">Boyutlar\u200b<\/td>\n<td>8,7\u00d710 cm \/ 10,8\u00d710 cm \/ 11\u00d712,3 cm \/ 11,3\u00d715 cm<\/td>\n<\/tr>\n<tr style=\"height: 13.50pt;\">\n<td style=\"height: 13.50pt;\" height=\"18\">Malzeme<\/td>\n<td>\u015eeffaf Cam<\/td>\n<\/tr>\n<tr style=\"height: 13.50pt;\">\n<td style=\"height: 13.50pt;\" height=\"18\">Kapak Tipi\u200b<\/td>\n<td>Tel Halkal\u0131 Metal Kelep\u00e7eli Kapak<\/td>\n<\/tr>\n<tr style=\"height: 13.50pt;\">\n<td style=\"height: 13.50pt;\" height=\"18\">\u0130deal Olanlar \u0130\u00e7in<\/td>\n<td>Hava ge\u00e7irmez kapakl\u0131 cam kavanozlar, saklama ama\u00e7l\u0131 cam kavanozlar<\/td>\n<\/tr>\n<\/tbody>\n<\/table>\n<h2>Ba\u015far\u0131 \u00d6yk\u00fcs\u00fc: Bir Gurme S\u00fcpermarketin Depo Yenilemesi<\/h2>\n<p>\u00d6zel g\u0131da \u00fcr\u00fcnleri satan bir s\u00fcpermarket, d\u00f6kme g\u0131da b\u00f6l\u00fcm\u00fc i\u00e7in \u00fcst\u00fcn bir d\u00fczenleme sistemine ihtiya\u00e7 duyuyordu. Bu nedenle, tah\u0131llar, makarna ve kuru meyveleri koymak i\u00e7in hava ge\u00e7irmez kapakl\u0131 750 ml&#039;lik kare cam kavanozlar\u0131m\u0131z\u0131 se\u00e7tiler. Hava ge\u00e7irmez kapaklar, raf \u00f6mr\u00fcn\u00fc uzatt\u0131 ve \u00fcr\u00fcn israf\u0131n\u0131 azaltt\u0131. M\u00fc\u015fteriler, \u015feffaf cam sayesinde i\u00e7indeki \u00fcr\u00fcnleri kolayca g\u00f6rebiliyordu; bu da al\u0131\u015fveri\u015f h\u0131z\u0131n\u0131n artmas\u0131na yol a\u00e7t\u0131. Bu sonu\u00e7lar\u0131 dikkate alarak, d\u00f6kme g\u0131da b\u00f6l\u00fcm\u00fcn\u00fc geni\u015fletmek i\u00e7in 2.500.000 adet daha kavanoz sipari\u015fi verdiler.<\/p>\n<h2>Kare Cam Saklama Kavanozlar\u0131 \u00d6zelle\u015ftirme Se\u00e7enekleri<\/h2>\n<ul>\n<li>Buzlu Yan Paneller \u2013 Panelin mat y\u00fczeyi, asit a\u015f\u0131nd\u0131rma y\u00f6ntemiyle zarif bir \u015fekilde elde edilmi\u015ftir.<\/li>\n<li>Serigrafi Bask\u0131l\u0131 Etiketler \u2013 D\u00fcz bir y\u00fczeye okunakl\u0131 ve dayan\u0131kl\u0131 seramik m\u00fcrekkep desenleri ekleyin.<\/li>\n<li>Kabartmal\u0131 Kapasite \u0130\u015faretleyicileri \u2013 \u0130nce kabartmal\u0131 \u00f6l\u00e7ek \u00e7izgileriyle yap\u0131labilir.<\/li>\n<li>Vitray \u2013 Cam, zararl\u0131 \u0131\u015f\u0131\u011f\u0131 emebilir. Kaplar kehribar veya ye\u015fil camdan yap\u0131labilir ve koruma amac\u0131yla kullan\u0131labilir.<\/li>\n<\/ul>","protected":false},"excerpt":{"rendered":"<p>Dayan\u0131kl\u0131 kare cam saklama kavanozlar\u0131yla kilerinizde yeni bir g\u00f6r\u00fcn\u00fcm elde edin. Hava ge\u00e7irmez kapakl\u0131 bu cam kavanozlar, g\u00fcvenilir tazelik korumas\u0131 sa\u011flar. \u0130stek \u00fczerine \u00fccretsiz numuneler g\u00f6nderilebilir.<\/p>","protected":false},"featured_media":3908,"template":"","meta":{"postBodyCss":"","postBodyMargin":[],"postBodyPadding":[],"postBodyBackground":{"backgroundType":"classic","gradient":""}},"product_brand":[],"product_cat":[15,17,59],"product_tag":[66],"class_list":{"0":"post-3905","1":"product","2":"type-product","3":"status-publish","4":"has-post-thumbnail","6":"product_cat-glass-containers","7":"product_cat-glass-jars","8":"product_cat-glass-storage-jars","9":"product_tag-swing-top-jars","11":"first","12":"instock","13":"shipping-taxable","14":"product-type-simple"},"jetpack_sharing_enabled":true,"_links":{"self":[{"href":"https:\/\/minghanggroup.com\/tr\/wp-json\/wp\/v2\/product\/3905","targetHints":{"allow":["GET"]}}],"collection":[{"href":"https:\/\/minghanggroup.com\/tr\/wp-json\/wp\/v2\/product"}],"about":[{"href":"https:\/\/minghanggroup.com\/tr\/wp-json\/wp\/v2\/types\/product"}],"wp:featuredmedia":[{"embeddable":true,"href":"https:\/\/minghanggroup.com\/tr\/wp-json\/wp\/v2\/media\/3908"}],"wp:attachment":[{"href":"https:\/\/minghanggroup.com\/tr\/wp-json\/wp\/v2\/media?parent=3905"}],"wp:term":[{"taxonomy":"product_brand","embeddable":true,"href":"https:\/\/minghanggroup.com\/tr\/wp-json\/wp\/v2\/product_brand?post=3905"},{"taxonomy":"product_cat","embeddable":true,"href":"https:\/\/minghanggroup.com\/tr\/wp-json\/wp\/v2\/product_cat?post=3905"},{"taxonomy":"product_tag","embeddable":true,"href":"https:\/\/minghanggroup.com\/tr\/wp-json\/wp\/v2\/product_tag?post=3905"}],"curies":[{"name":"wp","href":"https:\/\/api.w.org\/{rel}","templated":true}]}}