{"id":3900,"date":"2025-12-11T11:50:05","date_gmt":"2025-12-11T03:50:05","guid":{"rendered":"https:\/\/minghanggroup.com\/?post_type=product&#038;p=3900"},"modified":"2025-12-12T14:22:39","modified_gmt":"2025-12-12T06:22:39","slug":"custom-double-walled-water-bottles-for-beverage-wholesale","status":"publish","type":"product","link":"https:\/\/minghanggroup.com\/tr\/urun\/custom-double-walled-water-bottles-for-beverage-wholesale\/","title":{"rendered":"Toptan i\u00e7ecek sat\u0131\u015f\u0131 i\u00e7in 400 ml&#039;lik \u00f6zel \u00e7ift cidarl\u0131 su \u015fi\u015feleri"},"content":{"rendered":"<p>Zay\u0131f ve markan\u0131z\u0131n ucuz g\u00f6r\u00fcnmesine neden olan plastik \u015fi\u015feleri kullanmay\u0131 b\u0131rak\u0131n. \u00c7ift cidarl\u0131 su \u015fi\u015fesi serimiz, i\u00e7ecekleriniz i\u00e7in sadece tazelik sa\u011flamakla kalmaz, ayn\u0131 zamanda markan\u0131z i\u00e7in de \u00e7ekici bir g\u00f6r\u00fcn\u00fcm sunar. Bu \u00e7ift tarafl\u0131 su \u015fi\u015feleri, toptan sat\u0131\u015f ba\u015far\u0131s\u0131na giden yolda yan\u0131n\u0131zda ta\u015f\u0131man\u0131z gereken do\u011fru \u00fcr\u00fcnlerdir.<\/p>\n<h2>\u00dcr\u00fcn \u00d6zellikleri<\/h2>\n<ul>\n<li><strong>\u00c7ift Katmanl\u0131 Yal\u0131t\u0131m: <\/strong>\u00c7ift cidarl\u0131 su \u015fi\u015femiz, s\u0131cak i\u00e7ecekleri daha uzun s\u00fcre s\u0131cak, so\u011fuk i\u00e7ecekleri ise daha uzun s\u00fcre so\u011fuk tutma \u00f6zelli\u011fine sahiptir; b\u00f6ylece s\u0131cakl\u0131k kayb\u0131 olmadan t\u00fcm g\u00fcn boyunca s\u0131v\u0131 ihtiyac\u0131n\u0131z\u0131 kar\u015f\u0131layabilirsiniz.<\/li>\n<li><strong>Geni\u015f A\u011f\u0131z Kolayl\u0131\u011f\u0131: <\/strong>38 mm geni\u015fli\u011findeki a\u011fz\u0131 sayesinde doldurmas\u0131, temizlemesi ve g\u00fcnl\u00fck su ihtiyac\u0131n\u0131z i\u00e7in \u00e7ay yapraklar\u0131 veya meyve eklemesi son derece kolayd\u0131r.<\/li>\n<li><strong>\u00dcst\u00fcn Kalite Borosilikat Cam: <\/strong>Bula\u015f\u0131k makinesinde y\u0131kanabilir, dondurucuda saklanabilir ve \u0131s\u0131 \u015fokuna dayan\u0131kl\u0131d\u0131r; s\u0131z\u0131nt\u0131 yapmaz ve k\u0131r\u0131lmaz.<\/li>\n<\/ul>\n<h2>Temel \u00d6zellikler<\/h2>\n<table style=\"border-collapse: collapse; width: 80%; margin-left: auto; margin-right: auto;\" border=\"0\" width=\"360\" cellspacing=\"0\" cellpadding=\"0\">\n<tbody>\n<tr style=\"height: 13.50pt;\">\n<td style=\"height: 13.5pt; width: 54pt; text-align: center;\" width=\"72\" height=\"18\">Kapasite<\/td>\n<td style=\"width: 54pt; text-align: center;\" width=\"72\">Boyut (cm)<\/td>\n<td style=\"width: 54pt; text-align: center;\" width=\"72\">\u00c7ap<\/td>\n<td style=\"width: 54pt; text-align: center;\" width=\"72\">Malzeme<\/td>\n<td style=\"width: 54pt; text-align: center;\" width=\"72\">\u00d6zellik<\/td>\n<\/tr>\n<tr style=\"height: 13.50pt;\">\n<td class=\"et2\" style=\"height: 27pt; text-align: center;\" rowspan=\"2\" height=\"36\">400 ml<\/td>\n<td style=\"text-align: center;\">6,6 x 21,5<\/td>\n<td class=\"et2\" style=\"text-align: center;\" rowspan=\"2\">38 mm<\/td>\n<td class=\"et2\" style=\"text-align: center;\" rowspan=\"2\">Borosilikat<\/td>\n<td class=\"et2\" style=\"text-align: center;\" rowspan=\"2\">\u00c7ift Duvar<\/td>\n<\/tr>\n<tr style=\"height: 13.50pt;\">\n<td style=\"text-align: center;\">7.0 x 20.5<\/td>\n<\/tr>\n<\/tbody>\n<\/table>\n<h2>Ba\u015far\u0131 \u00d6rne\u011fi<\/h2>\n<p>Amerikan sa\u011fl\u0131kl\u0131 ya\u015fam tarz\u0131 markas\u0131 ma\u011fazas\u0131, daha fazla kalite kontrol\u00fcyle u\u011fra\u015fmak zorunda kalmadan \u00fcr\u00fcn gamlar\u0131n\u0131 y\u00fckseltecek l\u00fcks bir hidrasyon \u00fcr\u00fcn\u00fc aray\u0131\u015f\u0131yla bize geldi. Numuneleri denedikten sonra, \u00e7ok \u015feffaf, dengeli a\u011f\u0131rl\u0131\u011fa sahip ve yal\u0131t\u0131m performans\u0131 \u00e7ok istikrarl\u0131 oldu\u011fu i\u00e7in \u00e7ift duvarl\u0131, geni\u015f a\u011f\u0131zl\u0131 cam su \u015fi\u015femizi tercih ettiler. \u015ei\u015fe kapa\u011f\u0131n\u0131n rengini marka renklerine uygun hale getirdik ve \u015f\u0131k bir kum p\u00fcsk\u00fcrtmeli logo ekledik.<\/p>\n<p>Perakendeci, stoklar\u0131n\u0131 devam ettirmek i\u00e7in art\u0131k her \u00fc\u00e7 ayda bir bizden sipari\u015f veriyor ve her seferinde yeni renkli kapaklar ve daha iyi ambalaj talep ediyor.<\/p>\n<h2>\u00d6zelle\u015ftirme \u0130pu\u00e7lar\u0131n\u0131z<\/h2>\n<p>Bu su kab\u0131 sizin tarz\u0131n\u0131za uygunsa ancak markan\u0131zla uyumlu olmad\u0131\u011f\u0131n\u0131 d\u00fc\u015f\u00fcn\u00fcyorsan\u0131z, yap\u0131ld\u0131\u011f\u0131 par\u00e7alar\u0131 (kapak malzemesi, filtre yap\u0131s\u0131, kapasite ve d\u0131\u015f tasar\u0131m) d\u00fc\u015f\u00fcnerek markan\u0131za daha \u00e7ok benzemesini sa\u011flayabilirsiniz. \u00d6rne\u011fin, f\u0131r\u00e7alanm\u0131\u015f metal bir kapak g\u00f6r\u00fcn\u00fcm\u00fc ve hissi y\u00fckseltebilir; do\u011fal bir marka, daha do\u011fa odakl\u0131 bir g\u00f6r\u00fcn\u00fcm i\u00e7in \u015fi\u015fe g\u00f6vdesini buzlu bir y\u00fczey veya hafif bask\u0131l\u0131 bir logo ile stilize edebilir; ve e\u011fer \u00e7ay veya sa\u011fl\u0131kla ilgili bir marka s\u00f6z konusuysa, filtrenin g\u00f6zenek boyutunu ve \u00e7ift duvar\u0131n kal\u0131nl\u0131\u011f\u0131n\u0131 de\u011fi\u015ftirmek, onu sadece daha kullan\u0131\u015fl\u0131 de\u011fil, ayn\u0131 zamanda daha tan\u0131nabilir hale de getirebilir.<\/p>","protected":false},"excerpt":{"rendered":"<p>\u00d6zel tasar\u0131m \u00e7ift cidarl\u0131 su \u015fi\u015feleri ve \u00e7ift tarafl\u0131 su \u015fi\u015feleri \u00fcreten fabrika tedarik\u00e7isi, toplu sipari\u015fleri destekler, h\u0131zl\u0131 \u00fcretim. \u00dccretsiz numune.<\/p>","protected":false},"featured_media":3901,"template":"","meta":{"postBodyCss":"","postBodyMargin":[],"postBodyPadding":[],"postBodyBackground":{"backgroundType":"classic","gradient":""}},"product_brand":[],"product_cat":[15,16,60],"product_tag":[],"class_list":{"0":"post-3900","1":"product","2":"type-product","3":"status-publish","4":"has-post-thumbnail","6":"product_cat-glass-containers","7":"product_cat-glass-bottles","8":"product_cat-water-bottles","10":"first","11":"instock","12":"shipping-taxable","13":"product-type-simple"},"jetpack_sharing_enabled":true,"_links":{"self":[{"href":"https:\/\/minghanggroup.com\/tr\/wp-json\/wp\/v2\/product\/3900","targetHints":{"allow":["GET"]}}],"collection":[{"href":"https:\/\/minghanggroup.com\/tr\/wp-json\/wp\/v2\/product"}],"about":[{"href":"https:\/\/minghanggroup.com\/tr\/wp-json\/wp\/v2\/types\/product"}],"wp:featuredmedia":[{"embeddable":true,"href":"https:\/\/minghanggroup.com\/tr\/wp-json\/wp\/v2\/media\/3901"}],"wp:attachment":[{"href":"https:\/\/minghanggroup.com\/tr\/wp-json\/wp\/v2\/media?parent=3900"}],"wp:term":[{"taxonomy":"product_brand","embeddable":true,"href":"https:\/\/minghanggroup.com\/tr\/wp-json\/wp\/v2\/product_brand?post=3900"},{"taxonomy":"product_cat","embeddable":true,"href":"https:\/\/minghanggroup.com\/tr\/wp-json\/wp\/v2\/product_cat?post=3900"},{"taxonomy":"product_tag","embeddable":true,"href":"https:\/\/minghanggroup.com\/tr\/wp-json\/wp\/v2\/product_tag?post=3900"}],"curies":[{"name":"wp","href":"https:\/\/api.w.org\/{rel}","templated":true}]}}