{"id":3895,"date":"2025-12-10T17:44:40","date_gmt":"2025-12-10T09:44:40","guid":{"rendered":"https:\/\/minghanggroup.com\/?post_type=product&#038;p=3895"},"modified":"2026-01-20T13:49:55","modified_gmt":"2026-01-20T05:49:55","slug":"small-round-airtight-glass-jars-for-food-storage-bulk","status":"publish","type":"product","link":"https:\/\/minghanggroup.com\/tr\/urun\/small-round-airtight-glass-jars-for-food-storage-bulk\/","title":{"rendered":"100 ml K\u00fc\u00e7\u00fck Yuvarlak Hava Ge\u00e7irmez Cam Kavanozlar, G\u0131da Saklama \u0130\u00e7in (Toptan)"},"content":{"rendered":"<p>Bu ta\u015f\u0131nabilir, hava ge\u00e7irmez cam kavanoz, \u015f\u0131k ve \u015feffaf camdan yap\u0131lm\u0131\u015f yuvarlak dikd\u00f6rtgen bir \u015fekle sahiptir. \u015eeffaf kavanoz, i\u00e7indeki at\u0131\u015ft\u0131rmal\u0131klar\u0131, otlar\u0131 veya baharatlar\u0131 an\u0131nda g\u00f6rmenizi sa\u011flarken, sa\u011flam metal kapa\u011f\u0131 da tazeli\u011fi koruyaca\u011f\u0131na g\u00fcvenebilece\u011finiz bir \u00fcr\u00fcnd\u00fcr.<\/p>\n<h2>\u00dcr\u00fcn \u00d6zellikleri<\/h2>\n<ul>\n<li><strong>\u00d6zg\u00fcn Yuvarlak Kare Tasar\u0131m:<\/strong> Yumu\u015fak\u00e7a yuvarlat\u0131lm\u0131\u015f kenarlar, k\u00f6\u015feli g\u00f6r\u00fcn\u00fcm\u00fc i\u015flevsel istikrarla birle\u015ftiriyor.<\/li>\n<li><strong>Ge\u00e7meli S\u0131zd\u0131rmazl\u0131k Tasar\u0131m\u0131:<\/strong> En kaliteli kau\u00e7uk s\u0131zd\u0131rmazl\u0131k halkas\u0131, kab\u0131 s\u0131k\u0131ca kapatarak hava ve nemin i\u00e7eri girmesini engeller.<\/li>\n<li><strong>Kullan\u0131\u015fl\u0131 ve G\u00fcvenli Tasar\u0131m:<\/strong> Ortadaki kavisli k\u0131s\u0131m, hava ge\u00e7irmez cam kavanozu tek elle kolayca tutabilece\u011finiz bir sap g\u00f6revi g\u00f6r\u00fcrken, dikd\u00f6rtgen taban ise kavanozu tezgah \u00fczerine veya dolaba koydu\u011funuzda sabit tutacakt\u0131r.<\/li>\n<\/ul>\n<h2 style=\"text-align: left;\">Temel \u00d6zellikler<\/h2>\n<table class=\"aligncenter\" style=\"border-collapse: collapse; width: 384.02pt;\" border=\"0\" width=\"512\" cellspacing=\"0\" cellpadding=\"0\">\n<tbody>\n<tr style=\"height: 13.50pt;\">\n<td style=\"height: 13.50pt; width: 86.25pt;\" width=\"115\" height=\"18\">\u015eartname<\/td>\n<td style=\"width: 297.75pt;\" width=\"397\">Detaylar<\/td>\n<\/tr>\n<tr style=\"height: 13.50pt;\">\n<td style=\"height: 13.50pt;\" height=\"18\">Kapasite<\/td>\n<td>100 ml<\/td>\n<\/tr>\n<tr style=\"height: 13.50pt;\">\n<td style=\"height: 13.50pt;\" height=\"18\">Boyutlar<\/td>\n<td>5,6 \u00d7 8,4 cm<\/td>\n<\/tr>\n<tr style=\"height: 13.50pt;\">\n<td style=\"height: 13.50pt;\" height=\"18\">Malzeme<\/td>\n<td>\u015eeffaf Cam<\/td>\n<\/tr>\n<tr style=\"height: 13.50pt;\">\n<td style=\"height: 13.50pt;\" height=\"18\">Kapak Tipi<\/td>\n<td>Tel halkal\u0131 metal kelep\u00e7e kapa\u011f\u0131<\/td>\n<\/tr>\n<tr style=\"height: 13.50pt;\">\n<td style=\"height: 13.50pt;\" height=\"18\">\u0130deal \u0130\u00e7in<\/td>\n<td>G\u0131da saklama i\u00e7in cam kavanozlar, hava ge\u00e7irmez cam kavanozlar<\/td>\n<\/tr>\n<\/tbody>\n<\/table>\n<h2>Ba\u015far\u0131 \u00d6yk\u00fcs\u00fc: L\u00fcks Bir Parf\u00fcm Markas\u0131 \u0130\u00e7in Ambalaj D\u00f6n\u00fc\u015f\u00fcm\u00fc<\/h2>\n<p>L\u00fcks parf\u00fcm markas\u0131, rekabet\u00e7i bir pazarda m\u00fc\u015fterileri cezbetmek i\u00e7in \u00fcr\u00fcnlerini sunman\u0131n farkl\u0131 bir yolunu bulmak zorundayd\u0131. Kendine \u00f6zg\u00fc yuvarlak k\u00f6\u015feli kare tasar\u0131mlar\u0131 nedeniyle, g\u0131da saklama i\u00e7in 100 ml&#039;lik cam kavanozlar\u0131m\u0131z\u0131 tercih ettiler. Hava ge\u00e7irmez conta sayesinde, baharatlar\u0131n\u0131n raf \u00f6mr\u00fc, daha \u00f6nce kulland\u0131klar\u0131 farkl\u0131 ambalajlara k\u0131yasla uzad\u0131. Markan\u0131n imzas\u0131 haline gelen yenilik\u00e7i \u015fekilleri, sosyal medya etkile\u015fimlerinde &#039;lik bir art\u0131\u015fa neden oldu. S\u0131k\u0131ca kapat\u0131lm\u0131\u015f sistem sayesinde s\u0131z\u0131nt\u0131 \u00f6nlendi, sevkiyat sorunsuz ger\u00e7ekle\u015fti ve hasar nedeniyle \u00fcr\u00fcn iadesi azald\u0131. Bu g\u00f6z kama\u015ft\u0131r\u0131c\u0131 performans\u0131n ard\u0131ndan, \u00fcr\u00fcn\u00fc \u00fclke \u00e7ap\u0131nda tan\u0131tmak i\u00e7in 250.000 adet daha kavanoz sipari\u015fi vermeye karar verdiler.<\/p>\n<h2>Hava Ge\u00e7irmez Cam Kavanoz \u00d6zelle\u015ftirme Se\u00e7enekleri<\/h2>\n<ul>\n<li>Serigrafi Bask\u0131 Desenleri \u2013 D\u00fcz y\u00fczeyi farkl\u0131 desenlerle s\u00fcslenmi\u015f dayan\u0131kl\u0131 seramik m\u00fcrekkeple kaplay\u0131n.<\/li>\n<li>Kabartmal\u0131 Kapasite \u0130\u015faretleyicileri \u2013 Kapasiteyi g\u00f6steren hassas, kabartmal\u0131 \u00f6l\u00e7ek \u00e7izgileri olu\u015fturulabilir.<\/li>\n<li>Vitray \u2013 \u0130\u00e7eri\u011fi \u0131\u015f\u0131ktan korumak i\u00e7in kehribar veya ye\u015fil renkli cam se\u00e7enekleri mevcuttur.<\/li>\n<li>Mat Dokulu Kaplama \u2013 Yumu\u015fak dokunu\u015flu kaplama sayesinde m\u00fc\u015fteri daha iyi bir kavrama elde eder.<\/li>\n<li>Yuvarlak Kenar Varyasyonlar\u0131 \u2013 Yuvarlak k\u00f6\u015fenin yar\u0131\u00e7ap\u0131n\u0131 de\u011fi\u015ftirerek farkl\u0131 estetik etkiler elde edilebilir.<\/li>\n<\/ul>","protected":false},"excerpt":{"rendered":"<p>G\u0131da saklama i\u00e7in tasarlanm\u0131\u015f k\u00fc\u00e7\u00fck cam kavanozlar\u0131m\u0131z, sade tasar\u0131m\u0131 ve g\u00fc\u00e7l\u00fc s\u0131zd\u0131rmazl\u0131\u011f\u0131yla \u00f6ne \u00e7\u0131k\u0131yor. Hava ge\u00e7irmez cam kavanoz, baharat veya \u00e7ay i\u00e7in m\u00fckemmeldir. \u015eimdi \u00fccretsiz numune isteyin.<\/p>","protected":false},"featured_media":3896,"template":"","meta":{"postBodyCss":"","postBodyMargin":[],"postBodyPadding":[],"postBodyBackground":{"backgroundType":"classic","gradient":""}},"product_brand":[],"product_cat":[15,17,59],"product_tag":[66],"class_list":{"0":"post-3895","1":"product","2":"type-product","3":"status-publish","4":"has-post-thumbnail","6":"product_cat-glass-containers","7":"product_cat-glass-jars","8":"product_cat-glass-storage-jars","9":"product_tag-swing-top-jars","11":"first","12":"instock","13":"shipping-taxable","14":"product-type-simple"},"jetpack_sharing_enabled":true,"_links":{"self":[{"href":"https:\/\/minghanggroup.com\/tr\/wp-json\/wp\/v2\/product\/3895","targetHints":{"allow":["GET"]}}],"collection":[{"href":"https:\/\/minghanggroup.com\/tr\/wp-json\/wp\/v2\/product"}],"about":[{"href":"https:\/\/minghanggroup.com\/tr\/wp-json\/wp\/v2\/types\/product"}],"wp:featuredmedia":[{"embeddable":true,"href":"https:\/\/minghanggroup.com\/tr\/wp-json\/wp\/v2\/media\/3896"}],"wp:attachment":[{"href":"https:\/\/minghanggroup.com\/tr\/wp-json\/wp\/v2\/media?parent=3895"}],"wp:term":[{"taxonomy":"product_brand","embeddable":true,"href":"https:\/\/minghanggroup.com\/tr\/wp-json\/wp\/v2\/product_brand?post=3895"},{"taxonomy":"product_cat","embeddable":true,"href":"https:\/\/minghanggroup.com\/tr\/wp-json\/wp\/v2\/product_cat?post=3895"},{"taxonomy":"product_tag","embeddable":true,"href":"https:\/\/minghanggroup.com\/tr\/wp-json\/wp\/v2\/product_tag?post=3895"}],"curies":[{"name":"wp","href":"https:\/\/api.w.org\/{rel}","templated":true}]}}