{"id":3886,"date":"2025-12-10T11:26:51","date_gmt":"2025-12-10T03:26:51","guid":{"rendered":"https:\/\/minghanggroup.com\/?post_type=product&#038;p=3886"},"modified":"2026-01-20T13:50:01","modified_gmt":"2026-01-20T05:50:01","slug":"small-hexagon-glass-food-storage-jars-with-lids-bulk","status":"publish","type":"product","link":"https:\/\/minghanggroup.com\/tr\/urun\/small-hexagon-glass-food-storage-jars-with-lids-bulk\/","title":{"rendered":"100 ml K\u00fc\u00e7\u00fck Alt\u0131gen Cam G\u0131da Saklama Kavanozlar\u0131 (Kapakl\u0131) (Toptan)"},"content":{"rendered":"<p>Bu \u015f\u0131k, k\u00fc\u00e7\u00fck cam g\u0131da saklama kavanozu, kendine \u00f6zg\u00fc bir ki\u015fili\u011fe sahip. Tek par\u00e7a camdan yap\u0131lm\u0131\u015f, g\u00fczel tasarlanm\u0131\u015f alt\u0131gen g\u00f6vdesi, kesintisiz temiz hatlar\u0131 ve g\u00f6rsel efekt i\u00e7in se\u00e7ilmi\u015f yuvarlak k\u00f6\u015feleriyle dikkat \u00e7ekiyor. S\u0131k\u0131 bir kapanma sa\u011flamak i\u00e7in metal klipsli kapakta tel halka kullan\u0131lm\u0131\u015ft\u0131r.<\/p>\n<h2>\u00dcr\u00fcn \u00d6zellikleri<\/h2>\n<ul>\n<li><strong>Kompakt Alt\u0131gen Tasar\u0131m:<\/strong> \u015eeffaf yap\u0131s\u0131 ve kompakt alt\u0131gen \u015fekli sayesinde, kab\u0131 a\u00e7madan i\u00e7 k\u0131s\u0131mlar\u0131 g\u00f6rmek de m\u00fcmk\u00fcn olurken, kompakt \u015fekli de yerden tasarruf sa\u011flar.<\/li>\n<li><strong>Sa\u011flam ve Yerle\u015ftirmesi Kolay:<\/strong> Yuvarlanmay\u0131 \u00f6nlemek i\u00e7in alt\u0131gen bir taban kullan\u0131lm\u0131\u015ft\u0131r, b\u00f6ylece denge sa\u011flanm\u0131\u015ft\u0131r.<\/li>\n<li><strong>\u00c7ok A\u00e7\u0131l\u0131 G\u00f6r\u00fcn\u00fcrl\u00fck:<\/strong> Kavanozun d\u00fcz g\u00f6vdesi nedeniyle, baz\u0131 insanlar kavanozu \u00e7evirmeden farkl\u0131 a\u00e7\u0131lardan \u00e7ok net bir \u015fekilde g\u00f6rebildikleri i\u00e7in bunun bir foto\u011fraf oldu\u011funu bile d\u00fc\u015f\u00fcnebilirler.<\/li>\n<\/ul>\n<h2 style=\"text-align: left;\">Temel \u00d6zellikler<\/h2>\n<table class=\"aligncenter\" style=\"border-collapse: collapse; width: 393.77pt;\" border=\"0\" width=\"525\" cellspacing=\"0\" cellpadding=\"0\">\n<tbody>\n<tr style=\"height: 13.50pt;\">\n<td style=\"height: 13.50pt; width: 92.25pt;\" width=\"123\" height=\"18\">\u015eartname<\/td>\n<td style=\"width: 301.50pt;\" width=\"402\">Detaylar<\/td>\n<\/tr>\n<tr style=\"height: 13.50pt;\">\n<td style=\"height: 13.50pt;\" height=\"18\">Kapasite<\/td>\n<td>100 ml<\/td>\n<\/tr>\n<tr style=\"height: 13.50pt;\">\n<td style=\"height: 13.50pt;\" height=\"18\">Boyutlar<\/td>\n<td>5,7\u00d78,7 cm<\/td>\n<\/tr>\n<tr style=\"height: 13.50pt;\">\n<td style=\"height: 13.50pt;\" height=\"18\">Kavanoz \u015eekli<\/td>\n<td>Alt\u0131gen<\/td>\n<\/tr>\n<tr style=\"height: 13.50pt;\">\n<td style=\"height: 13.50pt;\" height=\"18\">Malzeme<\/td>\n<td>\u015eeffaf Cam<\/td>\n<\/tr>\n<tr style=\"height: 13.50pt;\">\n<td style=\"height: 13.50pt;\" height=\"18\">Kapak Tipi<\/td>\n<td>Tel Halkal\u0131 Metal Kelep\u00e7eli Kapak<\/td>\n<\/tr>\n<tr style=\"height: 13.50pt;\">\n<td style=\"height: 13.50pt;\" height=\"18\">\u0130deal \u0130\u00e7in<\/td>\n<td>Cam g\u0131da saklama kavanozu, k\u00fc\u00e7\u00fck cam saklama kavanozlar\u0131<\/td>\n<\/tr>\n<\/tbody>\n<\/table>\n<h2>Ba\u015far\u0131 \u00d6yk\u00fcs\u00fc: Premium Bir \u00c7ay Markas\u0131n\u0131n Ambalaj Ba\u015far\u0131 \u00d6yk\u00fcs\u00fc<\/h2>\n<p>\u00d6nde gelen bir \u00e7ay \u015firketi, yeni piyasaya s\u00fcrd\u00fc\u011f\u00fc \u00fcr\u00fcn serisini sunmak i\u00e7in zarif bir ambalaj aray\u0131\u015f\u0131ndayd\u0131. Sonunda, kapakl\u0131 100 ml&#039;lik k\u00fc\u00e7\u00fck cam saklama kavanozlar\u0131m\u0131z\u0131 tercih ettiler ve alt\u0131gen tasar\u0131m, sosyal medyada &#039;lik bir payla\u015f\u0131m art\u0131\u015f\u0131na yol a\u00e7an imza unsurlar\u0131 haline geldi. Perakendeciler, m\u00fc\u015fteri etkile\u015fiminde ve ani sat\u0131n al\u0131mlarda &#039;luk bir art\u0131\u015f oldu\u011funu do\u011frulad\u0131lar. Sonu\u00e7 olarak, \u00fclke genelinde geni\u015fleme i\u00e7in kullan\u0131lmak \u00fczere 180.000 adet daha kavanoz sipari\u015fi verdiler.<\/p>\n<h2>Cam G\u0131da Saklama Kavanozlar\u0131 i\u00e7in \u00d6zelle\u015ftirme Se\u00e7enekleri<\/h2>\n<ul>\n<li>Serigrafi Bask\u0131 Marka Logosu \u2013 D\u00fcz bir y\u00fczeye uzun \u00f6m\u00fcrl\u00fc bir marka logosu yerle\u015ftirin.<\/li>\n<li>Kabartmal\u0131 Kapasite \u0130\u015faretleyicileri \u2013 Hafif\u00e7e y\u00fckseltilmi\u015f \u00f6l\u00e7ek \u00e7izgileri olu\u015fturur.<\/li>\n<li>Vitray Se\u00e7enekleri \u2013 Kehribar veya kobalt mavisi cam aras\u0131nda se\u00e7im yapabilirsiniz.<\/li>\n<li>Silikon Conta Renkleri \u2013 Conta renkleri, markan\u0131z\u0131n renk \u015femas\u0131na g\u00f6re ayarlanabilir.<\/li>\n<\/ul>","protected":false},"excerpt":{"rendered":"<p>\u015e\u0131k, alt\u0131gen \u015feklinde tasarlanm\u0131\u015f kapakl\u0131 k\u00fc\u00e7\u00fck cam saklama kavanozlar\u0131n\u0131 ke\u015ffedin. Her bir cam g\u0131da saklama kavanozu dayan\u0131kl\u0131 ve s\u0131zd\u0131rmazd\u0131r. \u00dccretsiz \u00f6rnekler.<\/p>","protected":false},"featured_media":3889,"template":"","meta":{"postBodyCss":"","postBodyMargin":[],"postBodyPadding":[],"postBodyBackground":{"backgroundType":"classic","gradient":""}},"product_brand":[],"product_cat":[15,17,59],"product_tag":[66],"class_list":{"0":"post-3886","1":"product","2":"type-product","3":"status-publish","4":"has-post-thumbnail","6":"product_cat-glass-containers","7":"product_cat-glass-jars","8":"product_cat-glass-storage-jars","9":"product_tag-swing-top-jars","11":"first","12":"instock","13":"shipping-taxable","14":"product-type-simple"},"jetpack_sharing_enabled":true,"_links":{"self":[{"href":"https:\/\/minghanggroup.com\/tr\/wp-json\/wp\/v2\/product\/3886","targetHints":{"allow":["GET"]}}],"collection":[{"href":"https:\/\/minghanggroup.com\/tr\/wp-json\/wp\/v2\/product"}],"about":[{"href":"https:\/\/minghanggroup.com\/tr\/wp-json\/wp\/v2\/types\/product"}],"wp:featuredmedia":[{"embeddable":true,"href":"https:\/\/minghanggroup.com\/tr\/wp-json\/wp\/v2\/media\/3889"}],"wp:attachment":[{"href":"https:\/\/minghanggroup.com\/tr\/wp-json\/wp\/v2\/media?parent=3886"}],"wp:term":[{"taxonomy":"product_brand","embeddable":true,"href":"https:\/\/minghanggroup.com\/tr\/wp-json\/wp\/v2\/product_brand?post=3886"},{"taxonomy":"product_cat","embeddable":true,"href":"https:\/\/minghanggroup.com\/tr\/wp-json\/wp\/v2\/product_cat?post=3886"},{"taxonomy":"product_tag","embeddable":true,"href":"https:\/\/minghanggroup.com\/tr\/wp-json\/wp\/v2\/product_tag?post=3886"}],"curies":[{"name":"wp","href":"https:\/\/api.w.org\/{rel}","templated":true}]}}