{"id":3885,"date":"2025-12-10T11:57:32","date_gmt":"2025-12-10T03:57:32","guid":{"rendered":"https:\/\/minghanggroup.com\/?post_type=product&#038;p=3885"},"modified":"2026-01-20T14:19:08","modified_gmt":"2026-01-20T06:19:08","slug":"thick-base-custom-water-bottle-for-beverage-wholesale","status":"publish","type":"product","link":"https:\/\/minghanggroup.com\/tr\/urun\/thick-base-custom-water-bottle-for-beverage-wholesale\/","title":{"rendered":"300ml \u2013 650ml Kal\u0131n Tabanl\u0131 \u00d6zel Tasar\u0131m Su \u015ei\u015fesi (\u0130\u00e7ecek Toptan Sat\u0131\u015f\u0131)"},"content":{"rendered":"<p>M\u00fc\u015fteriler \u015fi\u015feyi kald\u0131rd\u0131klar\u0131 andan itibaren, markan\u0131z\u0131 sadece bar\u0131nd\u0131rman\u0131n \u00f6tesine ge\u00e7en bir \u015fi\u015fe se\u00e7in. \u00d6zel tasar\u0131m cam su \u015fi\u015felerimiz, \u015feffafl\u0131k, dayan\u0131kl\u0131l\u0131k ve benzersizli\u011finizi ortaya \u00e7\u0131karan \u00f6zelle\u015ftirilebilir se\u00e7eneklerin m\u00fckemmel bir kombinasyonudur. Toptan standartlarda \u00fcretilen bu \u015fi\u015feler, i\u00e7ece\u011finizi taze tutmakla kalmaz, ayn\u0131 zamanda girdi\u011finiz her pazarda marka g\u00f6r\u00fcn\u00fcrl\u00fc\u011f\u00fcn\u00fcz\u00fc de art\u0131r\u0131r.<\/p>\n<h2>\u00dcr\u00fcn \u00d6zellikleri<\/h2>\n<ul>\n<li><strong>Geni\u015f A\u011f\u0131z Avantaj\u0131: <\/strong>38 mm geni\u015fli\u011findeki a\u011fz\u0131 sayesinde doldurmak, temizlemek ve meyve veya \u00e7ay yapraklar\u0131 eklemek \u00e7ok kolay; g\u00fcnl\u00fck su ihtiyac\u0131n\u0131z i\u00e7in ideal.<\/li>\n<li><strong>Kal\u0131n Taban Stabilitesi: <\/strong>G\u00fc\u00e7lendirilmi\u015f taban, ta\u015f\u0131ma s\u0131ras\u0131nda devrilme ve \u00e7atlama riskini ortadan kald\u0131r\u0131r, b\u00f6ylece \u015fi\u015feleriniz uzun s\u00fcre toplu ta\u015f\u0131maya dayanabilir.<\/li>\n<li><strong>\u00d6zel Markalama G\u00fcc\u00fc: <\/strong>Logonuzu ekleyerek veya \u00f6zel renkler se\u00e7erek, her 473 ml&#039;lik su \u015fi\u015fesini toptan sat\u0131\u015f hatt\u0131n\u0131z\u0131n ki\u015fisel marka ifadesi haline getirin.<\/li>\n<\/ul>\n<h2>Temel \u00d6zellikler<\/h2>\n<table style=\"border-collapse: collapse; width: 80%; margin-right: auto; margin-left: auto;\" border=\"0\" width=\"360\" cellspacing=\"0\" cellpadding=\"0\">\n<tbody>\n<tr style=\"height: 13.50pt;\">\n<td style=\"height: 13.5pt; width: 54pt; text-align: center;\" width=\"72\" height=\"18\">Kapasite(ml)<\/td>\n<td style=\"width: 54pt; text-align: center;\" width=\"72\">Boyut(cm)<\/td>\n<td style=\"width: 54pt; text-align: center;\" width=\"72\">Malzeme<\/td>\n<td style=\"width: 54pt; text-align: center;\" width=\"72\">\u00d6zellikler<\/td>\n<td style=\"width: 54pt; text-align: center;\" width=\"72\">\u00c7ap<\/td>\n<\/tr>\n<tr style=\"height: 13.50pt;\">\n<td style=\"height: 13.5pt; text-align: center;\" align=\"right\" height=\"18\">300<\/td>\n<td style=\"text-align: center;\">6.6 * 13.7<\/td>\n<td class=\"et2\" style=\"text-align: center;\" rowspan=\"4\">Borosilikat Cam<\/td>\n<td class=\"et2\" style=\"text-align: center;\" rowspan=\"4\">Kal\u0131n taban<\/td>\n<td class=\"et2\" style=\"text-align: center;\" rowspan=\"4\">38 mm<\/td>\n<\/tr>\n<tr style=\"height: 13.50pt;\">\n<td style=\"height: 13.5pt; text-align: center;\" align=\"right\" height=\"18\">480<\/td>\n<td style=\"text-align: center;\">6.6 * 19.5<\/td>\n<\/tr>\n<tr style=\"height: 13.50pt;\">\n<td style=\"height: 13.5pt; text-align: center;\" align=\"right\" height=\"18\">550<\/td>\n<td style=\"text-align: center;\">6.6 * 22.5<\/td>\n<\/tr>\n<tr style=\"height: 13.50pt;\">\n<td style=\"height: 13.5pt; text-align: center;\" align=\"right\" height=\"18\">650<\/td>\n<td style=\"text-align: center;\">7.0 * 22.0<\/td>\n<\/tr>\n<\/tbody>\n<\/table>\n<h2>\u00d6zel Tasar\u0131ml\u0131 Su \u015ei\u015felerinin Ba\u015far\u0131 \u00d6yk\u00fcs\u00fc<\/h2>\n<p>Colorado merkezli, h\u0131zla b\u00fcy\u00fcyen bir sa\u011fl\u0131k markas\u0131, yeni bir aromal\u0131 su serisi piyasaya s\u00fcrmek \u00fczereydi ancak y\u00fcksek kaliteli yap\u0131s\u0131n\u0131 yans\u0131tacak bir \u015fi\u015fe bulam\u0131yordu. Biz de \u015fi\u015fenin omuz k\u0131sm\u0131n\u0131 \u0131s\u0131ya daha dayan\u0131kl\u0131 hale getirmek i\u00e7in geli\u015ftirdik, dolum hatlar\u0131na \u00f6zel olarak \u00fcretilmi\u015f s\u0131zd\u0131rmaz bir kapak sunduk ve da\u011f\u0131t\u0131m planlar\u0131yla uyumlu d\u00fczenli ayl\u0131k teslimat program\u0131 olu\u015fturduk.<\/p>\n<p>M\u00fc\u015fteri bize, iki aydan k\u0131sa bir s\u00fcrede raf d\u00fczeninde &#039;lik bir iyile\u015fme sa\u011flad\u0131klar\u0131n\u0131, ambalajla ilgili \u015fikayetleri ortadan kald\u0131rd\u0131klar\u0131n\u0131 ve iyile\u015ftirilmi\u015f g\u00f6r\u00fcn\u00fcm ve g\u00fcvenilir tedarik sayesinde iki perakende zinciri daha a\u00e7abildiklerini s\u00f6yledi.<\/p>\n<h2>\u00d6zelle\u015ftirme \u0130pu\u00e7lar\u0131n\u0131z<\/h2>\n<p>Camdan yap\u0131lm\u0131\u015f bu su kab\u0131n\u0131 ki\u015fiselle\u015ftirmek istiyorsan\u0131z, buzlu, degrade veya tamamen \u015feffaf bir y\u00fczey se\u00e7erek \u015fi\u015feyi markan\u0131z\u0131n karakteriyle e\u015fle\u015ftirebilirsiniz. Bunun yan\u0131 s\u0131ra, omuz veya tabana logo kabartmas\u0131 ve \u015fi\u015fenin hem tutu\u015f hem de g\u00f6rsel kimlik i\u00e7in markan\u0131z\u0131n renginde silikon bir k\u0131l\u0131fla e\u015fle\u015ftirilmesi, tan\u0131n\u0131rl\u0131\u011f\u0131 daha \u00fcst bir seviyeye ta\u015f\u0131yabilir. Bu t\u00fcr kombinasyonlar, \u015fi\u015fenizin sadece farkl\u0131 g\u00f6r\u00fcnmesini de\u011fil, ayn\u0131 zamanda perakende ve toptan sat\u0131\u015f kanallar\u0131nda marka hikayenizin ayr\u0131lmaz bir par\u00e7as\u0131 haline gelmesini de m\u00fcmk\u00fcn k\u0131lar.<\/p>","protected":false},"excerpt":{"rendered":"<p>Fabrikada \u00fcretilen, geni\u015f a\u011f\u0131zl\u0131 ve kal\u0131n tabanl\u0131, sa\u011flam yap\u0131da \u00f6zel tasar\u0131m su \u015fi\u015fesi; 473 ml kapasiteli bu su \u015fi\u015fesi, toplu sipari\u015fler ve marka \u00f6zelle\u015ftirmeleri i\u00e7in idealdir.<\/p>","protected":false},"featured_media":3893,"template":"","meta":{"postBodyCss":"","postBodyMargin":[],"postBodyPadding":[],"postBodyBackground":{"backgroundType":"classic","gradient":""}},"product_brand":[],"product_cat":[15,16,60],"product_tag":[72],"class_list":{"0":"post-3885","1":"product","2":"type-product","3":"status-publish","4":"has-post-thumbnail","6":"product_cat-glass-containers","7":"product_cat-glass-bottles","8":"product_cat-water-bottles","9":"product_tag-juice-bottles","11":"first","12":"instock","13":"shipping-taxable","14":"product-type-simple"},"jetpack_sharing_enabled":true,"_links":{"self":[{"href":"https:\/\/minghanggroup.com\/tr\/wp-json\/wp\/v2\/product\/3885","targetHints":{"allow":["GET"]}}],"collection":[{"href":"https:\/\/minghanggroup.com\/tr\/wp-json\/wp\/v2\/product"}],"about":[{"href":"https:\/\/minghanggroup.com\/tr\/wp-json\/wp\/v2\/types\/product"}],"wp:featuredmedia":[{"embeddable":true,"href":"https:\/\/minghanggroup.com\/tr\/wp-json\/wp\/v2\/media\/3893"}],"wp:attachment":[{"href":"https:\/\/minghanggroup.com\/tr\/wp-json\/wp\/v2\/media?parent=3885"}],"wp:term":[{"taxonomy":"product_brand","embeddable":true,"href":"https:\/\/minghanggroup.com\/tr\/wp-json\/wp\/v2\/product_brand?post=3885"},{"taxonomy":"product_cat","embeddable":true,"href":"https:\/\/minghanggroup.com\/tr\/wp-json\/wp\/v2\/product_cat?post=3885"},{"taxonomy":"product_tag","embeddable":true,"href":"https:\/\/minghanggroup.com\/tr\/wp-json\/wp\/v2\/product_tag?post=3885"}],"curies":[{"name":"wp","href":"https:\/\/api.w.org\/{rel}","templated":true}]}}