{"id":3879,"date":"2025-12-10T09:58:49","date_gmt":"2025-12-10T01:58:49","guid":{"rendered":"https:\/\/minghanggroup.com\/?post_type=product&#038;p=3879"},"modified":"2026-01-20T13:50:08","modified_gmt":"2026-01-20T05:50:08","slug":"small-square-glass-airtight-jars-with-clamp-lids-bulk","status":"publish","type":"product","link":"https:\/\/minghanggroup.com\/tr\/urun\/small-square-glass-airtight-jars-with-clamp-lids-bulk\/","title":{"rendered":"100 ml K\u00fc\u00e7\u00fck Kare Cam Hava Ge\u00e7irmez Kavanozlar, Kelep\u00e7eli Kapakl\u0131, Toplu Sat\u0131\u015f"},"content":{"rendered":"<p>Bu \u015f\u0131k ve hava ge\u00e7irmez cam kavanozlar, k\u00fc\u00e7\u00fck kapasiteli bir\u00e7ok hava ge\u00e7irmez cam kavanoz aras\u0131nda dikkat \u00e7ekiyor. \u0130lk bak\u0131\u015fta, yuvarlak ve p\u00fcr\u00fczs\u00fcz kenarlara sahip kompakt, kare, \u015feffaf cam g\u00f6vdeleri ilginizi \u00e7ekiyor.<\/p>\n<h2>\u00dcr\u00fcn \u00d6zellikleri<\/h2>\n<ul>\n<li><strong>Yer tasarrufu sa\u011flayan kare \u015fekil:<\/strong> Kenarlar\u0131 d\u00fcz oldu\u011fu i\u00e7in kavanozlar sadece raflara de\u011fil, \u00fcst \u00fcste de istiflenebilir, b\u00f6ylece genellikle kullan\u0131lan depolama alan\u0131ndan b\u00fcy\u00fck \u00f6l\u00e7\u00fcde tasarruf sa\u011flan\u0131r.<\/li>\n<li><strong>S\u0131zd\u0131rmazl\u0131k:<\/strong> Kaliteli ve \u00e7ekici bir kau\u00e7uk s\u0131zd\u0131rmazl\u0131k halkas\u0131, kavanozu d\u0131\u015f d\u00fcnyadan m\u00fckemmel bir \u015fekilde ay\u0131rarak sadece havay\u0131 de\u011fil, nemi de i\u00e7eri almaz ve b\u00f6ylece tazeli\u011fi \u00f6nemli \u00f6l\u00e7\u00fcde uzat\u0131r.<\/li>\n<li><strong>D\u00fcz Tabanl\u0131 Tasar\u0131m ve Sa\u011flaml\u0131k:<\/strong> Kare taban, kavanozun yuvarlanmas\u0131n\u0131 \u00f6nler ve b\u00f6ylece sabit, d\u00fcz bir y\u00fczey sa\u011flar.<\/li>\n<\/ul>\n<h2 style=\"text-align: left;\">Temel \u00d6zellikler<\/h2>\n<table class=\"aligncenter\" style=\"border-collapse: collapse; width: 338.27pt;\" border=\"0\" width=\"451\" cellspacing=\"0\" cellpadding=\"0\">\n<tbody>\n<tr style=\"height: 13.50pt;\">\n<td style=\"height: 13.50pt; width: 92.25pt;\" width=\"123\" height=\"18\">\u015eartname<\/td>\n<td style=\"width: 246.00pt;\" width=\"328\">Detaylar<\/td>\n<\/tr>\n<tr style=\"height: 13.50pt;\">\n<td style=\"height: 13.50pt;\" height=\"18\">Kapasite<\/td>\n<td>100 ml<\/td>\n<\/tr>\n<tr style=\"height: 13.50pt;\">\n<td style=\"height: 13.50pt;\" height=\"18\">Boyutlar<\/td>\n<td>5,1\u00d77,9 cm<\/td>\n<\/tr>\n<tr style=\"height: 13.50pt;\">\n<td style=\"height: 13.50pt;\" height=\"18\">Malzeme<\/td>\n<td>\u015eeffaf Cam<\/td>\n<\/tr>\n<tr style=\"height: 13.50pt;\">\n<td style=\"height: 13.50pt;\" height=\"18\">Kavanoz \u015eekli<\/td>\n<td>K\u00f6\u015feleri yuvarlak kare<\/td>\n<\/tr>\n<tr style=\"height: 13.50pt;\">\n<td style=\"height: 13.50pt;\" height=\"18\">Kapak Tipi<\/td>\n<td>Tel Halkal\u0131 Metal Kelep\u00e7eli Kapak<\/td>\n<\/tr>\n<tr style=\"height: 13.50pt;\">\n<td style=\"height: 13.50pt;\" height=\"18\">\u0130deal \u0130\u00e7in<\/td>\n<td>K\u00fc\u00e7\u00fck hava ge\u00e7irmez kavanozlar, cam hava ge\u00e7irmez kavanozlar<\/td>\n<\/tr>\n<\/tbody>\n<\/table>\n<h2>Ba\u015far\u0131 \u00d6yk\u00fcs\u00fc: \u00d6zel Aroma \u015eirketi Ambalaj Yenilemesi<\/h2>\n<p>\u00d6zel bir aroma \u015firketi, yeni piyasaya s\u00fcrd\u00fc\u011f\u00fc \u00fcr\u00fcn serileri i\u00e7in farkl\u0131 ambalaj tasar\u0131mlar\u0131na ihtiya\u00e7 duyuyordu. Sonunda, orta boyutu ve yerden tasarruf sa\u011flayan tasar\u0131m\u0131 nedeniyle 100 ml&#039;lik hava ge\u00e7irmez cam kavanozlar\u0131m\u0131z\u0131 tercih ettiler. Peki, as\u0131l belirleyici unsur neydi? Hava ge\u00e7irmezlik \u00f6zelli\u011fi. Bu sayede, \u00f6nceki ambalajlar\u0131na k\u0131yasla raf \u00f6mr\u00fc uzamas\u0131n\u0131 tamamen sa\u011flamak i\u00e7in gereken s\u00fcre sadece oldu. Kare tasar\u0131m, \u00fcr\u00fcn sergileme i\u00e7in daha fazla perakende alan\u0131 kullan\u0131m\u0131na olanak sa\u011flad\u0131 ve cam kavanozlar\u0131n dayan\u0131kl\u0131l\u0131\u011f\u0131, ta\u015f\u0131ma s\u0131ras\u0131nda k\u0131r\u0131lma oranlar\u0131n\u0131 oran\u0131nda azaltt\u0131. Sonu\u00e7 olarak, \u00fclke genelindeki \u00fcr\u00fcn lansmanlar\u0131 i\u00e7in 200.000 adet daha kavanoz sipari\u015fi vermeye karar verdiler.<\/p>\n<h2>\u00d6zel Cam Hava Ge\u00e7irmez Kavanoz Se\u00e7enekleri<\/h2>\n<ul>\n<li>Buzlu Panel Kaplamas\u0131 \u2013 Alternatif y\u00fczeylerde mat bir g\u00f6r\u00fcn\u00fcm sa\u011flar.<\/li>\n<li>Serigrafi Bask\u0131l\u0131 Logo \u2013 D\u00fcz yan panellere dayan\u0131kl\u0131 bir logo bask\u0131s\u0131 yapar.<\/li>\n<li>Renkli cam se\u00e7enekleri \u2013 Amber veya kobalt mavisi cam olabilir.<\/li>\n<li>Kenar Yuvarlama Varyasyonlar\u0131 \u2013 Yuvarlama yar\u0131\u00e7ap\u0131n\u0131 farkl\u0131 seviyelere g\u00f6re de\u011fi\u015ftirin.<\/li>\n<\/ul>","protected":false},"excerpt":{"rendered":"<p>\u015e\u0131k kare \u015feklinde tasarlanm\u0131\u015f, kompakt cam hava ge\u00e7irmez kavanozlar\u0131 ke\u015ffedin. K\u00fc\u00e7\u00fck hava ge\u00e7irmez cam kavanozlar\u0131m\u0131z tazeli\u011fi m\u00fckemmel \u015fekilde korur ve h\u0131zl\u0131 kargo ile g\u00f6nderilir.<\/p>","protected":false},"featured_media":3881,"template":"","meta":{"postBodyCss":"","postBodyMargin":[],"postBodyPadding":[],"postBodyBackground":{"backgroundType":"classic","gradient":""}},"product_brand":[],"product_cat":[15,17,59],"product_tag":[66],"class_list":{"0":"post-3879","1":"product","2":"type-product","3":"status-publish","4":"has-post-thumbnail","6":"product_cat-glass-containers","7":"product_cat-glass-jars","8":"product_cat-glass-storage-jars","9":"product_tag-swing-top-jars","11":"first","12":"instock","13":"shipping-taxable","14":"product-type-simple"},"jetpack_sharing_enabled":true,"_links":{"self":[{"href":"https:\/\/minghanggroup.com\/tr\/wp-json\/wp\/v2\/product\/3879","targetHints":{"allow":["GET"]}}],"collection":[{"href":"https:\/\/minghanggroup.com\/tr\/wp-json\/wp\/v2\/product"}],"about":[{"href":"https:\/\/minghanggroup.com\/tr\/wp-json\/wp\/v2\/types\/product"}],"wp:featuredmedia":[{"embeddable":true,"href":"https:\/\/minghanggroup.com\/tr\/wp-json\/wp\/v2\/media\/3881"}],"wp:attachment":[{"href":"https:\/\/minghanggroup.com\/tr\/wp-json\/wp\/v2\/media?parent=3879"}],"wp:term":[{"taxonomy":"product_brand","embeddable":true,"href":"https:\/\/minghanggroup.com\/tr\/wp-json\/wp\/v2\/product_brand?post=3879"},{"taxonomy":"product_cat","embeddable":true,"href":"https:\/\/minghanggroup.com\/tr\/wp-json\/wp\/v2\/product_cat?post=3879"},{"taxonomy":"product_tag","embeddable":true,"href":"https:\/\/minghanggroup.com\/tr\/wp-json\/wp\/v2\/product_tag?post=3879"}],"curies":[{"name":"wp","href":"https:\/\/api.w.org\/{rel}","templated":true}]}}