{"id":3867,"date":"2025-12-09T10:37:28","date_gmt":"2025-12-09T02:37:28","guid":{"rendered":"https:\/\/minghanggroup.com\/?post_type=product&#038;p=3867"},"modified":"2026-01-20T13:50:19","modified_gmt":"2026-01-20T05:50:19","slug":"small-airtight-jars-with-pumpkin-shape-bulk","status":"publish","type":"product","link":"https:\/\/minghanggroup.com\/tr\/urun\/small-airtight-jars-with-pumpkin-shape-bulk\/","title":{"rendered":"100 ml K\u00fc\u00e7\u00fck Hava Ge\u00e7irmez Balkaba\u011f\u0131 \u015eeklinde Kavanozlar Toplu Sat\u0131\u015f"},"content":{"rendered":"<p>Bu k\u00fc\u00e7\u00fck hava ge\u00e7irmez kavanozlar, \u015feffaf camdan \u00fcretilmi\u015ftir ve \u00e7ok sevimli bir balkaba\u011f\u0131 benzeri tasar\u0131ma sahiptir. Kavanozun \u015f\u0131k ve kesintisiz k\u0131vr\u0131mlar\u0131, y\u00fczeyine ve \u00e7ekicili\u011fine katk\u0131da bulunur.<\/p>\n<h2>\u00dcr\u00fcn \u00d6zellikleri<\/h2>\n<ul>\n<li><strong>Balkaba\u011f\u0131 Doku Tasar\u0131m\u0131:<\/strong> \u015eeffaf cam ve balkaba\u011f\u0131 \u015feklindeki kavisli oluk, hem i\u00e7eri\u011fin g\u00f6r\u00fcnmesini sa\u011fl\u0131yor hem de kavanozun tutulmas\u0131n\u0131 kolayla\u015ft\u0131rarak hem dekoratif hem de pratik i\u015flevleri bir araya getiriyor.<\/li>\n<li><strong>Ge\u00e7meli S\u0131zd\u0131rmazl\u0131k Tasar\u0131m\u0131:<\/strong> Metal ge\u00e7meli kapak, s\u0131zd\u0131rmazl\u0131k performans\u0131n\u0131 b\u00fcy\u00fck \u00f6l\u00e7\u00fcde art\u0131r\u0131r ve bu nedenle \u00fcr\u00fcn\u00fc taze ve kuru tutmada m\u00fckemmeldir. Kapak h\u0131zl\u0131 ve kolay bir \u015fekilde \u00e7\u0131kar\u0131l\u0131p tak\u0131labilir, bu da az miktarda \u00fcr\u00fcn\u00fc saklamak i\u00e7in idealdir.<\/li>\n<li><strong>K\u00fc\u00e7\u00fck Kapasite:<\/strong> K\u00fc\u00e7\u00fck boy olan bu kutu, da\u011f\u0131n\u0131k duran k\u00fc\u00e7\u00fck e\u015fyalar\u0131n (\u015feker, aromaterapi gran\u00fclleri, k\u00fcpeler vb.) saklanmas\u0131 i\u00e7in idealdir, b\u00f6ylece saklama alan\u0131 daha d\u00fczenli olur.<\/li>\n<\/ul>\n<h2 style=\"text-align: left;\">Temel \u00d6zellikler<\/h2>\n<table class=\"aligncenter\" style=\"border-collapse: collapse; width: 336.02pt;\" border=\"0\" width=\"448\" cellspacing=\"0\" cellpadding=\"0\">\n<tbody>\n<tr style=\"height: 13.50pt;\">\n<td style=\"height: 13.50pt; width: 95.25pt;\" width=\"127\" height=\"18\">\u015eartname<\/td>\n<td style=\"width: 240.75pt;\" width=\"321\">Detaylar<\/td>\n<\/tr>\n<tr style=\"height: 13.50pt;\">\n<td style=\"height: 13.50pt;\" height=\"18\">Kapasite<\/td>\n<td>100 ml<\/td>\n<\/tr>\n<tr style=\"height: 13.50pt;\">\n<td style=\"height: 13.50pt;\" height=\"18\">Boyutlar<\/td>\n<td>6,4\u00d78 cm<\/td>\n<\/tr>\n<tr style=\"height: 13.50pt;\">\n<td style=\"height: 13.50pt;\" height=\"18\">Malzeme<\/td>\n<td>\u015eeffaf cam<\/td>\n<\/tr>\n<tr style=\"height: 13.50pt;\">\n<td style=\"height: 13.50pt;\" height=\"18\">Kavanoz \u015eekli<\/td>\n<td>Kavisli s\u0131rtl\u0131 balkaba\u011f\u0131<\/td>\n<\/tr>\n<tr style=\"height: 13.50pt;\">\n<td style=\"height: 13.50pt;\" height=\"18\">Kapak Tipi<\/td>\n<td>Tel halkal\u0131 metal kelep\u00e7e kapa\u011f\u0131<\/td>\n<\/tr>\n<tr style=\"height: 13.50pt;\">\n<td style=\"height: 13.50pt;\" height=\"18\">\u0130deal \u0130\u00e7in<\/td>\n<td>K\u00fc\u00e7\u00fck hava ge\u00e7irmez kavanozlar, hava ge\u00e7irmez kavanoz cam\u0131<\/td>\n<\/tr>\n<\/tbody>\n<\/table>\n<h2>Ba\u015far\u0131 Hikayesi: L\u00fcks Bir \u00c7ay Markas\u0131 \u0130\u00e7in Ambalaj Tasar\u0131m\u0131 \u00d6rne\u011fi<\/h2>\n<p>L\u00fcks bir \u00e7ay \u015firketi, yeni piyasaya s\u00fcrd\u00fc\u011f\u00fc numune \u00e7ay po\u015feti serisi i\u00e7in benzersiz bir ambalaj tasar\u0131m\u0131 ar\u0131yordu. 100 ml&#039;lik k\u00fc\u00e7\u00fck hava ge\u00e7irmez kavanozumuzu tercih ettiler ve sevimli balkaba\u011f\u0131 \u015fekli, markan\u0131n imzas\u0131 haline gelerek sosyal medyada &#039;l\u0131k bir art\u0131\u015fa yol a\u00e7t\u0131. Perakendeciler, benzersiz tasar\u0131m\u0131n anl\u0131k sat\u0131n al\u0131mlarda &#039;lik bir art\u0131\u015fa yol a\u00e7t\u0131\u011f\u0131n\u0131 bildirdi. Ayr\u0131ca, kavanozun dayan\u0131kl\u0131l\u0131\u011f\u0131, nakliye s\u0131ras\u0131nda k\u0131r\u0131lma oran\u0131n\u0131 oran\u0131nda d\u00fc\u015f\u00fcrmeye yard\u0131mc\u0131 oldu. Bu ba\u015far\u0131n\u0131n ard\u0131ndan, \u00fclke \u00e7ap\u0131nda bir pazarlama kampanyas\u0131 i\u00e7in 150.000 kavanozluk bir sipari\u015f daha verdiler.<\/p>\n<h2>Hava Ge\u00e7irmez Kavanoz Cam \u00d6zelle\u015ftirme Se\u00e7enekleri<\/h2>\n<ul>\n<li>Vitray \u2013 I\u015f\u0131\u011fa duyarl\u0131 \u00fcr\u00fcnler i\u00e7in kehribar veya ye\u015fil cam se\u00e7enekleri<\/li>\n<li>Buzlu Doku \u2013 Daha iyi bir dokunu\u015f i\u00e7in dikey dokularda asitle a\u015f\u0131nd\u0131r\u0131lm\u0131\u015f y\u00fczey<\/li>\n<li>Serigrafi Bask\u0131l\u0131 Logo \u2013 Dokular aras\u0131nda dayan\u0131kl\u0131 bir seramik m\u00fcrekkep deseni uygulan\u0131r<\/li>\n<li>Kapasite Izgaras\u0131 \u2013 Kesin da\u011f\u0131t\u0131m i\u00e7in ince derecelendirmeler sunar<\/li>\n<\/ul>","protected":false},"excerpt":{"rendered":"<p>Yiyecek saklama ve dekorasyonu bir arada sunan k\u00fc\u00e7\u00fck hava ge\u00e7irmez kavanozlar. Metal kapakl\u0131 dayan\u0131kl\u0131 cam hava ge\u00e7irmez kavanozlar, fabrikadan do\u011frudan sat\u0131\u015f, indirimli fiyatlar.<\/p>","protected":false},"featured_media":3876,"template":"","meta":{"postBodyCss":"","postBodyMargin":[],"postBodyPadding":[],"postBodyBackground":{"backgroundType":"classic","gradient":""}},"product_brand":[],"product_cat":[15,17,59],"product_tag":[66],"class_list":{"0":"post-3867","1":"product","2":"type-product","3":"status-publish","4":"has-post-thumbnail","6":"product_cat-glass-containers","7":"product_cat-glass-jars","8":"product_cat-glass-storage-jars","9":"product_tag-swing-top-jars","11":"first","12":"instock","13":"shipping-taxable","14":"product-type-simple"},"jetpack_sharing_enabled":true,"_links":{"self":[{"href":"https:\/\/minghanggroup.com\/tr\/wp-json\/wp\/v2\/product\/3867","targetHints":{"allow":["GET"]}}],"collection":[{"href":"https:\/\/minghanggroup.com\/tr\/wp-json\/wp\/v2\/product"}],"about":[{"href":"https:\/\/minghanggroup.com\/tr\/wp-json\/wp\/v2\/types\/product"}],"wp:featuredmedia":[{"embeddable":true,"href":"https:\/\/minghanggroup.com\/tr\/wp-json\/wp\/v2\/media\/3876"}],"wp:attachment":[{"href":"https:\/\/minghanggroup.com\/tr\/wp-json\/wp\/v2\/media?parent=3867"}],"wp:term":[{"taxonomy":"product_brand","embeddable":true,"href":"https:\/\/minghanggroup.com\/tr\/wp-json\/wp\/v2\/product_brand?post=3867"},{"taxonomy":"product_cat","embeddable":true,"href":"https:\/\/minghanggroup.com\/tr\/wp-json\/wp\/v2\/product_cat?post=3867"},{"taxonomy":"product_tag","embeddable":true,"href":"https:\/\/minghanggroup.com\/tr\/wp-json\/wp\/v2\/product_tag?post=3867"}],"curies":[{"name":"wp","href":"https:\/\/api.w.org\/{rel}","templated":true}]}}