{"id":3866,"date":"2025-12-09T11:23:07","date_gmt":"2025-12-09T03:23:07","guid":{"rendered":"https:\/\/minghanggroup.com\/?post_type=product&#038;p=3866"},"modified":"2026-01-20T14:16:59","modified_gmt":"2026-01-20T06:16:59","slug":"custom-glass-water-bottle-storage-with-infuser-for-drinking-wholesale","status":"publish","type":"product","link":"https:\/\/minghanggroup.com\/tr\/urun\/custom-glass-water-bottle-storage-with-infuser-for-drinking-wholesale\/","title":{"rendered":"450ml 550ml \u00d6zel Tasar\u0131ml\u0131 Demlikli Cam Su \u015ei\u015fesi (Toptan Sat\u0131\u015f)"},"content":{"rendered":"<p>Markan\u0131zdan daha d\u00fc\u015f\u00fck kalitede, ucuz ve s\u0131k\u0131c\u0131 su \u015fi\u015felerini kullanmay\u0131 b\u0131rak\u0131n. Biz, suyunuzu sadece taze tutmakla kalmay\u0131p, ayn\u0131 zamanda su ihtiyac\u0131n\u0131z\u0131 \u015f\u0131k ve i\u015flevsel bir \u00e7\u00f6z\u00fcme d\u00f6n\u00fc\u015ft\u00fcren birinci s\u0131n\u0131f cam su \u015fi\u015feleri \u00fcretiyoruz. Bunlar sadece \u015fi\u015fe de\u011fil, markan\u0131z\u0131n susuz kalmamak i\u00e7in yeni gizli silah\u0131.<\/p>\n<h2>\u00dcr\u00fcn \u00d6zellikleri<\/h2>\n<ul>\n<li><strong>Dahili \u00c7ay Demleme Aparat\u0131:<\/strong> \u00c7\u0131kar\u0131labilir paslanmaz \u00e7elik \u00e7ay s\u00fczgeci, da\u011f\u0131n\u0131k s\u00fczge\u00e7lerle u\u011fra\u015fmadan bitki \u00e7aylar\u0131, meyve inf\u00fczyonlar\u0131 veya aromal\u0131 sular\u0131 kolayca demlemenizi sa\u011flar.<\/li>\n<li><strong>Dayan\u0131kl\u0131 Yap\u0131:<\/strong> \u00dcr\u00fcn, bula\u015f\u0131k makinesinde y\u0131kanabilir, dondurucuda saklanabilir ve \u0131s\u0131 \u015fokuna dayan\u0131kl\u0131, dayan\u0131kl\u0131 borosilikat camdan \u00fcretilmi\u015ftir, bu nedenle uzun s\u00fcre kullan\u0131labilir.<\/li>\n<li><strong>\u00c7ok Y\u00f6nl\u00fc Tasar\u0131m:<\/strong> 28 mm&#039;lik a\u011f\u0131z k\u0131sm\u0131 standart kapaklara uygundur ve ayn\u0131 zamanda en sevdi\u011finiz demlik aparat\u0131n\u0131 kullanman\u0131za olanak tan\u0131r; bu nedenle hem su \u015fi\u015fesi saklama hem de g\u00fcnl\u00fck kullan\u0131m i\u00e7in idealdir.<\/li>\n<\/ul>\n<h2>Temel \u00d6zellikler<\/h2>\n<table style=\"border-collapse: collapse; width: 80%; margin-right: auto; margin-left: auto;\" border=\"0\" width=\"360\" cellspacing=\"0\" cellpadding=\"0\">\n<tbody>\n<tr style=\"height: 13.50pt;\">\n<td style=\"height: 13.5pt; width: 54pt; text-align: center;\" width=\"72\" height=\"18\">Kapasite(ml)<\/td>\n<td style=\"width: 54pt; text-align: center;\" width=\"72\">Boyut (cm)<\/td>\n<td style=\"width: 54pt; text-align: center;\" width=\"72\">\u00c7ap<\/td>\n<td style=\"width: 54pt; text-align: center;\" width=\"72\">Malzeme<\/td>\n<td style=\"width: 54pt; text-align: center;\" width=\"72\">Demleme Cihaz\u0131 Tipi<\/td>\n<\/tr>\n<tr style=\"height: 13.50pt;\">\n<td style=\"height: 13.5pt; text-align: center;\" align=\"right\" height=\"18\">550<\/td>\n<td style=\"text-align: center;\">6,5 x 23,5<\/td>\n<td class=\"et2\" style=\"text-align: center;\" rowspan=\"2\">28 mm<\/td>\n<td class=\"et2\" style=\"text-align: center;\" rowspan=\"2\">Borosilikat<\/td>\n<td class=\"et2\" style=\"text-align: center;\" rowspan=\"2\">Paslanmaz \u00e7elik<\/td>\n<\/tr>\n<tr style=\"height: 13.50pt;\">\n<td style=\"height: 13.5pt; text-align: center;\" align=\"right\" height=\"18\">450<\/td>\n<td style=\"text-align: center;\">5,6 x 24,6<\/td>\n<\/tr>\n<\/tbody>\n<\/table>\n<h2>Ba\u015far\u0131 \u00d6rne\u011fi<\/h2>\n<p>Kanadal\u0131 bir sa\u011fl\u0131kl\u0131 i\u00e7ecek markas\u0131, hem ofis hem de yoga ortamlar\u0131na uygun, pratik \u00e7ay i\u00e7ecekleri serisi \u00e7\u0131karmay\u0131 planlad\u0131ktan sonra bizimle ileti\u015fime ge\u00e7ti. \u00dcr\u00fcn konumland\u0131rmalar\u0131na g\u00f6re, markan\u0131n renkli k\u0131l\u0131flar\u0131 ve \u00f6zel logolu ambalaj\u0131yla birlikte, i\u00e7ine \u00e7ay s\u00fczgeci yerle\u015ftirilmi\u015f bu cam su \u015fi\u015fesini se\u00e7tik.<\/p>\n<p>Marka bize, \u015fi\u015fenin profesyonel \u00e7ay demleme aparat\u0131 tasar\u0131m\u0131n\u0131n \u00fcr\u00fcn\u00fc vazge\u00e7ilmez k\u0131lan ana fakt\u00f6r oldu\u011funu ve bunun sonucunda \u00fc\u00e7 yoga st\u00fcdyosu zincirinden sipari\u015f alabildiklerini bildirdi.<\/p>\n<h2>\u00d6zelle\u015ftirme \u0130pu\u00e7lar\u0131n\u0131z<\/h2>\n<p>Marka konumland\u0131rmas\u0131na ba\u011fl\u0131 olarak \u015fi\u015fenin kapasitesini, \u00e7ay filtresinin g\u00f6zenek yo\u011funlu\u011funu, silikon halkan\u0131n rengini, \u015fi\u015fe kapa\u011f\u0131n\u0131n malzemesini ve ambalaj stilini son derece esnek bir \u015fekilde ki\u015fiselle\u015ftirebiliyoruz. Bunun yan\u0131 s\u0131ra, \u00fcr\u00fcn deneyimini daha benzersiz k\u0131lmak i\u00e7in cam y\u00fczeyde serigrafi, s\u0131cak bask\u0131 veya buzlama gibi farkl\u0131 i\u015flemler de kullan\u0131labiliyor.<\/p>\n<p>Pazar bilinirli\u011fini art\u0131rmak istiyorsan\u0131z, \u015fi\u015fe \u015feklinin \u015firketin estetik ihtiya\u00e7lar\u0131n\u0131 ve pazarlama karmas\u0131n\u0131 g\u00f6rsel olarak daha iyi kar\u015f\u0131layabilmesi i\u00e7in \u00f6zel kal\u0131p geli\u015ftirme hizmeti sunmaktan memnuniyet duyar\u0131z.<\/p>","protected":false},"excerpt":{"rendered":"<p>Dayan\u0131kl\u0131 su \u015fi\u015fesi demlik aparat\u0131, su \u015fi\u015fesi saklama i\u00e7in idealdir ve do\u011frudan fabrika tedarik\u00e7isinden sunulmaktad\u0131r. Toptan sat\u0131\u015f ve \u00f6zel marka bask\u0131s\u0131 desteklenmektedir. \u00dccretsiz numune.<\/p>","protected":false},"featured_media":3870,"template":"","meta":{"postBodyCss":"","postBodyMargin":[],"postBodyPadding":[],"postBodyBackground":{"backgroundType":"classic","gradient":""}},"product_brand":[],"product_cat":[15,16,60],"product_tag":[72],"class_list":{"0":"post-3866","1":"product","2":"type-product","3":"status-publish","4":"has-post-thumbnail","6":"product_cat-glass-containers","7":"product_cat-glass-bottles","8":"product_cat-water-bottles","9":"product_tag-juice-bottles","11":"first","12":"instock","13":"shipping-taxable","14":"product-type-simple"},"jetpack_sharing_enabled":true,"_links":{"self":[{"href":"https:\/\/minghanggroup.com\/tr\/wp-json\/wp\/v2\/product\/3866","targetHints":{"allow":["GET"]}}],"collection":[{"href":"https:\/\/minghanggroup.com\/tr\/wp-json\/wp\/v2\/product"}],"about":[{"href":"https:\/\/minghanggroup.com\/tr\/wp-json\/wp\/v2\/types\/product"}],"wp:featuredmedia":[{"embeddable":true,"href":"https:\/\/minghanggroup.com\/tr\/wp-json\/wp\/v2\/media\/3870"}],"wp:attachment":[{"href":"https:\/\/minghanggroup.com\/tr\/wp-json\/wp\/v2\/media?parent=3866"}],"wp:term":[{"taxonomy":"product_brand","embeddable":true,"href":"https:\/\/minghanggroup.com\/tr\/wp-json\/wp\/v2\/product_brand?post=3866"},{"taxonomy":"product_cat","embeddable":true,"href":"https:\/\/minghanggroup.com\/tr\/wp-json\/wp\/v2\/product_cat?post=3866"},{"taxonomy":"product_tag","embeddable":true,"href":"https:\/\/minghanggroup.com\/tr\/wp-json\/wp\/v2\/product_tag?post=3866"}],"curies":[{"name":"wp","href":"https:\/\/api.w.org\/{rel}","templated":true}]}}