{"id":3858,"date":"2025-12-08T11:52:43","date_gmt":"2025-12-08T03:52:43","guid":{"rendered":"https:\/\/minghanggroup.com\/?post_type=product&#038;p=3858"},"modified":"2026-01-20T13:50:27","modified_gmt":"2026-01-20T05:50:27","slug":"bulk-empty-clear-large-glass-storage-jars-with-lids","status":"publish","type":"product","link":"https:\/\/minghanggroup.com\/tr\/urun\/bulk-empty-clear-large-glass-storage-jars-with-lids\/","title":{"rendered":"Kapakl\u0131 Toplu Bo\u015f \u015eeffaf B\u00fcy\u00fck Cam Saklama Kavanozlar\u0131 64oz 100oz"},"content":{"rendered":"<p>Cam kapasiteli bu b\u00fcy\u00fck cam saklama kavanozlar\u0131, \u00e7ok \u015f\u0131k, ince, silindirik bir formda ve \u015feffaf camdan \u00fcretilmi\u015ftir. Her kavanoz i\u00e7in metal bir kapak mevcuttur. Kapakl\u0131 bu kavanozlar, geni\u015f kapasite ve \u015f\u0131k, modern bir tarz\u0131n birle\u015fimidir.<\/p>\n<h2>\u00dcr\u00fcn \u00d6zellikleri<\/h2>\n<ul>\n<li><strong>B\u00fcy\u00fck Kapasite:<\/strong> Bunlar \u00e7ok say\u0131da e\u015fyay\u0131 i\u00e7ine koyabilen ve b\u00f6ylece evi temiz ve d\u00fczenli tutmaya yarayan 2-3 litrelik kavanozlard\u0131r.<\/li>\n<li><strong>M\u00fckemmel\u200b\u200d\u200b\u200c\u200d\u200b\u200d\u200c\u200b\u200d\u200c\u200d\u200b\u200d\u200c S\u0131zd\u0131rmazl\u0131k:<\/strong> Kal\u0131n kau\u00e7uk conta halkalar\u0131 kavanozlar\u0131n hava ge\u00e7irmez olmas\u0131n\u0131 ve b\u00f6cek sald\u0131r\u0131lar\u0131na kar\u015f\u0131 g\u00fcvenli olmas\u0131n\u0131 sa\u011flar.<\/li>\n<li><strong>G\u00fcvenli Alt:<\/strong> Kavanozun geni\u015f taban tasar\u0131m\u0131, dolu oldu\u011funda bile d\u00fc\u015fme riski olmadan ayakta durmas\u0131n\u0131 sa\u011flar.<\/li>\n<\/ul>\n<h2 style=\"text-align: left;\">Temel \u00d6zellikler<\/h2>\n<table class=\"aligncenter\" style=\"border-collapse: collapse; width: 378.77pt;\" border=\"0\" width=\"505\" cellspacing=\"0\" cellpadding=\"0\">\n<tbody>\n<tr style=\"height: 13.50pt;\">\n<td style=\"height: 13.50pt; width: 90.00pt;\" width=\"120\" height=\"18\">\u015eartname<\/td>\n<td style=\"width: 288.75pt;\" width=\"385\">Detaylar<\/td>\n<\/tr>\n<tr style=\"height: 13.50pt;\">\n<td style=\"height: 13.50pt;\" height=\"18\">Kapasite<\/td>\n<td>2000 ml (64 oz) \/ 3000 ml (100 oz)<\/td>\n<\/tr>\n<tr style=\"height: 13.50pt;\">\n<td style=\"height: 13.50pt;\" height=\"18\">Boyutlar<\/td>\n<td>12,7\u00d725,3 cm \/ 14,5\u00d726,5 cm<\/td>\n<\/tr>\n<tr style=\"height: 13.50pt;\">\n<td style=\"height: 13.50pt;\" height=\"18\">Malzeme<\/td>\n<td>Kal\u0131n \u015eeffaf Cam<\/td>\n<\/tr>\n<tr style=\"height: 13.50pt;\">\n<td style=\"height: 13.50pt;\" height=\"18\">Kapak Tipi<\/td>\n<td>Tel Halkal\u0131 Metal Kelep\u00e7eli Kapak<\/td>\n<\/tr>\n<tr style=\"height: 13.50pt;\">\n<td style=\"height: 13.50pt;\" height=\"18\">\u0130deal \u0130\u00e7in<\/td>\n<td>B\u00fcy\u00fck cam saklama kavanozlar\u0131, kapakl\u0131 cam kavanozlar<\/td>\n<\/tr>\n<\/tbody>\n<\/table>\n<h2>Ba\u015far\u0131 Hikayesi: Bir F\u0131r\u0131n\u0131n Toplu Malzeme Depolama Zorlu\u011funun \u00dcstesinden Gelmesi<\/h2>\n<p>B\u00fcy\u00fck \u00f6l\u00e7ekli bir \u00fcretim f\u0131r\u0131n\u0131, toplu un ve \u015fekerleri i\u00e7in uygun bir depolama \u00e7\u00f6z\u00fcm\u00fc bulmakta zorlan\u0131yor, bu y\u00fczden malzemeleri i\u00e7in geni\u015f kapasiteli 3000 ml&#039;lik cam saklama kavanozlar\u0131m\u0131z\u0131 kullanmaya karar veriyor. Hava ge\u00e7irmez contan\u0131n temel nedeni, unun raf \u00f6mr\u00fcn\u00fc uzatmas\u0131 ve kontaminasyonu tamamen engellemesiydi. Ayr\u0131ca, geni\u015f kapasite sayesinde stok yenileme s\u0131kl\u0131\u011f\u0131 oran\u0131nda azald\u0131 ve b\u00f6ylece i\u015f\u00e7ilikten \u00f6nemli \u00f6l\u00e7\u00fcde tasarruf edildi. Bu sonu\u00e7lar\u0131 g\u00f6rd\u00fckten sonra, t\u00fcm ma\u011fazalar\u0131ndaki depolama sistemini birle\u015ftirmek i\u00e7in 25.000 kavanozluk tek bir sipari\u015f vermeye karar verdiler.<\/p>\n<h2>B\u00fcy\u00fck Cam Saklama Kavanozlar\u0131 i\u00e7in \u00d6zel Se\u00e7enekler<\/h2>\n<ul>\n<li>Kabartmal\u0131 Kapasite \u0130\u015faretleri \u2013 Porsiyon kontrol\u00fcn\u00fc kolayla\u015ft\u0131rmak i\u00e7in kal\u0131c\u0131 kabartmal\u0131 derecelendirmeler ekleyin<\/li>\n<li>Serigrafi Bask\u0131l\u0131 Etiketler \u2013 Seramik m\u00fcrekkeple bas\u0131lm\u0131\u015f b\u00fcy\u00fck, dayan\u0131kl\u0131 marka logolar\u0131<\/li>\n<li>G\u00fc\u00e7lendirilmi\u015f Taban \u2013 Un veya tah\u0131l gibi daha a\u011f\u0131r maddeleri tutmak i\u00e7in cam taban kal\u0131nla\u015ft\u0131r\u0131lm\u0131\u015ft\u0131r<\/li>\n<li>\u00d6zel Kelep\u00e7e Kaplamalar\u0131 \u2013 Siyah, bronz veya paslanmaz \u00e7elik kelep\u00e7eler aras\u0131ndan se\u00e7im yapabilirsiniz<\/li>\n<\/ul>\n<p>Toplu depolaman\u0131z\u0131 organize etmeye haz\u0131r m\u0131s\u0131n\u0131z? Kapakl\u0131 bu b\u00fcy\u00fck kapasiteli cam saklama kavanozlar\u0131 i\u00e7in toptan fiyatlardan yararlanmak i\u00e7in bug\u00fcn bizimle ileti\u015fime ge\u00e7in.<\/p>","protected":false},"excerpt":{"rendered":"<p>G\u0131da saklama i\u00e7in kelep\u00e7eli kapakl\u0131 \u015f\u0131k ve pratik b\u00fcy\u00fck cam saklama kavanozlar\u0131. Kapakl\u0131 y\u00fcksek kaliteli cam saklama kavanozlar\u0131 fabrikadan do\u011frudan sat\u0131\u015f fiyat\u0131yla.<\/p>","protected":false},"featured_media":3862,"template":"","meta":{"postBodyCss":"","postBodyMargin":[],"postBodyPadding":[],"postBodyBackground":{"backgroundType":"classic","gradient":""}},"product_brand":[],"product_cat":[15,17,59],"product_tag":[66],"class_list":{"0":"post-3858","1":"product","2":"type-product","3":"status-publish","4":"has-post-thumbnail","6":"product_cat-glass-containers","7":"product_cat-glass-jars","8":"product_cat-glass-storage-jars","9":"product_tag-swing-top-jars","11":"first","12":"instock","13":"shipping-taxable","14":"product-type-simple"},"jetpack_sharing_enabled":true,"_links":{"self":[{"href":"https:\/\/minghanggroup.com\/tr\/wp-json\/wp\/v2\/product\/3858","targetHints":{"allow":["GET"]}}],"collection":[{"href":"https:\/\/minghanggroup.com\/tr\/wp-json\/wp\/v2\/product"}],"about":[{"href":"https:\/\/minghanggroup.com\/tr\/wp-json\/wp\/v2\/types\/product"}],"wp:featuredmedia":[{"embeddable":true,"href":"https:\/\/minghanggroup.com\/tr\/wp-json\/wp\/v2\/media\/3862"}],"wp:attachment":[{"href":"https:\/\/minghanggroup.com\/tr\/wp-json\/wp\/v2\/media?parent=3858"}],"wp:term":[{"taxonomy":"product_brand","embeddable":true,"href":"https:\/\/minghanggroup.com\/tr\/wp-json\/wp\/v2\/product_brand?post=3858"},{"taxonomy":"product_cat","embeddable":true,"href":"https:\/\/minghanggroup.com\/tr\/wp-json\/wp\/v2\/product_cat?post=3858"},{"taxonomy":"product_tag","embeddable":true,"href":"https:\/\/minghanggroup.com\/tr\/wp-json\/wp\/v2\/product_tag?post=3858"}],"curies":[{"name":"wp","href":"https:\/\/api.w.org\/{rel}","templated":true}]}}