{"id":3850,"date":"2025-12-08T11:41:48","date_gmt":"2025-12-08T03:41:48","guid":{"rendered":"https:\/\/minghanggroup.com\/?post_type=product&#038;p=3850"},"modified":"2026-01-20T14:18:00","modified_gmt":"2026-01-20T06:18:00","slug":"custom-clear-water-bottle-with-sleeve-for-branding-bulk","status":"publish","type":"product","link":"https:\/\/minghanggroup.com\/tr\/urun\/custom-clear-water-bottle-with-sleeve-for-branding-bulk\/","title":{"rendered":"550 ml \u2013 1000 ml \u00d6zel Tasar\u0131m \u015eeffaf Su \u015ei\u015fesi (Marka Bask\u0131l\u0131) (Toptan Sipari\u015f)"},"content":{"rendered":"<p>Markan\u0131z\u0131n imaj\u0131n\u0131 zedeleyen s\u0131radan plastik \u015fi\u015felerle yetinmeyin. Su ihtiyac\u0131n\u0131z\u0131 \u015f\u0131k ve pratik bir \u015fekilde kar\u015f\u0131lamakla kalmay\u0131p ayn\u0131 zamanda suyunuzu taze tutan birinci s\u0131n\u0131f cam su \u015fi\u015feleri \u00fcretiyoruz. D\u00fcr\u00fcst olmak gerekirse, bu \u015fi\u015feler markan\u0131z\u0131n susuz kalmamak i\u00e7in yeni gizli silah\u0131.<\/p>\n<h2>\u00dcr\u00fcn \u00d6zellikleri<\/h2>\n<ol>\n<li><strong>Evrensel Uyumluluk: <\/strong>Herhangi bir standart kapa\u011f\u0131n 38mm di\u015fli boynuna uygundur, bu nedenle paslanmaz \u00e7elik kapakl\u0131 veya silikon k\u0131l\u0131fl\u0131 yeniden kullan\u0131labilir bir bardak suyu ki\u015fiselle\u015ftirmek \u00e7ok basittir.<\/li>\n<li><strong>Dayan\u0131kl\u0131 Yap\u0131: <\/strong>Dayan\u0131kl\u0131 borosilikat camdan \u00fcretilen \u00fcr\u00fcn, bula\u015f\u0131k makinesinde y\u0131kanabilir, dondurucuya girebilir ve termal \u015foka dayan\u0131kl\u0131d\u0131r, bu sayede uzun s\u00fcre kullan\u0131labilir.<\/li>\n<li><strong>\u00c7ok Y\u00f6nl\u00fc Boyutlar: <\/strong>Farkl\u0131 boyutlar\u0131 (550ml-1000ml) ister masada ister a\u00e7\u0131k hava aktiviteleri s\u0131ras\u0131nda olsun t\u00fcm su ihtiya\u00e7lar\u0131n\u0131z i\u00e7in uygundur, bu nedenle b\u00fcy\u00fck su \u015fi\u015feleri i\u00e7in m\u00fckemmeldir.<\/li>\n<\/ol>\n<h2>Temel \u00d6zellikler<\/h2>\n<table style=\"border-collapse: collapse; width: 80%; marginh-left: auto; margin-right: auto;\" border=\"0\" width=\"360\" cellspacing=\"0\" cellpadding=\"0\">\n<tbody>\n<tr style=\"height: 13.50pt;\">\n<td style=\"height: 13.5pt; width: 54pt; text-align: center;\" width=\"72\" height=\"18\">Kapasite(ml)<\/td>\n<td style=\"width: 54pt; text-align: center;\" width=\"72\">Boyut (cm)<\/td>\n<td style=\"width: 54pt; text-align: center;\" width=\"72\">\u00c7ap<\/td>\n<td style=\"width: 54pt; text-align: center;\" width=\"72\">Malzeme<\/td>\n<td style=\"width: 54pt; text-align: center;\" width=\"72\">Aksesuarlar<\/td>\n<\/tr>\n<tr style=\"height: 13.50pt;\">\n<td style=\"height: 13.5pt; text-align: center;\" align=\"right\" height=\"18\">550<\/td>\n<td style=\"text-align: center;\">6,6 \u00d7 23,0<\/td>\n<td class=\"et2\" style=\"text-align: center;\" rowspan=\"3\">38 mm<\/td>\n<td class=\"et2\" style=\"text-align: center;\" rowspan=\"3\">Borosilikat<\/td>\n<td class=\"et2\" style=\"text-align: center;\" rowspan=\"3\">Koruyucu k\u0131l\u0131f, pipet, bardak tutucu ta\u015f\u0131nabilir kordon<\/td>\n<\/tr>\n<tr style=\"height: 13.50pt;\">\n<td style=\"height: 13.5pt; text-align: center;\" align=\"right\" height=\"18\">750<\/td>\n<td style=\"text-align: center;\">7,0 \u00d7 27,2<\/td>\n<\/tr>\n<tr style=\"height: 13.50pt;\">\n<td style=\"height: 13.5pt; text-align: center;\" align=\"right\" height=\"18\">1000<\/td>\n<td style=\"text-align: center;\">7,9 \u00d7 29,1<\/td>\n<\/tr>\n<\/tbody>\n<\/table>\n<h2>\u015eeffaf Su \u015ei\u015felerinin Ba\u015far\u0131 \u00d6rne\u011fi<\/h2>\n<p>Do\u011fal g\u0131da sekt\u00f6r\u00fcnden Kanadal\u0131 bir sa\u011fl\u0131kl\u0131 i\u00e7ecek markas\u0131, fiziksel ma\u011fazalar\u0131n\u0131n g\u00f6r\u00fcn\u00fcm\u00fcn\u00fc de\u011fi\u015ftirirken &#034;saf ve do\u011fal&#034; konseptini g\u00f6rsel olarak yans\u0131tacak \u015feffaf bir su \u015fi\u015fesi istiyordu. Onlara g\u0131da s\u0131n\u0131f\u0131 standartlar\u0131na uygun, son derece \u015feffaf bir \u015fi\u015fe verdik ve ilk tedariklerini toptan sat\u0131\u015f yoluyla \u00e7ok h\u0131zl\u0131 bir \u015fekilde tamamlayabildiler. B\u00f6ylece marka, yeni \u00fcr\u00fcn piyasaya s\u00fcr\u00fclmeden \u00f6nce sorunsuz bir ambalaj ge\u00e7i\u015fi yapabildi.<\/p>\n<p>Lansman\u0131n ard\u0131ndan \u015f\u0131k cam su \u015fi\u015fesi, \u00fcr\u00fcn\u00fcn sat\u0131\u015f noktas\u0131ndaki \u00e7ekicili\u011fini art\u0131rd\u0131 ve m\u00fc\u015fteri iki ay i\u00e7inde ikinci sat\u0131n al\u0131m\u0131n\u0131 ger\u00e7ekle\u015ftirdi.<\/p>\n<h2>\u00d6zelle\u015ftirme \u0130pu\u00e7lar\u0131n\u0131z<\/h2>\n<p>\u015ei\u015fenin hacmi ve y\u00fcksekli\u011fi, perakende raflar\u0131nda daha tutarl\u0131 g\u00f6r\u00fcnmesi i\u00e7in markan\u0131n konumuna ba\u011fl\u0131 olarak de\u011fi\u015ftirilebilir; ayr\u0131ca, i\u00e7ecek stiliyle uyumlu olmas\u0131 i\u00e7in \u00e7e\u015fitli metal kapak elektrokaplama renkleri se\u00e7ilebilir; kullan\u0131c\u0131 deneyimini geli\u015ftirmek isterseniz, kaymaz bir silikon k\u0131l\u0131f takabilir ve logo konumunu ki\u015fiselle\u015ftirebilirsiniz; bu arada, so\u011fuk zincir ta\u015f\u0131mac\u0131l\u0131\u011f\u0131 veya l\u00fcks i\u00e7ecek ambalaj\u0131 i\u00e7in cam\u0131n kal\u0131nl\u0131\u011f\u0131 de\u011fi\u015ftirilerek temperlenebilir.<\/p>","protected":false},"excerpt":{"rendered":"<p>Markalama i\u00e7in k\u0131l\u0131f se\u00e7ene\u011fi olan \u015feffaf su \u015fi\u015fesi; g\u00fcvenilir su \u015fi\u015fesi \u00e7\u00f6z\u00fcm\u00fc arayan toplu al\u0131c\u0131lar i\u00e7in fabrikadan do\u011frudan tedarik ve toptan sat\u0131\u015f dostu fiyatland\u0131rma.<\/p>","protected":false},"featured_media":3851,"template":"","meta":{"postBodyCss":"","postBodyMargin":[],"postBodyPadding":[],"postBodyBackground":{"backgroundType":"classic","gradient":""}},"product_brand":[],"product_cat":[15,16,60],"product_tag":[72],"class_list":{"0":"post-3850","1":"product","2":"type-product","3":"status-publish","4":"has-post-thumbnail","6":"product_cat-glass-containers","7":"product_cat-glass-bottles","8":"product_cat-water-bottles","9":"product_tag-juice-bottles","11":"first","12":"instock","13":"shipping-taxable","14":"product-type-simple"},"jetpack_sharing_enabled":true,"_links":{"self":[{"href":"https:\/\/minghanggroup.com\/tr\/wp-json\/wp\/v2\/product\/3850","targetHints":{"allow":["GET"]}}],"collection":[{"href":"https:\/\/minghanggroup.com\/tr\/wp-json\/wp\/v2\/product"}],"about":[{"href":"https:\/\/minghanggroup.com\/tr\/wp-json\/wp\/v2\/types\/product"}],"wp:featuredmedia":[{"embeddable":true,"href":"https:\/\/minghanggroup.com\/tr\/wp-json\/wp\/v2\/media\/3851"}],"wp:attachment":[{"href":"https:\/\/minghanggroup.com\/tr\/wp-json\/wp\/v2\/media?parent=3850"}],"wp:term":[{"taxonomy":"product_brand","embeddable":true,"href":"https:\/\/minghanggroup.com\/tr\/wp-json\/wp\/v2\/product_brand?post=3850"},{"taxonomy":"product_cat","embeddable":true,"href":"https:\/\/minghanggroup.com\/tr\/wp-json\/wp\/v2\/product_cat?post=3850"},{"taxonomy":"product_tag","embeddable":true,"href":"https:\/\/minghanggroup.com\/tr\/wp-json\/wp\/v2\/product_tag?post=3850"}],"curies":[{"name":"wp","href":"https:\/\/api.w.org\/{rel}","templated":true}]}}