{"id":3843,"date":"2025-12-05T11:54:26","date_gmt":"2025-12-05T03:54:26","guid":{"rendered":"https:\/\/minghanggroup.com\/?post_type=product&#038;p=3843"},"modified":"2026-01-20T14:18:29","modified_gmt":"2026-01-20T06:18:29","slug":"custom-water-bottles-for-beverage-brands-wholesale","status":"publish","type":"product","link":"https:\/\/minghanggroup.com\/tr\/urun\/custom-water-bottles-for-beverage-brands-wholesale\/","title":{"rendered":"\u0130\u00e7ecek Markalar\u0131 \u0130\u00e7in 280 ml - 1000 ml \u00d6zel Su \u015ei\u015feleri Toptan Sat\u0131\u015f"},"content":{"rendered":"<p>S\u0131k\u0131c\u0131 olmas\u0131n\u0131n yan\u0131 s\u0131ra markan\u0131z\u0131n imaj\u0131n\u0131 da olumsuz etkileyen plastik \u015fi\u015feleri kullanmay\u0131 b\u0131rak\u0131n. Su ihtiyac\u0131n\u0131z\u0131 \u015f\u0131k ve i\u015flevsel hale getirmenin yan\u0131 s\u0131ra suyunuzun taze kalmas\u0131n\u0131 da sa\u011flayan \u00f6zel cam su \u015fi\u015feleri \u00fcretiyoruz. Bunlar sadece \u015fi\u015fe de\u011fil; markan\u0131z\u0131n susuz kalmamak i\u00e7in yeni gizli silah\u0131.<\/p>\n<h2>\u00dcr\u00fcn \u00d6zellikleri<\/h2>\n<ol>\n<li><strong>Kristal Berrakl\u0131\u011f\u0131: <\/strong>\u015eeffaf borosilikat cam, g\u00fcnl\u00fck su ihtiyac\u0131n\u0131z\u0131 kar\u015f\u0131lamak ve s\u0131v\u0131 ihtiyac\u0131n\u0131z\u0131 kar\u015f\u0131lamak i\u00e7in gerekli olan su seviyesini uzaktan g\u00f6rmenize olanak sa\u011flar.<\/li>\n<li><strong>Evrensel Uyumluluk: <\/strong>28mm di\u015fli boyun, her t\u00fcrl\u00fc standart kapakla uyumludur, bu sayede paslanmaz \u00e7elik kapak veya silikon k\u0131l\u0131f ile yeniden kullan\u0131labilir cam suyunuz i\u00e7in ki\u015fiselle\u015ftirme yapmak kolayd\u0131r.<\/li>\n<li><strong>Dayan\u0131kl\u0131 Yap\u0131: <\/strong>\u00dcr\u00fcn, bula\u015f\u0131k makinesinde y\u0131kanabilen, dondurucuya girebilen ve termal \u015foka dayan\u0131kl\u0131, g\u00fc\u00e7l\u00fc ve dayan\u0131kl\u0131 borosilikat camdan \u00fcretilmi\u015ftir, bu sayede uzun \u00f6m\u00fcrl\u00fc kullan\u0131m sa\u011flar.<\/li>\n<li><strong>\u00c7ok Y\u00f6nl\u00fc Boyutlar: <\/strong>Bir avu\u00e7 dolusu kapasite (280ml-1000ml) ister masa kullan\u0131m\u0131 ister a\u00e7\u0131k hava aktiviteleri i\u00e7in olsun, t\u00fcm hidrasyon ihtiya\u00e7lar\u0131n\u0131z\u0131 kar\u015f\u0131lar, bu nedenle m\u00fckemmel toplu su \u015fi\u015feleridir.<\/li>\n<\/ol>\n<h2>Temel \u00d6zellikler<\/h2>\n<table style=\"border-collapse: collapse; width: 80%; margin-right: auto; margin-left: auto;\" border=\"0\" width=\"288\" cellspacing=\"0\" cellpadding=\"0\">\n<tbody>\n<tr style=\"height: 13.50pt;\">\n<td style=\"height: 13.5pt; width: 54pt; text-align: center;\" width=\"72\" height=\"18\">Kapasite(ml)<\/td>\n<td style=\"width: 54pt; text-align: center;\" width=\"72\">Boyut (cm)<\/td>\n<td style=\"width: 54pt; text-align: center;\" width=\"72\">\u00c7ap(mm)<\/td>\n<td style=\"width: 54pt; text-align: center;\" width=\"72\">Malzeme<\/td>\n<\/tr>\n<tr style=\"height: 13.50pt;\">\n<td style=\"height: 13.5pt; text-align: center;\" align=\"right\" height=\"18\">280<\/td>\n<td style=\"text-align: center;\">5,5 x 17,5<\/td>\n<td class=\"et2\" style=\"text-align: center;\" rowspan=\"6\">28<\/td>\n<td class=\"et2\" style=\"text-align: center;\" rowspan=\"6\">Borosilikat<\/td>\n<\/tr>\n<tr style=\"height: 13.50pt;\">\n<td style=\"height: 13.5pt; text-align: center;\" align=\"right\" height=\"18\">360<\/td>\n<td style=\"text-align: center;\">6,0 x 19,0<\/td>\n<\/tr>\n<tr style=\"height: 13.50pt;\">\n<td style=\"height: 13.5pt; text-align: center;\" align=\"right\" height=\"18\">450<\/td>\n<td style=\"text-align: center;\">6,6 x 21,5<\/td>\n<\/tr>\n<tr style=\"height: 13.50pt;\">\n<td style=\"height: 13.5pt; text-align: center;\" align=\"right\" height=\"18\">550<\/td>\n<td style=\"text-align: center;\">6,6 x 22,5<\/td>\n<\/tr>\n<tr style=\"height: 13.50pt;\">\n<td style=\"height: 13.5pt; text-align: center;\" align=\"right\" height=\"18\">750<\/td>\n<td style=\"text-align: center;\">7,0 x 25,9<\/td>\n<\/tr>\n<tr style=\"height: 13.50pt;\">\n<td style=\"height: 13.5pt; text-align: center;\" align=\"right\" height=\"18\">1000<\/td>\n<td style=\"text-align: center;\">7,9 x 27,8<\/td>\n<\/tr>\n<\/tbody>\n<\/table>\n<h2>Ba\u015far\u0131 \u00d6rne\u011fi<\/h2>\n<p>Ba\u011f\u0131ms\u0131z bir i\u00e7ecek markas\u0131, yeni sodalar\u0131n\u0131n lansman\u0131n\u0131n bir par\u00e7as\u0131 olarak toplu su \u015fi\u015felerini \u00f6zelle\u015ftirmek i\u00e7in bizimle \u00e7al\u0131\u015fmaya karar verdi. Ana hedefleri ilk partiyi m\u00fcmk\u00fcn olan en k\u0131sa s\u00fcrede raflarda bulundurmakt\u0131, bu nedenle \u015fi\u015fe \u015fekli, kapasitesi ve marka unsurlar\u0131na karar verdiler ve biz de sipari\u015f hacmine g\u00f6re do\u011frudan fabrika \u00fcretimine ge\u00e7tik. Ayr\u0131ca, elektroliz kaplamal\u0131 renk i\u015faretlerinin, \u015fi\u015fe \u015feffafl\u0131\u011f\u0131n\u0131n ve parti tutarl\u0131l\u0131\u011f\u0131n\u0131n kusursuz oldu\u011fundan emin olmak i\u00e7in taraf\u0131m\u0131zca farkl\u0131 numune turlar\u0131 yap\u0131ld\u0131. M\u00fc\u015fteri, \u00fcr\u00fcn lansman\u0131ndan sonraki iki ay i\u00e7inde ek sipari\u015flerle geri d\u00f6nd\u00fc ve yeni \u00fcr\u00fcn serisi, raf g\u00f6r\u00fcn\u00fcrl\u00fc\u011f\u00fc a\u00e7\u0131s\u0131ndan ambalaj tasar\u0131m\u0131ndan faydaland\u0131 ve bu da daha fazla sat\u0131\u015fa yol a\u00e7t\u0131.<\/p>\n<h2>\u00d6zelle\u015ftirme \u0130pu\u00e7lar\u0131n\u0131z<\/h2>\n<p>Elektrokaplama, p\u00fcsk\u00fcrtme veya f\u0131r\u00e7alanm\u0131\u015f metalik doku gibi \u00e7e\u015fitli \u015fi\u015fe kapa\u011f\u0131 i\u015flemleri, marka konumland\u0131rmas\u0131na g\u00f6re se\u00e7ilebilir; \u015fi\u015fe g\u00f6vdesi, farkl\u0131 i\u00e7ecek form\u00fcllerine uyacak \u015fekilde belirli \u015feffafl\u0131k, buzlu efekt veya \u00f6zel kapasite \u00f6zellikleriyle ki\u015fiselle\u015ftirilebilir; ayr\u0131ca, \u00fcr\u00fcn\u00fc i\u00e7ecek fabrikalar\u0131n\u0131n \u00fcretim hatt\u0131yla daha uyumlu hale getirmek i\u00e7in y\u00fcksek s\u0131cakl\u0131\u011fa dayan\u0131kl\u0131l\u0131k veya so\u011fuk dolum takviye i\u015flemi eklemek de m\u00fcmk\u00fcnd\u00fcr; bunun yan\u0131 s\u0131ra, raftaki g\u00f6rsel etkiyi art\u0131rmak i\u00e7in serigrafi bask\u0131, s\u0131cak damgalama veya UV bask\u0131 yap\u0131labilir ve numune geli\u015ftirmeden seri \u00fcretime kadar tam s\u00fcre\u00e7 \u00f6zelle\u015ftirmesi mevcuttur, b\u00f6ylece t\u00fcm toplu su \u015fi\u015feleri seti daha marka tan\u0131mlanabilir ve ticari olarak rekabet\u00e7i bir konuma getirilir.<\/p>","protected":false},"excerpt":{"rendered":"<p>H\u0131zl\u0131 fabrikadan do\u011frudan tedarik ve \u00f6zelle\u015ftirme se\u00e7enekleriyle toplu su \u015fi\u015feleri arayan markalar i\u00e7in m\u00fckemmel, i\u00e7ecek dolumu i\u00e7in birinci s\u0131n\u0131f \u00f6zel su \u015fi\u015feleri.<\/p>","protected":false},"featured_media":3844,"template":"","meta":{"postBodyCss":"","postBodyMargin":[],"postBodyPadding":[],"postBodyBackground":{"backgroundType":"classic","gradient":""}},"product_brand":[],"product_cat":[15,16,60],"product_tag":[72],"class_list":{"0":"post-3843","1":"product","2":"type-product","3":"status-publish","4":"has-post-thumbnail","6":"product_cat-glass-containers","7":"product_cat-glass-bottles","8":"product_cat-water-bottles","9":"product_tag-juice-bottles","11":"first","12":"instock","13":"shipping-taxable","14":"product-type-simple"},"jetpack_sharing_enabled":true,"_links":{"self":[{"href":"https:\/\/minghanggroup.com\/tr\/wp-json\/wp\/v2\/product\/3843","targetHints":{"allow":["GET"]}}],"collection":[{"href":"https:\/\/minghanggroup.com\/tr\/wp-json\/wp\/v2\/product"}],"about":[{"href":"https:\/\/minghanggroup.com\/tr\/wp-json\/wp\/v2\/types\/product"}],"wp:featuredmedia":[{"embeddable":true,"href":"https:\/\/minghanggroup.com\/tr\/wp-json\/wp\/v2\/media\/3844"}],"wp:attachment":[{"href":"https:\/\/minghanggroup.com\/tr\/wp-json\/wp\/v2\/media?parent=3843"}],"wp:term":[{"taxonomy":"product_brand","embeddable":true,"href":"https:\/\/minghanggroup.com\/tr\/wp-json\/wp\/v2\/product_brand?post=3843"},{"taxonomy":"product_cat","embeddable":true,"href":"https:\/\/minghanggroup.com\/tr\/wp-json\/wp\/v2\/product_cat?post=3843"},{"taxonomy":"product_tag","embeddable":true,"href":"https:\/\/minghanggroup.com\/tr\/wp-json\/wp\/v2\/product_tag?post=3843"}],"curies":[{"name":"wp","href":"https:\/\/api.w.org\/{rel}","templated":true}]}}