{"id":3838,"date":"2025-12-05T10:42:20","date_gmt":"2025-12-05T02:42:20","guid":{"rendered":"https:\/\/minghanggroup.com\/?post_type=product&#038;p=3838"},"modified":"2026-01-20T13:50:33","modified_gmt":"2026-01-20T05:50:33","slug":"bulk-empty-clear-storage-glass-jars-with-clamp-tops","status":"publish","type":"product","link":"https:\/\/minghanggroup.com\/tr\/urun\/bulk-empty-clear-storage-glass-jars-with-clamp-tops\/","title":{"rendered":"Toplu Bo\u015f \u015eeffaf Saklama Cam Kavanozlar Kelep\u00e7eli Kapakl\u0131 25oz, 32oz, 50oz"},"content":{"rendered":"<p>Bu cam saklama kavanozlar\u0131, her biri metal cilal\u0131 ge\u00e7meli kapakl\u0131, \u015feffaf ve p\u00fcr\u00fczs\u00fcz bir cam par\u00e7adan olu\u015fur. \u015eeffaf tasar\u0131m\u0131, i\u00e7indeki tah\u0131llar\u0131, baharatlar\u0131 veya at\u0131\u015ft\u0131rmal\u0131klar\u0131 tek bak\u0131\u015fta g\u00f6rmeyi m\u00fcmk\u00fcn k\u0131lar; bu nedenle mutfa\u011f\u0131n temel malzemelerini saklamak i\u00e7in m\u00fckemmeldir.<\/p>\n<h2>\u00dcr\u00fcn \u00d6zellikleri<\/h2>\n<ul>\n<li><strong>\u015eeffaf ve \u0130nce Tasar\u0131m:<\/strong> Cam\u0131 tamamen \u015feffaf olan \u00fcr\u00fcn\u00fcn g\u00f6vdesi, i\u00e7indekileri net bir \u015fekilde g\u00f6rmeyi sa\u011flayan \u015f\u0131k, yuvarlak silindirik bir yap\u0131ya sahip. \u0130nce profili ise k\u00fc\u00e7\u00fck depolama alanlar\u0131 i\u00e7in uygun.<\/li>\n<li><strong>G\u00fcvenilir S\u0131zd\u0131rmazl\u0131k:<\/strong> Kau\u00e7uk contal\u0131 s\u0131k\u0131\u015ft\u0131rma tertibatlar\u0131 g\u00fcvenilir, neme ve s\u0131zd\u0131rmaz bir s\u0131zd\u0131rmazl\u0131k sa\u011flar.<\/li>\n<li><strong>Yerden Tasarruf Sa\u011flayan Y\u00fckseklik:<\/strong> Uzun ve dar tasar\u0131m, raf ve dolaplardaki dikey alan\u0131n kullan\u0131m\u0131n\u0131 optimize etmenin bir yoludur.<\/li>\n<\/ul>\n<h2 style=\"text-align: left;\">Temel \u00d6zellikler<\/h2>\n<table class=\"aligncenter\" style=\"border-collapse: collapse; width: 390.77pt;\" border=\"0\" width=\"521\" cellspacing=\"0\" cellpadding=\"0\">\n<tbody>\n<tr style=\"height: 13.50pt;\">\n<td style=\"height: 13.50pt; width: 92.25pt;\" width=\"123\" height=\"18\">\u015eartname<\/td>\n<td style=\"width: 298.50pt;\" width=\"398\">Detaylar<\/td>\n<\/tr>\n<tr style=\"height: 13.50pt;\">\n<td style=\"height: 13.50pt;\" height=\"18\">Kapasite<\/td>\n<td>750 ml (25 oz) \/ 1000 ml (32 oz) \/ 1500 ml (50 oz)<\/td>\n<\/tr>\n<tr style=\"height: 13.50pt;\">\n<td style=\"height: 13.50pt;\" height=\"18\">Boyutlar<\/td>\n<td>10,8\u00d714 cm \/ 11\u00d717 cm \/ 11,6\u00d721,8 cm<\/td>\n<\/tr>\n<tr style=\"height: 13.50pt;\">\n<td style=\"height: 13.50pt;\" height=\"18\">Malzeme<\/td>\n<td>\u015eeffaf Cam<\/td>\n<\/tr>\n<tr style=\"height: 13.50pt;\">\n<td style=\"height: 13.50pt;\" height=\"18\">Kapak Tipi<\/td>\n<td>Tel Halkal\u0131 Metal Kelep\u00e7eli Kapak<\/td>\n<\/tr>\n<tr style=\"height: 13.50pt;\">\n<td style=\"height: 13.50pt;\" height=\"18\">\u0130deal \u0130\u00e7in<\/td>\n<td>Saklama cam kavanozlar\u0131, kapakl\u0131 cam saklama kavanozlar\u0131<\/td>\n<\/tr>\n<\/tbody>\n<\/table>\n<h2>Ba\u015far\u0131 \u00d6yk\u00fcs\u00fc: Ticari Mutfaklar \u0130\u00e7in Depolama \u00c7\u00f6z\u00fcmleri<\/h2>\n<p>B\u00fcy\u00fck bir restoran, s\u0131k kullan\u0131lan mutfak malzemeleri i\u00e7in daha iyi bir toplu depolama alan\u0131na ihtiya\u00e7 duyuyordu. Un, tah\u0131l ve makarna saklamak i\u00e7in 1500 ml&#039;lik cam saklama kavanozlar\u0131m\u0131z\u0131 tercih ettiler. Uzun tasar\u0131m, de\u011ferli raf alan\u0131ndan tasarruf sa\u011flaman\u0131n yan\u0131 s\u0131ra, ayn\u0131 alandaki depolama kapasitesini art\u0131rd\u0131. Ayr\u0131ca, \u015feffaf cam malzeme h\u0131zl\u0131 ve do\u011fru stok kontrol\u00fcne olanak tan\u0131yarak sipari\u015f hatalar\u0131n\u0131 oran\u0131nda azaltt\u0131. Bu avantajlar\u0131 g\u00f6z \u00f6n\u00fcnde bulundurarak, t\u00fcm depolar\u0131n\u0131 donatabilmek i\u00e7in 150.000 cam kavanoz daha sipari\u015f ettiler.<\/p>\n<h2>Saklama Cam Kavanozlar\u0131 \u00d6zelle\u015ftirme Se\u00e7enekleri<\/h2>\n<ul>\n<li>Kabartmal\u0131 Logo \u2013 Kavanozun alt k\u0131sm\u0131nda \u015f\u0131k bir kabartmal\u0131 marka kimli\u011fi olu\u015fturur.<\/li>\n<li>Buzlu Dekoratif Y\u00fcz\u00fck \u2013 Asit kaz\u0131ma yoluyla zarif mat bir \u015ferit efekti olu\u015fturur.<\/li>\n<li>Vitray Se\u00e7enekleri \u2013 Kavanozun \u0131\u015f\u0131\u011fa maruz kalmas\u0131n\u0131 \u00f6nlemek i\u00e7in kehribar veya ye\u015fil cam olarak sunulmaktad\u0131r.<\/li>\n<li>G\u00fc\u00e7lendirilmi\u015f Alt Tasar\u0131m \u2013 Un veya tah\u0131l gibi daha a\u011f\u0131r maddelerin d\u00fc\u015f\u00fcr\u00fclmesini desteklemek i\u00e7in kal\u0131nla\u015ft\u0131r\u0131lm\u0131\u015f tasar\u0131m.<\/li>\n<\/ul>\n<p>Toplu depolaman\u0131z\u0131 bir \u00fcst seviyeye ta\u015f\u0131maya haz\u0131r m\u0131s\u0131n\u0131z? Klipsli kapakl\u0131 bu \u00e7ok ama\u00e7l\u0131 cam saklama kavanozlar\u0131 i\u00e7in toptan fiyatlar\u0131m\u0131zdan yararlanmak i\u00e7in bug\u00fcn bizimle ileti\u015fime ge\u00e7ebilirsiniz.<\/p>","protected":false},"excerpt":{"rendered":"<p>Tazeli\u011fi s\u0131k\u0131ca kapatmak i\u00e7in g\u00fc\u00e7l\u00fc kelep\u00e7eli kapaklarla tasarlanm\u0131\u015f \u015feffaf saklama cam kavanozlar\u0131. Fabrikadan do\u011frudan sat\u0131\u015f fiyat\u0131na, kelep\u00e7eli kapakl\u0131 y\u00fcksek kaliteli kavanozlar.<\/p>","protected":false},"featured_media":3841,"template":"","meta":{"postBodyCss":"","postBodyMargin":[],"postBodyPadding":[],"postBodyBackground":{"backgroundType":"classic","gradient":""}},"product_brand":[],"product_cat":[15,17,59],"product_tag":[66],"class_list":{"0":"post-3838","1":"product","2":"type-product","3":"status-publish","4":"has-post-thumbnail","6":"product_cat-glass-containers","7":"product_cat-glass-jars","8":"product_cat-glass-storage-jars","9":"product_tag-swing-top-jars","11":"first","12":"instock","13":"shipping-taxable","14":"product-type-simple"},"jetpack_sharing_enabled":true,"_links":{"self":[{"href":"https:\/\/minghanggroup.com\/tr\/wp-json\/wp\/v2\/product\/3838","targetHints":{"allow":["GET"]}}],"collection":[{"href":"https:\/\/minghanggroup.com\/tr\/wp-json\/wp\/v2\/product"}],"about":[{"href":"https:\/\/minghanggroup.com\/tr\/wp-json\/wp\/v2\/types\/product"}],"wp:featuredmedia":[{"embeddable":true,"href":"https:\/\/minghanggroup.com\/tr\/wp-json\/wp\/v2\/media\/3841"}],"wp:attachment":[{"href":"https:\/\/minghanggroup.com\/tr\/wp-json\/wp\/v2\/media?parent=3838"}],"wp:term":[{"taxonomy":"product_brand","embeddable":true,"href":"https:\/\/minghanggroup.com\/tr\/wp-json\/wp\/v2\/product_brand?post=3838"},{"taxonomy":"product_cat","embeddable":true,"href":"https:\/\/minghanggroup.com\/tr\/wp-json\/wp\/v2\/product_cat?post=3838"},{"taxonomy":"product_tag","embeddable":true,"href":"https:\/\/minghanggroup.com\/tr\/wp-json\/wp\/v2\/product_tag?post=3838"}],"curies":[{"name":"wp","href":"https:\/\/api.w.org\/{rel}","templated":true}]}}