{"id":3830,"date":"2025-12-04T11:48:43","date_gmt":"2025-12-04T03:48:43","guid":{"rendered":"https:\/\/minghanggroup.com\/?post_type=product&#038;p=3830"},"modified":"2026-01-20T13:50:44","modified_gmt":"2026-01-20T05:50:44","slug":"bulk-empty-rounded-airtight-glass-jars-with-clamp-lids","status":"publish","type":"product","link":"https:\/\/minghanggroup.com\/tr\/urun\/bulk-empty-rounded-airtight-glass-jars-with-clamp-lids\/","title":{"rendered":"Toplu Bo\u015f Yuvarlak Hava Ge\u00e7irmez Cam Kavanozlar Kelep\u00e7eli Kapakl\u0131 150ml 380ml 500ml"},"content":{"rendered":"<p>Bu sevimli hava ge\u00e7irmez kavanozlar, \u015f\u0131k metal kapakl\u0131, p\u00fcr\u00fczs\u00fcz, yuvarlak ve dolgun bir \u015fekle sahip \u015feffaf camdan \u00fcretilmi\u015ftir.<\/p>\n<h2>\u00dcr\u00fcn \u00d6zellikleri<\/h2>\n<ul>\n<li><strong>Net, Dolgun Form:<\/strong> Tamamen \u015feffaf cam\u0131 ve yuvarlat\u0131lm\u0131\u015f, tam g\u00f6vdesi, sadece i\u00e7 mekan\u0131n m\u00fckemmel bir \u015fekilde g\u00f6r\u00fcnmesini sa\u011flamakla kalm\u0131yor, ayn\u0131 zamanda sevimli k\u0131vr\u0131mlar\u0131yla dekoratif bir dokunu\u015f kat\u0131yor ve bu sayede farkl\u0131 sergileme alanlar\u0131nda kullan\u0131labiliyor.<\/li>\n<li><strong>Kullan\u0131m\u0131 Kolay:<\/strong> Geni\u015f a\u011f\u0131zl\u0131 tasar\u0131m\u0131, doldurma ve kep\u00e7eleme i\u00e7in kesinlikle daha rahatt\u0131r.<\/li>\n<li><strong>Farkl\u0131 Boyut Kombinasyonlar\u0131n\u0131n Yeri:<\/strong> Farkl\u0131 miktarlardaki \u00fcr\u00fcnlerin paketlenmesine olanak sa\u011flar.<\/li>\n<\/ul>\n<h2 style=\"text-align: left;\">Temel \u00d6zellikler<\/h2>\n<table class=\"aligncenter\" style=\"border-collapse: collapse; width: 309.02pt;\" border=\"0\" width=\"412\" cellspacing=\"0\" cellpadding=\"0\">\n<tbody>\n<tr style=\"height: 13.50pt;\">\n<td style=\"height: 13.50pt; width: 92.25pt;\" width=\"123\" height=\"18\">\u015eartname<\/td>\n<td style=\"width: 216.75pt;\" width=\"289\">Detaylar<\/td>\n<\/tr>\n<tr style=\"height: 13.50pt;\">\n<td style=\"height: 13.50pt;\" height=\"18\">Kapasite<\/td>\n<td>150ml \/ 380ml \/ 500ml<\/td>\n<\/tr>\n<tr style=\"height: 13.50pt;\">\n<td style=\"height: 13.50pt;\" height=\"18\">Boyutlar<\/td>\n<td>7,6\u00d77,8 cm \/ 9,5\u00d79,8 cm \/ 11\u00d710,5 cm<\/td>\n<\/tr>\n<tr style=\"height: 13.50pt;\">\n<td style=\"height: 13.50pt;\" height=\"18\">Malzeme<\/td>\n<td>\u015eeffaf Cam<\/td>\n<\/tr>\n<tr style=\"height: 13.50pt;\">\n<td style=\"height: 13.50pt;\" height=\"18\">Kapak Tipi<\/td>\n<td>Metal Kelep\u00e7eli Kapak<\/td>\n<\/tr>\n<tr style=\"height: 13.50pt;\">\n<td style=\"height: 13.50pt;\" height=\"18\">\u0130deal \u0130\u00e7in<\/td>\n<td>Hava ge\u00e7irmez kavanozlar, saklama ama\u00e7l\u0131 cam kavanozlar<\/td>\n<\/tr>\n<\/tbody>\n<\/table>\n<h2>Ba\u015far\u0131 Hikayesi: Bir \u00d6zel S\u00fcpermarket Sat\u0131\u015flar\u0131n\u0131 Nas\u0131l Art\u0131rd\u0131?<\/h2>\n<p>\u00d6zel bir g\u0131da s\u00fcpermarketi, l\u00fcks \u00fcr\u00fcnleri i\u00e7in m\u00fckemmel bir ambalaj \u00e7\u00f6z\u00fcm\u00fcne ihtiya\u00e7 duyuyordu. L\u00fcks bisk\u00fcvi ve \u015fekerleme \u00fcr\u00fcnlerini paketlemek i\u00e7in 500 ml&#039;lik hava ge\u00e7irmez cam kavanozlar\u0131m\u0131z\u0131 tercih ettiler. M\u00fckemmel s\u0131zd\u0131rmazl\u0131k performans\u0131, \u00fcr\u00fcn raf \u00f6mr\u00fcn\u00fcn oran\u0131nda uzamas\u0131n\u0131n ve bozulma kay\u0131plar\u0131n\u0131n oran\u0131nda azalt\u0131lmas\u0131n\u0131n ba\u015fl\u0131ca nedeniydi. Orijinal yuvarlak tasar\u0131m, m\u00fc\u015fterilerin \u00e7o\u011funun dikkatini \u00e7eken ana etkendi ve bu da anl\u0131k sat\u0131n al\u0131mlarda &#039;lik bir art\u0131\u015fa yol a\u00e7t\u0131. Bu ba\u015far\u0131y\u0131 daha da ileriye ta\u015f\u0131mak i\u00e7in, \u00fcr\u00fcn yelpazesini geni\u015fletmek \u00fczere 200.000 cam kavanoz sipari\u015fi verdiler.<\/p>\n<h2>Hava Ge\u00e7irmez Kavanozlar \u00d6zelle\u015ftirme Se\u00e7enekleri<\/h2>\n<ul>\n<li>Kavisli \u015fi\u015fenin \u015feklini geli\u015ftiren serigrafi bask\u0131 tasar\u0131mlar\u0131<\/li>\n<li>\u015ei\u015fe y\u00fczeyindeki kabartmal\u0131 tasar\u0131mlar rahat bir his sa\u011flar<\/li>\n<li>I\u015f\u0131\u011fa duyarl\u0131 \u00fcr\u00fcnler i\u00e7in renkli cam \u00e7e\u015fitleri<\/li>\n<li>Do\u011fru da\u011f\u0131t\u0131m i\u00e7in hacim g\u00f6stergeleri<\/li>\n<\/ul>","protected":false},"excerpt":{"rendered":"<p>Bu hava ge\u00e7irmez kavanozlar, yuvarlak g\u00f6vde \u015fekline ve sa\u011flam kelep\u00e7eli kapaklara sahiptir. Hava ge\u00e7irmez cam kavanozlar\u0131m\u0131z, yiyecekleri taze ve d\u00fczenli tutar ve h\u0131zl\u0131 kargo imkan\u0131 sunar.<\/p>","protected":false},"featured_media":3834,"template":"","meta":{"postBodyCss":"","postBodyMargin":[],"postBodyPadding":[],"postBodyBackground":{"backgroundType":"classic","gradient":""}},"product_brand":[],"product_cat":[15,17,59],"product_tag":[66],"class_list":{"0":"post-3830","1":"product","2":"type-product","3":"status-publish","4":"has-post-thumbnail","6":"product_cat-glass-containers","7":"product_cat-glass-jars","8":"product_cat-glass-storage-jars","9":"product_tag-swing-top-jars","11":"first","12":"instock","13":"shipping-taxable","14":"product-type-simple"},"jetpack_sharing_enabled":true,"_links":{"self":[{"href":"https:\/\/minghanggroup.com\/tr\/wp-json\/wp\/v2\/product\/3830","targetHints":{"allow":["GET"]}}],"collection":[{"href":"https:\/\/minghanggroup.com\/tr\/wp-json\/wp\/v2\/product"}],"about":[{"href":"https:\/\/minghanggroup.com\/tr\/wp-json\/wp\/v2\/types\/product"}],"wp:featuredmedia":[{"embeddable":true,"href":"https:\/\/minghanggroup.com\/tr\/wp-json\/wp\/v2\/media\/3834"}],"wp:attachment":[{"href":"https:\/\/minghanggroup.com\/tr\/wp-json\/wp\/v2\/media?parent=3830"}],"wp:term":[{"taxonomy":"product_brand","embeddable":true,"href":"https:\/\/minghanggroup.com\/tr\/wp-json\/wp\/v2\/product_brand?post=3830"},{"taxonomy":"product_cat","embeddable":true,"href":"https:\/\/minghanggroup.com\/tr\/wp-json\/wp\/v2\/product_cat?post=3830"},{"taxonomy":"product_tag","embeddable":true,"href":"https:\/\/minghanggroup.com\/tr\/wp-json\/wp\/v2\/product_tag?post=3830"}],"curies":[{"name":"wp","href":"https:\/\/api.w.org\/{rel}","templated":true}]}}