{"id":3822,"date":"2025-12-04T11:28:30","date_gmt":"2025-12-04T03:28:30","guid":{"rendered":"https:\/\/minghanggroup.com\/?post_type=product&#038;p=3822"},"modified":"2026-01-20T13:50:52","modified_gmt":"2026-01-20T05:50:52","slug":"bulk-empty-clear-glass-food-storage-jars","status":"publish","type":"product","link":"https:\/\/minghanggroup.com\/tr\/urun\/bulk-empty-clear-glass-food-storage-jars\/","title":{"rendered":"Toplu Bo\u015f \u015eeffaf Cam G\u0131da Saklama Kavanozlar\u0131 180ml \u2013 350ml"},"content":{"rendered":"<p>Cam saklama kavanozlar\u0131, modaya uygun, \u015feffaf silindir \u015fekliyle bilinir ve her biri parlak metal bir tokayla donat\u0131lm\u0131\u015ft\u0131r. Tek par\u00e7a ve minimalist bir stile sahip olduklar\u0131 i\u00e7in, \u00fcst \u00fcste koymak veya kilerde d\u00fczenli bir \u015fekilde d\u00fczenlemek m\u00fcmk\u00fcnd\u00fcr.<\/p>\n<h2>\u00dcr\u00fcn \u00d6zellikleri<\/h2>\n<ul>\n<li><strong>G\u00fcvenilir S\u0131zd\u0131rmazl\u0131k:<\/strong> Silikon halkalar, i\u00e7indekileri d\u0131\u015f atmosferden izole ederek kuru kalmas\u0131n\u0131 sa\u011flar, b\u00f6ylece yiyecekler daha uzun s\u00fcre saklanabilir.<\/li>\n<li><strong>Net G\u00f6r\u00fcn\u00fcrl\u00fck:<\/strong> Cam kavanoz, i\u00e7ini g\u00f6rmenizi sa\u011flayan \u015feffaf bir kapt\u0131r ve bu sayede kavanozu \u00e7\u0131karmadan i\u00e7indeki g\u0131day\u0131 tespit edebilirsiniz.<\/li>\n<li><strong>Dayan\u0131kl\u0131:<\/strong> Cam k\u0131sm\u0131 kal\u0131n, metal k\u0131sm\u0131 ise sa\u011flam oldu\u011fundan g\u00fcnl\u00fck kullan\u0131ma ve defalarca y\u0131kamaya dayan\u0131kl\u0131d\u0131r.<\/li>\n<\/ul>\n<h2 style=\"text-align: left;\">Temel \u00d6zellikler<\/h2>\n<table class=\"aligncenter\" style=\"border-collapse: collapse; width: 470.27pt;\" border=\"0\" width=\"627\" cellspacing=\"0\" cellpadding=\"0\">\n<tbody>\n<tr style=\"height: 13.50pt;\">\n<td style=\"height: 13.50pt; width: 92.25pt;\" width=\"123\" height=\"18\">\u015eartname<\/td>\n<td style=\"width: 378.00pt;\" width=\"504\">Detaylar<\/td>\n<\/tr>\n<tr style=\"height: 13.50pt;\">\n<td style=\"height: 13.50pt;\" height=\"18\">Kapasite\u200b<\/td>\n<td>180ml \/ 200ml \/ 220ml \/ 300ml \/ 350ml<\/td>\n<\/tr>\n<tr style=\"height: 13.50pt;\">\n<td style=\"height: 13.50pt;\" height=\"18\">Boyutlar\u200b<\/td>\n<td>7,9\u00d78,1 cm \/ 7,6\u00d78,2 cm \/ 7,6\u00d79 cm \/ 7,8\u00d710,3 cm \/ 9,2\u00d79,7 cm<\/td>\n<\/tr>\n<tr style=\"height: 13.50pt;\">\n<td style=\"height: 13.50pt;\" height=\"18\">Malzeme<\/td>\n<td>\u015eeffaf Cam<\/td>\n<\/tr>\n<tr style=\"height: 13.50pt;\">\n<td style=\"height: 13.50pt;\" height=\"18\">Kapak Tipi\u200b<\/td>\n<td>Tel Halkal\u0131 Metal Kelep\u00e7eli Kapak<\/td>\n<\/tr>\n<tr style=\"height: 13.50pt;\">\n<td style=\"height: 13.50pt;\" height=\"18\">En \u0130yisi \u0130\u00e7in<\/td>\n<td>Cam saklama kavanozlar\u0131, cam hava ge\u00e7irmez kavanozlar<\/td>\n<\/tr>\n<\/tbody>\n<\/table>\n<h2>Ba\u015far\u0131 Hikayesi: \u00d6zel Bir G\u0131da Perakendecisinin Depolama \u00c7\u00f6z\u00fcm\u00fc<\/h2>\n<p>Butik bir s\u00fcpermarket, daha verimli bir toplu g\u0131da depolama sistemine ihtiya\u00e7 duyuyordu. Kuru meyve ve kuruyemi\u015flerin depolanmas\u0131 i\u00e7in 300 ml&#039;lik cam g\u0131da saklama kavanozlar\u0131m\u0131z\u0131 kullanmaya karar verdiler. M\u00fc\u015fteriler, \u00fcr\u00fcn\u00fcn kalitesini \u015feffaf camdan kontrol etmek i\u00e7in sab\u0131rs\u0131zlan\u0131yordu ve bu da sat\u0131\u015flarda &#039;lik bir art\u0131\u015fa yol a\u00e7t\u0131. M\u00fc\u015fteri sadakati de artt\u0131. Bu ba\u015far\u0131n\u0131n bir sonucu olarak, perakendeci t\u00fcm ma\u011fazalar\u0131nda toplu g\u0131da reyonunu geni\u015fletmek amac\u0131yla 200.000 cam kavanoz sipari\u015fi verdi.<\/p>\n<h2>\u00d6zelle\u015ftirilmi\u015f Cam G\u0131da Saklama Kavanozlar\u0131n\u0131n \u00d6zellikleri<\/h2>\n<ul>\n<li>Bask\u0131 ile kapasite taramas\u0131 \u2013 Hassas da\u011f\u0131t\u0131m i\u00e7in derecelendirmeler ekleyin<\/li>\n<li>Dekoratif buzlu daireler \u2013 Asit a\u015f\u0131nd\u0131r\u0131lm\u0131\u015f malzemeden yap\u0131lm\u0131\u015f mat \u00e7izgiler<\/li>\n<li>Renkli cam alternatifi \u2013 Cam\u0131 UV \u0131\u015f\u0131nlar\u0131ndan korumak i\u00e7in kehribar veya mavi cam mevcuttur<\/li>\n<li>Tek par\u00e7a sap \u2013 Rahat kullan\u0131m i\u00e7in kal\u0131planm\u0131\u015f cam sap\u0131 tak\u0131n<\/li>\n<\/ul>","protected":false},"excerpt":{"rendered":"<p>\u015eeffaf cam saklama kavanozlar\u0131m\u0131zla mutfa\u011f\u0131n\u0131z\u0131 d\u00fczenleyin. Her cam saklama kavanozunun hava ge\u00e7irmez, kelep\u00e7eli kapaklar\u0131 tazelik sa\u011flar ve \u00fccretsiz numuneler mevcuttur.<\/p>","protected":false},"featured_media":3829,"template":"","meta":{"postBodyCss":"","postBodyMargin":[],"postBodyPadding":[],"postBodyBackground":{"backgroundType":"classic","gradient":""}},"product_brand":[],"product_cat":[15,17,59],"product_tag":[66],"class_list":{"0":"post-3822","1":"product","2":"type-product","3":"status-publish","4":"has-post-thumbnail","6":"product_cat-glass-containers","7":"product_cat-glass-jars","8":"product_cat-glass-storage-jars","9":"product_tag-swing-top-jars","11":"first","12":"instock","13":"shipping-taxable","14":"product-type-simple"},"jetpack_sharing_enabled":true,"_links":{"self":[{"href":"https:\/\/minghanggroup.com\/tr\/wp-json\/wp\/v2\/product\/3822","targetHints":{"allow":["GET"]}}],"collection":[{"href":"https:\/\/minghanggroup.com\/tr\/wp-json\/wp\/v2\/product"}],"about":[{"href":"https:\/\/minghanggroup.com\/tr\/wp-json\/wp\/v2\/types\/product"}],"wp:featuredmedia":[{"embeddable":true,"href":"https:\/\/minghanggroup.com\/tr\/wp-json\/wp\/v2\/media\/3829"}],"wp:attachment":[{"href":"https:\/\/minghanggroup.com\/tr\/wp-json\/wp\/v2\/media?parent=3822"}],"wp:term":[{"taxonomy":"product_brand","embeddable":true,"href":"https:\/\/minghanggroup.com\/tr\/wp-json\/wp\/v2\/product_brand?post=3822"},{"taxonomy":"product_cat","embeddable":true,"href":"https:\/\/minghanggroup.com\/tr\/wp-json\/wp\/v2\/product_cat?post=3822"},{"taxonomy":"product_tag","embeddable":true,"href":"https:\/\/minghanggroup.com\/tr\/wp-json\/wp\/v2\/product_tag?post=3822"}],"curies":[{"name":"wp","href":"https:\/\/api.w.org\/{rel}","templated":true}]}}