{"id":3814,"date":"2025-12-04T11:49:49","date_gmt":"2025-12-04T03:49:49","guid":{"rendered":"https:\/\/minghanggroup.com\/?post_type=product&#038;p=3814"},"modified":"2026-01-20T14:18:15","modified_gmt":"2026-01-20T06:18:15","slug":"glass-bottles-of-water-for-drinks-wholesale","status":"publish","type":"product","link":"https:\/\/minghanggroup.com\/tr\/urun\/glass-bottles-of-water-for-drinks-wholesale\/","title":{"rendered":"\u0130\u00e7ecekler i\u00e7in 300 ml - 750 ml Cam \u015ei\u015fe Su Toptan Sat\u0131\u015f"},"content":{"rendered":"<p>Markan\u0131z\u0131 ucuz g\u00f6steren s\u0131k\u0131c\u0131 plastik \u015fi\u015felerle yetinmeyi b\u0131rak\u0131n. Su ihtiyac\u0131n\u0131z\u0131 sadece modaya uygun ve i\u015flevsel bir \u00e7\u00f6z\u00fcme d\u00f6n\u00fc\u015ft\u00fcrmekle kalmay\u0131p ayn\u0131 zamanda suyunuzun taze kalmas\u0131n\u0131 da sa\u011flayan birinci s\u0131n\u0131f cam su \u015fi\u015feleri \u00fcretiyoruz. Bunlar s\u0131radan \u015fi\u015feler de\u011fil; markan\u0131z\u0131n susuz kalmamas\u0131 i\u00e7in yeni gizli silah\u0131.<\/p>\n<h2>\u00dcr\u00fcn \u00d6zellikleri<\/h2>\n<ol>\n<li><strong>Kristal\u200b\u200d\u200b\u200c\u200d\u200b\u200d\u200c\u200b\u200d\u200b\u200c\u200d\u200b\u200d\u200c Berrakl\u0131k: <\/strong>\u015eeffaf cam, ekstra bir \u00e7aba harcamadan kab\u0131n\u0131zdaki su seviyesini g\u00f6rmenizi sa\u011flar ve bu sayede hem susuzlu\u011funuzu gidermenin hem de g\u00fcnl\u00fck su al\u0131m\u0131n\u0131z\u0131 takip etmenin iyi bir yoludur.<\/li>\n<li><strong>\u00d6zelle\u015ftirilebilir Kapak: <\/strong>M\u00fckemmel su i\u00e7me \u00e7\u00f6z\u00fcm\u00fcn\u00fcz i\u00e7in paslanmaz \u00e7elik kapa\u011f\u0131, silikon k\u0131l\u0131f\u0131 ve ta\u015f\u0131ma halkalar\u0131n\u0131 kar\u0131\u015ft\u0131r\u0131p e\u015fle\u015ftirerek, onu sadece ta\u015f\u0131may\u0131 kolayla\u015ft\u0131rmakla kalmaz, ayn\u0131 zamanda s\u0131zd\u0131rmaz hale de getirirsiniz.<\/li>\n<li><strong>Dayan\u0131kl\u0131 Borosilikat Cam: <\/strong>\u00dcr\u00fcn, bula\u015f\u0131k makinesinde y\u0131kanabilen ve derin dondurucuda g\u00fcvenle kullan\u0131labilen, ayn\u0131 zamanda termal \u015foka dayan\u0131kl\u0131, dayan\u0131kl\u0131 borosilikat camdan \u00fcretilmi\u015ftir, bu sayede uzun \u00f6m\u00fcrl\u00fc kullan\u0131m sa\u011flar.<\/li>\n<li><strong>\u00c7ok Y\u00f6nl\u00fc Boyutlar: <\/strong>Farkl\u0131 boyutlar\u0131 (300ml-750ml) ister ofiste, ister y\u00fcr\u00fcy\u00fc\u015fte, isterse her ikisini de i\u00e7eren bir ya\u015fam tarz\u0131 i\u00e7in olsun, t\u00fcm su ihtiya\u00e7lar\u0131n\u0131z\u0131 kar\u015f\u0131layacakt\u0131r.<\/li>\n<\/ol>\n<h2 data-spm-anchor-id=\"5176.28103460.0.i10.14c475511HPf5O\">Temel \u00d6zellikler<\/h2>\n<table style=\"border-collapse: collapse; width: 80%; margin-left: auto; margin-right: auto;\" border=\"0\" width=\"288\" cellspacing=\"0\" cellpadding=\"0\">\n<tbody>\n<tr style=\"height: 13.50pt;\">\n<td style=\"height: 13.5pt; width: 54pt; text-align: center;\" width=\"72\" height=\"18\">Kapasite(ml)<\/td>\n<td style=\"width: 54pt; text-align: center;\" width=\"72\">Boyut (cm)<\/td>\n<td style=\"width: 54pt; text-align: center;\" width=\"72\">Malzeme<\/td>\n<td style=\"width: 54pt; text-align: center;\" width=\"72\">M\u00fch\u00fcr Tipi<\/td>\n<\/tr>\n<tr style=\"height: 13.50pt;\">\n<td style=\"height: 13.5pt; text-align: center;\" align=\"right\" height=\"18\">300<\/td>\n<td style=\"text-align: center;\">5,8 x 16,7<\/td>\n<td class=\"et2\" style=\"text-align: center;\" rowspan=\"4\">Sodyum Kalsiyum<\/td>\n<td class=\"et2\" style=\"text-align: center;\" rowspan=\"4\">Di\u015fli + \u00d6zel Kapak<\/td>\n<\/tr>\n<tr style=\"height: 13.50pt;\">\n<td style=\"height: 13.5pt; text-align: center;\" align=\"right\" height=\"18\">420<\/td>\n<td style=\"text-align: center;\">6,5 x 18,6<\/td>\n<\/tr>\n<tr style=\"height: 13.50pt;\">\n<td style=\"height: 13.5pt; text-align: center;\" align=\"right\" height=\"18\">550<\/td>\n<td style=\"text-align: center;\">6,3 x 21,5<\/td>\n<\/tr>\n<tr style=\"height: 13.50pt;\">\n<td style=\"height: 13.5pt; text-align: center;\" align=\"right\" height=\"18\">750<\/td>\n<td style=\"text-align: center;\">7,1 x 24,5<\/td>\n<\/tr>\n<\/tbody>\n<\/table>\n<h2>Ba\u015far\u0131 \u00d6rne\u011fi<\/h2>\n<p>Esasen, G\u00fcney Amerikal\u0131 bir meyve suyu OEM \u00fcreticisi, so\u011fuk s\u0131k\u0131m suyunun g\u00f6r\u00fcn\u00fcm\u00fcn\u00fc iyile\u015ftirmek ve yeniden kullan\u0131labilir kaplar talep eden s\u00fcpermarketlerin gerekliliklerine uymak istiyor. Kararlar\u0131 do\u011frultusunda, etiketi standart duvarl\u0131 \u015feffaf bir su \u015fi\u015fesiyle de\u011fi\u015ftirdiler ve markalar\u0131n\u0131n yaz\u0131l\u0131 oldu\u011fu bir k\u0131l\u0131f tasarlad\u0131lar. Sonu\u00e7 olarak, dolumdan sonra renk daha yo\u011fun hale geldi ve \u00fcr\u00fcn\u00fcn raftaki g\u00f6r\u00fcn\u00fcrl\u00fc\u011f\u00fc artt\u0131.<\/p>\n<p>\u015eirket, ilk \u00e7eyrekte da\u011f\u0131t\u0131m a\u011f\u0131n\u0131 iki b\u00fcy\u00fck perakendeci kanal\u0131n\u0131 da kapsayacak \u015fekilde geni\u015fletti ve bu sayede yeni \u00fcr\u00fcn\u00fcn piyasaya s\u00fcr\u00fclmesinin ard\u0131ndan ciro oran\u0131 yakla\u015f\u0131k artt\u0131.<\/p>\n<h2>\u00d6zelle\u015ftirme \u0130pu\u00e7lar\u0131n\u0131z<\/h2>\n<p>Markan\u0131z bu cam su \u015fi\u015fesini \u00e7e\u015fitli \u015fekillerde kullanabilir; farkl\u0131 i\u00e7ecek hatlar\u0131n\u0131 yans\u0131tmak i\u00e7in \u015fi\u015fenin farkl\u0131 hacmi ve farkl\u0131 oranlar\u0131; bir marka, \u015fi\u015fe g\u00f6vdesine ekran bask\u0131s\u0131, s\u0131cak damgalama veya etiketle tam renklendirme yap\u0131larak daha canl\u0131 bir \u015fekilde g\u00f6sterilebilir; bununla birlikte, \u00fcr\u00fcn \u00e7e\u015fitli cam kaplamalarla rafta daha farkl\u0131 hale getirilebilir; ekstra koruma i\u00e7in ay\u0131rt edici bir k\u0131l\u0131f da d\u00fc\u015f\u00fcn\u00fclmesi gereken bir \u015feydir.<\/p>","protected":false},"excerpt":{"rendered":"<p>\u0130\u00e7ecekler i\u00e7in tasarlanm\u0131\u015f cam su \u015fi\u015feleri. Bu kaliteli cam su \u015fi\u015feleri pipet veya k\u0131l\u0131f gibi aksesuarlarla birlikte mevcuttur. Fabrika do\u011frudan g\u00f6nderim.<\/p>","protected":false},"featured_media":3815,"template":"","meta":{"postBodyCss":"","postBodyMargin":[],"postBodyPadding":[],"postBodyBackground":{"backgroundType":"classic","gradient":""}},"product_brand":[],"product_cat":[15,16,60],"product_tag":[72],"class_list":{"0":"post-3814","1":"product","2":"type-product","3":"status-publish","4":"has-post-thumbnail","6":"product_cat-glass-containers","7":"product_cat-glass-bottles","8":"product_cat-water-bottles","9":"product_tag-juice-bottles","11":"first","12":"instock","13":"shipping-taxable","14":"product-type-simple"},"jetpack_sharing_enabled":true,"_links":{"self":[{"href":"https:\/\/minghanggroup.com\/tr\/wp-json\/wp\/v2\/product\/3814","targetHints":{"allow":["GET"]}}],"collection":[{"href":"https:\/\/minghanggroup.com\/tr\/wp-json\/wp\/v2\/product"}],"about":[{"href":"https:\/\/minghanggroup.com\/tr\/wp-json\/wp\/v2\/types\/product"}],"wp:featuredmedia":[{"embeddable":true,"href":"https:\/\/minghanggroup.com\/tr\/wp-json\/wp\/v2\/media\/3815"}],"wp:attachment":[{"href":"https:\/\/minghanggroup.com\/tr\/wp-json\/wp\/v2\/media?parent=3814"}],"wp:term":[{"taxonomy":"product_brand","embeddable":true,"href":"https:\/\/minghanggroup.com\/tr\/wp-json\/wp\/v2\/product_brand?post=3814"},{"taxonomy":"product_cat","embeddable":true,"href":"https:\/\/minghanggroup.com\/tr\/wp-json\/wp\/v2\/product_cat?post=3814"},{"taxonomy":"product_tag","embeddable":true,"href":"https:\/\/minghanggroup.com\/tr\/wp-json\/wp\/v2\/product_tag?post=3814"}],"curies":[{"name":"wp","href":"https:\/\/api.w.org\/{rel}","templated":true}]}}