{"id":3813,"date":"2025-12-04T10:05:31","date_gmt":"2025-12-04T02:05:31","guid":{"rendered":"https:\/\/minghanggroup.com\/?post_type=product&#038;p=3813"},"modified":"2026-01-20T13:50:59","modified_gmt":"2026-01-20T05:50:59","slug":"bulk-empty-small-glass-jars-with-airtight-lids","status":"publish","type":"product","link":"https:\/\/minghanggroup.com\/tr\/urun\/bulk-empty-small-glass-jars-with-airtight-lids\/","title":{"rendered":"Hava Ge\u00e7irmez Kapakl\u0131 Toplu Bo\u015f K\u00fc\u00e7\u00fck Cam Kavanozlar 80ml 100ml 150ml"},"content":{"rendered":"<p>Hava ge\u00e7irmez kapakl\u0131 ve \u015f\u0131k, kompakt tasar\u0131ml\u0131 bu k\u00fc\u00e7\u00fck cam kavanozlar, \u015feffaf camdan \u00fcretilmi\u015f olup silindirik yap\u0131dad\u0131r ve cilal\u0131 metalden yap\u0131lm\u0131\u015f ge\u00e7meli \u00fcst k\u0131sm\u0131yla k\u00fc\u00e7\u00fck e\u015fyalar\u0131n\u0131z\u0131 saklamak i\u00e7in harika bir \u00e7\u00f6z\u00fcmd\u00fcr.<\/p>\n<h2>\u00dcr\u00fcn \u00d6zellikleri<\/h2>\n<ul>\n<li><strong>Net Silindirik \u015eekil:<\/strong> Tamamen \u015feffaf cam ve temel silindirik \u015fekli, kab\u0131n i\u00e7eri\u011fini her zaman g\u00f6r\u00fcn\u00fcr hale getirir ve ayn\u0131 zamanda kompakt yerle\u015ftirme veya istifleme daha kolay hale gelir, b\u00f6ylece depolama alan\u0131ndan tasarruf edilir.<\/li>\n<li><strong>Ge\u00e7meli S\u0131zd\u0131rmazl\u0131k Tasar\u0131m\u0131:<\/strong> Metal \u00e7\u0131t\u00e7\u0131tl\u0131 kapak, \u00e7ok iyi bir s\u0131zd\u0131rmazl\u0131k sa\u011flayarak kavanozun nemden korunmas\u0131n\u0131 ve tazeli\u011finin s\u0131k\u0131ca korunmas\u0131n\u0131 sa\u011flar. Kolay ve rahat a\u00e7\u0131l\u0131p kapanmas\u0131 i\u00e7in ideal olan bu kapaklar, k\u00fc\u00e7\u00fck e\u015fyalar\u0131n\u0131z\u0131 saklamak i\u00e7in de kullan\u0131labilir.<\/li>\n<li><strong>Basit ve \u00c7e\u015fitli Senaryolara Uyarlanabilir:<\/strong> \u00d6rne\u011fin mutfak baharat raflar\u0131 veya masa\u00fcst\u00fc d\u00fczenleyiciler gibi, hem i\u015flevsel hem de \u00e7ekici bir bile\u015fen olarak hizmet ederler.<\/li>\n<\/ul>\n<h2 style=\"text-align: left;\">Temel \u00d6zellikler<\/h2>\n<table class=\"aligncenter\" style=\"border-collapse: collapse; width: 432.77pt;\" border=\"0\" width=\"577\" cellspacing=\"0\" cellpadding=\"0\">\n<tbody>\n<tr style=\"height: 13.50pt;\">\n<td style=\"height: 13.50pt; width: 92.25pt;\" width=\"123\" height=\"18\">\u015eartname<\/td>\n<td style=\"width: 340.50pt;\" width=\"454\">Detaylar<\/td>\n<\/tr>\n<tr style=\"height: 13.50pt;\">\n<td style=\"height: 13.50pt;\" height=\"18\">Kapasite\u200b<\/td>\n<td>80ml \/ 100ml \/ 150ml<\/td>\n<\/tr>\n<tr style=\"height: 13.50pt;\">\n<td style=\"height: 13.50pt;\" height=\"18\">Boyutlar\u200b<\/td>\n<td>6,1\u00d77,3 cm \/ 6,3\u00d77,1 cm \/ 7,5\u00d77,2 cm<\/td>\n<\/tr>\n<tr style=\"height: 13.50pt;\">\n<td style=\"height: 13.50pt;\" height=\"18\">Malzeme<\/td>\n<td>\u015eeffaf Cam<\/td>\n<\/tr>\n<tr style=\"height: 13.50pt;\">\n<td style=\"height: 13.50pt;\" height=\"18\">Kapak Tipi\u200b<\/td>\n<td>Tel Halkal\u0131 Metal Kelep\u00e7eli Kapak<\/td>\n<\/tr>\n<tr style=\"height: 13.50pt;\">\n<td style=\"height: 13.50pt;\" height=\"18\">\u0130deal Olanlar \u0130\u00e7in<\/td>\n<td>Cam saklama kavanozlar\u0131, hava ge\u00e7irmez kapakl\u0131 cam kavanozlar<\/td>\n<\/tr>\n<\/tbody>\n<\/table>\n<h2>Ba\u015far\u0131 Hikayesi: \u00d6zel Bir G\u0131da \u015eirketinden \u00d6rnek Ambalaj Vaka \u00c7al\u0131\u015fmas\u0131<\/h2>\n<p>Se\u00e7kin bir g\u0131da \u015firketi, yeni piyasaya s\u00fcrd\u00fc\u011f\u00fc el yap\u0131m\u0131 baharat serisini paketlemek i\u00e7in hava ge\u00e7irmez kapakl\u0131 100 ml&#039;lik k\u00fc\u00e7\u00fck cam kavanozlar\u0131m\u0131z\u0131 tercih etti. M\u00fch\u00fcrl\u00fc kapak, baharatlar\u0131n lezzet ve tazeli\u011finin \u00f6nceki ambalaja k\u0131yasla \u00fc\u00e7 kat artmas\u0131n\u0131n sebebiydi. Paketlenmi\u015f baharatlar, \u015feffaf cam sayesinde m\u00fc\u015fterilerin tam g\u00f6r\u00fc\u015f alan\u0131ndayd\u0131 ve bu da deneme d\u00f6n\u00fc\u015f\u00fcm oranlar\u0131nda &#039;l\u0131k bir art\u0131\u015fa yol a\u00e7t\u0131. En \u00f6nemlisi, \u00e7ekici ambalajlar\u0131 sayesinde 200 yeni \u00f6zel ma\u011fazaya ba\u015far\u0131yla girmeyi ba\u015fard\u0131lar. Bu noktadan itibaren \u00fclke genelindeki b\u00fcy\u00fcmelerini desteklemek i\u00e7in 300.000 cam kavanoz sipari\u015fi verdiler.<\/p>\n<h2>Cam Saklama Kavanozlar\u0131 \u00d6zelle\u015ftirme Se\u00e7enekleri<\/h2>\n<ul>\n<li>Serigrafi Bask\u0131 Marka Logosu \u2013 Dayan\u0131kl\u0131 seramik m\u00fcrekkeple logolar\u0131 ve \u00fcr\u00fcn bilgilerini uzun s\u00fcre dayan\u0131kl\u0131 bir \u015fekilde yazd\u0131r\u0131n<\/li>\n<li>Kabartmal\u0131 Kapasite \u0130\u015faretleyicileri \u2013 Do\u011fru \u00f6l\u00e7\u00fcm i\u00e7in kabartmal\u0131 derecelendirmeler i\u00e7erir<\/li>\n<li>Vitray Se\u00e7enekleri \u2013 Verimli \u0131\u015f\u0131k engelleme i\u00e7in kehribar veya kobalt mavisi camdan birini se\u00e7in<\/li>\n<li>Silikon S\u0131zd\u0131rmazl\u0131k Halkas\u0131 Rengi \u2013 S\u0131zd\u0131rmazl\u0131k halkas\u0131 rengi, markan\u0131z\u0131n renk \u015femas\u0131 rengidir<\/li>\n<\/ul>\n<p>K\u00fc\u00e7\u00fck e\u015fyalar\u0131n\u0131z\u0131 korumaya haz\u0131r m\u0131s\u0131n\u0131z? Bug\u00fcn bizimle ileti\u015fime ge\u00e7erseniz, bu \u00e7ok y\u00f6nl\u00fc k\u00fc\u00e7\u00fck cam kavanozlar (kapakl\u0131) i\u00e7in toptan fiyatlardan yararlanabilirsiniz.<\/p>","protected":false},"excerpt":{"rendered":"<p>Hava ge\u00e7irmez kapakl\u0131 k\u00fc\u00e7\u00fck cam kavanozlar\u0131m\u0131zla yiyeceklerinizi taze tutun. Baharatlar ve at\u0131\u015ft\u0131rmal\u0131klar i\u00e7in m\u00fckemmel olan bu hava ge\u00e7irmez kapakl\u0131 cam kavanozlar, \u015fimdi h\u0131zl\u0131 kargo se\u00e7ene\u011fiyle.<\/p>","protected":false},"featured_media":3820,"template":"","meta":{"postBodyCss":"","postBodyMargin":[],"postBodyPadding":[],"postBodyBackground":{"backgroundType":"classic","gradient":""}},"product_brand":[],"product_cat":[15,17,59],"product_tag":[66],"class_list":{"0":"post-3813","1":"product","2":"type-product","3":"status-publish","4":"has-post-thumbnail","6":"product_cat-glass-containers","7":"product_cat-glass-jars","8":"product_cat-glass-storage-jars","9":"product_tag-swing-top-jars","11":"first","12":"instock","13":"shipping-taxable","14":"product-type-simple"},"jetpack_sharing_enabled":true,"_links":{"self":[{"href":"https:\/\/minghanggroup.com\/tr\/wp-json\/wp\/v2\/product\/3813","targetHints":{"allow":["GET"]}}],"collection":[{"href":"https:\/\/minghanggroup.com\/tr\/wp-json\/wp\/v2\/product"}],"about":[{"href":"https:\/\/minghanggroup.com\/tr\/wp-json\/wp\/v2\/types\/product"}],"wp:featuredmedia":[{"embeddable":true,"href":"https:\/\/minghanggroup.com\/tr\/wp-json\/wp\/v2\/media\/3820"}],"wp:attachment":[{"href":"https:\/\/minghanggroup.com\/tr\/wp-json\/wp\/v2\/media?parent=3813"}],"wp:term":[{"taxonomy":"product_brand","embeddable":true,"href":"https:\/\/minghanggroup.com\/tr\/wp-json\/wp\/v2\/product_brand?post=3813"},{"taxonomy":"product_cat","embeddable":true,"href":"https:\/\/minghanggroup.com\/tr\/wp-json\/wp\/v2\/product_cat?post=3813"},{"taxonomy":"product_tag","embeddable":true,"href":"https:\/\/minghanggroup.com\/tr\/wp-json\/wp\/v2\/product_tag?post=3813"}],"curies":[{"name":"wp","href":"https:\/\/api.w.org\/{rel}","templated":true}]}}