{"id":3649,"date":"2025-11-24T16:44:28","date_gmt":"2025-11-24T08:44:28","guid":{"rendered":"https:\/\/minghanggroup.com\/?post_type=product&#038;p=3649"},"modified":"2025-12-03T15:44:06","modified_gmt":"2025-12-03T07:44:06","slug":"vintage-spice-jars-set-with-wooden-lids-bulk","status":"publish","type":"product","link":"https:\/\/minghanggroup.com\/tr\/urun\/vintage-spice-jars-set-with-wooden-lids-bulk\/","title":{"rendered":"410 ml Vintage Baharat Kavanozlar\u0131 Ah\u015fap Kapakl\u0131 Set Toplu Sat\u0131\u015f"},"content":{"rendered":"<p>Baharatlar\u0131n\u0131z lezzetlerine uygun bir kab\u0131 hak ediyor. Baharatlar\u0131n\u0131z\u0131 taze tutarken, baharat saklama alan\u0131n\u0131z\u0131 \u015f\u0131k ve i\u015flevsel bir \u00e7\u00f6z\u00fcme d\u00f6n\u00fc\u015ft\u00fcren birinci s\u0131n\u0131f vintage baharat kavanozlar\u0131 \u00fcretiyoruz. Bunlar sadece kavanoz de\u011fil, markan\u0131z\u0131n \u00f6ne \u00e7\u0131kmas\u0131n\u0131 sa\u011flayan yeni gizli malzemesi.<\/p>\n<h2>\u00dcr\u00fcn \u00d6zellikleri<\/h2>\n<ol>\n<li><strong>Klasik Preslenmi\u015f Cam Tasar\u0131m\u0131:<\/strong>\u0632\u062c\u0627\u062c\u0627\u062a \u0642\u0627\u0628\u0644\u0629 \u0644\u0625\u0639\u0627\u062f\u0629 \u0627\u0644\u0625\u063a\u0644\u0627\u0642<\/li>\n<li><strong>Ah\u015fap S\u0131zd\u0131rmazl\u0131k Kapa\u011f\u0131:<\/strong>G\u00fczelce i\u015flenmi\u015f ah\u015fap kapak, \u00fcr\u00fcn\u00fcn tazeli\u011fini koruyan ve ayn\u0131 zamanda nemin i\u00e7eri girmesini engelleyen s\u0131k\u0131 bir s\u0131zd\u0131rmazl\u0131k sa\u011flar, bu nedenle torba tur\u015fu yapmak ve konserve yapmak i\u00e7in idealdir.<\/li>\n<li><strong>Sa\u011flam Ah\u015fap Taban:<\/strong>Ger\u00e7ek ah\u015faptan yap\u0131lm\u0131\u015f ah\u015fap taban, eski tip baharat kavanozlar\u0131n\u0131za gerekli sa\u011flaml\u0131\u011f\u0131 ve g\u00fcvenli\u011fi sa\u011flar, bu sayede sadece mutfa\u011f\u0131n\u0131zda sergilemek i\u00e7in de\u011fil, ayn\u0131 zamanda kurutulmu\u015f meyve ve sebzelerinizi saklamak i\u00e7in de m\u00fckemmel olacakt\u0131r.<\/li>\n<li><strong>\u00c7ok Y\u00f6nl\u00fc Baharat Saklama:<\/strong>Bu vintage baharat kavanozu seti, ac\u0131 biber tozu, kimyon vb. gibi farkl\u0131 baharat t\u00fcrlerini bar\u0131nd\u0131rmak i\u00e7in m\u00fckemmel bir \u015fekilde \u00e7al\u0131\u015facakt\u0131r, bu nedenle herhangi bir konut mutfa\u011f\u0131na veya toptan ambalaj i\u015fletmesine harika bir \u00e7ok y\u00f6nl\u00fc katk\u0131 sa\u011flayacakt\u0131r.<\/li>\n<\/ol>\n<h2>Temel \u00d6zellikler<\/h2>\n<table style=\"border-collapse: collapse; width: 80%; margin-left: auto; margin-right: auto;\" border=\"0\" width=\"216\" cellspacing=\"0\" cellpadding=\"0\">\n<tbody>\n<tr style=\"height: 13.50pt;\">\n<td style=\"height: 13.5pt; width: 54pt; text-align: center;\" width=\"72\" height=\"18\">Kapasite<\/td>\n<td style=\"width: 54pt; text-align: center;\" width=\"72\">Boyut (cm)<\/td>\n<td style=\"width: 54pt; text-align: center;\" width=\"72\">Aksesuarlar<\/td>\n<\/tr>\n<tr style=\"height: 13.50pt;\">\n<td style=\"height: 13.5pt; text-align: center;\" height=\"18\">410 ml<\/td>\n<td style=\"text-align: center;\">8.6&#215;10.5<\/td>\n<td style=\"text-align: center;\">Tahta ka\u015f\u0131k<\/td>\n<\/tr>\n<\/tbody>\n<\/table>\n<h2>Ba\u015far\u0131 \u00d6rne\u011fi<\/h2>\n<p>Vancouver&#039;daki yerel bir kahve kavurma zinciri, sos te\u015fhir alan\u0131n\u0131 yenilerken, kakao tozu, tar\u00e7\u0131n ve ham \u015feker kam\u0131\u015flar\u0131n\u0131 sergilemek i\u00e7in bu klasik vintage baharat kavanozlar\u0131n\u0131 kullanmaya karar verdi. Marka ekibi, cam kavanozlar\u0131n retro kabartmal\u0131 dokusunu ve ah\u015fap kapaklar\u0131n do\u011fal g\u00f6r\u00fcn\u00fcm\u00fcn\u00fc be\u011fendi \u00e7\u00fcnk\u00fc bu iki unsur, markalar\u0131n\u0131n &#034;el yap\u0131m\u0131 kavurma&#034; ve &#034;do\u011fal aromalar&#034; imaj\u0131na \u00e7ok iyi uyuyordu.<\/p>\n<p>Yeni \u00e7e\u015fni te\u015fhir standlar\u0131n\u0131 haz\u0131r hale getirdiklerinde, iki ay i\u00e7inde ma\u011faza i\u00e7indeki m\u00fc\u015fterilerden gelen etkile\u015fimde &#039;lik bir art\u0131\u015f kaydettiler.<\/p>\n<h2>\u00d6zelle\u015ftirme \u0130pu\u00e7lar\u0131n\u0131z<\/h2>\n<p>Ki\u015fiselle\u015ftirmenin yan\u0131 s\u0131ra, tahta kapak ve servis taba\u011f\u0131 koyu ceviz, do\u011fal ah\u015fap veya boyal\u0131 me\u015fe gibi \u00e7e\u015fitli renklerde se\u00e7ilebilir, b\u00f6ylece do\u011fal ve taze stiller ile \u015f\u0131kl\u0131k aras\u0131nda sorunsuz bir ge\u00e7i\u015f sa\u011flanabilir. Ayr\u0131ca, markan\u0131n kullan\u0131m senaryosuna ba\u011fl\u0131 olarak cam kavanoz kapasitesi, ka\u015f\u0131k malzemesi ve tepsi boyutunda ayarlamalar yap\u0131labilir, b\u00f6ylece bu vintage baharat kavanozlar\u0131 seti hem sergileme hem de kullan\u0131c\u0131 deneyimi a\u00e7\u0131s\u0131ndan markan\u0131n mekan\u0131 i\u00e7in daha uygun bir hale gelir.<\/p>","protected":false},"excerpt":{"rendered":"<p>\u0632\u062c\u0627\u062c\u0627\u062a \u0632\u062c\u0627\u062c\u064a\u0629 \u0634\u0641\u0627\u0641\u0629 \u062f\u0627\u0626\u0631\u064a\u0629 \u0642\u0627\u0628\u0644\u0629 \u0644\u0625\u0639\u0627\u062f\u0629 \u0627\u0644\u0625\u063a\u0644\u0627\u0642 \u0628\u0643\u0645\u064a\u0627\u062a \u0643\u0628\u064a\u0631\u0629 350 \u0645\u0644 500 \u0645\u0644 1040 \u0645\u0644<\/p>","protected":false},"featured_media":3650,"template":"","meta":{"postBodyCss":"","postBodyMargin":[],"postBodyPadding":[],"postBodyBackground":{"backgroundType":"classic","gradient":""}},"product_brand":[],"product_cat":[15,17,53],"product_tag":[],"class_list":{"0":"post-3649","1":"product","2":"type-product","3":"status-publish","4":"has-post-thumbnail","6":"product_cat-glass-containers","7":"product_cat-glass-jars","8":"product_cat-spice-jars","10":"first","11":"instock","12":"shipping-taxable","13":"product-type-simple"},"jetpack_sharing_enabled":true,"_links":{"self":[{"href":"https:\/\/minghanggroup.com\/tr\/wp-json\/wp\/v2\/product\/3649","targetHints":{"allow":["GET"]}}],"collection":[{"href":"https:\/\/minghanggroup.com\/tr\/wp-json\/wp\/v2\/product"}],"about":[{"href":"https:\/\/minghanggroup.com\/tr\/wp-json\/wp\/v2\/types\/product"}],"wp:featuredmedia":[{"embeddable":true,"href":"https:\/\/minghanggroup.com\/tr\/wp-json\/wp\/v2\/media\/3650"}],"wp:attachment":[{"href":"https:\/\/minghanggroup.com\/tr\/wp-json\/wp\/v2\/media?parent=3649"}],"wp:term":[{"taxonomy":"product_brand","embeddable":true,"href":"https:\/\/minghanggroup.com\/tr\/wp-json\/wp\/v2\/product_brand?post=3649"},{"taxonomy":"product_cat","embeddable":true,"href":"https:\/\/minghanggroup.com\/tr\/wp-json\/wp\/v2\/product_cat?post=3649"},{"taxonomy":"product_tag","embeddable":true,"href":"https:\/\/minghanggroup.com\/tr\/wp-json\/wp\/v2\/product_tag?post=3649"}],"curies":[{"name":"wp","href":"https:\/\/api.w.org\/{rel}","templated":true}]}}