{"id":3648,"date":"2025-11-24T14:52:42","date_gmt":"2025-11-24T06:52:42","guid":{"rendered":"https:\/\/minghanggroup.com\/?post_type=product&#038;p=3648"},"modified":"2026-01-20T14:08:25","modified_gmt":"2026-01-20T06:08:25","slug":"bulk-clear-square-glass-bottles-with-swing-tops","status":"publish","type":"product","link":"https:\/\/minghanggroup.com\/tr\/urun\/bulk-clear-square-glass-bottles-with-swing-tops\/","title":{"rendered":"Toplu \u015eeffaf Kare Cam \u015ei\u015feler Sal\u0131ncak Kapakl\u0131 250ml 500ml 920ml"},"content":{"rendered":"<p>Sallanan kapakl\u0131 bu \u015feffaf kare cam \u015fi\u015felerin her biri, vidal\u0131 kapak \u00f6zelli\u011fiyle donat\u0131lm\u0131\u015ft\u0131r. Bu \u015fi\u015feler \u00fc\u00e7 farkl\u0131 kare profildedir ve \u015feffaf camdan \u00fcretilmi\u015ftir. Ayr\u0131ca kavanozlar, hem g\u00fcvenlik hem de \u015f\u0131k ve \u00e7ekici bir g\u00f6r\u00fcn\u00fcm sa\u011flayan metal klipslerle sabitlenmi\u015ftir.<\/p>\n<h2>\u00dcr\u00fcn \u00d6zellikleri<\/h2>\n<ul>\n<li><strong>Pres-S\u0131zd\u0131rmazl\u0131k Tasar\u0131m\u0131:<\/strong> Metal presli t\u0131pa sayesinde \u015fi\u015feler s\u0131zd\u0131rmazl\u0131k \u00f6zelli\u011fini koruyarak, i\u00e7eriklerinin uzun s\u00fcre taze kalmas\u0131n\u0131 sa\u011fl\u0131yor ve ayr\u0131ca a\u00e7ma ve kapama konusunda basit bir y\u00f6ntem sa\u011fl\u0131yor.<\/li>\n<li><strong>Yerden Tasarruf Sa\u011flayan Kare Tasar\u0131m:<\/strong> Genel olarak silindirik yap\u0131da olan \u015fi\u015fe g\u00f6vdesi, paketleme a\u00e7\u0131s\u0131ndan daha verimli oldu\u011fundan, yuvarlak \u015fi\u015felerin kaplad\u0131\u011f\u0131 raf alan\u0131ndan &#039;e kadar tasarruf sa\u011flanabilmektedir.<\/li>\n<li><strong>Daha \u0130yi Kararl\u0131l\u0131k:<\/strong> Geni\u015f ve d\u00fcz taban, \u015fi\u015fenin devrilme olas\u0131l\u0131\u011f\u0131n\u0131 azaltacak bir denge unsurudur, bu nedenle \u015fi\u015feler ta\u015f\u0131ma ve sergileme s\u00fcrecinde daha dengelidir.<\/li>\n<\/ul>\n<h2 style=\"text-align: left;\">Temel \u00d6zellikler<\/h2>\n<table class=\"aligncenter\" width=\"884\">\n<tbody>\n<tr>\n<td width=\"122\">\u00d6zellik<\/td>\n<td width=\"762\">Detaylar<\/td>\n<\/tr>\n<tr>\n<td>Boyut<\/td>\n<td>250 ml: 5,7 \u00d7 5,7 \u00d7 18,6 cm \/ 500 ml: 6,6 \u00d7 6,6 \u00d7 26,1 cm \/ 920 ml: 7,6 \u00d7 7,6 \u00d7 30,5 cm<\/td>\n<\/tr>\n<tr>\n<td>Malzeme<\/td>\n<td>Berrak soda-kire\u00e7 cam\u0131<\/td>\n<\/tr>\n<tr>\n<td>Uygun Olanlar<\/td>\n<td>Sal\u0131ncakl\u0131 kapakl\u0131 \u015fi\u015feler, kapakl\u0131 \u015fi\u015feler<\/td>\n<\/tr>\n<\/tbody>\n<\/table>\n<h2>Ba\u015far\u0131 \u00d6yk\u00fcs\u00fc: \u00d6zel Bir \u0130\u00e7ecek \u015eirketi \u0130\u015fini Nas\u0131l B\u00fcy\u00fctt\u00fc?<\/h2>\n<p>El yap\u0131m\u0131 bira \u015firketi, 500 ml&#039;lik, sallanan kapakl\u0131, \u015feffaf, kare cam \u015fi\u015femizi kullanmaya karar verdikten sonra k\u00f6kl\u00fc bir de\u011fi\u015fim ge\u00e7irdi: Ayn\u0131 depo alan\u0131nda daha fazla \u00fcr\u00fcn depolayabildiler ve bu da depolama maliyetlerinde &#039;lik bir d\u00fc\u015f\u00fc\u015fe yol a\u00e7t\u0131. F\u00fct\u00fcristik tasar\u0131m, amiral gemisi \u00fcr\u00fcnleri haline geldi ve sosyal medya etkile\u015fim oran\u0131 artt\u0131. Bu sonu\u00e7lar\u0131 temel alarak, yeni \u00fcr\u00fcn serisinin \u00fclke \u00e7ap\u0131nda lansman\u0131n\u0131 kolayla\u015ft\u0131rmak i\u00e7in yak\u0131n zamanda 500.000 \u015fi\u015feyi a\u015fan bir toplu sipari\u015f verdiler.<\/p>\n<h2>Sal\u0131ncakl\u0131 Kapakl\u0131 \u015ei\u015feler \u00d6zelle\u015ftirme Se\u00e7enekleri<\/h2>\n<p>Bu s\u0131ra d\u0131\u015f\u0131 vidal\u0131 kapakl\u0131 \u015fi\u015feleri ki\u015fisel marka kimli\u011finize d\u00f6n\u00fc\u015ft\u00fcr\u00fcn:<\/p>\n<ul>\n<li>Mat Biti\u015f \u2013 Asit ile a\u015f\u0131nd\u0131r\u0131lm\u0131\u015f mat biti\u015f, \u00fcr\u00fcne daha zarif ve yumu\u015fak bir his verir<\/li>\n<li>\u00d6zel \u015eapka Rengi \u2013 Metal toka veya beyaz s\u00fcsleme, marka renklerinize uyacak \u015fekilde de\u011fi\u015ftirilebilir<\/li>\n<li>Kabartmal\u0131 Logo \u2013 \u015ei\u015fenin yan taraf\u0131nda elle hissedilebilen hafif y\u00fckseltilmi\u015f tasar\u0131m, marka kimli\u011fi g\u00f6revi g\u00f6r\u00fcr<\/li>\n<li>Amber Cam \u015ei\u015fe \u2013 I\u015f\u0131k engelleyici \u00f6zelliklere sahip kehribar cam \u015fi\u015fe se\u00e7ene\u011fi, hassas \u00fcr\u00fcnler i\u00e7in m\u00fckemmeldir.<\/li>\n<\/ul>","protected":false},"excerpt":{"rendered":"<p>Sal\u0131ncak kapakl\u0131 \u015feffaf kare cam \u015fi\u015fe se\u00e7eneklerini ke\u015ffedin - toptan indirimlerle toplu sipari\u015fler i\u00e7in ideal, pratik ve \u015f\u0131k sal\u0131ncak kapakl\u0131 \u015fi\u015feler.<\/p>","protected":false},"featured_media":3652,"template":"","meta":{"postBodyCss":"","postBodyMargin":[],"postBodyPadding":[],"postBodyBackground":{"backgroundType":"classic","gradient":""}},"product_brand":[],"product_cat":[15,16,56],"product_tag":[79,72,78],"class_list":{"0":"post-3648","1":"product","2":"type-product","3":"status-publish","4":"has-post-thumbnail","6":"product_cat-glass-containers","7":"product_cat-glass-bottles","8":"product_cat-flip-top-bottles","9":"product_tag-beer-bottles","10":"product_tag-juice-bottles","11":"product_tag-water-bottles","13":"first","14":"instock","15":"shipping-taxable","16":"product-type-simple"},"jetpack_sharing_enabled":true,"_links":{"self":[{"href":"https:\/\/minghanggroup.com\/tr\/wp-json\/wp\/v2\/product\/3648","targetHints":{"allow":["GET"]}}],"collection":[{"href":"https:\/\/minghanggroup.com\/tr\/wp-json\/wp\/v2\/product"}],"about":[{"href":"https:\/\/minghanggroup.com\/tr\/wp-json\/wp\/v2\/types\/product"}],"wp:featuredmedia":[{"embeddable":true,"href":"https:\/\/minghanggroup.com\/tr\/wp-json\/wp\/v2\/media\/3652"}],"wp:attachment":[{"href":"https:\/\/minghanggroup.com\/tr\/wp-json\/wp\/v2\/media?parent=3648"}],"wp:term":[{"taxonomy":"product_brand","embeddable":true,"href":"https:\/\/minghanggroup.com\/tr\/wp-json\/wp\/v2\/product_brand?post=3648"},{"taxonomy":"product_cat","embeddable":true,"href":"https:\/\/minghanggroup.com\/tr\/wp-json\/wp\/v2\/product_cat?post=3648"},{"taxonomy":"product_tag","embeddable":true,"href":"https:\/\/minghanggroup.com\/tr\/wp-json\/wp\/v2\/product_tag?post=3648"}],"curies":[{"name":"wp","href":"https:\/\/api.w.org\/{rel}","templated":true}]}}