{"id":3643,"date":"2025-11-24T13:50:27","date_gmt":"2025-11-24T05:50:27","guid":{"rendered":"https:\/\/minghanggroup.com\/?post_type=product&#038;p=3643"},"modified":"2026-01-20T14:08:31","modified_gmt":"2026-01-20T06:08:31","slug":"bulk-clear-glass-round-resealable-bottles","status":"publish","type":"product","link":"https:\/\/minghanggroup.com\/tr\/urun\/bulk-clear-glass-round-resealable-bottles\/","title":{"rendered":"Toplu \u015eeffaf Cam Yuvarlak Tekrar Kapat\u0131labilir \u015ei\u015feler 350ml 500ml 1040ml"},"content":{"rendered":"<p>Bunlar, \u015feffaf ve camdan yap\u0131lm\u0131\u015f, \u00fc\u00e7 farkl\u0131 boyutta ve metal ge\u00e7meli kapaklarla birlikte gelen, kapat\u0131labilir cam \u015fi\u015felerdir. Kullan\u0131m\u0131 kolayd\u0131r ve tekrar kapat\u0131labilirler.<\/p>\n<h2>\u00dcr\u00fcn \u00d6zellikleri<\/h2>\n<ul>\n<li><strong>Kullan\u0131\u015fl\u0131 Tekrar Kapat\u0131labilir Tasar\u0131m:<\/strong> M\u00fc\u015fteriler tek elle bu \u015fi\u015feleri kolayca a\u00e7\u0131p kapatabilirler, dolay\u0131s\u0131yla tekrar tekrar kullan\u0131m gerektiren \u00fcr\u00fcnler i\u00e7in m\u00fckemmeldirler.<\/li>\n<li><strong>Ticari S\u0131n\u0131f Dayan\u0131kl\u0131l\u0131k:<\/strong> A\u011f\u0131r camdan \u00fcretilen ve metal ge\u00e7meli kapaklarla donat\u0131lan bu \u015fi\u015feler, ta\u015f\u0131ma ve nakliye s\u00fcrecinin zorlu ko\u015fullar\u0131na dayanma kabiliyetine sahiptir.<\/li>\n<li><strong>Basit Tasar\u0131m:<\/strong> \u015ei\u015feler, ev, restoran gibi farkl\u0131 mekanlarda kullan\u0131ma uygun, sade ve \u015f\u0131k bir tasar\u0131ma sahip olup, farkl\u0131 ki\u015filer taraf\u0131ndan farkl\u0131 \u015fekillerde kullan\u0131labilir.<\/li>\n<\/ul>\n<h2 style=\"text-align: left;\">Temel \u00d6zellikler<\/h2>\n<table class=\"aligncenter\" style=\"border-collapse: collapse; width: 525.02pt;\" border=\"0\" width=\"700\" cellspacing=\"0\" cellpadding=\"0\">\n<tbody>\n<tr style=\"height: 13.50pt;\">\n<td style=\"height: 13.50pt; width: 91.50pt;\" width=\"122\" height=\"18\">\u00d6zellik<\/td>\n<td style=\"width: 433.50pt;\" width=\"578\">Detaylar<\/td>\n<\/tr>\n<tr style=\"height: 13.50pt;\">\n<td style=\"height: 13.50pt;\" height=\"18\">Boyutlar<\/td>\n<td>350 ml: 6,8 \u00d7 18,9 cm \/ 500 ml: 7,5 \u00d7 21,5 cm \/ 1040 ml: 9 \u00d7 27 cm<\/td>\n<\/tr>\n<tr style=\"height: 13.50pt;\">\n<td style=\"height: 13.50pt;\" height=\"18\">Malzeme<\/td>\n<td>Berrak soda-kire\u00e7 cam\u0131<\/td>\n<\/tr>\n<tr style=\"height: 13.50pt;\">\n<td style=\"height: 13.50pt;\" height=\"18\">Uygun Olanlar<\/td>\n<td>Kapat\u0131labilir cam \u015fi\u015feler, a\u00e7\u0131l\u0131r kapakl\u0131 \u015fi\u015feler<\/td>\n<\/tr>\n<\/tbody>\n<\/table>\n<h2>Bir G\u0131da Markas\u0131 \u0130\u00e7in Paketleme \u00c7\u00f6z\u00fcmleri<\/h2>\n<p>\u00d6zel g\u0131da \u015firketi, yeni aromal\u0131 \u015furup ve kokteyl s\u0131v\u0131lar\u0131n\u0131 paketlemek i\u00e7in g\u00fcvenilir, tekrar kapat\u0131labilir \u015fi\u015feler ar\u0131yordu ve orta boy olmalar\u0131 ve m\u00fckemmel s\u0131zd\u0131rmazl\u0131k sa\u011flamalar\u0131 nedeniyle 500 ml&#039;lik kapat\u0131labilir cam \u015fi\u015felerimizi se\u00e7tiler. M\u00fch\u00fcr \u00e7ok \u00f6nemliydi; \u00fcr\u00fcn\u00fc daha uzun s\u00fcre g\u00fcvenli tutarken ayn\u0131 zamanda nakliye s\u0131ras\u0131nda s\u0131z\u0131nt\u0131y\u0131 da \u00f6nl\u00fcyordu. \u015eeffaf cam, \u00fcr\u00fcn\u00fcn renklerini sergilemek i\u00e7in m\u00fckemmeldi ve bu da anl\u0131k sat\u0131n al\u0131mlarda &#039;lik bir art\u0131\u015fa yol a\u00e7t\u0131. Bu sonu\u00e7lardan memnun olan \u015firket, yak\u0131n zamanda bizden b\u00fcy\u00fck bir sipari\u015f verdi; bir sonraki projeleri i\u00e7in 400.000&#039;den fazla \u015fi\u015fe sat\u0131n almak istiyorlar.<\/p>\n<h2>Tekrar Kapat\u0131labilir \u015ei\u015feler \u00d6zelle\u015ftirme Se\u00e7enekleri<\/h2>\n<ul>\n<li>Amber Cam Se\u00e7ene\u011fi \u2013 I\u015f\u0131\u011fa duyarl\u0131 \u00fcr\u00fcnler i\u00e7in m\u00fckemmel olan \u0131\u015f\u0131\u011f\u0131 engelleyen kehribar cam\u0131 edinin.<\/li>\n<li>Serigrafi Bask\u0131 Logosu \u2013 Dayan\u0131kl\u0131 seramik m\u00fcrekkeplerden yap\u0131lm\u0131\u015f, canl\u0131, uzun \u00f6m\u00fcrl\u00fc ve marka logolar\u0131 geli\u015ftirin.<\/li>\n<li>\u00d6zel Kapak Rengi \u2013 Metal tokan\u0131n rengi, tutarl\u0131 olmas\u0131 i\u00e7in markan\u0131n renk \u015femas\u0131na g\u00f6re de\u011fi\u015ftirilebilir.<\/li>\n<li>Mat Biti\u015f- Asit a\u015f\u0131nd\u0131rma i\u015flemi, zarif mat bir g\u00f6r\u00fcn\u00fcm elde etmeye yard\u0131mc\u0131 olur.<\/li>\n<\/ul>","protected":false},"excerpt":{"rendered":"<p>\u0130\u00e7eri\u011finizi taze tutmak i\u00e7in, \u00fc\u00e7 farkl\u0131 boyutta ve fabrikadan do\u011frudan tedarik edilen, \u00e7ok y\u00f6nl\u00fc yeniden kapat\u0131labilir \u015fi\u015feler olarak tasarlanm\u0131\u015f, kapat\u0131labilir cam \u015fi\u015feler kullan\u0131n.<\/p>","protected":false},"featured_media":3645,"template":"","meta":{"postBodyCss":"","postBodyMargin":[],"postBodyPadding":[],"postBodyBackground":{"backgroundType":"classic","gradient":""}},"product_brand":[],"product_cat":[15,16,56],"product_tag":[79,72,78],"class_list":{"0":"post-3643","1":"product","2":"type-product","3":"status-publish","4":"has-post-thumbnail","6":"product_cat-glass-containers","7":"product_cat-glass-bottles","8":"product_cat-flip-top-bottles","9":"product_tag-beer-bottles","10":"product_tag-juice-bottles","11":"product_tag-water-bottles","13":"first","14":"instock","15":"shipping-taxable","16":"product-type-simple"},"jetpack_sharing_enabled":true,"_links":{"self":[{"href":"https:\/\/minghanggroup.com\/tr\/wp-json\/wp\/v2\/product\/3643","targetHints":{"allow":["GET"]}}],"collection":[{"href":"https:\/\/minghanggroup.com\/tr\/wp-json\/wp\/v2\/product"}],"about":[{"href":"https:\/\/minghanggroup.com\/tr\/wp-json\/wp\/v2\/types\/product"}],"wp:featuredmedia":[{"embeddable":true,"href":"https:\/\/minghanggroup.com\/tr\/wp-json\/wp\/v2\/media\/3645"}],"wp:attachment":[{"href":"https:\/\/minghanggroup.com\/tr\/wp-json\/wp\/v2\/media?parent=3643"}],"wp:term":[{"taxonomy":"product_brand","embeddable":true,"href":"https:\/\/minghanggroup.com\/tr\/wp-json\/wp\/v2\/product_brand?post=3643"},{"taxonomy":"product_cat","embeddable":true,"href":"https:\/\/minghanggroup.com\/tr\/wp-json\/wp\/v2\/product_cat?post=3643"},{"taxonomy":"product_tag","embeddable":true,"href":"https:\/\/minghanggroup.com\/tr\/wp-json\/wp\/v2\/product_tag?post=3643"}],"curies":[{"name":"wp","href":"https:\/\/api.w.org\/{rel}","templated":true}]}}