{"id":3638,"date":"2025-11-24T13:14:39","date_gmt":"2025-11-24T05:14:39","guid":{"rendered":"https:\/\/minghanggroup.com\/?post_type=product&#038;p=3638"},"modified":"2026-01-20T14:08:58","modified_gmt":"2026-01-20T06:08:58","slug":"bulk-resealable-glass-brown-flip-top-beer-bottles","status":"publish","type":"product","link":"https:\/\/minghanggroup.com\/tr\/urun\/bulk-resealable-glass-brown-flip-top-beer-bottles\/","title":{"rendered":"Toplu Tekrar Kapat\u0131labilir Cam Kahverengi Kapakl\u0131 Bira \u015ei\u015feleri 11oz 16oz 25oz"},"content":{"rendered":"<p>Burada g\u00f6sterilen bu kapakl\u0131 bira \u015fi\u015feleri, koyu kahverengi camdan yap\u0131lm\u0131\u015f olup, g\u00fczel \u015fekilli, uzun ve metal bir kapakla kapat\u0131lm\u0131\u015ft\u0131r. Bunlar, y\u00fcksek kaliteli, tekrar kapat\u0131labilir cam \u015fi\u015felerdir.<\/p>\n<h2>\u00dcr\u00fcn \u00d6zellikleri<\/h2>\n<ul>\n<li><strong>Kahverengi Cam Malzemesi:<\/strong> Kahverengi cam, i\u00e7indeki s\u0131v\u0131ya (bira veya sos gibi) zararl\u0131 olan \u0131\u015f\u0131\u011f\u0131 emerken ayn\u0131 zamanda retro bir g\u00f6r\u00fcn\u00fcm de kazand\u0131r\u0131r.<\/li>\n<li><strong>Ge\u00e7meli S\u0131zd\u0131rmazl\u0131k Tasar\u0131m\u0131:<\/strong> K\u0131rm\u0131z\u0131 ve beyaz metal \u00e7\u0131t\u00e7\u0131tl\u0131 t\u0131pa par\u00e7as\u0131n\u0131n tak\u0131lmas\u0131yla m\u00fckemmel bir s\u0131zd\u0131rmazl\u0131k sa\u011flan\u0131r, b\u00f6ylece uzun s\u00fcre tazeli\u011fini koruyabilir ve a\u00e7\u0131p kapama i\u015flemi zahmetsizce yap\u0131labilir.<\/li>\n<li><strong>Modaya Uygun\u200b\u200d\u200b\u200c\u200d\u200b\u200d\u200c\u200b\u200d\u200c\u200d\u200b\u200d\u200c \u015ei\u015fe \u015eekli:<\/strong> \u015e\u0131k ve uzun \u015fi\u015fe \u015fekli sadece tutmas\u0131 rahat olmakla kalmaz, ayn\u0131 zamanda buzdolab\u0131nda veya rafta kolayca saklanabilir; evde bira yap\u0131m\u0131, s\u0131v\u0131 saklama ve di\u011fer bir\u00e7ok ama\u00e7 i\u00e7in ihtiya\u00e7 duyulan \u015feydir.<\/li>\n<\/ul>\n<h2 style=\"text-align: left;\">Temel \u00d6zellikler<\/h2>\n<table class=\"aligncenter\" width=\"717\">\n<tbody>\n<tr>\n<td width=\"122\">\u00d6zellik<\/td>\n<td width=\"595\">Detaylar<\/td>\n<\/tr>\n<tr>\n<td>Boyut<\/td>\n<td>330 ml (11 oz): 6,25 \u00d7 22 cm \/ 500 ml (16 oz): 7,1 \u00d7 25,6 cm \/ 750 ml (25 oz): 7,8 \u00d7 30,5 cm<\/td>\n<\/tr>\n<tr>\n<td>Malzeme<\/td>\n<td>Amber (kahverengi) soda-kire\u00e7 cam\u0131<\/td>\n<\/tr>\n<tr>\n<td>Uygun Olanlar<\/td>\n<td>Kapakl\u0131 bira \u015fi\u015feleri, tekrar kapat\u0131labilir cam \u015fi\u015feler<\/td>\n<\/tr>\n<\/tbody>\n<\/table>\n<h2>Ba\u015far\u0131 Hikayesi: K\u00fc\u00e7\u00fck Bir Bira Fabrikas\u0131n\u0131n Geni\u015flemesi \u200b\u200d\u200b\u200c\u200d\u200b\u200d\u200c\u200b\u200d\u200c\u200d\u200b\u200d\u200c\u0130\u015fletme<\/h2>\n<p>B\u00fcy\u00fcyen k\u00fc\u00e7\u00fck bira fabrikas\u0131, biras\u0131n\u0131n kalitesini korumakla kalmay\u0131p ayn\u0131 zamanda raftaki di\u011ferlerinden farkl\u0131 g\u00f6r\u00fcnmesini sa\u011flayacak bir ambalaj plan\u0131 geli\u015ftirmek zorundayd\u0131. Sonunda l\u00fcks \u00fcr\u00fcn serileri i\u00e7in 500 ml&#039;lik tekrar kapat\u0131labilir cam \u015fi\u015felerimizi kullanmaya karar verdiler. Ayr\u0131ca, kehribar cam tam UV korumas\u0131 sa\u011flad\u0131\u011f\u0131 i\u00e7in i\u00e7ecek bozulmaz. Tekrar kapat\u0131labilir tasar\u0131m, \u015fi\u015felerin a\u00e7\u0131ld\u0131ktan sonra 7 g\u00fcne kadar k\u00f6p\u00fckl\u00fc kald\u0131\u011f\u0131n\u0131 belirten m\u00fc\u015fterilerden b\u00fcy\u00fck be\u011feni toplad\u0131. \u00d6nceki ambalajlara k\u0131yasla, \u015fi\u015fenin dayan\u0131kl\u0131l\u0131\u011f\u0131 dolum s\u0131ras\u0131nda k\u0131r\u0131lmalar\u0131 oran\u0131nda azaltt\u0131. Bu ola\u011fan\u00fcst\u00fc performansa dayanarak, \u00fcr\u00fcnlerini \u00fc\u00e7 yeni eyalete da\u011f\u0131tabilmek i\u00e7in yak\u0131n zamanda 100.000&#039;den fazla \u015fi\u015felik yeni bir sipari\u015f verdiler.<\/p>\n<h2>\u00dcst\u00fc A\u00e7\u0131l\u0131r Bira \u015ei\u015feleri \u00d6zelle\u015ftirme Se\u00e7enekleri<\/h2>\n<ul>\n<li>\u00d6zel cam renkleri \u2013 Farkl\u0131 UV koruma gereksinimlerini kar\u015f\u0131lamak i\u00e7in a\u00e7\u0131k kehribardan koyu kahverengiye kadar \u00e7e\u015fitli cam tonlar\u0131 se\u00e7ilebilir.<\/li>\n<li>Asit kaz\u0131nm\u0131\u015f i\u015faretler \u2013 Asit kaz\u0131nm\u0131\u015f markalama, temizlik veya kullan\u0131mdan sonra bile asla \u00e7\u0131kmayacak solmu\u015f bir marka logosu olu\u015fturur.<\/li>\n<li>Kabartmal\u0131 hacim i\u015faretleri \u2013 Dolgunun do\u011fru \u00f6l\u00e7\u00fclmesi ve tarifin tutarl\u0131l\u0131\u011f\u0131n\u0131n sa\u011flanmas\u0131 i\u00e7in kabartmal\u0131 derecelendirmeler ekleyin.<\/li>\n<li>Boyun kabartmas\u0131 \u2013 Boyun kabartmas\u0131 ile \u00fcr\u00fcn\u00fcn\u00fcz\u00fcn g\u00f6rseliyle birlikte, markan\u0131z\u0131n ince logonuzu veya parti kodunu boyundan bir \u00fcst seviyeye ta\u015f\u0131y\u0131n.<\/li>\n<\/ul>\n<p>\u0130\u00e7ecek ambalajlar\u0131n\u0131z\u0131 bir \u00fcst seviyeye ta\u015f\u0131mak ister misiniz? Bu birinci s\u0131n\u0131f kapakl\u0131 bira \u015fi\u015felerinin toplu al\u0131m fiyatlar\u0131n\u0131 \u00f6\u011frenmek i\u00e7in hemen bize ula\u015f\u0131n!<\/p>","protected":false},"excerpt":{"rendered":"<p>Kapakl\u0131 bira \u015fi\u015feleri ve \u00e7ok y\u00f6nl\u00fc, tekrar kapat\u0131labilir cam \u015fi\u015felerle biran\u0131z\u0131 kolayca demleyin, saklay\u0131n ve keyfini \u00e7\u0131kar\u0131n. T\u00fcm boyutlar mevcuttur, stokta mevcuttur ve h\u0131zl\u0131 bir \u015fekilde g\u00f6nderilir.<\/p>","protected":false},"featured_media":3642,"template":"","meta":{"postBodyCss":"","postBodyMargin":[],"postBodyPadding":[],"postBodyBackground":{"backgroundType":"classic","gradient":""}},"product_brand":[],"product_cat":[15,16,56],"product_tag":[79,72],"class_list":{"0":"post-3638","1":"product","2":"type-product","3":"status-publish","4":"has-post-thumbnail","6":"product_cat-glass-containers","7":"product_cat-glass-bottles","8":"product_cat-flip-top-bottles","9":"product_tag-beer-bottles","10":"product_tag-juice-bottles","12":"first","13":"instock","14":"shipping-taxable","15":"product-type-simple"},"jetpack_sharing_enabled":true,"_links":{"self":[{"href":"https:\/\/minghanggroup.com\/tr\/wp-json\/wp\/v2\/product\/3638","targetHints":{"allow":["GET"]}}],"collection":[{"href":"https:\/\/minghanggroup.com\/tr\/wp-json\/wp\/v2\/product"}],"about":[{"href":"https:\/\/minghanggroup.com\/tr\/wp-json\/wp\/v2\/types\/product"}],"wp:featuredmedia":[{"embeddable":true,"href":"https:\/\/minghanggroup.com\/tr\/wp-json\/wp\/v2\/media\/3642"}],"wp:attachment":[{"href":"https:\/\/minghanggroup.com\/tr\/wp-json\/wp\/v2\/media?parent=3638"}],"wp:term":[{"taxonomy":"product_brand","embeddable":true,"href":"https:\/\/minghanggroup.com\/tr\/wp-json\/wp\/v2\/product_brand?post=3638"},{"taxonomy":"product_cat","embeddable":true,"href":"https:\/\/minghanggroup.com\/tr\/wp-json\/wp\/v2\/product_cat?post=3638"},{"taxonomy":"product_tag","embeddable":true,"href":"https:\/\/minghanggroup.com\/tr\/wp-json\/wp\/v2\/product_tag?post=3638"}],"curies":[{"name":"wp","href":"https:\/\/api.w.org\/{rel}","templated":true}]}}