{"id":3632,"date":"2025-11-24T11:57:38","date_gmt":"2025-11-24T03:57:38","guid":{"rendered":"https:\/\/minghanggroup.com\/?post_type=product&#038;p=3632"},"modified":"2026-01-20T13:58:45","modified_gmt":"2026-01-20T05:58:45","slug":"vintage-pickle-jar-for-packaging-bulk","status":"publish","type":"product","link":"https:\/\/minghanggroup.com\/tr\/urun\/vintage-pickle-jar-for-packaging-bulk\/","title":{"rendered":"Vintage Tur\u015fu Kavanozu Toplu Paketleme \u0130\u00e7in 50ml \u2013 380ml"},"content":{"rendered":"<p>Tur\u015fu so\u011fanlar\u0131n\u0131z\u0131 ta\u015f\u0131d\u0131\u011f\u0131n\u0131z vintage tur\u015fu kavanozu da en az so\u011fanlar\u0131n\u0131z kadar lezzetli olmal\u0131. Sadece g\u0131da ambalajlar\u0131n\u0131z\u0131 \u015f\u0131k ve pratik bir tezgah aksesuar\u0131na d\u00f6n\u00fc\u015ft\u00fcrmekle kalmay\u0131p ayn\u0131 zamanda tur\u015fu sebzelerinizin tazeli\u011fini de koruyan, \u00fcst d\u00fczey retro cam tur\u015fu kavanozlar\u0131 \u00fcretiyoruz. Art\u0131k sadece kaplar de\u011fil, markan\u0131z\u0131n m\u00fc\u015fterileri \u00e7ekmek i\u00e7in kulland\u0131\u011f\u0131 yeni gizli silah\u0131n\u0131z.<\/p>\n<h2>\u00dcr\u00fcn \u00d6zellikleri<\/h2>\n<ol>\n<li><strong>Zamans\u0131z\u200b\u200d\u200b\u200c\u200d\u200b\u200d\u200c\u200b\u200d\u200b\u200c\u200d\u200b\u200d\u200c Vintage Tasar\u0131m: <\/strong>Simgesel dairesel \u015feklimize k\u0131rm\u0131z\u0131 ve beyaz \u00e7izgili metal bir kapak ekleyerek markan\u0131za an\u0131nda vintage bir g\u00f6r\u00fcn\u00fcm kazand\u0131rabilir, bu da yeniden kullan\u0131labilir cam kaplar arayan m\u00fc\u015fteriler i\u00e7in olduk\u00e7a \u00e7ekici olacakt\u0131r.<\/li>\n<li><strong>Kristal Berrakl\u0131\u011f\u0131: <\/strong>Y\u00fcksek beyaz cam kullan\u0131m\u0131, kavanozdaki taze ve renkli sebzeleri herkesin an\u0131nda g\u00f6rmesini sa\u011flar. B\u00f6ylece tur\u015fu so\u011fan kavanozlar\u0131 sadece en iyi g\u0131da saklama \u00e7\u00f6z\u00fcm\u00fc de\u011fil, ayn\u0131 zamanda harika bir perakende te\u015fhir stand\u0131 haline gelir.<\/li>\n<li><strong>G\u00fcvenli Hava Ge\u00e7irmez M\u00fch\u00fcr: <\/strong>S\u00fcrekli iplik biti\u015fli metal kapak, kavanozun m\u00fckemmel \u015fekilde kapat\u0131lmas\u0131n\u0131 sa\u011flar, b\u00f6ylece tazelik ve lezzet kavanozda kal\u0131r ve salamura suyunuz salatal\u0131k tur\u015funuz ve dereotunuz i\u00e7in m\u00fckemmel \u015fekilde saklan\u0131r.<\/li>\n<li><strong>\u00c7ok Y\u00f6nl\u00fc Kapasite: <\/strong>Farkl\u0131 ebatlar\u0131 (50ml-380ml) k\u00fc\u00e7\u00fck numunelerden b\u00fcy\u00fck ve toptan g\u0131da i\u015fletmesi sipari\u015flerine kadar t\u00fcm tur\u015fu ve konserve ihtiya\u00e7lar\u0131n\u0131z\u0131 kar\u015f\u0131lamaya yeterlidir.<\/li>\n<\/ol>\n<h2>Temel \u00d6zellikler<\/h2>\n<table style=\"border-collapse: collapse; width: 80%; margin-left: auto; margin-right: auto;\" border=\"0\" width=\"288\" cellspacing=\"0\" cellpadding=\"0\">\n<tbody>\n<tr style=\"height: 13.50pt;\">\n<td style=\"height: 13.5pt; width: 54pt; text-align: center;\" width=\"72\" height=\"18\">Kapasite(ml)<\/td>\n<td style=\"width: 54pt; text-align: center;\" width=\"72\">Boyut(cm)<\/td>\n<td style=\"width: 54pt; text-align: center;\" width=\"72\">Kullan\u0131m<\/td>\n<td style=\"width: 54pt; text-align: center;\" width=\"72\">Kapaklar<\/td>\n<\/tr>\n<tr style=\"height: 13.50pt;\">\n<td style=\"height: 13.5pt; text-align: center;\" align=\"right\" height=\"18\">50<\/td>\n<td style=\"text-align: center;\">4.4 * 5.5<\/td>\n<td class=\"et2\" style=\"text-align: center;\" rowspan=\"6\">Re\u00e7el, tur\u015fu, bal<\/td>\n<td class=\"et2\" style=\"text-align: center;\" rowspan=\"6\">Teneke kapak<\/td>\n<\/tr>\n<tr style=\"height: 13.50pt;\">\n<td style=\"height: 13.5pt; text-align: center;\" align=\"right\" height=\"18\">100<\/td>\n<td style=\"text-align: center;\">5.9 * 6.4<\/td>\n<\/tr>\n<tr style=\"height: 13.50pt;\">\n<td style=\"height: 13.5pt; text-align: center;\" align=\"right\" height=\"18\">150<\/td>\n<td style=\"text-align: center;\">6.5 * 6.8<\/td>\n<\/tr>\n<tr style=\"height: 13.50pt;\">\n<td style=\"height: 13.5pt; text-align: center;\" align=\"right\" height=\"18\">200<\/td>\n<td style=\"text-align: center;\">6.5\u00a0 8 .5<\/td>\n<\/tr>\n<tr style=\"height: 13.50pt;\">\n<td style=\"height: 13.5pt; text-align: center;\" align=\"right\" height=\"18\">250<\/td>\n<td style=\"text-align: center;\">7.5 * 9.7<\/td>\n<\/tr>\n<tr style=\"height: 13.50pt;\">\n<td style=\"height: 13.5pt; text-align: center;\" align=\"right\" height=\"18\">380<\/td>\n<td style=\"text-align: center;\">8.4 * 11.5<\/td>\n<\/tr>\n<\/tbody>\n<\/table>\n<h2>Ba\u015far\u0131 \u00d6rne\u011fi<\/h2>\n<p>\u0130ngiltere&#039;nin kuzeyinden k\u00fc\u00e7\u00fck bir tur\u015fu markas\u0131, geleneksel lezzetlerini ortaya \u00e7\u0131karacak bir ambalaja ihtiya\u00e7 duydu\u011funda, vintage tur\u015fu kavanozumuzu tercih etti. M\u00fc\u015fteri, retro tarzda bir tur\u015fu so\u011fan serisi \u00e7\u0131karmay\u0131 hedeflemi\u015fti, bu nedenle hem nostaljik hem de end\u00fcstriyel olarak doldurulabilir bir kavanoz \u015fekli bulmal\u0131yd\u0131. Kavanozu kal\u0131n tabanl\u0131 yuvarlak bir kavanozla e\u015fle\u015ftirdik ve \u00fcr\u00fcn\u00fc rafta m\u00fc\u015fteriler i\u00e7in g\u00f6rsel olarak daha kolay tan\u0131n\u0131r hale getirmek i\u00e7in k\u0131rm\u0131z\u0131 ve beyaz kareli \u00f6zel bir kapak tasarlad\u0131k.<\/p>\n<p>Tur\u015fu so\u011fan \u00fcr\u00fcnlerinin yerel s\u00fcpermarket zincirlerinde sat\u0131\u015f\u0131n\u0131n lansmandan sonra artt\u0131\u011f\u0131n\u0131 bildirdiler.<\/p>\n<h2>Vintage Tur\u015fu Kavanozlar\u0131n\u0131z\u0131 \u00d6zelle\u015ftirme \u0130pu\u00e7lar\u0131n\u0131z<\/h2>\n<p>Diyelim ki bu eski moda tur\u015fu kavanozunu ki\u015fiselle\u015ftirmeyi d\u00fc\u015f\u00fcn\u00fcyorsunuz; \u00f6ncelikle markan\u0131z\u0131n hik\u00e2yesiyle daha uyumlu g\u00f6r\u00fcnen genel bir stile sahip olman\u0131z \u00f6nerilir. \u00d6rne\u011fin, k\u0131rm\u0131z\u0131 ve beyaz kareli kapa\u011fa \u00f6zel bir kabartmal\u0131 desen ekleyerek hem ambalaj\u0131n \u00f6ne \u00e7\u0131kmas\u0131n\u0131 sa\u011flayabilir hem de retro havay\u0131 g\u00fc\u00e7lendirebilirsiniz. Bunun yan\u0131 s\u0131ra, kavanozun kapasitesi ve cam kal\u0131nl\u0131\u011f\u0131, farkl\u0131 tur\u015fu \u00fcr\u00fcnlerinin dokular\u0131na ve doldurma y\u00f6ntemine uyacak \u015fekilde de\u011fi\u015ftirilebilir. Bunun da \u00f6tesinde, sadece tur\u015fu so\u011fanlar\u0131 ve di\u011fer tur\u015fu serileri i\u00e7in de\u011fil, ayn\u0131 zamanda genel olarak kabartmal\u0131 bir logo ekleyerek veya etiket boyutunu ki\u015fiselle\u015ftirerek istikrarl\u0131 ve unutulmaz bir g\u00f6rsel kimlik sa\u011flamak m\u00fcmk\u00fcnd\u00fcr.<\/p>","protected":false},"excerpt":{"rendered":"<p>Toplu tedarik edilen tur\u015fu so\u011fan kavanozlar\u0131 i\u00e7in ideal olan vintage tur\u015fu kavanozu serimizi ke\u015ffedin. Dayan\u0131kl\u0131 cam, s\u0131k\u0131 kapanan kapaklar, \u00fccretsiz numune ve do\u011frudan fabrikadan teslim.<\/p>","protected":false},"featured_media":3633,"template":"","meta":{"postBodyCss":"","postBodyMargin":[],"postBodyPadding":[],"postBodyBackground":{"backgroundType":"classic","gradient":""}},"product_brand":[],"product_cat":[15,17,55],"product_tag":[65,71],"class_list":{"0":"post-3632","1":"product","2":"type-product","3":"status-publish","4":"has-post-thumbnail","6":"product_cat-glass-containers","7":"product_cat-glass-jars","8":"product_cat-pickle-jars","9":"product_tag-glass-jam-jars","10":"product_tag-honey-jars","12":"first","13":"instock","14":"shipping-taxable","15":"product-type-simple"},"jetpack_sharing_enabled":true,"_links":{"self":[{"href":"https:\/\/minghanggroup.com\/tr\/wp-json\/wp\/v2\/product\/3632","targetHints":{"allow":["GET"]}}],"collection":[{"href":"https:\/\/minghanggroup.com\/tr\/wp-json\/wp\/v2\/product"}],"about":[{"href":"https:\/\/minghanggroup.com\/tr\/wp-json\/wp\/v2\/types\/product"}],"wp:featuredmedia":[{"embeddable":true,"href":"https:\/\/minghanggroup.com\/tr\/wp-json\/wp\/v2\/media\/3633"}],"wp:attachment":[{"href":"https:\/\/minghanggroup.com\/tr\/wp-json\/wp\/v2\/media?parent=3632"}],"wp:term":[{"taxonomy":"product_brand","embeddable":true,"href":"https:\/\/minghanggroup.com\/tr\/wp-json\/wp\/v2\/product_brand?post=3632"},{"taxonomy":"product_cat","embeddable":true,"href":"https:\/\/minghanggroup.com\/tr\/wp-json\/wp\/v2\/product_cat?post=3632"},{"taxonomy":"product_tag","embeddable":true,"href":"https:\/\/minghanggroup.com\/tr\/wp-json\/wp\/v2\/product_tag?post=3632"}],"curies":[{"name":"wp","href":"https:\/\/api.w.org\/{rel}","templated":true}]}}