{"id":3627,"date":"2025-11-21T15:49:28","date_gmt":"2025-11-21T07:49:28","guid":{"rendered":"https:\/\/minghanggroup.com\/?post_type=product&#038;p=3627"},"modified":"2026-01-20T14:09:26","modified_gmt":"2026-01-20T06:09:26","slug":"bulk-clear-16-oz-flip-top-bottles-for-fermentation","status":"publish","type":"product","link":"https:\/\/minghanggroup.com\/tr\/urun\/bulk-clear-16-oz-flip-top-bottles-for-fermentation\/","title":{"rendered":"Fermantasyon i\u00e7in Toplu 11 oz 16 oz Kapakl\u0131 \u015ei\u015feler"},"content":{"rendered":"<p>Bu 16 onsluk kapakl\u0131 \u015fi\u015felerle fermantasyon projelerinizi g\u00fcvenle ger\u00e7ekle\u015ftirebilirsiniz. Parlak camdan \u00fcretilen \u015fi\u015feler metal bir \u00e7\u0131t\u00e7\u0131tl\u0131 kapa\u011fa sahiptir. Ayr\u0131ca, kab\u0131 a\u00e7madan i\u00e7eri\u011fini kolayca kontrol edebilirsiniz.<\/p>\n<h2>\u00dcr\u00fcn \u00d6zellikleri<\/h2>\n<ul>\n<li><strong>En Hava Ge\u00e7irmez Karbonatla\u015fma Kilidi:<\/strong> \u00c7ok s\u0131k\u0131 bir s\u0131zd\u0131rmazl\u0131k sa\u011flayan kal\u0131n kau\u00e7uk contalar sayesinde i\u00e7ece\u011fin karbonasyonu korunur, dolay\u0131s\u0131yla her zaman hafif ve havadar bir dokuya sahip olabilir.<\/li>\n<li><strong>Dayan\u0131kl\u0131 ve Geri D\u00f6n\u00fc\u015ft\u00fcr\u00fclebilir:<\/strong> \u015ei\u015feler, paslanmaya dayan\u0131kl\u0131 kapakl\u0131 sa\u011flam camdan yap\u0131lm\u0131\u015ft\u0131r, bu sayede dayan\u0131kl\u0131d\u0131r ve fermantasyon d\u00f6ng\u00fcleri i\u00e7in tekrar tekrar kullan\u0131labilir.<\/li>\n<li><strong>Sadece \u0130ki Boyut:<\/strong> Bu \u015fi\u015felerin iki boyutu \u00e7e\u015fitli depolama ihtiya\u00e7lar\u0131n\u0131 kar\u015f\u0131layabilir ve i\u00e7ecekler, soslar ve \u00e7ok \u00e7e\u015fitli di\u011fer \u015feyler i\u00e7in kullan\u0131labilir.<\/li>\n<\/ul>\n<h2 style=\"text-align: left;\">Temel \u00d6zellikler<\/h2>\n<table class=\"aligncenter\" style=\"border-collapse: collapse; width: 474.02pt;\" border=\"0\" width=\"632\" cellspacing=\"0\" cellpadding=\"0\">\n<tbody>\n<tr style=\"height: 13.50pt;\">\n<td style=\"height: 13.50pt; width: 93.75pt;\" width=\"125\" height=\"18\">\u00d6zellik<\/td>\n<td style=\"width: 380.25pt;\" width=\"507\">Detaylar<\/td>\n<\/tr>\n<tr style=\"height: 13.50pt;\">\n<td style=\"height: 13.50pt;\" height=\"18\">Boyutlar<\/td>\n<td>330 ml (11 oz): 6,35 cm \u00d7 22 cm \/ 500 ml (16 oz): 7,1 cm \u00d7 25,6 cm<\/td>\n<\/tr>\n<tr style=\"height: 13.50pt;\">\n<td style=\"height: 13.50pt;\" height=\"18\">Malzeme<\/td>\n<td>Berrak soda-kire\u00e7 cam\u0131<\/td>\n<\/tr>\n<tr style=\"height: 13.50pt;\">\n<td style=\"height: 13.50pt;\" height=\"18\">Uygun Olanlar<\/td>\n<td>fermantasyon \u015fi\u015fesi, a\u00e7\u0131l\u0131r kapakl\u0131 \u015fi\u015feler<\/td>\n<\/tr>\n<\/tbody>\n<\/table>\n<h2>Ba\u015far\u0131 Hikayesi: Bir El Yap\u0131m\u0131 Soda \u00dcreticisinin Ba\u015flang\u0131c\u0131 ve B\u00fcy\u00fcmesi<\/h2>\n<p>Yeni kurulan bir butik soda \u015firketinin kar\u015f\u0131la\u015ft\u0131\u011f\u0131 sorunlardan biri, kapaklar\u0131n \u00fcr\u00fcn\u00fcn do\u011fal karbonasyonu s\u0131ras\u0131nda tutunamamas\u0131yd\u0131. Bunun ard\u0131ndan, 16 onsluk kapakl\u0131 \u015fi\u015femizi yaln\u0131zca fermantasyon ve paketleme ama\u00e7l\u0131 kullanmaya karar verdiler. Sonu\u00e7lar harikayd\u0131. Bunun en \u00f6nemli nedenlerinden biri, \u00fcr\u00fcn\u00fc yar\u0131m y\u0131ldan fazla s\u00fcre karbonatl\u0131 tutmalar\u0131n\u0131 sa\u011flayan m\u00fckemmel contayd\u0131, b\u00f6ylece iade oran\u0131 neredeyse s\u0131f\u0131ra indi. \u0130kinci olarak, \u015fi\u015fenin tekrar kullan\u0131labilir olmas\u0131 sayesinde m\u00fc\u015fteri sadakati b\u00fcy\u00fck \u00f6l\u00e7\u00fcde artt\u0131 ve tekrar sat\u0131n al\u0131mlarda art\u0131\u015f sa\u011fland\u0131. M\u00fckemmel performans\u0131 sayesinde, \u00fclke genelinde yeni \u00fcr\u00fcn serilerinin lansman\u0131 i\u00e7in 250.000&#039;den fazla \u015fi\u015fe sipari\u015fi verdiler.<\/p>\n<h2>\u00d6zelle\u015ftirilmi\u015f Demleme \u00c7\u00f6z\u00fcmleri<\/h2>\n<ul>\n<li><strong>Amber Cam Korumas\u0131:<\/strong> Kehribar cam\u0131n amac\u0131 biray\u0131 ve genel olarak \u0131\u015f\u0131\u011fa duyarl\u0131 i\u00e7ecekleri zararl\u0131 UV \u0131\u015f\u0131nlar\u0131ndan korumakt\u0131r.<\/li>\n<li><strong>Y\u00fckseltilmi\u015f Hacim \u0130\u015faretleri:<\/strong> Demlemenin do\u011fru \u00f6l\u00e7\u00fclerde yap\u0131labilmesi i\u00e7in kal\u0131c\u0131 hacim i\u015faretlemeleri yap\u0131lm\u0131\u015ft\u0131r.<\/li>\n<li><strong>Mat Biti\u015f:<\/strong> T\u00fcm cam \u015fi\u015fe mat bir kaplama ile kaplanm\u0131\u015ft\u0131r, bu da ona l\u00fcks ve kaymayan bir doku kazand\u0131r\u0131r.<\/li>\n<li><strong>\u015ei\u015fe Bo\u011faz\u0131ndaki Kabartma:<\/strong> \u015ei\u015fenin boynu, markaya dokunsal ve benzersiz bir kimlik kazand\u0131ran bir desenle incelikle kabart\u0131lm\u0131\u015ft\u0131r.<\/li>\n<\/ul>","protected":false},"excerpt":{"rendered":"<p>Fermantasyon i\u00e7in m\u00fckemmel \u015fi\u015feyi ke\u015ffedin. Dayan\u0131kl\u0131 16 oz&#039;luk kapakl\u0131 \u015fi\u015felerimiz, demleme s\u0131ras\u0131nda hava ge\u00e7irmez performans sunar. \u015eimdi h\u0131zl\u0131 kargo se\u00e7ene\u011fiyle.<\/p>","protected":false},"featured_media":3629,"template":"","meta":{"postBodyCss":"","postBodyMargin":[],"postBodyPadding":[],"postBodyBackground":{"backgroundType":"classic","gradient":""}},"product_brand":[],"product_cat":[15,16,56],"product_tag":[79,72,78],"class_list":{"0":"post-3627","1":"product","2":"type-product","3":"status-publish","4":"has-post-thumbnail","6":"product_cat-glass-containers","7":"product_cat-glass-bottles","8":"product_cat-flip-top-bottles","9":"product_tag-beer-bottles","10":"product_tag-juice-bottles","11":"product_tag-water-bottles","13":"first","14":"instock","15":"shipping-taxable","16":"product-type-simple"},"jetpack_sharing_enabled":true,"_links":{"self":[{"href":"https:\/\/minghanggroup.com\/tr\/wp-json\/wp\/v2\/product\/3627","targetHints":{"allow":["GET"]}}],"collection":[{"href":"https:\/\/minghanggroup.com\/tr\/wp-json\/wp\/v2\/product"}],"about":[{"href":"https:\/\/minghanggroup.com\/tr\/wp-json\/wp\/v2\/types\/product"}],"wp:featuredmedia":[{"embeddable":true,"href":"https:\/\/minghanggroup.com\/tr\/wp-json\/wp\/v2\/media\/3629"}],"wp:attachment":[{"href":"https:\/\/minghanggroup.com\/tr\/wp-json\/wp\/v2\/media?parent=3627"}],"wp:term":[{"taxonomy":"product_brand","embeddable":true,"href":"https:\/\/minghanggroup.com\/tr\/wp-json\/wp\/v2\/product_brand?post=3627"},{"taxonomy":"product_cat","embeddable":true,"href":"https:\/\/minghanggroup.com\/tr\/wp-json\/wp\/v2\/product_cat?post=3627"},{"taxonomy":"product_tag","embeddable":true,"href":"https:\/\/minghanggroup.com\/tr\/wp-json\/wp\/v2\/product_tag?post=3627"}],"curies":[{"name":"wp","href":"https:\/\/api.w.org\/{rel}","templated":true}]}}