{"id":3617,"date":"2025-11-21T15:33:42","date_gmt":"2025-11-21T07:33:42","guid":{"rendered":"https:\/\/minghanggroup.com\/?post_type=product&#038;p=3617"},"modified":"2026-01-20T13:58:56","modified_gmt":"2026-01-20T05:58:56","slug":"custom-glass-pickle-jars-wholesale","status":"publish","type":"product","link":"https:\/\/minghanggroup.com\/tr\/urun\/custom-glass-pickle-jars-wholesale\/","title":{"rendered":"100 ml - 750 ml \u00d6zel Cam Tur\u015fu Kavanozlar\u0131 Toptan Sat\u0131\u015f"},"content":{"rendered":"<p>Tur\u015fular\u0131n\u0131z\u0131 neden s\u0131k\u0131c\u0131 kavanozlara koyuyorsunuz? Sadece tazeli\u011fini korumakla kalmay\u0131p ayn\u0131 zamanda markan\u0131z\u0131 g\u00f6rsel olarak da \u00e7ekici k\u0131lan, g\u00f6steri\u015fli, birinci s\u0131n\u0131f, y\u00fcksek kapakl\u0131 cam tur\u015fu kavanozlar\u0131 \u00fcretiyoruz. Bunlar sadece birer kap de\u011fil; raflarda \u00f6ne \u00e7\u0131kman\u0131z\u0131 sa\u011flayacak gizli malzemeniz.<\/p>\n<h2>\u00dcr\u00fcn \u00d6zellikleri<\/h2>\n<ol>\n<li><strong>Y\u00fcksek \u00dcst Conta:<\/strong>Metal kapakl\u0131 y\u00fcksek \u00fcst tasar\u0131m\u0131m\u0131z, metal-cam hava ge\u00e7irmez bir s\u0131zd\u0131rmazl\u0131k sa\u011flayarak \u00fcr\u00fcn\u00fc taze tutar ve tur\u015fu ve konserve ihtiya\u00e7lar\u0131 i\u00e7in lezzetini korur, bu nedenle tur\u015fular\u0131 saklamak ve sebzeleri fermente etmek i\u00e7in m\u00fckemmeldir.<\/li>\n<li><strong>Kristal Berrakl\u0131\u011f\u0131:<\/strong>\u015eeffaf cam, t\u00fcketicilerin tur\u015fu sebzelerin canl\u0131 renklerini g\u00f6rsel olarak an\u0131nda kontrol edebilmelerini sa\u011flar, bu da g\u0131da saklama kaplar\u0131n\u0131zda kulland\u0131\u011f\u0131n\u0131z salamura tur\u015fular ve salatal\u0131k tur\u015fular\u0131 i\u00e7in idealdir.<\/li>\n<li><strong>\u00c7ok Y\u00f6nl\u00fc Boyutlar:<\/strong>Farkl\u0131 kapasiteler (100 ml-220 ml), ister k\u00fc\u00e7\u00fck bir numune ister b\u00fcy\u00fck bir toptan sipari\u015f olsun, t\u00fcm tur\u015fu ihtiya\u00e7lar\u0131n\u0131z\u0131 kar\u015f\u0131layabilir. Bu ekonomik kavanozlar toptan ihtiya\u00e7lar\u0131n\u0131z i\u00e7in m\u00fckemmeldir ve meyve, sebze ve dereotu ile doldurulabilir.<\/li>\n<\/ol>\n<h2>Temel \u00d6zellikler<\/h2>\n<table style=\"border-collapse: collapse; width: 80%; margin-left: auto; margin-right: auto;\" border=\"0\" width=\"216\" cellspacing=\"0\" cellpadding=\"0\">\n<tbody>\n<tr style=\"height: 13.50pt;\">\n<td style=\"height: 13.5pt; width: 54pt; text-align: center;\" width=\"72\" height=\"18\">Kapasite(ml)<\/td>\n<td style=\"width: 54pt; text-align: center;\" width=\"72\">Boyut (cm)<\/td>\n<td style=\"width: 54pt; text-align: center;\" width=\"72\">\u015eekil<\/td>\n<\/tr>\n<tr style=\"height: 13.50pt;\">\n<td style=\"height: 13.5pt; text-align: center;\" align=\"right\" height=\"18\">100<\/td>\n<td style=\"text-align: center;\">6,2 x 6,8<\/td>\n<td class=\"et3\" style=\"text-align: center;\" rowspan=\"7\">Yuvarlak<\/td>\n<\/tr>\n<tr style=\"height: 13.50pt;\">\n<td style=\"height: 13.5pt; text-align: center;\" height=\"18\">150 \/ 5oz<\/td>\n<td style=\"text-align: center;\">7,5 x 6,6<\/td>\n<\/tr>\n<tr style=\"height: 13.50pt;\">\n<td style=\"height: 13.5pt; text-align: center;\" height=\"18\">180 \/ 6oz<\/td>\n<td style=\"text-align: center;\">7,3 x 7,8<\/td>\n<\/tr>\n<tr style=\"height: 13.50pt;\">\n<td style=\"height: 13.5pt; text-align: center;\" align=\"right\" height=\"18\">220<\/td>\n<td style=\"text-align: center;\">6,6 x 10,6<\/td>\n<\/tr>\n<tr style=\"height: 13.50pt;\">\n<td style=\"height: 13.5pt; text-align: center;\" align=\"right\" height=\"18\">380<\/td>\n<td style=\"text-align: center;\">7,5 x 12,5<\/td>\n<\/tr>\n<tr style=\"height: 13.50pt;\">\n<td style=\"height: 13.5pt; text-align: center;\" align=\"right\" height=\"18\">500<\/td>\n<td style=\"text-align: center;\">7,5 x 14,9<\/td>\n<\/tr>\n<tr style=\"height: 13.50pt;\">\n<td style=\"height: 13.5pt; text-align: center;\" height=\"18\">750 \/ 25oz<\/td>\n<td style=\"text-align: center;\">8,6 x 17,5<\/td>\n<\/tr>\n<\/tbody>\n<\/table>\n<h2>Ba\u015far\u0131 \u00d6rne\u011fi<\/h2>\n<p>Ontario&#039;lu bir sos \u00fcreticisi, ac\u0131 soslar\u0131n\u0131n yan\u0131 s\u0131ra tatl\u0131 re\u00e7ellerini de tur\u015fu kavanozlar\u0131na paketleyebilecek tek bir \u00fcretim hatt\u0131na ihtiya\u00e7 duyuyordu. S\u0131cak dolum \u00fcretimine uygun, metal kapakl\u0131 \u00fc\u00e7 farkl\u0131 boyutta cam tur\u015fu kavanozu \u00fcretmek i\u00e7in bizimle ileti\u015fime ge\u00e7tiler.<\/p>\n<p>Bu kavanozlar\u0131n kullan\u0131lmas\u0131yla s\u00f6zle\u015fmeli paketleyici arac\u0131l\u0131\u011f\u0131yla yap\u0131lan ambalajlama daha verimli hale gelirken, marka ayr\u0131ca s\u0131z\u0131nt\u0131 \u015fikayeti hacimlerinde de b\u00fcy\u00fck bir azalma kaydetti.<\/p>\n<h2>\u00d6zelle\u015ftirme \u0130pu\u00e7lar\u0131n\u0131z<\/h2>\n<p>Markalar, bu cam tur\u015fu kavanozlar\u0131n\u0131 ki\u015fiselle\u015ftirirken, ayr\u0131nt\u0131lar\u0131 kendi konumland\u0131rmalar\u0131na uyacak \u015fekilde de\u011fi\u015ftirme \u00f6zg\u00fcrl\u00fc\u011f\u00fcne sahiptir. \u00d6rne\u011fin, metal kapa\u011fa markan\u0131n g\u00f6rsel sistemine daha yak\u0131n olacak \u015fekilde benzersiz bir boya rengi veya desen ekleyebilirler; veya marka kabartmas\u0131n\u0131 veya bask\u0131s\u0131n\u0131 \u015fi\u015feye \u00f6zel hale getirebilirler; son olarak, anti-oksidasyon contalar\u0131 yerle\u015ftirebilir veya toplu sipari\u015fle d\u0131\u015f ambalaj olu\u015fturabilirler; b\u00f6ylece t\u00fcm cam tur\u015fu kavanozu seti yaln\u0131zca s\u0131n\u0131r \u00f6tesi nakliye i\u00e7in de\u011fil, ayn\u0131 zamanda b\u00fcy\u00fck hacimli da\u011f\u0131t\u0131m i\u00e7in de daha uygun hale gelir.<\/p>","protected":false},"excerpt":{"rendered":"<p>Cam tur\u015fu kavanozlar\u0131n\u0131 toptan al\u0131c\u0131lara toptan olarak sat\u0131yoruz. Her tur\u015fu kavanozu hava ge\u00e7irmez, fabrikadan do\u011frudan teslim, stok mevcuttur ve toplu \u00f6zelle\u015ftirme m\u00fcmk\u00fcnd\u00fcr. \u00dccretsiz numune.<\/p>","protected":false},"featured_media":3618,"template":"","meta":{"postBodyCss":"","postBodyMargin":[],"postBodyPadding":[],"postBodyBackground":{"backgroundType":"classic","gradient":""}},"product_brand":[],"product_cat":[15,17,55],"product_tag":[65,71],"class_list":{"0":"post-3617","1":"product","2":"type-product","3":"status-publish","4":"has-post-thumbnail","6":"product_cat-glass-containers","7":"product_cat-glass-jars","8":"product_cat-pickle-jars","9":"product_tag-glass-jam-jars","10":"product_tag-honey-jars","12":"first","13":"instock","14":"shipping-taxable","15":"product-type-simple"},"jetpack_sharing_enabled":true,"_links":{"self":[{"href":"https:\/\/minghanggroup.com\/tr\/wp-json\/wp\/v2\/product\/3617","targetHints":{"allow":["GET"]}}],"collection":[{"href":"https:\/\/minghanggroup.com\/tr\/wp-json\/wp\/v2\/product"}],"about":[{"href":"https:\/\/minghanggroup.com\/tr\/wp-json\/wp\/v2\/types\/product"}],"wp:featuredmedia":[{"embeddable":true,"href":"https:\/\/minghanggroup.com\/tr\/wp-json\/wp\/v2\/media\/3618"}],"wp:attachment":[{"href":"https:\/\/minghanggroup.com\/tr\/wp-json\/wp\/v2\/media?parent=3617"}],"wp:term":[{"taxonomy":"product_brand","embeddable":true,"href":"https:\/\/minghanggroup.com\/tr\/wp-json\/wp\/v2\/product_brand?post=3617"},{"taxonomy":"product_cat","embeddable":true,"href":"https:\/\/minghanggroup.com\/tr\/wp-json\/wp\/v2\/product_cat?post=3617"},{"taxonomy":"product_tag","embeddable":true,"href":"https:\/\/minghanggroup.com\/tr\/wp-json\/wp\/v2\/product_tag?post=3617"}],"curies":[{"name":"wp","href":"https:\/\/api.w.org\/{rel}","templated":true}]}}