{"id":3616,"date":"2025-11-21T14:17:57","date_gmt":"2025-11-21T06:17:57","guid":{"rendered":"https:\/\/minghanggroup.com\/?post_type=product&#038;p=3616"},"modified":"2026-01-20T14:09:46","modified_gmt":"2026-01-20T06:09:46","slug":"bulk-empty-fermentation-bottles-with-flip-top-lids","status":"publish","type":"product","link":"https:\/\/minghanggroup.com\/tr\/urun\/bulk-empty-fermentation-bottles-with-flip-top-lids\/","title":{"rendered":"250ml, 500ml, 750ml, 960ml Kapakl\u0131 Toplu Bo\u015f Fermantasyon \u015ei\u015feleri"},"content":{"rendered":"<p>Bu fermantasyon \u015fi\u015feleri, \u015feffaf cam g\u00f6vde ve metal ge\u00e7meli kapaklarla birlikte gelir. Kapakl\u0131 tasar\u0131m, hava ge\u00e7irmez bir s\u0131zd\u0131rmazl\u0131k sa\u011flaman\u0131n yan\u0131 s\u0131ra, \u015feffaf cam\u0131 sayesinde i\u00e7 k\u0131sm\u0131n h\u0131zl\u0131 bir \u015fekilde kontrol edilmesini de sa\u011flar.<\/p>\n<h2>\u00dcr\u00fcn \u00d6zellikleri<\/h2>\n<ul>\n<li><strong>Bas\u0131nca dayan\u0131kl\u0131\u200b\u200d\u200b\u200c\u200d\u200b\u200d\u200c\u200b\u200d\u200c\u200d\u200b\u200d\u200c Fermantasyon Contas\u0131:<\/strong> Kontroll\u00fc ve ba\u015far\u0131l\u0131 bir ikincil fermantasyonu garanti alt\u0131na almak i\u00e7in s\u0131k\u0131ca ve g\u00fcvenli bir \u015fekilde birbirine ba\u011flanan elemanlar kal\u0131n kau\u00e7uk contalar ve emniyet kilitleridir.<\/li>\n<li><strong>\u015eeffaf Cam:<\/strong> Son derece y\u00fcksek \u015feffafl\u0131\u011fa sahip olan \u015fi\u015fe, i\u00e7ece\u011fin rengini, berrakl\u0131\u011f\u0131n\u0131 ve en k\u00fc\u00e7\u00fck kabarc\u0131klar\u0131n\u0131 bile \u00e7ok iyi yans\u0131t\u0131yor ve bu nedenle l\u00fcks bir marka imaj\u0131 yaratmak i\u00e7in m\u00fckemmel.<\/li>\n<li><strong>\u00c7e\u015fitli Kapasite Se\u00e7enekleri:<\/strong> \u0130ster k\u00fc\u00e7\u00fck partili deneysel, ister b\u00fcy\u00fck \u00f6l\u00e7ekli \u00fcretim olsun, orta b\u00fcy\u00fckl\u00fckteki 250 ml&#039;den c\u00f6mert 960 ml&#039;ye kadar ihtiya\u00e7lar\u0131n\u0131za uygun do\u011fru boyutta \u015fi\u015feye sahip olabilirsiniz.<\/li>\n<\/ul>\n<h2 style=\"text-align: left;\">Temel \u00d6zellikler<\/h2>\n<table class=\"aligncenter\" style=\"border-collapse: collapse; width: 673.52pt;\" border=\"0\" width=\"898\" cellspacing=\"0\" cellpadding=\"0\">\n<tbody>\n<tr style=\"height: 13.50pt;\">\n<td style=\"height: 13.50pt; width: 93.75pt;\" width=\"125\" height=\"18\">\u00d6zellik<\/td>\n<td style=\"width: 579.75pt;\" width=\"773\">Detaylar<\/td>\n<\/tr>\n<tr style=\"height: 13.50pt;\">\n<td style=\"height: 13.50pt;\" height=\"18\">Boyutlar<\/td>\n<td>250 ml: 5,9 cm \u00d7 18,4 cm \/ 500 ml: 7 cm \u00d7 25,4 cm \/ 750 ml: 7,8 cm \u00d7 28,2 cm \/ 960 ml: 8,4 cm \u00d7 30,8 cm<\/td>\n<\/tr>\n<tr style=\"height: 13.50pt;\">\n<td style=\"height: 13.50pt;\" height=\"18\">Malzeme<\/td>\n<td>Berrak soda-kire\u00e7 cam\u0131<\/td>\n<\/tr>\n<tr style=\"height: 13.50pt;\">\n<td style=\"height: 13.50pt;\" height=\"18\">Uygun Olanlar<\/td>\n<td>Fermantasyon \u015fi\u015fesi, kapakl\u0131 \u015fi\u015feler<\/td>\n<\/tr>\n<\/tbody>\n<\/table>\n<h2>Ba\u015far\u0131 \u00d6yk\u00fcs\u00fc: Bir Kombucha Markas\u0131 \u00d6l\u00e7eklenebilirli\u011fe Nas\u0131l Ula\u015ft\u0131?<\/h2>\n<p>Giderek de\u011fi\u015fen bir kombucha \u015firketi, iki temel sorunu \u00e7\u00f6zmek zorundayd\u0131: ikincil fermantasyon s\u0131ras\u0131nda dengesiz karbonizasyon ve nakliye s\u0131ras\u0131nda y\u00fcksek k\u0131r\u0131lma oran\u0131. T\u00fcm \u00fcretim hatt\u0131n\u0131 kapakl\u0131 960 ml \u015fi\u015felerimizle de\u011fi\u015ftirmeye karar verdiler ve sonu\u00e7 hemen al\u0131nd\u0131. M\u00fckemmel s\u0131zd\u0131rmazl\u0131k, istikrarl\u0131 karbonizasyon ba\u015far\u0131 oran\u0131n\u0131n ana nedenidir, bu nedenle \u00fcr\u00fcnde hava kabarc\u0131\u011f\u0131 olas\u0131l\u0131\u011f\u0131 neredeyse s\u0131f\u0131rd\u0131r. Sa\u011flam cam \u015fi\u015fe uzun \u00f6m\u00fcrl\u00fcd\u00fcr, bu nedenle nakliye s\u0131ras\u0131nda k\u0131r\u0131lma oran\u0131nda azal\u0131r ve \u015firket makul bir maliyet tasarrufu sa\u011flar. Bu nedenle, i\u015fletmelerini b\u00fcy\u00fck \u00f6l\u00e7ekte b\u00fcy\u00fctmek i\u00e7in 600.000&#039;den fazla \u015fi\u015fe sipari\u015fi daha verdiler.<\/p>\n<h2>\uc65c \ud53c\ud074 \uc624\uc774\ub97c \ud3c9\ubc94\ud55c \ubcd1\uc5d0 \ub2f4\uc544\ub450\uc2dc\ub098\uc694? \uc800\ud76c\ub294 \uc2e0\uc120\ud568\uc744 \uc720\uc9c0\ud560 \ubfd0\ub9cc \uc544\ub2c8\ub77c \ube0c\ub79c\ub4dc\ub97c \uc2dc\uac01\uc801\uc73c\ub85c \ub3cb\ubcf4\uc774\uac8c \ud558\ub294 \uace0\uae09\uc2a4\ub7ec\uc6b4 \ud504\ub9ac\ubbf8\uc5c4 \ud558\uc774\ud0d1 \uc720\ub9ac \ud53c\ud074 \ubcd1\uc744 \uc81c\uc791\ud569\ub2c8\ub2e4. \ub2e8\uc21c\ud55c \uc6a9\uae30\uac00 \uc544\ub2c8\ub77c, \uc9c4\uc5f4\ub300\uc5d0\uc11c \ub3cb\ubcf4\uc774\uac8c \ud558\ub294 \ube44\ubc95\uc785\ub2c8\ub2e4.<\/h2>\n<ul>\n<li><strong>\ud558\uc774\ud0d1 \uc530:<\/strong> \uae08\uc18d \ub69c\uaed1\uc774 \ub2ec\ub9b0 \ub192\uc740 \ud0d1 \ub514\uc790\uc778\uc740 \uae08\uc18d\uacfc \uc720\ub9ac\uc758 \uae30\ubc00 \ubc00\ubd09\uc744 \ubcf4\uc7a5\ud558\uc5ec \uc81c\ud488\uc744 \uc2e0\uc120\ud558\uac8c \uc720\uc9c0\ud558\uace0 \ud53c\ud074\uacfc \ud1b5\uc870\ub9bc\uc5d0 \ud544\uc694\ud55c \ud48d\ubbf8\ub97c \ubcf4\uc874\ud569\ub2c8\ub2e4. \ub530\ub77c\uc11c \ud53c\ud074\uc744 \ubcf4\uad00\ud558\uace0 \uc57c\ucc44\ub97c \ubc1c\ud6a8\ud558\ub294 \ub370 \uc801\ud569\ud569\ub2c8\ub2e4.<\/li>\n<li><strong>\ud22c\uba85\ud55c \uc720\ub9ac\ub294 \uc18c\ube44\uc790\uac00 \uc808\uc778 \uc57c\ucc44\uc758 \uc120\uba85\ud55c \uc0c9\uc0c1\uc744 \ud55c \ubc88\uc5d0 \uc2dc\uac01\uc801\uc73c\ub85c \ud655\uc778\ud560 \uc218 \uc788\uac8c \ud574\uc8fc\ubbc0\ub85c \uc2dd\ud488 \ubcf4\uad00\uc5d0 \uc788\uc5b4\uc11c \uc18c\uae08\ubb3c \uc808\uc784\uc774\ub098 \uc624\uc774 \uc808\uc784\uc744 \ub2f4\uadf8\ub294 \ub370 \uc774\uc0c1\uc801\uc785\ub2c8\ub2e4.<\/strong> \ub2e4\uc591\ud55c \uc6a9\ub7c9(100ml~220ml)\uc73c\ub85c \uc18c\ub7c9 \uc0d8\ud50c\ubd80\ud130 \ub300\ub7c9 \ub3c4\ub9e4 \uc8fc\ubb38\uae4c\uc9c0 \ubaa8\ub4e0 \ud53c\ud074\ub9c1 \uc694\uad6c\ub97c \ucda9\uc871\ud560 \uc218 \uc788\uc2b5\ub2c8\ub2e4. \uc774 \uacbd\uc81c\uc801\uc778 \ubcd1\uc740 \ub3c4\ub9e4 \uc8fc\ubb38\uc5d0 \uc801\ud569\ud558\uba70 \uacfc\uc77c, \ucc44\uc18c, \ub51c \ub4f1\uc744 \ub2f4\uc544 \ubcf4\uad00\ud560 \uc218 \uc788\uc2b5\ub2c8\ub2e4.<\/li>\n<li><strong>6.2 x 6.8<\/strong> 150 \/ 5\uc628\uc2a4<\/li>\n<li><strong>Mat Biti\u015f:<\/strong> 7.5 x 6.6<\/li>\n<\/ul>","protected":false},"excerpt":{"rendered":"<p>\u00c7e\u015fitli boyutlarda mevcut olan premium fermantasyon \u015fi\u015fesi serisi. Kapakl\u0131 bu \u015fi\u015feler i\u00e7ecekler i\u00e7in m\u00fckemmeldir ve toplu sipari\u015flerde \u00fccretsiz numuneler dahildir.<\/p>","protected":false},"featured_media":3620,"template":"","meta":{"postBodyCss":"","postBodyMargin":[],"postBodyPadding":[],"postBodyBackground":{"backgroundType":"classic","gradient":""}},"product_brand":[],"product_cat":[15,16,56],"product_tag":[79,72,78],"class_list":{"0":"post-3616","1":"product","2":"type-product","3":"status-publish","4":"has-post-thumbnail","6":"product_cat-glass-containers","7":"product_cat-glass-bottles","8":"product_cat-flip-top-bottles","9":"product_tag-beer-bottles","10":"product_tag-juice-bottles","11":"product_tag-water-bottles","13":"first","14":"instock","15":"shipping-taxable","16":"product-type-simple"},"jetpack_sharing_enabled":true,"_links":{"self":[{"href":"https:\/\/minghanggroup.com\/tr\/wp-json\/wp\/v2\/product\/3616","targetHints":{"allow":["GET"]}}],"collection":[{"href":"https:\/\/minghanggroup.com\/tr\/wp-json\/wp\/v2\/product"}],"about":[{"href":"https:\/\/minghanggroup.com\/tr\/wp-json\/wp\/v2\/types\/product"}],"wp:featuredmedia":[{"embeddable":true,"href":"https:\/\/minghanggroup.com\/tr\/wp-json\/wp\/v2\/media\/3620"}],"wp:attachment":[{"href":"https:\/\/minghanggroup.com\/tr\/wp-json\/wp\/v2\/media?parent=3616"}],"wp:term":[{"taxonomy":"product_brand","embeddable":true,"href":"https:\/\/minghanggroup.com\/tr\/wp-json\/wp\/v2\/product_brand?post=3616"},{"taxonomy":"product_cat","embeddable":true,"href":"https:\/\/minghanggroup.com\/tr\/wp-json\/wp\/v2\/product_cat?post=3616"},{"taxonomy":"product_tag","embeddable":true,"href":"https:\/\/minghanggroup.com\/tr\/wp-json\/wp\/v2\/product_tag?post=3616"}],"curies":[{"name":"wp","href":"https:\/\/api.w.org\/{rel}","templated":true}]}}