{"id":3611,"date":"2025-11-21T13:47:48","date_gmt":"2025-11-21T05:47:48","guid":{"rendered":"https:\/\/minghanggroup.com\/?post_type=product&#038;p=3611"},"modified":"2026-01-20T14:10:06","modified_gmt":"2026-01-20T06:10:06","slug":"transparent-small-flip-top-bottles-bulk","status":"publish","type":"product","link":"https:\/\/minghanggroup.com\/tr\/urun\/transparent-small-flip-top-bottles-bulk\/","title":{"rendered":"50 ml 150 ml \u015eeffaf K\u00fc\u00e7\u00fck Kapakl\u0131 \u015ei\u015feler Toplu Sat\u0131\u015f"},"content":{"rendered":"<p>Basit ve \u015f\u0131k bir konseptle \u00fcretilen bu k\u00fc\u00e7\u00fck, kapakl\u0131, \u015feffaf cam \u015fi\u015feler, metal bir \u00e7\u0131t\u00e7\u0131tl\u0131 kapa\u011fa sahiptir ve bu sayede az miktarda yiyecek sosu, mini i\u00e7ecek veya numune saklamak i\u00e7in m\u00fckemmeldir.<\/p>\n<h2>\u00dcr\u00fcn \u00d6zellikleri<\/h2>\n<ul>\n<li><strong>\u015eeffaf Cam Malzemesi:<\/strong> \u015eeffaf cam kap, turuncu s\u0131v\u0131n\u0131n hem rengini hem de hacmini g\u00f6rmeyi \u00e7ok kolayla\u015ft\u0131r\u0131yor, b\u00f6ylece tan\u0131mlama ve izleme g\u00f6revi basitle\u015fiyor.<\/li>\n<li><strong>Ge\u00e7meli S\u0131zd\u0131rmazl\u0131k Tasar\u0131m\u0131:<\/strong> \u015ei\u015fe, \u00e7ok iyi bir s\u0131zd\u0131rmazl\u0131k performans\u0131 sa\u011flamakla kalmay\u0131p ayn\u0131 zamanda s\u0131v\u0131n\u0131n tazeli\u011finin etkili bir \u015fekilde korunmas\u0131n\u0131 ve a\u00e7\u0131l\u0131p kapanmas\u0131n\u0131n kolayla\u015ft\u0131r\u0131lmas\u0131n\u0131n da ana nedeni olan k\u0131rm\u0131z\u0131 ve beyaz metal bir t\u0131ka\u00e7la donat\u0131lm\u0131\u015ft\u0131r.<\/li>\n<li><strong>Kompakt Boyut:<\/strong> Kompakt ve \u015f\u0131k \u015fi\u015fe tasar\u0131m\u0131, k\u00fc\u00e7\u00fck kapasiteli depolama \u00e7\u00f6z\u00fcm\u00fc ihtiyac\u0131n\u0131 kar\u015f\u0131lar ve sos da\u011f\u0131tmak, i\u00e7ecek \u00f6rneklemek vb. i\u00e7in kullan\u0131labilir.<\/li>\n<\/ul>\n<h2 style=\"text-align: left;\">Temel \u00d6zellikler<\/h2>\n<table class=\"aligncenter\" style=\"border-collapse: collapse; width: 430.52pt;\" border=\"0\" width=\"574\" cellspacing=\"0\" cellpadding=\"0\">\n<tbody>\n<tr style=\"height: 13.50pt;\">\n<td style=\"height: 13.50pt; width: 105.75pt;\" width=\"141\" height=\"18\">\u00d6zellik<\/td>\n<td style=\"width: 324.75pt;\" width=\"433\">Detaylar<\/td>\n<\/tr>\n<tr style=\"height: 13.50pt;\">\n<td style=\"height: 13.50pt;\" height=\"18\">Boyutlar<\/td>\n<td>50 ml: 4,6 cm \u00d7 10,1 cm \/ 150 ml: 5,3 cm \u00d7 16 cm<\/td>\n<\/tr>\n<tr style=\"height: 13.50pt;\">\n<td style=\"height: 13.50pt;\" height=\"18\">Malzeme<\/td>\n<td>Berrak soda-kire\u00e7 cam\u0131<\/td>\n<\/tr>\n<tr style=\"height: 13.50pt;\">\n<td style=\"height: 13.50pt;\" height=\"18\">Uygun Olanlar<\/td>\n<td>\u00dcst\u00fc a\u00e7\u0131l\u0131r \u015fi\u015fe \u00f6rnekleri, k\u00fc\u00e7\u00fck kapakl\u0131 \u015fi\u015feler<\/td>\n<\/tr>\n<\/tbody>\n<\/table>\n<h2>Ba\u015far\u0131 Hikayesi: \u00d6zel Bir G\u0131da \u00dcreticisinin Ba\u015far\u0131 Hikayesi<\/h2>\n<p>L\u00fcks bir g\u0131da \u015firketi, yeni zeytinya\u011f\u0131 ve sirkesini denemek i\u00e7in birinci s\u0131n\u0131f bir kaba ihtiya\u00e7 duyuyordu. Sonunda \u00fcr\u00fcn test kaplar\u0131 olarak 150 ml&#039;lik k\u00fc\u00e7\u00fck kapakl\u0131 \u015fi\u015felerimizi se\u00e7tiler. \u0130yi s\u0131zd\u0131rmazl\u0131k, \u00fcr\u00fcn\u00fcn raf \u00f6mr\u00fcn\u00fc art\u0131rd\u0131. Ayr\u0131ca, \u015fi\u015felerin tutarl\u0131 boyutu dolum s\u00fcrecini daha verimli hale getirerek paketleme hatt\u0131n\u0131n h\u0131z\u0131n\u0131 art\u0131rd\u0131. \u00dcr\u00fcn\u00fcn performans\u0131ndan ve m\u00fc\u015fterilerden gelen olumlu geri bildirimlerden o kadar memnun kald\u0131lar ki, \u00fclke \u00e7ap\u0131nda bir deneme program\u0131 ba\u015flatmak i\u00e7in 300.000 \u015fi\u015felik bir sipari\u015f daha verdiler.<\/p>\n<h2>Toplu Flip Top \u015ei\u015felerinizi Tek Tek Farkl\u0131 Hale Getirin<\/h2>\n<ul>\n<li><strong>Cam\u0131n Rengi:<\/strong> I\u015f\u0131\u011fa duyarl\u0131 s\u0131n\u0131rl\u0131 say\u0131da \u00fcr\u00fcn (\u00f6rne\u011fin, u\u00e7ucu ya\u011flar) i\u00e7in cam\u0131n kehribar veya kobalt mavisi olmas\u0131 gerekir.<\/li>\n<li><strong>Serigrafi Bask\u0131 ile Logo:<\/strong> Parlak, dayan\u0131kl\u0131 ve olduk\u00e7a detayl\u0131 logolar\u0131n bask\u0131s\u0131 yap\u0131labilir.<\/li>\n<li><strong>\u00d6zel Kapak Rengi:<\/strong> Marka imaj\u0131n\u0131zla uyumlu olmas\u0131 i\u00e7in metal kulpunuzun veya seramik t\u0131pan\u0131z\u0131n rengini de\u011fi\u015ftirin.<\/li>\n<li><strong>Cam A\u015f\u0131nd\u0131rma:<\/strong> Karma\u015f\u0131k tasar\u0131mlar\u0131 veya logolar\u0131 \u015f\u0131k ve dayan\u0131kl\u0131 buzlu bir y\u00fczeye d\u00f6n\u00fc\u015ft\u00fcrmek i\u00e7in cam oymay\u0131 kullan\u0131n.<\/li>\n<\/ul>","protected":false},"excerpt":{"rendered":"<p>\u0130\u00e7ecekler, fermantasyon veya meyve sular\u0131 i\u00e7in y\u00fcksek kaliteli k\u00fc\u00e7\u00fck kapakl\u0131 \u015fi\u015feler. \u00d6zelle\u015ftirme se\u00e7enekleri ve h\u0131zl\u0131 kargo ile kapakl\u0131 \u015fi\u015feler toplu olarak mevcuttur.<\/p>","protected":false},"featured_media":3613,"template":"","meta":{"postBodyCss":"","postBodyMargin":[],"postBodyPadding":[],"postBodyBackground":{"backgroundType":"classic","gradient":""}},"product_brand":[],"product_cat":[15,16,56],"product_tag":[79,72,78],"class_list":{"0":"post-3611","1":"product","2":"type-product","3":"status-publish","4":"has-post-thumbnail","6":"product_cat-glass-containers","7":"product_cat-glass-bottles","8":"product_cat-flip-top-bottles","9":"product_tag-beer-bottles","10":"product_tag-juice-bottles","11":"product_tag-water-bottles","13":"first","14":"instock","15":"shipping-taxable","16":"product-type-simple"},"jetpack_sharing_enabled":true,"_links":{"self":[{"href":"https:\/\/minghanggroup.com\/tr\/wp-json\/wp\/v2\/product\/3611","targetHints":{"allow":["GET"]}}],"collection":[{"href":"https:\/\/minghanggroup.com\/tr\/wp-json\/wp\/v2\/product"}],"about":[{"href":"https:\/\/minghanggroup.com\/tr\/wp-json\/wp\/v2\/types\/product"}],"wp:featuredmedia":[{"embeddable":true,"href":"https:\/\/minghanggroup.com\/tr\/wp-json\/wp\/v2\/media\/3613"}],"wp:attachment":[{"href":"https:\/\/minghanggroup.com\/tr\/wp-json\/wp\/v2\/media?parent=3611"}],"wp:term":[{"taxonomy":"product_brand","embeddable":true,"href":"https:\/\/minghanggroup.com\/tr\/wp-json\/wp\/v2\/product_brand?post=3611"},{"taxonomy":"product_cat","embeddable":true,"href":"https:\/\/minghanggroup.com\/tr\/wp-json\/wp\/v2\/product_cat?post=3611"},{"taxonomy":"product_tag","embeddable":true,"href":"https:\/\/minghanggroup.com\/tr\/wp-json\/wp\/v2\/product_tag?post=3611"}],"curies":[{"name":"wp","href":"https:\/\/api.w.org\/{rel}","templated":true}]}}