{"id":3603,"date":"2025-11-21T11:13:46","date_gmt":"2025-11-21T03:13:46","guid":{"rendered":"https:\/\/minghanggroup.com\/?post_type=product&#038;p=3603"},"modified":"2026-01-20T14:10:29","modified_gmt":"2026-01-20T06:10:29","slug":"bulk-clear-glass-flip-top-bottles-for-kombucha","status":"publish","type":"product","link":"https:\/\/minghanggroup.com\/tr\/urun\/bulk-clear-glass-flip-top-bottles-for-kombucha\/","title":{"rendered":"Kombucha i\u00e7in Toplu \u015eeffaf Cam Kapakl\u0131 \u015ei\u015feler 350ml - 1000ml"},"content":{"rendered":"<p>Bu cam kapakl\u0131 \u015fi\u015feler, \u015feffaf camdan yap\u0131lm\u0131\u015ft\u0131r ve metal bir ge\u00e7meli kapa\u011fa sahiptir. S\u0131k\u0131 s\u0131zd\u0131rmazl\u0131klar\u0131 ve \u00e7ok y\u00f6nl\u00fcl\u00fckleri sayesinde bu \u015fi\u015feler, hem demleme, saklama ve sergileme amac\u0131yla kombu\u00e7a veya di\u011fer fermente i\u00e7ecekler i\u00e7in m\u00fckemmeldir.<\/p>\n<h2>\u00dcr\u00fcn \u00d6zellikleri<\/h2>\n<ul>\n<li><strong>\u00c7\u0131t\u00e7\u0131tl\u0131 S\u0131zd\u0131rmazl\u0131k Tasar\u0131m\u0131:<\/strong> Bu \u015fi\u015felerin k\u0131rm\u0131z\u0131-beyaz metal ge\u00e7meli t\u0131pas\u0131 m\u00fckemmel bir s\u0131zd\u0131rmazl\u0131k sa\u011flar. Bu sayede s\u0131v\u0131n\u0131n tazeli\u011fi ve k\u00f6p\u00fcrmesi korunur. Ayr\u0131ca a\u00e7\u0131l\u0131p kapanmas\u0131 kolay oldu\u011fu i\u00e7in kullan\u0131c\u0131 i\u00e7in de olduk\u00e7a kullan\u0131\u015fl\u0131d\u0131r.<\/li>\n<li><strong>Farkl\u0131 Boyutlar:<\/strong> \u00c7e\u015fitli depolama ihtiya\u00e7lar\u0131n\u0131 kar\u015f\u0131lamak i\u00e7in bu \u015fi\u015felerin d\u00f6rt farkl\u0131 boyutu mevcuttur. Bunlar, maden suyu, i\u00e7ecekler ve di\u011fer s\u0131v\u0131lar\u0131 saklamak i\u00e7in kullan\u0131labilir.<\/li>\n<li><strong>Gazl\u0131 \u0130\u00e7ecekler \u0130\u00e7in M\u00fckemmel:<\/strong> \u015ei\u015feleme \u015fekli gazl\u0131 i\u00e7ecekler d\u00fc\u015f\u00fcn\u00fclerek yap\u0131lm\u0131\u015ft\u0131r, bu sayede s\u0131v\u0131n\u0131n k\u00f6p\u00fcrmesi uzun s\u00fcre bozulmadan kal\u0131r ve bu da gazl\u0131 i\u00e7eceklerin saklanmas\u0131 i\u00e7in m\u00fckemmeldir.<\/li>\n<\/ul>\n<h2 style=\"text-align: left;\">Temel \u00d6zellikler<\/h2>\n<table class=\"aligncenter\" style=\"border-collapse: collapse; width: 667.52pt;\" border=\"0\" width=\"890\" cellspacing=\"0\" cellpadding=\"0\">\n<tbody>\n<tr style=\"height: 13.50pt;\">\n<td style=\"height: 13.50pt; width: 105.75pt;\" width=\"141\" height=\"18\">\u00d6zellik<\/td>\n<td style=\"width: 561.75pt;\" width=\"749\">Detaylar<\/td>\n<\/tr>\n<tr style=\"height: 13.50pt;\">\n<td style=\"height: 13.50pt;\" height=\"18\">Boyutlar<\/td>\n<td>350 ml (12 oz): 7,3 \u00d7 20,3 cm\/500 ml (16 oz): 8,25 \u00d7 21,5 cm\/750 ml (25 oz): 9,3 \u00d7 24,8 cm\/1000 ml (32 oz): 10 \u00d7 27,9 cm<\/td>\n<\/tr>\n<tr style=\"height: 13.50pt;\">\n<td style=\"height: 13.50pt;\" height=\"18\">Malzeme<\/td>\n<td>Berrak soda-kire\u00e7 cam\u0131<\/td>\n<\/tr>\n<tr style=\"height: 13.50pt;\">\n<td style=\"height: 13.50pt;\" height=\"18\">Uygun Olanlar<\/td>\n<td>Cam kapakl\u0131 \u015fi\u015fe, kombucha i\u00e7in kapakl\u0131 \u015fi\u015feler<\/td>\n<\/tr>\n<\/tbody>\n<\/table>\n<h2>Ba\u015far\u0131 \u00d6yk\u00fcs\u00fc: Kombucha Marka \u0130maj\u0131n\u0131 Geli\u015ftirmek<\/h2>\n<p>Kombucha i\u00e7in 500 ml&#039;lik cam kapakl\u0131 \u015fi\u015felerimize ge\u00e7erek \u00fcr\u00fcn tazeli\u011fini ve g\u00f6rsel \u00e7ekicili\u011fini art\u0131ran, m\u00fc\u015fterilerimizden biri olan yeni bir kombucha markas\u0131 harika bir ad\u0131m att\u0131. \u00c7ok s\u0131k\u0131 s\u0131zd\u0131rmazl\u0131k sayesinde ikincil fermantasyonun ba\u015far\u0131 oran\u0131 artt\u0131 ve b\u00f6ylece fermantasyon ba\u015far\u0131s\u0131zl\u0131klar\u0131n\u0131n say\u0131s\u0131 \u00f6nemli \u00f6l\u00e7\u00fcde azald\u0131. \u015ei\u015fe \u015feffaf camdan \u00fcretildi\u011fi i\u00e7in, m\u00fc\u015fteriler canl\u0131 renk ve kombuchan\u0131n harika bir raf pazarlama arac\u0131 olan kabarc\u0131klar\u0131ndan \u00fcr\u00fcn\u00fcn kalitesini g\u00f6rsel olarak de\u011ferlendirebiliyor ve b\u00f6ylece perakende sat\u0131\u015flar artt\u0131. Marka bundan \u00e7ok memnun kald\u0131 ve bir sonraki da\u011f\u0131t\u0131m a\u015famas\u0131 i\u00e7in 400.000&#039;den fazla \u015fi\u015fe almaya karar verdi.<\/p>\n<h2>\u00d6zel Kapakl\u0131 \u015ei\u015fe Se\u00e7enekleri<\/h2>\n<ul>\n<li>Cam Boyama \u2013 Bira veya kombu\u00e7a gibi \u0131\u015f\u0131\u011fa olumsuz tepki veren i\u00e7eceklerinizi kehribar veya ye\u015fil bir barda\u011fa koyarak koruyun.<\/li>\n<li>Mat Kaplama \u2013 \u015ei\u015fenin y\u00fczeyi mat buzlu bir kaplama ile kaplanm\u0131\u015ft\u0131r, bu da \u015fi\u015feyi hem kavrama kolayl\u0131\u011f\u0131 hem de l\u00fcks bir g\u00f6r\u00fcn\u00fcm kazand\u0131r\u0131r.<\/li>\n<li>Geli\u015ftirilmi\u015f Silikon Conta \u2013 E\u011fer bir ki\u015fi daha fazla dayan\u0131kl\u0131l\u0131k ve daha basit temizlik istiyorsa, birinci s\u0131n\u0131f silikon contalar kullan\u0131labilir.<\/li>\n<li>Boyun Band\u0131 Markalama \u2013 Boyuna bir marka logosu halkas\u0131 eklemek, reklamc\u0131l\u0131\u011f\u0131n incelikli ama etkili bir yoludur.<\/li>\n<\/ul>","protected":false},"excerpt":{"rendered":"<p>Fermantasyon i\u00e7in tasarlanm\u0131\u015f cam kapakl\u0131 \u015fi\u015fe se\u00e7enekleri. Kombucha i\u00e7in kapakl\u0131 \u015fi\u015felerimiz, h\u0131zl\u0131 kargo ile hava ge\u00e7irmez performans ve dayan\u0131kl\u0131l\u0131k sunar.<\/p>","protected":false},"featured_media":3608,"template":"","meta":{"postBodyCss":"","postBodyMargin":[],"postBodyPadding":[],"postBodyBackground":{"backgroundType":"classic","gradient":""}},"product_brand":[],"product_cat":[15,16,56],"product_tag":[79,72,78],"class_list":{"0":"post-3603","1":"product","2":"type-product","3":"status-publish","4":"has-post-thumbnail","6":"product_cat-glass-containers","7":"product_cat-glass-bottles","8":"product_cat-flip-top-bottles","9":"product_tag-beer-bottles","10":"product_tag-juice-bottles","11":"product_tag-water-bottles","13":"first","14":"instock","15":"shipping-taxable","16":"product-type-simple"},"jetpack_sharing_enabled":true,"_links":{"self":[{"href":"https:\/\/minghanggroup.com\/tr\/wp-json\/wp\/v2\/product\/3603","targetHints":{"allow":["GET"]}}],"collection":[{"href":"https:\/\/minghanggroup.com\/tr\/wp-json\/wp\/v2\/product"}],"about":[{"href":"https:\/\/minghanggroup.com\/tr\/wp-json\/wp\/v2\/types\/product"}],"wp:featuredmedia":[{"embeddable":true,"href":"https:\/\/minghanggroup.com\/tr\/wp-json\/wp\/v2\/media\/3608"}],"wp:attachment":[{"href":"https:\/\/minghanggroup.com\/tr\/wp-json\/wp\/v2\/media?parent=3603"}],"wp:term":[{"taxonomy":"product_brand","embeddable":true,"href":"https:\/\/minghanggroup.com\/tr\/wp-json\/wp\/v2\/product_brand?post=3603"},{"taxonomy":"product_cat","embeddable":true,"href":"https:\/\/minghanggroup.com\/tr\/wp-json\/wp\/v2\/product_cat?post=3603"},{"taxonomy":"product_tag","embeddable":true,"href":"https:\/\/minghanggroup.com\/tr\/wp-json\/wp\/v2\/product_tag?post=3603"}],"curies":[{"name":"wp","href":"https:\/\/api.w.org\/{rel}","templated":true}]}}