{"id":3594,"date":"2025-11-21T11:59:12","date_gmt":"2025-11-21T03:59:12","guid":{"rendered":"https:\/\/minghanggroup.com\/?post_type=product&#038;p=3594"},"modified":"2026-01-20T13:59:06","modified_gmt":"2026-01-20T05:59:06","slug":"custom-pickle-jar-storage-bulk-supply","status":"publish","type":"product","link":"https:\/\/minghanggroup.com\/tr\/urun\/custom-pickle-jar-storage-bulk-supply\/","title":{"rendered":"\u00d6zel Tur\u015fu Kavanozu Depolama Toplu Tedarik 280ml \u2013 630ml"},"content":{"rendered":"<p>Markan\u0131z\u0131 ucuz g\u00f6steren s\u0131k\u0131c\u0131 kavanozlarla yetinmeyin. Tur\u015fular\u0131n\u0131z\u0131 taze tutarken g\u0131da ambalajlar\u0131n\u0131z\u0131 \u015f\u0131k ve i\u015flevsel bir \u00e7\u00f6z\u00fcme d\u00f6n\u00fc\u015ft\u00fcren, birinci s\u0131n\u0131f \u00e7ift kulakl\u0131 cam tur\u015fu kavanozlar\u0131 \u00fcretiyoruz. Bunlar sadece kavanoz de\u011fil; markan\u0131z\u0131n tur\u015fu kavanozu saklama konusundaki yeni gizli silah\u0131.<\/p>\n<h2>\u00dcr\u00fcn \u00d6zellikleri<\/h2>\n<ol>\n<li><strong>Klasik \u00c7ift Sapl\u0131 Tasar\u0131m:<\/strong>Markam\u0131z\u0131n bilindik \u00e7ift kulplu tasar\u0131m\u0131 kullan\u0131c\u0131n\u0131n elini rahat ettirirken, retro tarz\u0131 g\u00f6r\u00fcn\u00fcm\u00fc markan\u0131n \u00e7ekicili\u011fini art\u0131rarak tur\u015fu kavanozu saklama ihtiyac\u0131n\u0131z\u0131 kar\u015f\u0131l\u0131yor.<\/li>\n<li><strong>Y\u00fcksek Hassasiyetli Di\u015fli Boyun Kapa\u011f\u0131:<\/strong>B\u00f6ylece y\u00fcksek hassasiyetli di\u015fli boyun kapa\u011f\u0131 metalden plastik kapa\u011fa veya tam tersine kolayca d\u00f6n\u00fc\u015ft\u00fcr\u00fclebilir ve m\u00fc\u015fterinin tercihine g\u00f6re s\u0131zd\u0131rmaz conta se\u00e7ilebilir.<\/li>\n<li><strong>Kaymaz Taban:<\/strong>Kaymaz desenli taban, temizleme ve doldurma i\u015flemi s\u0131ras\u0131nda kullan\u0131c\u0131n\u0131n \u00fcr\u00fcn\u00fc s\u0131k\u0131ca tutmas\u0131na yard\u0131mc\u0131 olur, bu nedenle b\u00fcy\u00fck \u00f6l\u00e7ekli fabrika operasyonlar\u0131 i\u00e7in daha uygundur.<\/li>\n<\/ol>\n<h2>Temel \u00d6zellikler<\/h2>\n<table style=\"border-collapse: collapse; width: 80%; margin-left: auto; margin-right: auto;\" border=\"0\" width=\"216\" cellspacing=\"0\" cellpadding=\"0\">\n<tbody>\n<tr style=\"height: 13.50pt;\">\n<td style=\"height: 13.5pt; width: 54pt; text-align: center;\" width=\"72\" height=\"18\">Kapasite(ml)<\/td>\n<td style=\"width: 54pt; text-align: center;\" width=\"72\">Boyut(cm)<\/td>\n<td style=\"width: 54pt; text-align: center;\" width=\"72\">\u00d6zelle\u015ftirme Se\u00e7enekleri<\/td>\n<\/tr>\n<tr style=\"height: 13.50pt;\">\n<td style=\"height: 13.5pt; text-align: center;\" align=\"right\" height=\"18\">280<\/td>\n<td style=\"text-align: center;\">7.8 * 8.8<\/td>\n<td class=\"et2\" style=\"text-align: center;\" rowspan=\"4\">Logo, kapaklar, renk, etiket, boyut<\/td>\n<\/tr>\n<tr style=\"height: 13.50pt;\">\n<td style=\"height: 13.5pt; text-align: center;\" align=\"right\" height=\"18\">350<\/td>\n<td style=\"text-align: center;\">8.8 * 9.5<\/td>\n<\/tr>\n<tr style=\"height: 13.50pt;\">\n<td style=\"height: 13.5pt; text-align: center;\" align=\"right\" height=\"18\">500<\/td>\n<td style=\"text-align: center;\">9.9 * 10.0<\/td>\n<\/tr>\n<tr style=\"height: 13.50pt;\">\n<td style=\"height: 13.5pt; text-align: center;\" align=\"right\" height=\"18\">630<\/td>\n<td style=\"text-align: center;\">10.4 * 10.7<\/td>\n<\/tr>\n<\/tbody>\n<\/table>\n<h2>Ba\u015far\u0131 \u00d6rne\u011fi<\/h2>\n<p>Bat\u0131 Kanada&#039;l\u0131 bir tur\u015fu markas\u0131, birinci s\u0131n\u0131f bir \u00fcr\u00fcn serisini piyasaya s\u00fcrmek \u00fczereyken, ambalajlar\u0131n\u0131 cam tur\u015fu kavanozlar\u0131m\u0131zla yenilemeye karar verdi. Daha ince ve daha \u015feffaf cam sayesinde, tatl\u0131 biberleri ve tur\u015fular\u0131 rafta daha taze ve daha \u00e7ekici g\u00f6r\u00fcn\u00fcyor. Ayr\u0131ca, \u015fi\u015fe boyunlar\u0131ndaki di\u015fleri otomatik dolum hatt\u0131yla uyumlu hale getirerek, y\u00fcksek h\u0131zl\u0131 \u00fcretim s\u0131ras\u0131nda neredeyse hi\u00e7 s\u0131k\u0131\u015fma ya\u015fanmamas\u0131n\u0131 sa\u011flad\u0131k.<\/p>\n<p>Markan\u0131n lansman\u0131n\u0131n ard\u0131ndan s\u00fcpermarket raflar\u0131nda daha g\u00f6r\u00fcn\u00fcr bir yer edindi ve yeni \u00fcr\u00fcn\u00fcn sat\u0131\u015flar\u0131 ilk \u00e7eyrekte yakla\u015f\u0131k artt\u0131.<\/p>\n<h2>\u00d6zelle\u015ftirme \u0130pu\u00e7lar\u0131n\u0131z<\/h2>\n<p>\u0130sterseniz, daha marka bilinirli\u011fi sa\u011flayan bir \u00f6zelle\u015ftirme se\u00e7ene\u011fiyle cam tur\u015fu kavanozunuzu bir markaya benzetebilirsiniz. \u00d6rne\u011fin, cam\u0131n \u0131\u015f\u0131k ge\u00e7irgenli\u011fini tur\u015fu rengine d\u00f6n\u00fc\u015ft\u00fcrerek i\u00e7eri\u011fin daha parlak g\u00f6r\u00fcnmesini sa\u011flayabilirsiniz. Ayr\u0131ca, korozyona dayan\u0131kl\u0131 metalden yumu\u015fak mat plasti\u011fe kadar \u00e7e\u015fitli malzeme ve renklerle kapa\u011f\u0131 de\u011fi\u015ftirebilir ve ard\u0131ndan otomatik dolum hatlar\u0131nda kullan\u0131labilen bir s\u0131zd\u0131rmazl\u0131k contas\u0131 yap\u0131s\u0131yla birle\u015ftirerek ambalaj\u0131 yaln\u0131zca g\u00f6rsel olarak \u00e7ekici hale getirmekle kalmaz, ayn\u0131 zamanda \u00fcretimi de verimli hale getirirsiniz.<\/p>","protected":false},"excerpt":{"rendered":"<p>Konserve g\u0131dalar i\u00e7in tasarlanm\u0131\u015f tur\u015fu kavanozu saklama alan\u0131. Fabrikadan do\u011frudan fiyatland\u0131rma, h\u0131zl\u0131 teslimat ve sizin i\u00e7in esnek \u00f6zelle\u015ftirme se\u00e7enekleriyle toplu tur\u015fu kavanozu olarak sunulmaktad\u0131r.<\/p>","protected":false},"featured_media":3595,"template":"","meta":{"postBodyCss":"","postBodyMargin":[],"postBodyPadding":[],"postBodyBackground":{"backgroundType":"classic","gradient":""}},"product_brand":[],"product_cat":[15,17,55],"product_tag":[65,71],"class_list":{"0":"post-3594","1":"product","2":"type-product","3":"status-publish","4":"has-post-thumbnail","6":"product_cat-glass-containers","7":"product_cat-glass-jars","8":"product_cat-pickle-jars","9":"product_tag-glass-jam-jars","10":"product_tag-honey-jars","12":"first","13":"instock","14":"shipping-taxable","15":"product-type-simple"},"jetpack_sharing_enabled":true,"_links":{"self":[{"href":"https:\/\/minghanggroup.com\/tr\/wp-json\/wp\/v2\/product\/3594","targetHints":{"allow":["GET"]}}],"collection":[{"href":"https:\/\/minghanggroup.com\/tr\/wp-json\/wp\/v2\/product"}],"about":[{"href":"https:\/\/minghanggroup.com\/tr\/wp-json\/wp\/v2\/types\/product"}],"wp:featuredmedia":[{"embeddable":true,"href":"https:\/\/minghanggroup.com\/tr\/wp-json\/wp\/v2\/media\/3595"}],"wp:attachment":[{"href":"https:\/\/minghanggroup.com\/tr\/wp-json\/wp\/v2\/media?parent=3594"}],"wp:term":[{"taxonomy":"product_brand","embeddable":true,"href":"https:\/\/minghanggroup.com\/tr\/wp-json\/wp\/v2\/product_brand?post=3594"},{"taxonomy":"product_cat","embeddable":true,"href":"https:\/\/minghanggroup.com\/tr\/wp-json\/wp\/v2\/product_cat?post=3594"},{"taxonomy":"product_tag","embeddable":true,"href":"https:\/\/minghanggroup.com\/tr\/wp-json\/wp\/v2\/product_tag?post=3594"}],"curies":[{"name":"wp","href":"https:\/\/api.w.org\/{rel}","templated":true}]}}