{"id":3592,"date":"2025-11-21T09:57:58","date_gmt":"2025-11-21T01:57:58","guid":{"rendered":"https:\/\/minghanggroup.com\/?post_type=product&#038;p=3592"},"modified":"2026-01-20T14:03:49","modified_gmt":"2026-01-20T06:03:49","slug":"empty-brown-swing-top-bottles-wholesale","status":"publish","type":"product","link":"https:\/\/minghanggroup.com\/tr\/urun\/empty-brown-swing-top-bottles-wholesale\/","title":{"rendered":"485 ml Bo\u015f Kahverengi Sal\u0131ncakl\u0131 Kapakl\u0131 \u015ei\u015feler Toptan"},"content":{"rendered":"<p>Koyu kahverengi camdan yap\u0131lm\u0131\u015f kahverengi a\u00e7\u0131l\u0131r kapakl\u0131 \u015fi\u015feler ince, uzun bir yap\u0131ya ve metal bir kapak\u00e7\u0131klara sahiptir, bu nedenle zanaat biras\u0131, ev yap\u0131m\u0131 bira veya di\u011fer her t\u00fcrl\u00fc \u00f6zel i\u00e7ece\u011fi saklamak i\u00e7in en iyi se\u00e7enektir.<\/p>\n<h2>\u00dcr\u00fcn \u00d6zellikleri<\/h2>\n<ul>\n<li><strong>Kahverengi Cam Malzemesi:<\/strong> Kahverengi cam\u0131n en \u00f6nemli i\u015flevlerinden biri, i\u00e7indeki \u00fcr\u00fcn\u00fc (\u00f6rne\u011fin bira veya soslar\u0131) \u0131\u015f\u0131\u011f\u0131n zararl\u0131 etkilerinden tam olarak korumas\u0131 ve ayn\u0131 zamanda \u00fcr\u00fcne eski tarz bir g\u00f6r\u00fcn\u00fcm kazand\u0131rmas\u0131d\u0131r.<\/li>\n<li><strong>Uzat\u0131lm\u0131\u015f \u015ei\u015fe \u015eekli:<\/strong> \u00c7ekici ve ince tasar\u0131m\u0131 sayesinde ta\u015f\u0131mas\u0131 ve saklamas\u0131 \u00e7ok kolayd\u0131r. Evde bira yap\u0131m\u0131 ve i\u00e7ecek saklama i\u00e7in m\u00fckemmel bir se\u00e7imdir.<\/li>\n<li><strong>Ge\u00e7meli S\u0131zd\u0131rmazl\u0131k Tasar\u0131m\u0131:<\/strong> K\u0131rm\u0131z\u0131 ve beyaz metal ge\u00e7meli t\u0131pa ile donat\u0131lm\u0131\u015f olan bu \u00fcr\u00fcn, m\u00fckemmel bir s\u0131zd\u0131rmazl\u0131k sa\u011fl\u0131yor, i\u00e7indekileri uzun s\u00fcre taze tutuyor ve elle kullan\u0131m\u0131 da olduk\u00e7a basit.<\/li>\n<\/ul>\n<h2 style=\"text-align: left;\">Temel \u00d6zellikler<\/h2>\n<table class=\"aligncenter\" style=\"border-collapse: collapse; width: 426.02pt;\" border=\"0\" width=\"568\" cellspacing=\"0\" cellpadding=\"0\">\n<tbody>\n<tr style=\"height: 13.50pt;\">\n<td style=\"height: 13.50pt; width: 105.75pt;\" width=\"141\" height=\"18\">\u00d6zellik<\/td>\n<td style=\"width: 320.25pt;\" width=\"427\">Detaylar<\/td>\n<\/tr>\n<tr style=\"height: 13.50pt;\">\n<td style=\"height: 13.50pt;\" height=\"18\">Kapasite<\/td>\n<td>485 ml (16,4 oz)<\/td>\n<\/tr>\n<tr style=\"height: 13.50pt;\">\n<td style=\"height: 13.50pt;\" height=\"18\">Boyutlar<\/td>\n<td>7,75 cm \u00e7ap \u00d7 22,3 cm y\u00fckseklik<\/td>\n<\/tr>\n<tr style=\"height: 13.50pt;\">\n<td style=\"height: 13.50pt;\" height=\"18\">Malzeme<\/td>\n<td>Amber (kahverengi) soda-kire\u00e7 cam\u0131<\/td>\n<\/tr>\n<tr style=\"height: 13.50pt;\">\n<td style=\"height: 13.50pt;\" height=\"18\">Uygun Olanlar<\/td>\n<td>Toptan a\u00e7\u0131l\u0131r \u00fcst \u015fi\u015feler, a\u00e7\u0131l\u0131r \u00fcst cam \u015fi\u015fe<\/td>\n<\/tr>\n<\/tbody>\n<\/table>\n<h2>Ba\u015far\u0131 Hikayesi: Bir Butik Bira Fabrikas\u0131 \u0130\u00e7in Bir \u00c7\u00f6z\u00fcm<\/h2>\n<p>Bir zanaatkar bira fabrikas\u0131, IPA biralar\u0131n\u0131n ma\u011fazada sergilendi\u011finde k\u00f6t\u00fc kokmas\u0131n\u0131 \u00f6nleyecek bir \u015fi\u015fe istiyordu. Sonunda, firmam\u0131z\u0131n 485 ml&#039;lik kahverengi a\u00e7\u0131l\u0131r kapakl\u0131 \u015fi\u015felerini se\u00e7tiler. UV koruma \u00f6zelli\u011fi m\u00fc\u015fteriler taraf\u0131ndan hemen be\u011fenildi, b\u00f6ylece kokuyla ilgili hi\u00e7bir \u015fikayet olmad\u0131. Elde edilen hava ge\u00e7irmezlik, \u00fcr\u00fcn\u00fcn raf \u00f6mr\u00fcn\u00fc uzatt\u0131. Ayr\u0131ca, \u00fcr\u00fcn\u00fcn benzersiz ve birinci s\u0131n\u0131f g\u00f6r\u00fcn\u00fcm\u00fc sayesinde plans\u0131z sat\u0131n al\u0131mlarda &#039;lik bir art\u0131\u015f ya\u015fand\u0131. Bu nedenle, bira fabrikas\u0131 bu \u00f6nemli olumlu etkiye dayanarak t\u00fcm ana \u00fcr\u00fcn serisini doldurmak i\u00e7in 500.000&#039;den fazla \u015fi\u015felik ek sipari\u015f verdi.<\/p>\n<h2>Markan\u0131z\u0131 Temsil Edecek \u015eekilde Vidal\u0131 Kapakl\u0131 \u015ei\u015feleri S\u00fcsleyin<\/h2>\n<ul>\n<li><strong>\u00d6zel Renkler:<\/strong> Kahverengi cam\u0131n tonu a\u00e7\u0131k kehribardan koyu kahverengiye kadar ki\u015fiselle\u015ftirilebilir.<\/li>\n<li><strong>Asit A\u015f\u0131nd\u0131rma Yoluyla Marka Logosu:<\/strong> Markan\u0131z\u0131, birinci s\u0131n\u0131f bir his i\u00e7in olduk\u00e7a trend olan, cam\u0131n \u00fczerine kal\u0131c\u0131 ve \u015f\u0131k bir buzlu logo yerle\u015ftirerek ki\u015fiselle\u015ftirin.<\/li>\n<li><strong>Seramik Serigrafi Bask\u0131:<\/strong> Y\u0131kamaya ve s\u00fcrekli kullan\u0131ma dayan\u0131kl\u0131, dayan\u0131kl\u0131, renk kodlu logolar \u00fcretin; bu, parlak tasar\u0131mlar olu\u015fturmak i\u00e7in harikad\u0131r.<\/li>\n<li><strong>Mantar Renk Se\u00e7enekleri:<\/strong> Markan\u0131z\u0131 nazik\u00e7e tan\u0131tan seramik mantarlar i\u00e7in \u00e7e\u015fitli renklerde (\u00f6rne\u011fin siyah veya ten rengi) mevcuttur.<\/li>\n<\/ul>\n<p>Toptan a\u00e7\u0131l\u0131r kapan\u0131r \u00fcst \u015fi\u015felere ihtiyac\u0131n\u0131z varsa, en iyi fiyat\u0131 elde etmek i\u00e7in bu 485 ml a\u00e7\u0131l\u0131r kapan\u0131r \u00fcst \u015fi\u015fe ile ilgili olarak bizimle ileti\u015fime ge\u00e7mekten \u00e7ekinmeyin.<\/p>","protected":false},"excerpt":{"rendered":"<p>Dayan\u0131kl\u0131, kapakl\u0131 \u015fi\u015feler toptan sat\u0131\u015fta. \u0130\u00e7ecekler, soslar ve fermantasyon i\u00e7in ideal kahverengi kapakl\u0131 \u015fi\u015feler. Toplu sipari\u015flerde \u00f6zel toptan sat\u0131\u015f tekliflerinden yararlan\u0131n.<\/p>","protected":false},"featured_media":3597,"template":"","meta":{"postBodyCss":"","postBodyMargin":[],"postBodyPadding":[],"postBodyBackground":{"backgroundType":"classic","gradient":""}},"product_brand":[],"product_cat":[15,16,56],"product_tag":[79,72,78],"class_list":{"0":"post-3592","1":"product","2":"type-product","3":"status-publish","4":"has-post-thumbnail","6":"product_cat-glass-containers","7":"product_cat-glass-bottles","8":"product_cat-flip-top-bottles","9":"product_tag-beer-bottles","10":"product_tag-juice-bottles","11":"product_tag-water-bottles","13":"first","14":"instock","15":"shipping-taxable","16":"product-type-simple"},"jetpack_sharing_enabled":true,"_links":{"self":[{"href":"https:\/\/minghanggroup.com\/tr\/wp-json\/wp\/v2\/product\/3592","targetHints":{"allow":["GET"]}}],"collection":[{"href":"https:\/\/minghanggroup.com\/tr\/wp-json\/wp\/v2\/product"}],"about":[{"href":"https:\/\/minghanggroup.com\/tr\/wp-json\/wp\/v2\/types\/product"}],"wp:featuredmedia":[{"embeddable":true,"href":"https:\/\/minghanggroup.com\/tr\/wp-json\/wp\/v2\/media\/3597"}],"wp:attachment":[{"href":"https:\/\/minghanggroup.com\/tr\/wp-json\/wp\/v2\/media?parent=3592"}],"wp:term":[{"taxonomy":"product_brand","embeddable":true,"href":"https:\/\/minghanggroup.com\/tr\/wp-json\/wp\/v2\/product_brand?post=3592"},{"taxonomy":"product_cat","embeddable":true,"href":"https:\/\/minghanggroup.com\/tr\/wp-json\/wp\/v2\/product_cat?post=3592"},{"taxonomy":"product_tag","embeddable":true,"href":"https:\/\/minghanggroup.com\/tr\/wp-json\/wp\/v2\/product_tag?post=3592"}],"curies":[{"name":"wp","href":"https:\/\/api.w.org\/{rel}","templated":true}]}}