{"id":3581,"date":"2025-11-20T16:42:54","date_gmt":"2025-11-20T08:42:54","guid":{"rendered":"https:\/\/minghanggroup.com\/?post_type=product&#038;p=3581"},"modified":"2026-01-20T14:04:03","modified_gmt":"2026-01-20T06:04:03","slug":"bulk-vertical-stripes-empty-fermentation-bottles","status":"publish","type":"product","link":"https:\/\/minghanggroup.com\/tr\/urun\/bulk-vertical-stripes-empty-fermentation-bottles\/","title":{"rendered":"Toplu 16oz 32oz Dikey \u00c7izgili Bo\u015f Fermantasyon \u015ei\u015feleri"},"content":{"rendered":"<p>Bu fermantasyon \u015fi\u015feleri, \u015feffaf camdan yap\u0131lm\u0131\u015f \u015f\u0131k dikey \u00e7izgili bir desene ve metal \u00e7\u0131t\u00e7\u0131tlarla sabitlenen turuncu kapaklara sahiptir. Ayr\u0131ca, bu \u015fi\u015feler iki farkl\u0131 boyutta mevcuttur.<\/p>\n<h2>\u00dcr\u00fcn \u00d6zellikleri<\/h2>\n<ul>\n<li><strong>Dikey \u00c7izgili Tasar\u0131m:<\/strong> Dikey \u015ferit tasar\u0131m\u0131, \u00fcr\u00fcn\u00fcn markas\u0131n\u0131 ve tan\u0131n\u0131rl\u0131\u011f\u0131n\u0131 g\u00fczelle\u015ftirmenin yan\u0131 s\u0131ra \u00fcr\u00fcn\u00fcn tutu\u015funu da art\u0131r\u0131r.<\/li>\n<li><strong>Ge\u00e7meli S\u0131zd\u0131rmazl\u0131k Tasar\u0131m\u0131:<\/strong> \u015ei\u015fenin turuncu renkli \u00e7\u0131t\u00e7\u0131tl\u0131 t\u0131pas\u0131, en iyi s\u0131zd\u0131rmazl\u0131k performans\u0131n\u0131 sa\u011flayan metal \u00e7\u0131t\u00e7\u0131tlarla sabitlenmi\u015ftir, b\u00f6ylece i\u00e7indeki s\u0131v\u0131n\u0131n tazeli\u011fi etkili bir \u015fekilde korunur ve \u015fi\u015fenin a\u00e7\u0131l\u0131p kapat\u0131lmas\u0131 da kullan\u0131c\u0131 dostudur.<\/li>\n<li><strong>\u0130ki Boyut Mevcuttur:<\/strong> \u00c7e\u015fitli depolama ihtiya\u00e7lar\u0131n\u0131 kar\u015f\u0131lamak ve meyve sular\u0131 ve i\u00e7ecekler gibi farkl\u0131 s\u0131v\u0131 t\u00fcrlerini saklamak i\u00e7in iki farkl\u0131 boyutu mevcuttur.<\/li>\n<\/ul>\n<h2 style=\"text-align: left;\">Temel \u00d6zellikler<\/h2>\n<table class=\"aligncenter\" style=\"border-collapse: collapse; width: 528.77pt;\" border=\"0\" width=\"705\" cellspacing=\"0\" cellpadding=\"0\">\n<tbody>\n<tr style=\"height: 13.50pt;\">\n<td style=\"height: 13.50pt; width: 168.00pt;\" width=\"224\" height=\"18\">\u00d6zellik<\/td>\n<td style=\"width: 360.75pt;\" width=\"481\">Detaylar<\/td>\n<\/tr>\n<tr style=\"height: 13.50pt;\">\n<td style=\"height: 13.50pt;\" height=\"18\">Kapasite ve Boyutlar<\/td>\n<td>500 ml (16 oz) 7 cm \u00d7 26,6 cm\/1000 ml (34 oz) 8,5 cm \u00d7 31,5 cm<\/td>\n<\/tr>\n<tr style=\"height: 13.50pt;\">\n<td style=\"height: 13.50pt;\" height=\"18\">Cam T\u00fcr\u00fc<\/td>\n<td>Dikey kaburga dokusuna sahip \u015feffaf soda-kire\u00e7 cam\u0131<\/td>\n<\/tr>\n<tr style=\"height: 13.50pt;\">\n<td style=\"height: 13.50pt;\" height=\"18\">\u0130deal \u0130\u00e7in<\/td>\n<td>Fermente \u015fi\u015feler, a\u00e7\u0131l\u0131r kapakl\u0131 \u015fi\u015feler<\/td>\n<\/tr>\n<\/tbody>\n<\/table>\n<h2>Ba\u015far\u0131 Hikayesi: Bir Kombucha \u015eirketinin Geni\u015flemesi<\/h2>\n<p>K\u0131sa bir s\u00fcre i\u00e7inde, ay\u0131n nat\u00fcrel kombucha \u00fcreticisi g\u00fcvenilir fermantasyon \u015fi\u015felerine acil ihtiya\u00e7 duydu ve bu nedenle hem birincil hem de ikincil fermantasyonlar i\u00e7in 1000 ml&#039;lik vidal\u0131 kapakl\u0131 \u015fi\u015felerimizi kullanmaya karar verdiler. \u015e\u00fcphesiz en \u00f6nemli \u00f6zelli\u011fi, conta ar\u0131zas\u0131ndan kaynaklanan parti bozulmas\u0131n\u0131 oran\u0131nda azaltan bas\u0131nca dayan\u0131kl\u0131 contas\u0131d\u0131r. B\u00f6ylece m\u00fch\u00fcrl\u00fc \u00fcr\u00fcn\u00fcn g\u00fcvenli\u011fi garanti alt\u0131na al\u0131nm\u0131\u015f olur. Dikey \u015ferit tasar\u0131m\u0131, \u00e7al\u0131\u015fanlar\u0131n kavramas\u0131n\u0131 kolayla\u015ft\u0131rd\u0131\u011f\u0131 i\u00e7in \u00fcretim hatt\u0131ndaki kazalar\u0131 oran\u0131nda azalt\u0131r. M\u00fc\u015fteri \u00fcr\u00fcnden son derece memnun ve yak\u0131n zamanda ana perakende kanallar\u0131nda lansman\u0131n\u0131 desteklemek i\u00e7in 300.000 \u015fi\u015felik ek sipari\u015f verdi.<\/p>\n<h2>\u00d6zel Fermantasyon \u015ei\u015fenizi Olu\u015fturun<\/h2>\n<ul>\n<li><strong>Cam\u0131n Rengi:<\/strong> I\u015f\u0131\u011fa duyarl\u0131 \u00fcr\u00fcnleri (bira veya \u015farap) fermente edecekseniz ve bunlar\u0131 UV \u0131\u015f\u0131nlar\u0131ndan korumak istiyorsan\u0131z kehribar renkli cam\u0131 tercih edin.<\/li>\n<li><strong>Asit A\u015f\u0131nd\u0131rma Markalama:<\/strong> Cam\u0131 kal\u0131c\u0131 kaymayan buzlu bir alanla asitle kaz\u0131yarak modaya uygun, dayan\u0131kl\u0131 ve \u00fcst d\u00fczey bir izlenim yarat\u0131n.<\/li>\n<li><strong>Boyun Bask\u0131s\u0131:<\/strong> Boyun k\u0131sm\u0131na k\u00fc\u00e7\u00fck parti numaralar\u0131 veya kapasite i\u015faretleri i\u015fleyerek profesyonel ve i\u015flevsel bir stil kazand\u0131rabilirsiniz.<\/li>\n<li><strong>Mat Biti\u015f:<\/strong> Cam\u0131n tamam\u0131na mat bir y\u00fczey uygulanmas\u0131, di\u011ferlerinden farkl\u0131, belirgin, yumu\u015fak bir doku elde edilmesini sa\u011flar.<\/li>\n<\/ul>","protected":false},"excerpt":{"rendered":"<p>Y\u00fcksek kaliteli fermantasyon \u015fi\u015feleri, dikey \u015feritli cam tasar\u0131ml\u0131 ve g\u00fcvenli a\u00e7\u0131l\u0131r kapakl\u0131 fermantasyon \u015fi\u015feleri. \u015eimdi d\u00fcnya \u00e7ap\u0131nda h\u0131zl\u0131 kargo ile mevcuttur.<\/p>","protected":false},"featured_media":3584,"template":"","meta":{"postBodyCss":"","postBodyMargin":[],"postBodyPadding":[],"postBodyBackground":{"backgroundType":"classic","gradient":""}},"product_brand":[],"product_cat":[15,16,56],"product_tag":[72,78],"class_list":{"0":"post-3581","1":"product","2":"type-product","3":"status-publish","4":"has-post-thumbnail","6":"product_cat-glass-containers","7":"product_cat-glass-bottles","8":"product_cat-flip-top-bottles","9":"product_tag-juice-bottles","10":"product_tag-water-bottles","12":"first","13":"instock","14":"shipping-taxable","15":"product-type-simple"},"jetpack_sharing_enabled":true,"_links":{"self":[{"href":"https:\/\/minghanggroup.com\/tr\/wp-json\/wp\/v2\/product\/3581","targetHints":{"allow":["GET"]}}],"collection":[{"href":"https:\/\/minghanggroup.com\/tr\/wp-json\/wp\/v2\/product"}],"about":[{"href":"https:\/\/minghanggroup.com\/tr\/wp-json\/wp\/v2\/types\/product"}],"wp:featuredmedia":[{"embeddable":true,"href":"https:\/\/minghanggroup.com\/tr\/wp-json\/wp\/v2\/media\/3584"}],"wp:attachment":[{"href":"https:\/\/minghanggroup.com\/tr\/wp-json\/wp\/v2\/media?parent=3581"}],"wp:term":[{"taxonomy":"product_brand","embeddable":true,"href":"https:\/\/minghanggroup.com\/tr\/wp-json\/wp\/v2\/product_brand?post=3581"},{"taxonomy":"product_cat","embeddable":true,"href":"https:\/\/minghanggroup.com\/tr\/wp-json\/wp\/v2\/product_cat?post=3581"},{"taxonomy":"product_tag","embeddable":true,"href":"https:\/\/minghanggroup.com\/tr\/wp-json\/wp\/v2\/product_tag?post=3581"}],"curies":[{"name":"wp","href":"https:\/\/api.w.org\/{rel}","templated":true}]}}