{"id":3575,"date":"2025-11-20T16:53:06","date_gmt":"2025-11-20T08:53:06","guid":{"rendered":"https:\/\/minghanggroup.com\/?post_type=product&#038;p=3575"},"modified":"2025-11-20T16:53:06","modified_gmt":"2025-11-20T08:53:06","slug":"wide-mouth-storage-jar-for-pickles-bulk","status":"publish","type":"product","link":"https:\/\/minghanggroup.com\/tr\/urun\/wide-mouth-storage-jar-for-pickles-bulk\/","title":{"rendered":"80 ml \u2013 200 ml Geni\u015f A\u011f\u0131zl\u0131 Tur\u015fu Saklama Kavanozu (Toplu Paket)"},"content":{"rendered":"<p>Markan\u0131z\u0131n de\u011ferini d\u00fc\u015f\u00fcren s\u0131k\u0131c\u0131 ambalajlara para harcamaya devam etmeyin. \u015e\u0131k ve i\u015flevsel g\u0131da saklama kutular\u0131m\u0131z, tur\u015fular\u0131n\u0131z\u0131 taze tutmakla kalmay\u0131p ayn\u0131 zamanda g\u0131da saklama kalitenizi de y\u00fckselten, birinci s\u0131n\u0131f \u00e7ift kulakl\u0131 cam kavanozlardan \u00fcretilmi\u015ftir. Bunlar sadece kavanoz de\u011fil; markan\u0131z\u0131n g\u0131da ambalaj\u0131 i\u00e7in yeni ve gizli silah\u0131d\u0131r.<\/p>\n<h2>\u00dcr\u00fcn \u00d6zellikleri<\/h2>\n<ol>\n<li><strong>Klasik \u00c7ift Kulakl\u0131 Tasar\u0131m:<\/strong>Tipik \u00e7ift kulakl\u0131 tasar\u0131m\u0131m\u0131z, kavanozun en normal \u015fekilde tutulmas\u0131n\u0131 ve klasik bir g\u00f6r\u00fcn\u00fcm sunarak markan\u0131z\u0131n daha \u00e7ekici hale gelmesine yard\u0131mc\u0131 olacakt\u0131r.<\/li>\n<li><strong>Kristal Berrakl\u0131\u011f\u0131:<\/strong>\u015eeffaf cam, tur\u015fu sebzeler i\u00e7in ideal bir kapt\u0131r, \u00e7\u00fcnk\u00fc canl\u0131 renkleri d\u0131\u015far\u0131dan bir bak\u0131\u015fta g\u00f6r\u00fclebilir.<\/li>\n<li><strong>G\u00fcvenli Metal Kapak:<\/strong>Hava ge\u00e7irmez contal\u0131, parlak k\u0131rm\u0131z\u0131 metal kapak, yeni yap\u0131lm\u0131\u015f tur\u015fular\u0131n taze ve lezzetli kalmas\u0131n\u0131 sa\u011flar, b\u00f6ylece tur\u015fu ve konservelerinizi endi\u015felenmeden yapabilirsiniz.<\/li>\n<\/ol>\n<h2>Temel \u00d6zellikler<\/h2>\n<table style=\"border-collapse: collapse; width: 80%; margin-left: auto; margin-right: auto;\" border=\"0\" width=\"216\" cellspacing=\"0\" cellpadding=\"0\">\n<tbody>\n<tr style=\"height: 13.50pt;\">\n<td style=\"height: 13.5pt; width: 54pt; text-align: center;\" width=\"72\" height=\"18\">Kapasite(ml)<\/td>\n<td style=\"width: 54pt; text-align: center;\" width=\"72\">Boyut (cm)<\/td>\n<td style=\"width: 54pt; text-align: center;\" width=\"72\">\u015eekil<\/td>\n<\/tr>\n<tr style=\"height: 13.50pt;\">\n<td style=\"height: 13.5pt; text-align: center;\" align=\"right\" height=\"18\">80<\/td>\n<td style=\"text-align: center;\">6,9 x 4,4<\/td>\n<td class=\"et2\" style=\"text-align: center;\" rowspan=\"4\">Yuvarlak<\/td>\n<\/tr>\n<tr style=\"height: 13.50pt;\">\n<td style=\"height: 13.5pt; text-align: center;\" align=\"right\" height=\"18\">100<\/td>\n<td style=\"text-align: center;\">7,6 x 4,6<\/td>\n<\/tr>\n<tr style=\"height: 13.50pt;\">\n<td style=\"height: 13.5pt; text-align: center;\" align=\"right\" height=\"18\">150<\/td>\n<td style=\"text-align: center;\">8.0 x 5.4<\/td>\n<\/tr>\n<tr style=\"height: 13.50pt;\">\n<td style=\"height: 13.5pt; text-align: center;\" align=\"right\" height=\"18\">200<\/td>\n<td style=\"text-align: center;\">8,9 x 5,5<\/td>\n<\/tr>\n<\/tbody>\n<\/table>\n<h2>Ba\u015far\u0131 \u00d6rne\u011fi<\/h2>\n<p>Arjantin&#039;de pop\u00fcler bir g\u0131da markas\u0131, \u00fcr\u00fcnlerini olduk\u00e7a sade ve d\u00fczg\u00fcn s\u0131zd\u0131rmazl\u0131\u011f\u0131 olmayan plastik ambalajlarda paketliyordu; bu da d\u00fc\u015f\u00fck yeniden sat\u0131n alma oran\u0131na yol a\u00e7\u0131yordu. Tur\u015fu i\u00e7in bu kal\u0131nla\u015ft\u0131r\u0131lm\u0131\u015f cam kavanozu olu\u015fturmak i\u00e7in bizden yard\u0131m istediler. \u015eeffaf kavanoz, ac\u0131 biber ve ye\u015fil fasulye gibi \u00fcr\u00fcnleri sergilemenin harika bir yoludur. Ayn\u0131 k\u0131rm\u0131z\u0131 \u0131s\u0131ya dayan\u0131kl\u0131 vidal\u0131 kapak ve kabartmal\u0131 marka tasar\u0131m\u0131, \u00fcr\u00fcn\u00fc rafta daha da \u00e7ekici hale getiriyor.<\/p>\n<p>Piyasaya s\u00fcr\u00fclmesinin \u00fczerinden 3 ay ge\u00e7tikten sonra, tur\u015fu \u00fcr\u00fcnlerinin sat\u0131\u015flar\u0131 oran\u0131nda artt\u0131.<\/p>\n<h2>\u00d6zelle\u015ftirme \u0130pu\u00e7lar\u0131n\u0131z<\/h2>\n<p>Bu tur\u015fu kavanozuyla marka konumland\u0131rman\u0131z\u0131 bir \u00fcst seviyeye ta\u015f\u0131mak istiyorsan\u0131z, kavanozun kapasitesine, \u015fi\u015fe kal\u0131nl\u0131\u011f\u0131na ve \u015feffafl\u0131\u011f\u0131na odaklanabilirsiniz. \u00dcr\u00fcn\u00fcn rengine ba\u011fl\u0131 olarak parlak veya daha sade bir cam versiyonu se\u00e7ilebilir ve malzemeyi \u00f6ne \u00e7\u0131karmak i\u00e7in ki\u015fiselle\u015ftirilmi\u015f metal veya elektroliz kaplama kapak kullan\u0131labilir. Ayr\u0131ca, \u015fi\u015fenin omuz veya alt k\u0131sm\u0131na \u00f6zel kabartma desenler ekleyerek tur\u015fu kavanozunu rafta daha \u00e7ok \u00f6ne \u00e7\u0131karabilirsiniz. Bunun yan\u0131 s\u0131ra, e-ticaret veya hediye kutusu kanallar\u0131 i\u00e7in daha uyumlu bir g\u00f6r\u00fcn\u00fcm elde etmek amac\u0131yla renkli etiketler, patlamaya dayan\u0131kl\u0131 contalar veya kombinasyon ambalajlar \u00f6zelle\u015ftirilebilir.<\/p>","protected":false},"excerpt":{"rendered":"<p>Kal\u0131n, g\u0131daya uygun camdan yap\u0131lm\u0131\u015f tur\u015fu kavanozu. Bu tur\u015fu cam kavanozu, toplu sipari\u015fleri, fabrikadan do\u011frudan tedariki ve \u00f6zelle\u015ftirilebilir kapak ve markalama se\u00e7eneklerini destekler.<\/p>","protected":false},"featured_media":3576,"template":"","meta":{"postBodyCss":"","postBodyMargin":[],"postBodyPadding":[],"postBodyBackground":{"backgroundType":"classic","gradient":""}},"product_brand":[],"product_cat":[15,17,55],"product_tag":[],"class_list":{"0":"post-3575","1":"product","2":"type-product","3":"status-publish","4":"has-post-thumbnail","6":"product_cat-glass-containers","7":"product_cat-glass-jars","8":"product_cat-pickle-jars","10":"first","11":"instock","12":"shipping-taxable","13":"product-type-simple"},"jetpack_sharing_enabled":true,"_links":{"self":[{"href":"https:\/\/minghanggroup.com\/tr\/wp-json\/wp\/v2\/product\/3575","targetHints":{"allow":["GET"]}}],"collection":[{"href":"https:\/\/minghanggroup.com\/tr\/wp-json\/wp\/v2\/product"}],"about":[{"href":"https:\/\/minghanggroup.com\/tr\/wp-json\/wp\/v2\/types\/product"}],"wp:featuredmedia":[{"embeddable":true,"href":"https:\/\/minghanggroup.com\/tr\/wp-json\/wp\/v2\/media\/3576"}],"wp:attachment":[{"href":"https:\/\/minghanggroup.com\/tr\/wp-json\/wp\/v2\/media?parent=3575"}],"wp:term":[{"taxonomy":"product_brand","embeddable":true,"href":"https:\/\/minghanggroup.com\/tr\/wp-json\/wp\/v2\/product_brand?post=3575"},{"taxonomy":"product_cat","embeddable":true,"href":"https:\/\/minghanggroup.com\/tr\/wp-json\/wp\/v2\/product_cat?post=3575"},{"taxonomy":"product_tag","embeddable":true,"href":"https:\/\/minghanggroup.com\/tr\/wp-json\/wp\/v2\/product_tag?post=3575"}],"curies":[{"name":"wp","href":"https:\/\/api.w.org\/{rel}","templated":true}]}}