{"id":3566,"date":"2025-11-20T14:44:56","date_gmt":"2025-11-20T06:44:56","guid":{"rendered":"https:\/\/minghanggroup.com\/?post_type=product&#038;p=3566"},"modified":"2026-01-20T14:04:52","modified_gmt":"2026-01-20T06:04:52","slug":"wholesale-glass-flip-top-water-bottles-with-handle","status":"publish","type":"product","link":"https:\/\/minghanggroup.com\/tr\/urun\/wholesale-glass-flip-top-water-bottles-with-handle\/","title":{"rendered":"Toptan Sapl\u0131 Cam Kapakl\u0131 Su \u015ei\u015feleri 250ml 350ml 500ml"},"content":{"rendered":"<p>Bu kapakl\u0131 su \u015fi\u015feleri \u015feffaf camdan yap\u0131lm\u0131\u015ft\u0131r ve elde ta\u015f\u0131mak i\u00e7in pratik bir sapa sahiptir. Kapak metal bir toka ile sabitlenmi\u015ftir. Bu kapakl\u0131 \u015fi\u015feler, gazl\u0131 i\u00e7ecekler, meyveli su veya v\u00fccudun d\u00fczenli su ihtiyac\u0131n\u0131 kar\u015f\u0131lamak i\u00e7in harika olabilir.<\/p>\n<h2>\u00dcr\u00fcn \u00d6zellikleri<\/h2>\n<ul>\n<li><strong>\u015eeffaf Cam Malzemesi:<\/strong> \u015ei\u015fe \u015feffaf camdan yap\u0131lm\u0131\u015f, bu da rengi, s\u0131v\u0131n\u0131n miktar\u0131n\u0131 ve gazl\u0131 m\u0131 gazs\u0131z m\u0131 oldu\u011funu g\u00f6rsel olarak g\u00f6rmeyi kolayla\u015ft\u0131r\u0131yor.<\/li>\n<li><strong>Kulp Fikri:<\/strong> \u015ei\u015fe, s\u0131k\u0131ca tutulmas\u0131na yard\u0131mc\u0131 olan ve ayn\u0131 zamanda ta\u015f\u0131ma i\u015flemini daha kolay hale getiren bir sapla donat\u0131lm\u0131\u015ft\u0131r. Ayr\u0131ca, genellikle pazarlama amac\u0131yla kullan\u0131lan \u00fcr\u00fcn y\u00fczey alan\u0131 geni\u015fletilmi\u015ftir.<\/li>\n<li><strong>\u00dc\u00e7 Boyut Aral\u0131\u011f\u0131:<\/strong> K\u00fc\u00e7\u00fck, orta ve b\u00fcy\u00fck boyutlar\u0131yla; maden suyu, i\u00e7ecek ve di\u011fer s\u0131v\u0131lar\u0131n farkl\u0131 depolama ihtiya\u00e7lar\u0131n\u0131 kar\u015f\u0131lamak m\u00fcmk\u00fcnd\u00fcr.<\/li>\n<\/ul>\n<h2 style=\"text-align: left;\">Temel \u00d6zellikler<\/h2>\n<table class=\"aligncenter\" style=\"border-collapse: collapse; width: 724.52pt;\" border=\"0\" width=\"966\" cellspacing=\"0\" cellpadding=\"0\">\n<tbody>\n<tr style=\"height: 13.50pt;\">\n<td style=\"height: 13.50pt; width: 142.50pt;\" width=\"190\" height=\"18\">\u00d6zellik<\/td>\n<td style=\"width: 582.00pt;\" width=\"776\">Detaylar<\/td>\n<\/tr>\n<tr style=\"height: 13.50pt;\">\n<td style=\"height: 13.50pt;\" height=\"18\">Kapasite ve Boyutlar<\/td>\n<td>250 ml (8,5 oz) 6,7 \u00d7 17,2 cm\/350 ml (12 oz) 7,6 \u00d7 20 cm\/500 ml (17 oz) 8,7 \u00d7 21,8 cm<\/td>\n<\/tr>\n<tr style=\"height: 13.50pt;\">\n<td style=\"height: 13.50pt;\" height=\"18\">Malzeme<\/td>\n<td>Kal\u0131planm\u0131\u015f yan kulplu \u015feffaf soda-kire\u00e7 cam\u0131<\/td>\n<\/tr>\n<tr style=\"height: 13.50pt;\">\n<td style=\"height: 13.50pt;\" height=\"18\">\u0130deal \u0130\u00e7in<\/td>\n<td>Kapakl\u0131 cam \u015fi\u015fe, kapakl\u0131 su \u015fi\u015feleri<\/td>\n<\/tr>\n<\/tbody>\n<\/table>\n<h2>Ba\u015far\u0131 Hikayesi<\/h2>\n<p>Temel sirke ve besin takviyeleri \u00fcreten bir marka, ambalaj\u0131n\u0131n hem pratik hem de hediye olarak \u00e7ekici olmas\u0131 gerekti\u011fini d\u00fc\u015f\u00fcnerek 350 ml&#039;lik kulplu kapakl\u0131 su \u015fi\u015felerimizi tercih etti. Kulp tasar\u0131m\u0131, bu \u015fi\u015fenin en \u00f6nemli sat\u0131\u015f noktalar\u0131ndan biri olup, ekstra bir zarfa ihtiya\u00e7 duymadan \u015f\u0131k bir hediye kutusu olu\u015fturman\u0131za olanak tan\u0131yor. Kalite kontrol testleri, alt\u0131 ayl\u0131k raf \u00f6mr\u00fcnden sonra bile m\u00fch\u00fcrlerin \u00fcr\u00fcn b\u00fct\u00fcnl\u00fc\u011f\u00fcn\u00fcn &#039;s\u0131n\u0131 korudu\u011funu g\u00f6sterdi. Kullan\u0131\u015fl\u0131 boyutu sayesinde, birim ba\u015f\u0131na sat\u0131n alma hacmi artt\u0131. Ayr\u0131ca, nakliye s\u0131ras\u0131nda s\u0131z\u0131nt\u0131yla ilgili m\u00fc\u015fteri \u015fikayetlerinde &#039;lik bir d\u00fc\u015f\u00fc\u015f e\u011filimi tespit ettiler. \u00dcr\u00fcn performans\u0131ndan \u00e7ok memnun olduklar\u0131 i\u00e7in, yak\u0131n zamanda 200.000 \u015fi\u015felik bir sipari\u015f daha verdiler.<\/p>\n<h2>Flip Top Cam \u015ei\u015fe Kullan\u0131m\u0131 \u0130\u00e7in \u00d6neriler<\/h2>\n<ul>\n<li><strong>Sap Rengi:<\/strong> Plastik kaplamal\u0131 metal kulpun rengini markalama ihtiyac\u0131n\u0131za g\u00f6re ayarlay\u0131n.<\/li>\n<li><strong>Cam Filmi:<\/strong> E\u011fer i\u00e7erik \u0131\u015f\u0131\u011fa duyarl\u0131ysa veya \u00fcr\u00fcn\u00fcn\u00fcz \u00f6zg\u00fcn bir g\u00f6rsel ar\u0131yorsa kehribar veya kobalt mavisi cam\u0131 tercih edebilirsiniz.<\/li>\n<li><strong>Bask\u0131l\u0131 Logo:<\/strong> Logonuzu \u015fi\u015fenin alt\u0131na veya omzuna koyun.<\/li>\n<li><strong>Etiket Paneli:<\/strong> Kolay ve d\u00fczg\u00fcn etiket uygulamas\u0131 i\u00e7in \u015fi\u015fe kal\u0131b\u0131na d\u00fcz bir etiket paneli yerle\u015ftirilmi\u015ftir.<\/li>\n<\/ul>","protected":false},"excerpt":{"rendered":"<p>Bu kulplu kapakl\u0131 cam \u015fi\u015fe tasar\u0131mlar\u0131, g\u00fcvenli metal kilitlere sahiptir ve \u00fc\u00e7 farkl\u0131 boyutta mevcuttur. Toplu sipari\u015fler i\u00e7in h\u0131zl\u0131 kargo imkan\u0131 sunan ideal kapakl\u0131 su \u015fi\u015feleridir.<\/p>","protected":false},"featured_media":3567,"template":"","meta":{"postBodyCss":"","postBodyMargin":[],"postBodyPadding":[],"postBodyBackground":{"backgroundType":"classic","gradient":""}},"product_brand":[],"product_cat":[15,16,56],"product_tag":[72,78],"class_list":{"0":"post-3566","1":"product","2":"type-product","3":"status-publish","4":"has-post-thumbnail","6":"product_cat-glass-containers","7":"product_cat-glass-bottles","8":"product_cat-flip-top-bottles","9":"product_tag-juice-bottles","10":"product_tag-water-bottles","12":"first","13":"instock","14":"shipping-taxable","15":"product-type-simple"},"jetpack_sharing_enabled":true,"_links":{"self":[{"href":"https:\/\/minghanggroup.com\/tr\/wp-json\/wp\/v2\/product\/3566","targetHints":{"allow":["GET"]}}],"collection":[{"href":"https:\/\/minghanggroup.com\/tr\/wp-json\/wp\/v2\/product"}],"about":[{"href":"https:\/\/minghanggroup.com\/tr\/wp-json\/wp\/v2\/types\/product"}],"wp:featuredmedia":[{"embeddable":true,"href":"https:\/\/minghanggroup.com\/tr\/wp-json\/wp\/v2\/media\/3567"}],"wp:attachment":[{"href":"https:\/\/minghanggroup.com\/tr\/wp-json\/wp\/v2\/media?parent=3566"}],"wp:term":[{"taxonomy":"product_brand","embeddable":true,"href":"https:\/\/minghanggroup.com\/tr\/wp-json\/wp\/v2\/product_brand?post=3566"},{"taxonomy":"product_cat","embeddable":true,"href":"https:\/\/minghanggroup.com\/tr\/wp-json\/wp\/v2\/product_cat?post=3566"},{"taxonomy":"product_tag","embeddable":true,"href":"https:\/\/minghanggroup.com\/tr\/wp-json\/wp\/v2\/product_tag?post=3566"}],"curies":[{"name":"wp","href":"https:\/\/api.w.org\/{rel}","templated":true}]}}