{"id":3561,"date":"2025-11-20T13:24:42","date_gmt":"2025-11-20T05:24:42","guid":{"rendered":"https:\/\/minghanggroup.com\/?post_type=product&#038;p=3561"},"modified":"2026-01-20T14:04:43","modified_gmt":"2026-01-20T06:04:43","slug":"custom-32-oz-swing-top-bottle-with-handle","status":"publish","type":"product","link":"https:\/\/minghanggroup.com\/tr\/urun\/custom-32-oz-swing-top-bottle-with-handle\/","title":{"rendered":"\u00d6zel 16 oz 32 oz Sapl\u0131 Sal\u0131ncakl\u0131 Kapakl\u0131 Cam \u015ei\u015fe"},"content":{"rendered":"<p>Bunlar, kapa\u011f\u0131 yerinde tutmak i\u00e7in kullan\u0131lan metal klipslere sahip, \u015feffaf camdan, a\u00e7\u0131l\u0131r kapan\u0131r kapakl\u0131 \u015fi\u015felerdir. Sadece \u00e7a\u011fda\u015f ve \u015f\u0131k bir g\u00f6r\u00fcn\u00fcm sunmakla kalmaz, ayn\u0131 zamanda sa\u011flam bir kapan\u0131\u015f sa\u011flarlar ve \u015feffaf cam, i\u00e7indekileri \u015f\u00fcpheye yer b\u0131rakmadan g\u00f6rmenizi sa\u011flar.<\/p>\n<h2>\u00dcr\u00fcn \u00d6zellikleri<\/h2>\n<ul>\n<li><strong>\u015eeffaf Cam Malzemesi:<\/strong> \u015eeffaf cam, i\u00e7indekilerin rengini ve miktar\u0131n\u0131 g\u00f6rmeyi \u00e7ok kolayla\u015ft\u0131r\u0131r, bu ayn\u0131 zamanda tan\u0131mlama ve inceleme ama\u00e7lar\u0131 i\u00e7in de faydal\u0131d\u0131r.<\/li>\n<li><strong>Kullan\u0131m\u0131 Kolay S\u0131zd\u0131rmazl\u0131k Mekanizmas\u0131:<\/strong> Metal klipsler sayesinde \u015fi\u015feler iyi bir s\u0131zd\u0131rmazl\u0131k performans\u0131 sa\u011flayarak, i\u00e7eri\u011fin tazeli\u011fini etkili bir \u015fekilde koruyabilir ve i\u015flem herhangi bir zorluk ya\u015famadan ger\u00e7ekle\u015ftirilebilir.<\/li>\n<li><strong>\u00c9 no mercado atacadista de garrafas de \u00f3leo que se encontra a combina\u00e7\u00e3o de uma oportunidade de crescimento significativo e os riscos inerentes que devem ser geridos com prud\u00eancia.<\/strong> \u015eapkalarda siyah ve ye\u015fil olmak \u00fczere iki renk se\u00e7ene\u011fi mevcut oldu\u011fundan, kullan\u0131c\u0131lar kendi tercihlerine veya kullan\u0131m ama\u00e7lar\u0131na g\u00f6re karar verebilecek ve bu durum \u00fcr\u00fcn yelpazesinin geni\u015fletilmesinde de faydal\u0131 olacakt\u0131r.<\/li>\n<\/ul>\n<h2 style=\"text-align: left;\">Temel \u00d6zellikler<\/h2>\n<table class=\"aligncenter\" style=\"border-collapse: collapse; width: 392.27pt;\" border=\"0\" width=\"523\" cellspacing=\"0\" cellpadding=\"0\">\n<tbody>\n<tr style=\"height: 13.50pt;\">\n<td style=\"height: 13.50pt; width: 87.75pt;\" width=\"117\" height=\"18\">\u00d6zellik<\/td>\n<td style=\"width: 304.50pt;\" width=\"406\">Detaylar<\/td>\n<\/tr>\n<tr style=\"height: 13.50pt;\">\n<td style=\"height: 13.50pt;\" height=\"18\">Boyutlar<\/td>\n<td>500 ml (16 oz) 8 cm \u00d7 23 cm \/ 1000 ml (32 oz) 10 cm \u00d7 29 cm<\/td>\n<\/tr>\n<tr style=\"height: 13.50pt;\">\n<td style=\"height: 13.50pt;\" height=\"18\">Cam T\u00fcr\u00fc<\/td>\n<td>Berrak soda-kire\u00e7 cam\u0131<\/td>\n<\/tr>\n<tr style=\"height: 13.50pt;\">\n<td style=\"height: 13.50pt;\" height=\"18\">\u0130deal \u0130\u00e7in<\/td>\n<td>Bira yap\u0131m\u0131, kombu\u00e7a, soda, \u015farap yap\u0131m\u0131<\/td>\n<\/tr>\n<\/tbody>\n<\/table>\n<h2>Craft Soda Ba\u015far\u0131 Hikayesi<\/h2>\n<p>Do\u011fal el yap\u0131m\u0131 soda \u00fcreten bir giri\u015fim, hem g\u00fc\u00e7l\u00fc karbonasyonu koruyan hem de \u00fcr\u00fcnlerini rafta cazip k\u0131lan bir ambalaja ihtiya\u00e7 duyuyordu. Kulplu tasar\u0131ma sahip 32 onsluk sallanan kapakl\u0131 \u015fi\u015felerimizi se\u00e7tiler. Sonu\u00e7lar son derece iyiydi: stabilite testleri, 120 g\u00fcn sonra karbonasyon seviyesinin oldu\u011funu g\u00f6sterdi; bu da sekt\u00f6r standartlar\u0131n\u0131n \u00e7ok \u00fczerindeydi. Yenilik\u00e7i kulp tasar\u0131m\u0131, \u00f6nceki ambalaja k\u0131yasla sat\u0131\u015f d\u00f6n\u00fc\u015f\u00fcm oranlar\u0131nda &#039;l\u0131k bir art\u0131\u015f sa\u011flad\u0131. Ayr\u0131ca, g\u00fc\u00e7l\u00fc cam \u015fi\u015felerin kullan\u0131m\u0131 sayesinde sevkiyat s\u0131ras\u0131nda k\u0131r\u0131lma oran\u0131n\u0131n oran\u0131nda d\u00fc\u015ft\u00fc\u011f\u00fcn\u00fc belirttiler. Ba\u015far\u0131 o kadar b\u00fcy\u00fckt\u00fc ki, \u00fclke \u00e7ap\u0131ndaki b\u00fcy\u00fcmelerini kolayla\u015ft\u0131rmak i\u00e7in yak\u0131n zamanda 350.000 \u015fi\u015felik bir sipari\u015f daha verdiler.<\/p>\n<h2>Vidal\u0131 Kapakl\u0131 \u015ei\u015felerinizi Ki\u015fiselle\u015ftirin<\/h2>\n<ul>\n<li><strong>Kapak\u200b\u200d\u200b\u200c\u200d\u200b\u200d\u200c\u200b\u200d\u200b\u200c\u200d\u200b\u200d\u200c Rengi:<\/strong> Markan\u0131z\u0131n renk d\u00fczenine uygun siyah, alt\u0131n veya g\u00fcm\u00fc\u015f gibi metal bir kapak se\u00e7in.<\/li>\n<li><strong>\u015ei\u015fe Rengi:<\/strong> Bira i\u00e7in daha iyi olan kehribar veya ye\u015fil cam \u015fi\u015feler kullan\u0131n. Bunlar \u0131\u015f\u0131\u011f\u0131 engelleyerek biran\u0131n lezzetini ve tazeli\u011fini kaybetmesine neden olabilir.<\/li>\n<li><strong>Seramik \u00c7\u0131kartma (ACL):<\/strong> Seramik etiket ile \u00fcr\u00fcn\u00fcn\u00fcz\u00fcn vintage Grolsch tarz\u0131nda g\u00f6r\u00fcnmesini sa\u011flay\u0131n. Bu, etiketi do\u011frudan cam \u015fi\u015feye pi\u015firmenin son derece dayan\u0131kl\u0131 bir y\u00f6ntemidir.<\/li>\n<\/ul>\n<p>Toplu kapakl\u0131 \u015fi\u015fe sipari\u015fi vermeye haz\u0131r m\u0131s\u0131n\u0131z? 16 oz ve 32 oz kapakl\u0131 \u015fi\u015felerin toptan sat\u0131\u015f fiyatlar\u0131 ve ki\u015fiselle\u015ftirme se\u00e7enekleri hakk\u0131nda bilgi almak i\u00e7in l\u00fctfen bizimle ileti\u015fime ge\u00e7in.<\/p>","protected":false},"excerpt":{"rendered":"<p>16 oz ve 32 oz&#039;luk sallanan kapakl\u0131 \u015fi\u015felerimiz, \u015feffaf cam g\u00f6vde, kulp tasar\u0131m\u0131 ve metal kilit ile h\u0131zl\u0131 kargo ile birinci s\u0131n\u0131f sallanan kapakl\u0131 \u015fi\u015fe \u00e7\u00f6z\u00fcm\u00fc sunar.<\/p>","protected":false},"featured_media":3563,"template":"","meta":{"postBodyCss":"","postBodyMargin":[],"postBodyPadding":[],"postBodyBackground":{"backgroundType":"classic","gradient":""}},"product_brand":[],"product_cat":[15,16,56],"product_tag":[72],"class_list":{"0":"post-3561","1":"product","2":"type-product","3":"status-publish","4":"has-post-thumbnail","6":"product_cat-glass-containers","7":"product_cat-glass-bottles","8":"product_cat-flip-top-bottles","9":"product_tag-juice-bottles","11":"first","12":"instock","13":"shipping-taxable","14":"product-type-simple"},"jetpack_sharing_enabled":true,"_links":{"self":[{"href":"https:\/\/minghanggroup.com\/tr\/wp-json\/wp\/v2\/product\/3561","targetHints":{"allow":["GET"]}}],"collection":[{"href":"https:\/\/minghanggroup.com\/tr\/wp-json\/wp\/v2\/product"}],"about":[{"href":"https:\/\/minghanggroup.com\/tr\/wp-json\/wp\/v2\/types\/product"}],"wp:featuredmedia":[{"embeddable":true,"href":"https:\/\/minghanggroup.com\/tr\/wp-json\/wp\/v2\/media\/3563"}],"wp:attachment":[{"href":"https:\/\/minghanggroup.com\/tr\/wp-json\/wp\/v2\/media?parent=3561"}],"wp:term":[{"taxonomy":"product_brand","embeddable":true,"href":"https:\/\/minghanggroup.com\/tr\/wp-json\/wp\/v2\/product_brand?post=3561"},{"taxonomy":"product_cat","embeddable":true,"href":"https:\/\/minghanggroup.com\/tr\/wp-json\/wp\/v2\/product_cat?post=3561"},{"taxonomy":"product_tag","embeddable":true,"href":"https:\/\/minghanggroup.com\/tr\/wp-json\/wp\/v2\/product_tag?post=3561"}],"curies":[{"name":"wp","href":"https:\/\/api.w.org\/{rel}","templated":true}]}}