{"id":3556,"date":"2025-11-20T13:05:58","date_gmt":"2025-11-20T05:05:58","guid":{"rendered":"https:\/\/minghanggroup.com\/?post_type=product&#038;p=3556"},"modified":"2026-01-20T14:04:11","modified_gmt":"2026-01-20T06:04:11","slug":"bulk-empty-clear-glass-bottle-with-flip-tops","status":"publish","type":"product","link":"https:\/\/minghanggroup.com\/tr\/urun\/bulk-empty-clear-glass-bottle-with-flip-tops\/","title":{"rendered":"465 ml&#039;lik Kapakl\u0131 Bo\u015f \u015eeffaf Cam \u015ei\u015fe"},"content":{"rendered":"<p>\u015eeffaf cam \u015fi\u015fe, kapakl\u0131 ve g\u00f6mme g\u00f6vde tasar\u0131m\u0131na sahip olup metal ge\u00e7meli bir kapakla s\u00fcslenmi\u015ftir. \u0130yi bir s\u0131zd\u0131rmazl\u0131k sa\u011flaman\u0131n yan\u0131 s\u0131ra, \u015f\u0131k bir ambalaj\u0131n \u00e7ekici \u00f6zelliklerine de sahiptir.<\/p>\n<h2>\u00dcr\u00fcn \u00d6zellikleri<\/h2>\n<ul>\n<li><strong>\u015eeffaf Cam Malzemesi:<\/strong> \u015eeffaf cam g\u00f6vdesi sayesinde s\u0131v\u0131n\u0131n rengi ve kalan hacmi kolayca g\u00f6r\u00fclebilmekte, b\u00f6ylece hem tan\u0131mlamaya hem de muayeneye yard\u0131mc\u0131 olmaktad\u0131r.<\/li>\n<li><strong>G\u00f6mme G\u00f6vde Tasar\u0131m\u0131:<\/strong> G\u00f6mme tasar\u0131m \u00fcr\u00fcn\u00fc g\u00fczelle\u015ftirip daha g\u00f6r\u00fcn\u00fcr hale getirmenin yan\u0131 s\u0131ra daha iyi bir tutu\u015f sa\u011fl\u0131yor.<\/li>\n<li><strong>Ge\u00e7meli S\u0131zd\u0131rmazl\u0131k Tasar\u0131m\u0131:<\/strong> Metal \u00e7\u0131t\u00e7\u0131tl\u0131 kapa\u011f\u0131 ile m\u00fckemmel bir s\u0131zd\u0131rmazl\u0131k performans\u0131 ve kolay a\u00e7\u0131l\u0131p kapanma \u00f6zelli\u011fi sa\u011flar.<\/li>\n<\/ul>\n<h2 style=\"text-align: left;\">Temel \u00d6zellikler<\/h2>\n<table class=\"aligncenter\" style=\"border-collapse: collapse; width: 370.52pt;\" border=\"0\" width=\"494\" cellspacing=\"0\" cellpadding=\"0\">\n<tbody>\n<tr style=\"height: 13.50pt;\">\n<td style=\"height: 13.50pt; width: 105.75pt;\" width=\"141\" height=\"18\">\u015eartname<\/td>\n<td style=\"width: 264.75pt;\" width=\"353\">Detay<\/td>\n<\/tr>\n<tr style=\"height: 13.50pt;\">\n<td style=\"height: 13.50pt;\" height=\"18\">Kapasite<\/td>\n<td>465 ml<\/td>\n<\/tr>\n<tr style=\"height: 13.50pt;\">\n<td style=\"height: 13.50pt;\" height=\"18\">Boyutlar<\/td>\n<td>22,3 cm \u00d7 7,75 cm<\/td>\n<\/tr>\n<tr style=\"height: 13.50pt;\">\n<td style=\"height: 13.50pt;\" height=\"18\">Cam T\u00fcr\u00fc<\/td>\n<td>Y\u00fcksek berrakl\u0131kta \u015feffaf soda-kire\u00e7 cam\u0131<\/td>\n<\/tr>\n<tr style=\"height: 13.50pt;\">\n<td style=\"height: 13.50pt;\" height=\"18\">\u0130deal \u0130\u00e7in<\/td>\n<td>Kapakl\u0131 \u015fi\u015feler, sallanan kapakl\u0131 \u015fi\u015feler<\/td>\n<\/tr>\n<\/tbody>\n<\/table>\n<h2>Ba\u015far\u0131 Hikayesi<\/h2>\n<p>\u00c7o\u011funlukla Bel\u00e7ika tarz\u0131 biralar \u00fcreten k\u00fc\u00e7\u00fck bir bira fabrikas\u0131yd\u0131 ve biralar\u0131n\u0131, markalar\u0131n\u0131n \u00fcst d\u00fczey oldu\u011funu g\u00f6sterecek \u015fekilde paketlemek istiyordu. 465 ml&#039;lik kapakl\u0131 \u015fi\u015feleri tercih ettiler. 120 g\u00fcn sonra, kapakl\u0131 conta hala \u00e7ok etkiliydi ve karbonasyonun yaln\u0131zca %2&#039;si kaybolmu\u015ftu. \u015ei\u015feleme hatt\u0131ndaki personel, g\u00f6m\u00fcl\u00fc g\u00f6vde tasar\u0131m\u0131n\u0131 kullanarak kaza say\u0131s\u0131n\u0131 oran\u0131nda azaltmay\u0131 ba\u015fard\u0131. Buna ek olarak, \u015fi\u015felerin farkl\u0131 g\u00f6r\u00fcn\u00fcm\u00fcn\u00fcn, normal \u015fi\u015felere k\u0131yasla perakende sat\u0131\u015flarda &#039;lik bir art\u0131\u015fa yol a\u00e7t\u0131\u011f\u0131n\u0131 ke\u015ffettiler. Ba\u015far\u0131l\u0131 lansmanlar\u0131, yeni pazar geni\u015flemelerini kolayla\u015ft\u0131rmak i\u00e7in 300.000 \u015fi\u015fe daha sipari\u015f etme karar\u0131 almalar\u0131na yol a\u00e7t\u0131.<\/p>\n<h2>\u00d6zelle\u015ftirme \u00d6nerileri<\/h2>\n<ul>\n<li><strong>S\u0131zd\u0131rmazl\u0131k Halkas\u0131 Rengi:<\/strong> Silikon conta halkas\u0131 i\u00e7in al\u0131\u015f\u0131lagelmi\u015f k\u0131rm\u0131z\u0131 rengin yan\u0131 s\u0131ra farkl\u0131 renk se\u00e7enekleri de mevcut.<\/li>\n<li><strong>Cam Rengi:<\/strong> Bira gibi \u0131\u015f\u0131\u011fa duyarl\u0131 \u00fcr\u00fcnler i\u00e7in kehribar veya ye\u015fil renkli camlar mevcuttur.<\/li>\n<li><strong>Serigrafi Bask\u0131:<\/strong> Uzun \u00f6m\u00fcrl\u00fc, tam renkli grafikler do\u011frudan cam y\u00fczeye bas\u0131lmaktad\u0131r.<\/li>\n<li><strong>Buzlu Etki:<\/strong> Cam\u0131n tamam\u0131na veya bir k\u0131sm\u0131na mat veya buzlu efekt verilebilir.<\/li>\n<\/ul>","protected":false},"excerpt":{"rendered":"<p>Kapakl\u0131 ve g\u00fcvenli metal kilitli \u015fi\u015felere sahip bu \u015f\u0131k, \u015feffaf cam \u015fi\u015feyle i\u00e7eceklerinizi taze tutun. H\u0131zl\u0131 kargo ve toplu sipari\u015fler i\u00e7in haz\u0131r.<\/p>","protected":false},"featured_media":3559,"template":"","meta":{"postBodyCss":"","postBodyMargin":[],"postBodyPadding":[],"postBodyBackground":{"backgroundType":"classic","gradient":""}},"product_brand":[],"product_cat":[15,16,56],"product_tag":[72,78],"class_list":{"0":"post-3556","1":"product","2":"type-product","3":"status-publish","4":"has-post-thumbnail","6":"product_cat-glass-containers","7":"product_cat-glass-bottles","8":"product_cat-flip-top-bottles","9":"product_tag-juice-bottles","10":"product_tag-water-bottles","12":"first","13":"instock","14":"shipping-taxable","15":"product-type-simple"},"jetpack_sharing_enabled":true,"_links":{"self":[{"href":"https:\/\/minghanggroup.com\/tr\/wp-json\/wp\/v2\/product\/3556","targetHints":{"allow":["GET"]}}],"collection":[{"href":"https:\/\/minghanggroup.com\/tr\/wp-json\/wp\/v2\/product"}],"about":[{"href":"https:\/\/minghanggroup.com\/tr\/wp-json\/wp\/v2\/types\/product"}],"wp:featuredmedia":[{"embeddable":true,"href":"https:\/\/minghanggroup.com\/tr\/wp-json\/wp\/v2\/media\/3559"}],"wp:attachment":[{"href":"https:\/\/minghanggroup.com\/tr\/wp-json\/wp\/v2\/media?parent=3556"}],"wp:term":[{"taxonomy":"product_brand","embeddable":true,"href":"https:\/\/minghanggroup.com\/tr\/wp-json\/wp\/v2\/product_brand?post=3556"},{"taxonomy":"product_cat","embeddable":true,"href":"https:\/\/minghanggroup.com\/tr\/wp-json\/wp\/v2\/product_cat?post=3556"},{"taxonomy":"product_tag","embeddable":true,"href":"https:\/\/minghanggroup.com\/tr\/wp-json\/wp\/v2\/product_tag?post=3556"}],"curies":[{"name":"wp","href":"https:\/\/api.w.org\/{rel}","templated":true}]}}