{"id":3551,"date":"2025-11-20T08:58:25","date_gmt":"2025-11-20T00:58:25","guid":{"rendered":"https:\/\/minghanggroup.com\/?post_type=product&#038;p=3551"},"modified":"2026-01-20T14:04:17","modified_gmt":"2026-01-20T06:04:17","slug":"wholesale-glass-flip-top-water-bottles-with-metal-handle","status":"publish","type":"product","link":"https:\/\/minghanggroup.com\/tr\/urun\/wholesale-glass-flip-top-water-bottles-with-metal-handle\/","title":{"rendered":"Toptan Metal Sapl\u0131 Cam Kapakl\u0131 Su \u015ei\u015feleri 600ml 1000ml"},"content":{"rendered":"<p>Bu kapakl\u0131 su \u015fi\u015fesi, ince, zarif ve silindirik bir g\u00f6vdeye sahip, \u015feffaf bir camd\u0131r. Cam, metal bir kapak ve kullan\u0131\u015fl\u0131 bir metal sapla s\u00fcslenmi\u015ftir.<\/p>\n<h2>\u00dcr\u00fcn \u00d6zellikleri<\/h2>\n<ul>\n<li><strong>An\u0131nda A\u00e7\u0131lan S\u0131zd\u0131rmazl\u0131k Tasar\u0131m\u0131:<\/strong> \u00dczerinde bulunan metal ge\u00e7meli t\u0131pa sayesinde s\u0131zd\u0131rmazl\u0131k performans\u0131 \u00fcst d\u00fczeyde olup, saklanan s\u0131v\u0131n\u0131n tazeli\u011fi uzun s\u00fcre korunur.<\/li>\n<li><strong>Metal Sap:<\/strong> \u015ei\u015fenin \u00fczerindeki metal k\u0131s\u0131m, d\u0131\u015far\u0131da ve hareket halindeyken hem kolay ta\u015f\u0131ma hem de rahat kullan\u0131m imk\u00e2n\u0131 sa\u011fl\u0131yor.<\/li>\n<li><strong>\u0130nce Yuvarlak \u015eekilli G\u00f6vde:<\/strong> M\u00fckemmel bir tutu\u015f sa\u011flayan ince, yuvarlak ve temiz \u00e7izgili g\u00f6vdesi, hem kolay hem de kullan\u0131\u015fl\u0131 bir \u015fekilde saklanabilmesi sayesinde hem paket servis hem de evde kullan\u0131ma uygundur.<\/li>\n<\/ul>\n<h2 style=\"text-align: left;\">Temel \u00d6zellikler<\/h2>\n<table class=\"aligncenter\" width=\"632\">\n<tbody>\n<tr>\n<td width=\"141\">\u015eartname<\/td>\n<td width=\"491\">Detay<\/td>\n<\/tr>\n<tr>\n<td>Boyutlar<\/td>\n<td>600 ml (20 oz): 23,7 cm \u00d7 7,4 cm \/ 1000 ml (32 oz): 28,9 cm \u00d7 8,1 cm<\/td>\n<\/tr>\n<tr>\n<td>Cam T\u00fcr\u00fc<\/td>\n<td>Y\u00fcksek berrakl\u0131kta \u015feffaf soda-kire\u00e7 cam\u0131<\/td>\n<\/tr>\n<tr>\n<td>\u0130deal \u0130\u00e7in<\/td>\n<td>Cam kapakl\u0131 \u015fi\u015feler, kapakl\u0131 su \u015fi\u015feleri<\/td>\n<\/tr>\n<\/tbody>\n<\/table>\n<h2>Ba\u015far\u0131 Hikayesi<\/h2>\n<p>\u00d6zellikle el yap\u0131m\u0131 soda ve buzlu \u00e7aya odaklanan, \u00fcnl\u00fc bir \u015firket, gazl\u0131 i\u00e7eceklerin i\u015flevsel ihtiya\u00e7lar\u0131n\u0131 kar\u015f\u0131layan bir \u00fcr\u00fcn talep etti. Sonunda, kulplu, \u015feffaf cam kapakl\u0131 su \u015fi\u015femizi se\u00e7tiler. M\u00fckemmel kapa\u011f\u0131 sayesinde, 90 g\u00fcn sonra bile karbonat i\u00e7eri\u011finin &#039;ini koruyabildi. Ayr\u0131ca, geri sat\u0131n alma oranlar\u0131nda &#039;luk bir art\u0131\u015f bildirdiler. M\u00fc\u015fterilerin yard\u0131m\u0131yla, kulp tasar\u0131m\u0131 sayesinde sosyal medya payla\u015f\u0131m oran\u0131 artt\u0131. \u00dcr\u00fcn\u00fcn performans\u0131na dayanarak, \u00e7ok ho\u015f kar\u015f\u0131land\u0131lar ve yak\u0131n zamanda 500.000 \u015fi\u015fe daha sipari\u015f verdiler.<\/p>\n<h2>Ki\u015fiselle\u015ftirilmi\u015f Cam Kapakl\u0131 \u015ei\u015feler<\/h2>\n<ul>\n<li><strong>Sap Biti\u015fi:<\/strong> Sap k\u0131sm\u0131 cilal\u0131 g\u00fcm\u00fc\u015f, mat siyah veya alt\u0131n gibi \u00e7e\u015fitli metal kaplamalarla kaplanabilir.<\/li>\n<li><strong>Snap Rengi:<\/strong> Kapakl\u0131 metal \u00e7\u0131t\u00e7\u0131t\u0131n rengi marka logonuzla ayn\u0131 olacak \u015fekilde \u00f6zelle\u015ftirilebilir.<\/li>\n<li><strong>Cam Filmi:<\/strong> I\u015f\u0131\u011fa duyarl\u0131 i\u00e7eceklerinize (\u00f6rne\u011fin bira) uygun UV korumas\u0131 sa\u011flamak i\u00e7in kehribar veya ye\u015fil cam kullan\u0131n.<\/li>\n<li><strong>Serigrafi Bask\u0131:<\/strong> \u00c7ekici tasar\u0131m\u0131n\u0131z\u0131 do\u011frudan cam\u0131n \u00fczerine basmak, \u00e7a\u011fda\u015f ve cesur bir marka imaj\u0131 kazand\u0131r\u0131r.<\/li>\n<\/ul>\n<p>M\u00fc\u015fterilerinizi en rahat al\u0131\u015fveri\u015f deneyimiyle memnun etmek ister misiniz? Kulplu bu \u00e7ok i\u015flevli kapakl\u0131 \u015fi\u015fenin toptan fiyatlar\u0131ndan yararlanmak i\u00e7in bug\u00fcn bizimle ileti\u015fime ge\u00e7ebilirsiniz.<\/p>","protected":false},"excerpt":{"rendered":"<p>Cam kapakl\u0131 \u015fi\u015felerimizle kolay su i\u00e7menin keyfini \u00e7\u0131kar\u0131n. Bu kapakl\u0131 su \u015fi\u015feleri, metal kulplara ve hava ge\u00e7irmez kapaklara sahiptir ve h\u0131zl\u0131 kargoya haz\u0131rd\u0131r.<\/p>","protected":false},"featured_media":3554,"template":"","meta":{"postBodyCss":"","postBodyMargin":[],"postBodyPadding":[],"postBodyBackground":{"backgroundType":"classic","gradient":""}},"product_brand":[],"product_cat":[15,16,56],"product_tag":[72,78],"class_list":{"0":"post-3551","1":"product","2":"type-product","3":"status-publish","4":"has-post-thumbnail","6":"product_cat-glass-containers","7":"product_cat-glass-bottles","8":"product_cat-flip-top-bottles","9":"product_tag-juice-bottles","10":"product_tag-water-bottles","12":"first","13":"instock","14":"shipping-taxable","15":"product-type-simple"},"jetpack_sharing_enabled":true,"_links":{"self":[{"href":"https:\/\/minghanggroup.com\/tr\/wp-json\/wp\/v2\/product\/3551","targetHints":{"allow":["GET"]}}],"collection":[{"href":"https:\/\/minghanggroup.com\/tr\/wp-json\/wp\/v2\/product"}],"about":[{"href":"https:\/\/minghanggroup.com\/tr\/wp-json\/wp\/v2\/types\/product"}],"wp:featuredmedia":[{"embeddable":true,"href":"https:\/\/minghanggroup.com\/tr\/wp-json\/wp\/v2\/media\/3554"}],"wp:attachment":[{"href":"https:\/\/minghanggroup.com\/tr\/wp-json\/wp\/v2\/media?parent=3551"}],"wp:term":[{"taxonomy":"product_brand","embeddable":true,"href":"https:\/\/minghanggroup.com\/tr\/wp-json\/wp\/v2\/product_brand?post=3551"},{"taxonomy":"product_cat","embeddable":true,"href":"https:\/\/minghanggroup.com\/tr\/wp-json\/wp\/v2\/product_cat?post=3551"},{"taxonomy":"product_tag","embeddable":true,"href":"https:\/\/minghanggroup.com\/tr\/wp-json\/wp\/v2\/product_tag?post=3551"}],"curies":[{"name":"wp","href":"https:\/\/api.w.org\/{rel}","templated":true}]}}