{"id":3482,"date":"2025-11-19T16:38:15","date_gmt":"2025-11-19T08:38:15","guid":{"rendered":"https:\/\/minghanggroup.com\/?post_type=product&#038;p=3482"},"modified":"2026-01-20T14:05:10","modified_gmt":"2026-01-20T06:05:10","slug":"wholesale-empty-clear-32-oz-flip-top-bottles","status":"publish","type":"product","link":"https:\/\/minghanggroup.com\/tr\/urun\/wholesale-empty-clear-32-oz-flip-top-bottles\/","title":{"rendered":"Toptan Bo\u015f \u015eeffaf 32 oz Kapakl\u0131 \u015ei\u015feler"},"content":{"rendered":"<p>\u015eeffaf camdan \u00fcretilen kapakl\u0131 \u015fi\u015fe tasar\u0131m\u0131, zarif ve modern bir tasar\u0131ma sahiptir. 32 oz (945 ml) kapasitelidir ve metal bir kapakla birlikte gelir, b\u00f6ylece \u015fi\u015fe minimalist bir tarz ve i\u015flevsel bir tarz\u0131n m\u00fckemmel bir birle\u015fimidir.<\/p>\n<h2>\u00dcr\u00fcn \u00d6zellikleri<\/h2>\n<ul>\n<li><strong>Cam \u015eeffaf Malzeme:<\/strong> \u015eeffaf malzemeden \u00fcretilen cam \u015fi\u015fe, i\u00e7indeki s\u0131v\u0131y\u0131 g\u00fczelce sergilerken, kapakl\u0131 kapa\u011f\u0131 ise \u00fcr\u00fcn\u00fcn taze kalmas\u0131n\u0131 sa\u011flar.<\/li>\n<li><strong>Ge\u00e7meli S\u0131zd\u0131rmazl\u0131k Tasar\u0131m\u0131:<\/strong> Metal \u00e7\u0131t\u00e7\u0131tl\u0131 t\u0131pas\u0131 sayesinde \u00e7ok iyi bir \u015fekilde kapat\u0131lm\u0131\u015f olup, i\u00e7indeki i\u00e7ece\u011fin tazeli\u011fi m\u00fckemmel bir \u015fekilde korunmaktad\u0131r.<\/li>\n<li><strong>\u00c7evre Dostu:<\/strong> Is\u0131ya dayan\u0131kl\u0131 ve kolay temizlenebilen kal\u0131n camlar\u0131n tekrar kullan\u0131lmas\u0131 kesinlikle iyi bir fikir.<\/li>\n<\/ul>\n<h2 style=\"text-align: left;\">Temel \u00d6zellikler<\/h2>\n<table class=\"aligncenter\" style=\"border-collapse: collapse; width: 375.02pt;\" border=\"0\" width=\"500\" cellspacing=\"0\" cellpadding=\"0\">\n<tbody>\n<tr style=\"height: 13.50pt;\">\n<td style=\"height: 13.50pt; width: 93.75pt;\" width=\"125\" height=\"18\">\u015eartname<\/td>\n<td style=\"width: 281.25pt;\" width=\"375\">Detay<\/td>\n<\/tr>\n<tr style=\"height: 13.50pt;\">\n<td style=\"height: 13.50pt;\" height=\"18\">Kapasite<\/td>\n<td>1000 ml (32 oz)<\/td>\n<\/tr>\n<tr style=\"height: 13.50pt;\">\n<td style=\"height: 13.50pt;\" height=\"18\">Boyutlar<\/td>\n<td>29,6 cm \u00d7 8,7 cm<\/td>\n<\/tr>\n<tr style=\"height: 13.50pt;\">\n<td style=\"height: 13.50pt;\" height=\"18\">Cam T\u00fcr\u00fc<\/td>\n<td>Y\u00fcksek berrakl\u0131kta \u015feffaf soda-kire\u00e7 cam\u0131<\/td>\n<\/tr>\n<tr style=\"height: 13.50pt;\">\n<td style=\"height: 13.50pt;\" height=\"18\">\u0130deal \u0130\u00e7in<\/td>\n<td>Kapakl\u0131 \u015fi\u015feler, cam \u015fi\u015fe kaplar\u0131<\/td>\n<\/tr>\n<\/tbody>\n<\/table>\n<h2>Kombucha \u015eirketi Ambalaj Y\u00fckseltmesi - Bir Ba\u015far\u0131 Hikayesi<\/h2>\n<p>H\u0131zla b\u00fcy\u00fcyen bir kombucha markas\u0131n\u0131n, \u00fcr\u00fcn yelpazesi \u00fclke genelindeki perakendecilere geni\u015fledik\u00e7e yenilenmesi gereken ambalaj\u0131, \u015firketin ilk endi\u015fesiydi. \u00dcr\u00fcn yelpazesinin lansman\u0131 i\u00e7in 950 ml&#039;lik kapakl\u0131 \u015fi\u015felerimizi se\u00e7tiler. \u015eeffaf cam \u015fi\u015fenin \u00e7ekici sunumu sayesinde t\u00fcketici al\u0131\u015fveri\u015fleri artt\u0131 ve hava ge\u00e7irmez kapakl\u0131 kapak sayesinde kullan\u0131m s\u00fcresi uzad\u0131. \u015eirket, bu ba\u015far\u0131lar\u0131 de\u011ferlendirdikten sonra b\u00fcy\u00fcmesini te\u015fvik etmek i\u00e7in 550.000 \u015fi\u015felik bir sipari\u015f daha verdi.<\/p>\n<h2>Flip-Top i\u00e7in Ki\u015fiselle\u015ftirme Fikirleri<\/h2>\n<ul>\n<li><strong>\u015ei\u015fe Kabartmal\u0131 Logo:<\/strong> Marka imaj\u0131n\u0131 g\u00fc\u00e7lendirmek i\u00e7in \u015fi\u015fenin omuz k\u0131sm\u0131na k\u00fc\u00e7\u00fck bir kabartma logo eklenebilir.<\/li>\n<li><strong>Boyun Band\u0131 Marka Tan\u0131t\u0131m Alan\u0131:<\/strong> Boyun k\u0131sm\u0131n\u0131n alt\u0131ndaki alan marka tan\u0131t\u0131m\u0131 i\u00e7in kullan\u0131labilir.<\/li>\n<li><strong>\u00d6zel \u015ei\u015fe Taban\u0131 Tasar\u0131m\u0131:<\/strong> Sadece g\u00f6r\u00fcn\u00fcm olarak benzersiz de\u011fil, ayn\u0131 zamanda daha sa\u011flam ve marka bilinirli\u011fini art\u0131rmada daha etkili bir \u015fi\u015fe taban\u0131 tasarlay\u0131n.<\/li>\n<li><strong>Kaymaz Doku:<\/strong> P\u00fcr\u00fczs\u00fcz cam y\u00fczeyde tutu\u015fu iyile\u015ftirmek i\u00e7in dokuland\u0131r\u0131n.<\/li>\n<\/ul>","protected":false},"excerpt":{"rendered":"<p>G\u00fc\u00e7l\u00fc, \u015f\u0131k ve g\u00fcvenli: 32 oz&#039;luk kapakl\u0131 \u015fi\u015felerimiz g\u00fcvenilir saklama imkan\u0131 sunar. Fabrikadan do\u011frudan sat\u0131\u015f fiyat\u0131yla bu kristal berrakl\u0131\u011f\u0131nda kapakl\u0131 \u015fi\u015fe tasar\u0131m\u0131n\u0131 se\u00e7in.<\/p>","protected":false},"featured_media":3491,"template":"","meta":{"postBodyCss":"","postBodyMargin":[],"postBodyPadding":[],"postBodyBackground":{"backgroundType":"classic","gradient":""}},"product_brand":[],"product_cat":[15,16,56],"product_tag":[72,78],"class_list":{"0":"post-3482","1":"product","2":"type-product","3":"status-publish","4":"has-post-thumbnail","6":"product_cat-glass-containers","7":"product_cat-glass-bottles","8":"product_cat-flip-top-bottles","9":"product_tag-juice-bottles","10":"product_tag-water-bottles","12":"first","13":"instock","14":"shipping-taxable","15":"product-type-simple"},"jetpack_sharing_enabled":true,"_links":{"self":[{"href":"https:\/\/minghanggroup.com\/tr\/wp-json\/wp\/v2\/product\/3482","targetHints":{"allow":["GET"]}}],"collection":[{"href":"https:\/\/minghanggroup.com\/tr\/wp-json\/wp\/v2\/product"}],"about":[{"href":"https:\/\/minghanggroup.com\/tr\/wp-json\/wp\/v2\/types\/product"}],"wp:featuredmedia":[{"embeddable":true,"href":"https:\/\/minghanggroup.com\/tr\/wp-json\/wp\/v2\/media\/3491"}],"wp:attachment":[{"href":"https:\/\/minghanggroup.com\/tr\/wp-json\/wp\/v2\/media?parent=3482"}],"wp:term":[{"taxonomy":"product_brand","embeddable":true,"href":"https:\/\/minghanggroup.com\/tr\/wp-json\/wp\/v2\/product_brand?post=3482"},{"taxonomy":"product_cat","embeddable":true,"href":"https:\/\/minghanggroup.com\/tr\/wp-json\/wp\/v2\/product_cat?post=3482"},{"taxonomy":"product_tag","embeddable":true,"href":"https:\/\/minghanggroup.com\/tr\/wp-json\/wp\/v2\/product_tag?post=3482"}],"curies":[{"name":"wp","href":"https:\/\/api.w.org\/{rel}","templated":true}]}}