{"id":3452,"date":"2025-11-19T15:19:52","date_gmt":"2025-11-19T07:19:52","guid":{"rendered":"https:\/\/minghanggroup.com\/?post_type=product&#038;p=3452"},"modified":"2026-01-20T14:07:14","modified_gmt":"2026-01-20T06:07:14","slug":"wholesale-amber-swing-top-glass-bottles","status":"publish","type":"product","link":"https:\/\/minghanggroup.com\/tr\/urun\/wholesale-amber-swing-top-glass-bottles\/","title":{"rendered":"Toptan 32 oz Amber Swing Top Cam \u015ei\u015feler"},"content":{"rendered":"<p>Bu kehribar tonlu a\u00e7\u0131l\u0131r kapakl\u0131 cam \u015fi\u015feler, hem sade hem de zarif, uzun bir \u015fekle sahiptir. K\u0131rm\u0131z\u0131 ve beyaz detaylara sahip metal kapaklarla gelirler. Asl\u0131nda, vidal\u0131 kapakl\u0131 cam \u015fi\u015felerin de\u011fi\u015fmez cazibesini m\u00fckemmel bir \u015fekilde yans\u0131t\u0131rlar.<\/p>\n<h2>\u00dcr\u00fcn \u00d6zellikleri<\/h2>\n<ul>\n<li><strong>Kahverengi Cam Malzemesi:<\/strong> Kahverengi camdan \u00fcretilen bu \u00fcr\u00fcn, bira ve sos gibi s\u0131v\u0131lar\u0131n bozulmas\u0131na neden olabilecek \u0131\u015f\u0131k \u0131\u015f\u0131nlar\u0131n\u0131 etkili bir \u015fekilde engelleyerek kalitesini korur. Ayn\u0131 zamanda, biraz da vintage bir hava katar.<\/li>\n<li><strong>\u0130nce G\u00f6vde:<\/strong> Kavisli y\u00fczeyleri ile ince \u015fi\u015fe, iyi bir tutu\u015f sa\u011flaman\u0131n yan\u0131 s\u0131ra farkl\u0131 saklama senaryolar\u0131 i\u00e7in de etkili bir saklama se\u00e7ene\u011fi sunuyor.<\/li>\n<li><strong>Ge\u00e7meli S\u0131zd\u0131rmazl\u0131k Tasar\u0131m\u0131:<\/strong> K\u0131rm\u0131z\u0131 ve beyaz detaylara sahip metal \u00e7\u0131t\u00e7\u0131tl\u0131 t\u0131pa, \u00e7ok iyi bir kapatma i\u015flevi g\u00f6rerek, en iyi s\u0131zd\u0131rmazl\u0131k performans\u0131n\u0131 sa\u011fl\u0131yor, \u00fcr\u00fcn\u00fcn tazeli\u011fi uzun s\u00fcre korunuyor ve a\u00e7\u0131l\u0131p kapanmas\u0131 olduk\u00e7a rahat.<\/li>\n<\/ul>\n<h2 style=\"text-align: left;\">Temel \u00d6zellikler<\/h2>\n<table class=\"aligncenter\" style=\"border-collapse: collapse; width: 402.77pt;\" border=\"0\" width=\"537\" cellspacing=\"0\" cellpadding=\"0\">\n<tbody>\n<tr style=\"height: 13.50pt;\">\n<td style=\"height: 13.50pt; width: 93.75pt;\" width=\"125\" height=\"18\">\u015eartname<\/td>\n<td style=\"width: 309.00pt;\" width=\"412\">Detay<\/td>\n<\/tr>\n<tr style=\"height: 13.50pt;\">\n<td style=\"height: 13.50pt;\" height=\"18\">Kapasite<\/td>\n<td>32 oz (1000 ml)<\/td>\n<\/tr>\n<tr style=\"height: 13.50pt;\">\n<td style=\"height: 13.50pt;\" height=\"18\">Boyutlar<\/td>\n<td>29,6 cm \u00d7 8,6 cm<\/td>\n<\/tr>\n<tr style=\"height: 13.50pt;\">\n<td style=\"height: 13.50pt;\" height=\"18\">Cam T\u00fcr\u00fc<\/td>\n<td>UV korumal\u0131 kehribar soda-kire\u00e7 cam\u0131<\/td>\n<\/tr>\n<tr style=\"height: 13.50pt;\">\n<td style=\"height: 13.50pt;\" height=\"18\">\u0130deal \u0130\u00e7in<\/td>\n<td>Kapakl\u0131 cam \u015fi\u015feler, kehribar caml\u0131 kapakl\u0131 \u015fi\u015feler<\/td>\n<\/tr>\n<\/tbody>\n<\/table>\n<h2>Ba\u015far\u0131 Hikayesi: Bir El Yap\u0131m\u0131 Soda \u015eirketinin D\u00f6n\u00fc\u015f\u00fcm\u00fcne Yard\u0131mc\u0131 Olmak<\/h2>\n<p>Birinci s\u0131n\u0131f bir butik soda \u00fcreticisi, \u015feffaf cam \u015fi\u015felerde sat\u0131lan i\u00e7eceklerde s\u00fcrekli olarak lezzet tutarl\u0131l\u0131\u011f\u0131 sorunuyla kar\u015f\u0131 kar\u015f\u0131yayd\u0131. Kehribar cam a\u00e7\u0131l\u0131r kapakl\u0131 \u015fi\u015felerimize ge\u00e7tikten sonra tatlar\u0131 \u00f6nemli \u00f6l\u00e7\u00fcde iyile\u015fti. Laboratuvar taraf\u0131ndan yap\u0131lan testler, kehribar cam \u015fi\u015felerin UV radyasyonunu ,7 oran\u0131nda engelledi\u011fini, g\u00fcvenli kapa\u011f\u0131n ise nakliye s\u0131ras\u0131nda olu\u015fan hasar vakalar\u0131n\u0131 oran\u0131nda azaltt\u0131\u011f\u0131n\u0131 kan\u0131tlad\u0131. Bu kan\u0131tlara dayanarak \u015firket, 450.000 adet ge\u00e7meli \u015fi\u015fe sipari\u015fi daha vermeye karar verdi.<\/p>\n<h2>Swing Top Cam \u015ei\u015feler \u00d6zelle\u015ftirme \u00d6nerileri<\/h2>\n<ul>\n<li><strong>Kabartmal\u0131 Kapasite \u0130\u015faretlemesi:<\/strong> \u015ei\u015fenin alt k\u0131sm\u0131na k\u00fc\u00e7\u00fck bir \u201c1000ml\u201d veya \u201c1L\u201d i\u015fareti koyun.<\/li>\n<li><strong>Boyun Band\u0131 Markalamas\u0131:<\/strong> Kapa\u011f\u0131n alt\u0131na biraz daha markalama yaz\u0131s\u0131 yerle\u015ftirin.<\/li>\n<li><strong>\u00d6zel Alt Tasar\u0131m:<\/strong> \u015ei\u015fenin alt k\u0131sm\u0131na sadece sa\u011flaml\u0131k i\u00e7in de\u011fil ayn\u0131 zamanda \u015f\u0131kl\u0131k i\u00e7in de g\u00f6z al\u0131c\u0131 bir desen yerle\u015ftirin.<\/li>\n<li><strong>Mat Kaplama:<\/strong> Kavramay\u0131 art\u0131rmak ve genel olarak daha iyi bir his vermek i\u00e7in se\u00e7ici buzlu bir y\u00fczey se\u00e7in.<\/li>\n<\/ul>","protected":false},"excerpt":{"rendered":"<p>Alt\u0131n kapakl\u0131 ve metal kelep\u00e7eli kehribar cam a\u00e7\u0131l\u0131r kapakl\u0131 \u015fi\u015feler. Bu a\u00e7\u0131l\u0131r kapakl\u0131 cam \u015fi\u015feler, g\u00fcvenli s\u0131zd\u0131rmazl\u0131k sa\u011flar; do\u011frudan fabrikadan teslim edilir ve toplu sipari\u015flere haz\u0131rd\u0131r.<\/p>","protected":false},"featured_media":3468,"template":"","meta":{"postBodyCss":"","postBodyMargin":[],"postBodyPadding":[],"postBodyBackground":{"backgroundType":"classic","gradient":""}},"product_brand":[],"product_cat":[15,16,56],"product_tag":[79],"class_list":{"0":"post-3452","1":"product","2":"type-product","3":"status-publish","4":"has-post-thumbnail","6":"product_cat-glass-containers","7":"product_cat-glass-bottles","8":"product_cat-flip-top-bottles","9":"product_tag-beer-bottles","11":"first","12":"instock","13":"shipping-taxable","14":"product-type-simple"},"jetpack_sharing_enabled":true,"_links":{"self":[{"href":"https:\/\/minghanggroup.com\/tr\/wp-json\/wp\/v2\/product\/3452","targetHints":{"allow":["GET"]}}],"collection":[{"href":"https:\/\/minghanggroup.com\/tr\/wp-json\/wp\/v2\/product"}],"about":[{"href":"https:\/\/minghanggroup.com\/tr\/wp-json\/wp\/v2\/types\/product"}],"wp:featuredmedia":[{"embeddable":true,"href":"https:\/\/minghanggroup.com\/tr\/wp-json\/wp\/v2\/media\/3468"}],"wp:attachment":[{"href":"https:\/\/minghanggroup.com\/tr\/wp-json\/wp\/v2\/media?parent=3452"}],"wp:term":[{"taxonomy":"product_brand","embeddable":true,"href":"https:\/\/minghanggroup.com\/tr\/wp-json\/wp\/v2\/product_brand?post=3452"},{"taxonomy":"product_cat","embeddable":true,"href":"https:\/\/minghanggroup.com\/tr\/wp-json\/wp\/v2\/product_cat?post=3452"},{"taxonomy":"product_tag","embeddable":true,"href":"https:\/\/minghanggroup.com\/tr\/wp-json\/wp\/v2\/product_tag?post=3452"}],"curies":[{"name":"wp","href":"https:\/\/api.w.org\/{rel}","templated":true}]}}