{"id":3431,"date":"2025-11-19T17:03:33","date_gmt":"2025-11-19T09:03:33","guid":{"rendered":"https:\/\/minghanggroup.com\/?post_type=product&#038;p=3431"},"modified":"2026-01-20T14:00:34","modified_gmt":"2026-01-20T06:00:34","slug":"bulk-airtight-clear-glass-jar-for-pickle-with-clamp-lid","status":"publish","type":"product","link":"https:\/\/minghanggroup.com\/tr\/urun\/bulk-airtight-clear-glass-jar-for-pickle-with-clamp-lid\/","title":{"rendered":"Tur\u015fu \u0130\u00e7in 100oz Kelep\u00e7eli Kapakl\u0131 Hava Ge\u00e7irmez \u015eeffaf Cam Kavanoz"},"content":{"rendered":"<p>Tur\u015fular\u0131n\u0131z\u0131n tazeli\u011fini bozan kalitesiz kaplara para harcamay\u0131 b\u0131rak\u0131n. Tur\u015fular\u0131n\u0131z\u0131n lezzetini korurken yiyecek saklama alan\u0131n\u0131z\u0131 \u015f\u0131k ve i\u015flevsel bir \u00e7\u00f6z\u00fcme d\u00f6n\u00fc\u015ft\u00fcren, birinci s\u0131n\u0131f cam tur\u015fu kavanozlar\u0131 \u00fcretiyoruz. Bunlar sadece kavanoz de\u011fil; markan\u0131z\u0131n g\u0131da ambalaj\u0131 i\u00e7in yeni gizli silah\u0131.<\/p>\n<h2>\u00dcr\u00fcn \u00d6zellikleri<\/h2>\n<ol>\n<li><strong>Kristal\u200b\u200d\u200b\u200c\u200d\u200b\u200d\u200c\u200b\u200d\u200b\u200c\u200d\u200b\u200d\u200c Berrakl\u0131k:<\/strong>\u015eeffaf cam, tur\u015fu yapt\u0131\u011f\u0131n\u0131z sebzelerin canl\u0131 renklerini hemen g\u00f6rmenizi sa\u011flar; tur\u015fu yapmak i\u00e7in cam kavanozlar\u0131n\u0131z\u0131 ne zaman doldurman\u0131z gerekti\u011fini tahmin etmenize gerek kalmaz.<\/li>\n<li><strong>B\u00fcy\u00fck Kapasite:<\/strong>3000 ml kapasite, ister aile boyu ister toplu toptan sipari\u015fler olsun, t\u00fcm tur\u015fu ve konserve ihtiya\u00e7lar\u0131n\u0131z i\u00e7in yeterlidir. Tur\u015fu, salatal\u0131k ve di\u011fer sebzelerin saklanmas\u0131 i\u00e7in idealdir.<\/li>\n<li><strong>G\u00fcvenli Kelep\u00e7e Contas\u0131:<\/strong>Hava ge\u00e7irmez contal\u0131 metal kelep\u00e7eli kapak, tur\u015fu ve konserveleriniz i\u00e7in ihtiya\u00e7 duydu\u011funuz lezzeti ve tazeli\u011fi korur. Bu kutudaki s\u00fcrekli di\u015fli kaplama, g\u0131da saklama ihtiya\u00e7lar\u0131n\u0131zla en iyi uyumu sa\u011flar.<\/li>\n<\/ol>\n<h2>Temel \u00d6zellikler<\/h2>\n<table style=\"border-collapse: collapse; width: 80%; margin-left: auto; margin-right: auto;\" border=\"0\" width=\"144\" cellspacing=\"0\" cellpadding=\"0\">\n<tbody>\n<tr style=\"height: 13.50pt;\">\n<td style=\"height: 13.5pt; width: 54pt; text-align: center;\" width=\"72\" height=\"18\">\u00d6zellik<\/td>\n<td style=\"width: 54pt; text-align: center;\" width=\"72\">Detaylar<\/td>\n<\/tr>\n<tr style=\"height: 13.50pt;\">\n<td style=\"height: 13.5pt; text-align: center;\" height=\"18\">Kapasite<\/td>\n<td style=\"text-align: center;\">3000ml (\u00f6zelle\u015ftirilebilir)<\/td>\n<\/tr>\n<tr style=\"height: 13.50pt;\">\n<td style=\"height: 13.5pt; text-align: center;\" height=\"18\">Malzeme<\/td>\n<td style=\"text-align: center;\">\u00dcst\u00fcn Cam Yap\u0131<\/td>\n<\/tr>\n<tr style=\"height: 13.50pt;\">\n<td style=\"height: 13.5pt; text-align: center;\" height=\"18\">Kapak Tipi<\/td>\n<td style=\"text-align: center;\">Kelep\u00e7eli Hava Ge\u00e7irmez Kapaklar<\/td>\n<\/tr>\n<tr style=\"height: 13.50pt;\">\n<td style=\"height: 13.5pt; text-align: center;\" height=\"18\">\u015eekil Se\u00e7enekleri<\/td>\n<td style=\"text-align: center;\">Yuvarlak, Kare, \u00d6zelle\u015ftirilmi\u015f<\/td>\n<\/tr>\n<tr style=\"height: 13.50pt;\">\n<td style=\"height: 13.5pt; text-align: center;\" height=\"18\">Y\u00fczey \u0130\u015flemleri<\/td>\n<td style=\"text-align: center;\">S\u0131cak damgalama, Mat, Grav\u00fcr, Buzlanma, \u00c7\u0131kartma, Spreyleme, Parlatma, Elektrokaplama<\/td>\n<\/tr>\n<\/tbody>\n<\/table>\n<h2>Ba\u015far\u0131 \u00d6rne\u011fi<\/h2>\n<p>Kanada&#039;da orta \u00f6l\u00e7ekli bir fermente g\u0131da \u00fcreticisi, \u00fcr\u00fcn yelpazesini tur\u015fu kavanozlar\u0131m\u0131zla zenginle\u015ftirdi. Kavanozlar\u0131m\u0131z, daha sa\u011flam kavanoz duvarlar\u0131, vakumla kapat\u0131labilen metal kapaklar ve marka logosuyla ki\u015fiselle\u015ftirildi. Kavanozlar\u0131n omuzlar\u0131na kabartma bask\u0131 uyguland\u0131. Bu kavanozlara ge\u00e7tikten sonra, \u00fcr\u00fcnleri perakende so\u011futmal\u0131 vitrinlerde daha fazla \u00f6ne \u00e7\u0131kt\u0131, s\u0131z\u0131nt\u0131 \u015fikayetleri s\u0131f\u0131ra indi ve distrib\u00fct\u00f6rleri, ambalaj iyile\u015ftirmesi sayesinde iki yeni SKU&#039;ya izin verdi.<\/p>\n<h2>\u00d6zelle\u015ftirme \u0130pu\u00e7lar\u0131n\u0131z<\/h2>\n<p>Bu cam kavanozu markan\u0131z\u0131n ihtiya\u00e7lar\u0131na g\u00f6re bir tur\u015fu i\u00e7in \u00f6zel olarak tasarl\u0131yorsan\u0131z, (a) uzun s\u00fcreli salamura stabilitesi i\u00e7in daha kal\u0131n cam se\u00e7ilebilir, (b) standart metal toka paslanmaya dayan\u0131kl\u0131 paslanmaz \u00e7elik kaplama ile y\u00fckseltilebilir veya (c) raf kimli\u011fini g\u00fc\u00e7lendirmek i\u00e7in kabartmal\u0131 bir logo eklenebilir. Bu, marka bilincini ve \u00fcr\u00fcn\u00fcn i\u015flevselli\u011fini kesinlikle art\u0131rabilir. K\u00fc\u00e7\u00fck tad\u0131m kavanozlar\u0131ndan tur\u015fu yap\u0131m\u0131 i\u00e7in b\u00fcy\u00fck formatl\u0131 cam kavanozlara kadar farkl\u0131 kapasiteler de se\u00e7ilebilir ve marka paletinize uyacak \u015fekilde \u00f6zel renklerde silikon contalar da se\u00e7ebilirsiniz. B\u00f6ylece son \u00fcr\u00fcne daha kaliteli ve g\u00f6rsel olarak b\u00fct\u00fcnle\u015fik bir marka g\u00f6r\u00fcn\u00fcm\u00fc kazand\u0131rabilirsiniz.<\/p>","protected":false},"excerpt":{"rendered":"<p>Tur\u015fu i\u00e7in sa\u011flam cam kavanoz, tur\u015fu yapmak i\u00e7in kullan\u0131lan bu cam kavanozlar, toplu sipari\u015fler ve g\u00fcvenilir ambalaj arayan g\u0131da markalar\u0131 i\u00e7in fabrikadan do\u011frudan tedarik i\u00e7in idealdir.<\/p>","protected":false},"featured_media":3432,"template":"","meta":{"postBodyCss":"","postBodyMargin":[],"postBodyPadding":[],"postBodyBackground":{"backgroundType":"classic","gradient":""}},"product_brand":[],"product_cat":[15,17,59],"product_tag":[69],"class_list":{"0":"post-3431","1":"product","2":"type-product","3":"status-publish","4":"has-post-thumbnail","6":"product_cat-glass-containers","7":"product_cat-glass-jars","8":"product_cat-glass-storage-jars","9":"product_tag-storage-jars","11":"first","12":"instock","13":"shipping-taxable","14":"product-type-simple"},"jetpack_sharing_enabled":true,"_links":{"self":[{"href":"https:\/\/minghanggroup.com\/tr\/wp-json\/wp\/v2\/product\/3431","targetHints":{"allow":["GET"]}}],"collection":[{"href":"https:\/\/minghanggroup.com\/tr\/wp-json\/wp\/v2\/product"}],"about":[{"href":"https:\/\/minghanggroup.com\/tr\/wp-json\/wp\/v2\/types\/product"}],"wp:featuredmedia":[{"embeddable":true,"href":"https:\/\/minghanggroup.com\/tr\/wp-json\/wp\/v2\/media\/3432"}],"wp:attachment":[{"href":"https:\/\/minghanggroup.com\/tr\/wp-json\/wp\/v2\/media?parent=3431"}],"wp:term":[{"taxonomy":"product_brand","embeddable":true,"href":"https:\/\/minghanggroup.com\/tr\/wp-json\/wp\/v2\/product_brand?post=3431"},{"taxonomy":"product_cat","embeddable":true,"href":"https:\/\/minghanggroup.com\/tr\/wp-json\/wp\/v2\/product_cat?post=3431"},{"taxonomy":"product_tag","embeddable":true,"href":"https:\/\/minghanggroup.com\/tr\/wp-json\/wp\/v2\/product_tag?post=3431"}],"curies":[{"name":"wp","href":"https:\/\/api.w.org\/{rel}","templated":true}]}}