{"id":3405,"date":"2025-11-19T13:56:38","date_gmt":"2025-11-19T05:56:38","guid":{"rendered":"https:\/\/minghanggroup.com\/?post_type=product&#038;p=3405"},"modified":"2026-01-20T14:05:50","modified_gmt":"2026-01-20T06:05:50","slug":"wholesale-empty-amber-grolsch-beer-bottles","status":"publish","type":"product","link":"https:\/\/minghanggroup.com\/tr\/urun\/wholesale-empty-amber-grolsch-beer-bottles\/","title":{"rendered":"Toptan Bo\u015f Amber Grolsch Bira \u015ei\u015feleri 485ml 500ml"},"content":{"rendered":"<p>Kahverengi camdan yap\u0131lm\u0131\u015f ve metal kapakl\u0131 veya ta\u00e7 kapakl\u0131 olan bu grolsch bira \u015fi\u015felerini biran\u0131za veya di\u011fer \u00f6zel i\u00e7eceklerinize koyabilirsiniz.<\/p>\n<h2>\u00dcr\u00fcn \u00d6zellikleri<\/h2>\n<ul>\n<li><strong>Amber Cam UV Korumas\u0131:<\/strong> Kestane rengi bardak en iyi \u0131\u015f\u0131k kalkan\u0131 g\u00f6revi g\u00f6r\u00fcr, b\u00f6ylece bira orijinal tad\u0131 ve kalitesiyle tazeli\u011fini korur.<\/li>\n<li><strong>\u0130ki Kapak Se\u00e7ene\u011fi:<\/strong> \u0130ster geleneksel ta\u00e7 kapakl\u0131, ister kullan\u0131\u015fl\u0131 kapakl\u0131 olsun, i\u00e7ecek veya sos kab\u0131n\u0131z her t\u00fcrl\u00fc m\u00fc\u015fteri kullan\u0131m\u0131na haz\u0131r olacakt\u0131r.<\/li>\n<li><strong>\u0130ki Hacim Se\u00e7ene\u011fi:<\/strong> \u00dcr\u00fcn yelpazenizden ve fiyatland\u0131rma stratejinizden tam olarak yararlanman\u0131z i\u00e7in 485ml ve 500ml versiyonlar\u0131 hizmetinize sunulmu\u015ftur.<\/li>\n<\/ul>\n<h2 style=\"text-align: left;\">Temel \u00d6zellikler<\/h2>\n<table class=\"aligncenter\" style=\"border-collapse: collapse; width: 423.02pt;\" border=\"0\" width=\"564\" cellspacing=\"0\" cellpadding=\"0\">\n<tbody>\n<tr style=\"height: 13.50pt;\">\n<td style=\"height: 13.50pt; width: 99.75pt;\" width=\"133\" height=\"18\">\u015eartname<\/td>\n<td style=\"width: 323.25pt;\" width=\"431\">Detaylar<\/td>\n<\/tr>\n<tr style=\"height: 13.50pt;\">\n<td style=\"height: 13.50pt;\" height=\"18\">Boyutlar<\/td>\n<td>485 ml: 22,6 cm \u00d7 7,75 cm; 500 ml: 22,3 cm \u00d7 8,1 cm<\/td>\n<\/tr>\n<tr style=\"height: 13.50pt;\">\n<td style=\"height: 13.50pt;\" height=\"18\">Cam T\u00fcr\u00fc<\/td>\n<td>UV korumal\u0131 kehribar soda-kire\u00e7 cam\u0131<\/td>\n<\/tr>\n<tr style=\"height: 13.50pt;\">\n<td style=\"height: 13.50pt;\" height=\"18\">\u0130deal \u0130\u00e7in<\/td>\n<td>Grolsch \u015fi\u015feleri, bira \u015fi\u015feleri, a\u00e7\u0131l\u0131r kapan\u0131r kapakl\u0131 \u015fi\u015feler<\/td>\n<\/tr>\n<\/tbody>\n<\/table>\n<h2>Ba\u015far\u0131 Hikayesi<\/h2>\n<p>H\u0131z kazanan yerel bir butik bira fabrikas\u0131, b\u00fcy\u00fcyen pazarlar\u0131na ayak uydurabilecek bir ambalaj \u00e7\u00f6z\u00fcm\u00fcne ihtiya\u00e7 duyuyordu. Premium bira serilerini paketlemek i\u00e7in Grolsch bira \u015fi\u015felerimizi kullanmaya karar verdiler. Kehribar cam\u0131n en \u00f6nemli avantajlar\u0131ndan biri ,8 UV korumas\u0131d\u0131r; bu nedenle vintage g\u00f6r\u00fcn\u00fcm\u00fc, raf stoklar\u0131n\u0131 oran\u0131nda h\u0131zla yenileyen m\u00fc\u015fteriler i\u00e7in olduk\u00e7a \u00e7ekicidir. Ayn\u0131 zamanda, g\u00fc\u00e7l\u00fc kehribar cam ambalaj, nakliye s\u0131ras\u0131nda yaralanma ve k\u0131r\u0131lma olas\u0131l\u0131\u011f\u0131n\u0131 da oran\u0131nda azalt\u0131r. Bu bira fabrikas\u0131, bu sonu\u00e7lara dayanarak \u00fclke \u00e7ap\u0131ndaki lansman\u0131n\u0131 desteklemek i\u00e7in \u015fimdiden 650.000 \u015fi\u015fe daha sipari\u015f etti.<\/p>\n<h2>Grolsch \u015ei\u015feleri \u00d6zelle\u015ftirme \u00d6nerileri<\/h2>\n<ul>\n<li><strong>\u015ei\u015fe Kapa\u011f\u0131 Renk Se\u00e7enekleri:<\/strong> Geleneksel alt\u0131n renginin yan\u0131 s\u0131ra, ihtiya\u00e7lar\u0131n\u0131za uygun geni\u015f bir seramik \u015fi\u015fe kapa\u011f\u0131 rengi yelpazesi sunuyoruz.<\/li>\n<li><strong>Kabartmal\u0131\u200b\u200d\u200b\u200c\u200d\u200b\u200d\u200c\u200b\u200d\u200c\u200d\u200b\u200d\u200c Logonun Konumu:<\/strong> \u015ei\u015fe omuzuna markan\u0131za l\u00fcks bir g\u00f6r\u00fcn\u00fcm kazand\u0131racak kabartmal\u0131 bir logo eklenebilir.<\/li>\n<li><strong>Alt\u0131n Cam Stili:<\/strong> Alt\u0131n kapa\u011f\u0131n yans\u0131mas\u0131n\u0131 sa\u011flamak ve l\u00fcks hissiyat\u0131n\u0131 g\u00f6rsel olarak yo\u011funla\u015ft\u0131rmak i\u00e7in \u015fi\u015fe kapa\u011f\u0131n\u0131n yak\u0131n\u0131na ince alt\u0131n rengi cam \u00e7izgiler yerle\u015ftirin.<\/li>\n<li><strong>Tel Biti\u015f \u00c7e\u015fitleri:<\/strong> Tel kaplama \u00fc\u00e7 farkl\u0131 \u00e7e\u015fide sahiptir, galvanizli, siyah eloksall\u0131 veya epoksi kaplamal\u0131.<\/li>\n<\/ul>","protected":false},"excerpt":{"rendered":"<p>Amber grolsch \u015fi\u015feleri ve grolsch bira \u015fi\u015feleri. G\u00fcvenli m\u00fch\u00fcr, toplu sipari\u015fler veya butik i\u00e7ecek markalar\u0131 i\u00e7in idealdir. Fabrikadan do\u011frudan sat\u0131\u015f, toplu stok mevcuttur.<\/p>","protected":false},"featured_media":3444,"template":"","meta":{"postBodyCss":"","postBodyMargin":[],"postBodyPadding":[],"postBodyBackground":{"backgroundType":"classic","gradient":""}},"product_brand":[],"product_cat":[15,16,56],"product_tag":[79,72],"class_list":{"0":"post-3405","1":"product","2":"type-product","3":"status-publish","4":"has-post-thumbnail","6":"product_cat-glass-containers","7":"product_cat-glass-bottles","8":"product_cat-flip-top-bottles","9":"product_tag-beer-bottles","10":"product_tag-juice-bottles","12":"first","13":"instock","14":"shipping-taxable","15":"product-type-simple"},"jetpack_sharing_enabled":true,"_links":{"self":[{"href":"https:\/\/minghanggroup.com\/tr\/wp-json\/wp\/v2\/product\/3405","targetHints":{"allow":["GET"]}}],"collection":[{"href":"https:\/\/minghanggroup.com\/tr\/wp-json\/wp\/v2\/product"}],"about":[{"href":"https:\/\/minghanggroup.com\/tr\/wp-json\/wp\/v2\/types\/product"}],"wp:featuredmedia":[{"embeddable":true,"href":"https:\/\/minghanggroup.com\/tr\/wp-json\/wp\/v2\/media\/3444"}],"wp:attachment":[{"href":"https:\/\/minghanggroup.com\/tr\/wp-json\/wp\/v2\/media?parent=3405"}],"wp:term":[{"taxonomy":"product_brand","embeddable":true,"href":"https:\/\/minghanggroup.com\/tr\/wp-json\/wp\/v2\/product_brand?post=3405"},{"taxonomy":"product_cat","embeddable":true,"href":"https:\/\/minghanggroup.com\/tr\/wp-json\/wp\/v2\/product_cat?post=3405"},{"taxonomy":"product_tag","embeddable":true,"href":"https:\/\/minghanggroup.com\/tr\/wp-json\/wp\/v2\/product_tag?post=3405"}],"curies":[{"name":"wp","href":"https:\/\/api.w.org\/{rel}","templated":true}]}}