{"id":3384,"date":"2025-11-19T11:47:01","date_gmt":"2025-11-19T03:47:01","guid":{"rendered":"https:\/\/minghanggroup.com\/?post_type=product&#038;p=3384"},"modified":"2026-01-20T14:07:01","modified_gmt":"2026-01-20T06:07:01","slug":"bulk-brown-glass-swing-top-bottles-with-handle","status":"publish","type":"product","link":"https:\/\/minghanggroup.com\/tr\/urun\/bulk-brown-glass-swing-top-bottles-with-handle\/","title":{"rendered":"Sapl\u0131 Kahverengi Cam Sal\u0131ncakl\u0131 \u015ei\u015feler 1000ml 2000ml"},"content":{"rendered":"<p>Bu kahverengi camdan sallanan kapakl\u0131 \u015fi\u015feler, kehribar-kahverengi camdan yap\u0131lm\u0131\u015ft\u0131r ve ho\u015f bir kulpu ve kendine \u00f6zg\u00fc yuvarlak bir \u015fekli vard\u0131r. Kapa\u011f\u0131 metal bir \u00e7\u0131t\u00e7\u0131tla sabitlenir ve iki boyutta mevcuttur.<\/p>\n<h2>\u00dcr\u00fcn \u00d6zellikleri<\/h2>\n<ul>\n<li><strong>Kahverengi Cam Malzemesi:<\/strong> \u015ei\u015feler, etkili bir \u0131\u015f\u0131k blo\u011fu olan kahverengi camdan \u00fcretilmi\u015ftir, b\u00f6ylece soslar ve i\u00e7ecekler gibi s\u0131v\u0131lar\u0131n kalitesini korur ve ayn\u0131 zamanda onlara retro bir g\u00f6r\u00fcn\u00fcm kazand\u0131r\u0131r.<\/li>\n<li><strong>Sap Tasar\u0131m\u0131:<\/strong> \u015ei\u015feler, kolay kavrama ve ta\u015f\u0131ma i\u00e7in entegre kulplara sahiptir, b\u00f6ylece kullan\u0131m kolayl\u0131\u011f\u0131 art\u0131r\u0131l\u0131r ve ayn\u0131 zamanda hem ev hem de d\u0131\u015f mekan kullan\u0131m\u0131 i\u00e7in uygun hale gelir.<\/li>\n<li><strong>Ge\u00e7meli S\u0131zd\u0131rmazl\u0131k Tasar\u0131m\u0131:<\/strong> Bu \u015fi\u015feler, en iyi s\u0131zd\u0131rmazl\u0131k performans\u0131n\u0131 sa\u011flayan k\u0131rm\u0131z\u0131 ve beyaz metal ge\u00e7meli t\u0131pa kullan\u0131r, b\u00f6ylece i\u00e7erikler uzun s\u00fcre taze kalabilir ve ayr\u0131ca \u015fi\u015felerin a\u00e7\u0131l\u0131p kapanmas\u0131 kolayla\u015ft\u0131r\u0131l\u0131r.<\/li>\n<\/ul>\n<h2 style=\"text-align: left;\">Temel \u00d6zellikler<\/h2>\n<table class=\"aligncenter\" style=\"border-collapse: collapse; width: 513.77pt;\" border=\"0\" width=\"685\" cellspacing=\"0\" cellpadding=\"0\">\n<tbody>\n<tr style=\"height: 13.50pt;\">\n<td style=\"height: 13.50pt; width: 105.75pt;\" width=\"141\" height=\"18\">\u015eartname<\/td>\n<td style=\"width: 408.00pt;\" width=\"544\">Detaylar<\/td>\n<\/tr>\n<tr style=\"height: 13.50pt;\">\n<td style=\"height: 13.50pt;\" height=\"18\">Boyutlar<\/td>\n<td>1000 ml (32 oz): 7,5 cm \u00d7 24 cm\/2000 ml (64 oz): 9,5 cm \u00d7 26 cm<\/td>\n<\/tr>\n<tr style=\"height: 13.50pt;\">\n<td style=\"height: 13.50pt;\" height=\"18\">Malzeme<\/td>\n<td>Kal\u0131n duvarl\u0131 kahverengi cam (UV korumal\u0131)<\/td>\n<\/tr>\n<tr style=\"height: 13.50pt;\">\n<td style=\"height: 13.50pt;\" height=\"18\">Halletmek<\/td>\n<td>Her iki boyutta da entegre ergonomik sap<\/td>\n<\/tr>\n<tr style=\"height: 13.50pt;\">\n<td style=\"height: 13.50pt;\" height=\"18\">Kapatma T\u00fcr\u00fc<\/td>\n<td>K\u0131rm\u0131z\u0131\/beyaz t\u0131pal\u0131 paslanmaz \u00e7elik sal\u0131ncak \u00fcstleri<\/td>\n<\/tr>\n<tr style=\"height: 13.50pt;\">\n<td style=\"height: 13.50pt;\" height=\"18\">Conta Se\u00e7enekleri<\/td>\n<td>Standart kau\u00e7uk veya asit\/\u0131s\u0131ya dayan\u0131kl\u0131 silikona y\u00fckseltme<\/td>\n<\/tr>\n<tr style=\"height: 13.50pt;\">\n<td style=\"height: 13.50pt;\" height=\"18\">\u0130deal \u0130\u00e7in<\/td>\n<td>\u00dcst\u00fc a\u00e7\u0131l\u0131r \u015fi\u015feler, toptan \u00fcstten a\u00e7\u0131l\u0131r \u015fi\u015feler<\/td>\n<\/tr>\n<\/tbody>\n<\/table>\n<h2>Ba\u015far\u0131 Hikayesi<\/h2>\n<p>Do\u011fal olarak \u00fcretilen el yap\u0131m\u0131 soda \u00fcreticilerinin kar\u015f\u0131la\u015ft\u0131\u011f\u0131 zorluklardan biri, \u00fcr\u00fcnlerini \u015feffaf cam vidal\u0131 kapakl\u0131 \u015fi\u015felerde sat\u0131yor olmalar\u0131yd\u0131. Ancak m\u00fc\u015fterilerden ma\u011fazalardaki ayd\u0131nlatman\u0131n i\u00e7eceklerin tad\u0131n\u0131 etkiledi\u011fi y\u00f6n\u00fcnde \u015fikayetler almaya ba\u015flad\u0131lar. Kulplu 1 litrelik kahverengi cam vidal\u0131 kapakl\u0131 \u015fi\u015felere ge\u00e7meye karar verdiler. Kahverengi cam, zararl\u0131 UV \u0131\u015f\u0131nlar\u0131n\u0131n ,2&#039;sini keser, b\u00f6ylece \u00fcr\u00fcn\u00fcn raf \u00f6mr\u00fc 60 g\u00fcn uzar. Dahili kulp, m\u00fc\u015fterilerin d\u00f6k\u00fclme \u015fikayetlerinde &#039;lik bir azalmaya yol a\u00e7arken, hava ge\u00e7irmez conta nakliye s\u0131ras\u0131nda s\u0131z\u0131nt\u0131 olmamas\u0131n\u0131 sa\u011flad\u0131. Bunun sonucunda \u015firket, t\u00fcm \u00fcst d\u00fczey \u00fcr\u00fcn serisini bu t\u00fcr \u015fi\u015felerle de\u011fi\u015ftirmek i\u00e7in 350.000 \u015fi\u015felik ikinci bir sipari\u015f vermeye karar verdi.<\/p>\n<h2>Swing Top \u015ei\u015feler \u00d6zelle\u015ftirme \u00d6nerileri<\/h2>\n<p>Bu tam \u00f6zellikli vidal\u0131 kapakl\u0131 \u015fi\u015feleri ki\u015fiselle\u015ftirmek i\u00e7in a\u015fa\u011f\u0131daki \u00f6zelle\u015ftirme se\u00e7eneklerini kullan\u0131n:<\/p>\n<ul>\n<li><strong>Sap Dokusu:<\/strong> Sap k\u0131sm\u0131na buzlu veya dokulu kaplama uygulayarak daha g\u00fcvenli bir tutu\u015f sa\u011flayabilir, b\u00f6ylece sap\u0131n kayma riski ortadan kalkar.<\/li>\n<li><strong>\u015ei\u015fe G\u00f6vdesi Serigrafi Bask\u0131s\u0131:<\/strong> Kahverengi cam \u015fi\u015fe \u00fczerine renkli ve dayan\u0131kl\u0131 marka logolar\u0131 ve tasar\u0131mlar\u0131 basarak markan\u0131z\u0131n daha fazla g\u00f6r\u00fcn\u00fcrl\u00fc\u011f\u00fcn\u00fc sa\u011flay\u0131n.<\/li>\n<li><strong>Uyumlu S\u0131zd\u0131rmazl\u0131k Halkas\u0131:<\/strong> Markan\u0131z\u0131n rengine uygun silikon s\u0131zd\u0131rmazl\u0131k halkas\u0131n\u0131 se\u00e7erek zarif bir \u00f6zel detay geli\u015ftirin ve son derece tutarl\u0131 bir g\u00f6r\u00fcn\u00fcm elde edin.<\/li>\n<\/ul>","protected":false},"excerpt":{"rendered":"<p>Ergonomik kulplu ve metal klipsli kahverengi cam sallanan kapakl\u0131 \u015fi\u015feler. Toptan i\u00e7ecek ve sallanan kapakl\u0131 \u015fi\u015fe m\u00fc\u015fterileri i\u00e7in idealdir. \u00dccretsiz numuneler.<\/p>","protected":false},"featured_media":3402,"template":"","meta":{"postBodyCss":"","postBodyMargin":[],"postBodyPadding":[],"postBodyBackground":{"backgroundType":"classic","gradient":""}},"product_brand":[],"product_cat":[15,16,56],"product_tag":[79],"class_list":{"0":"post-3384","1":"product","2":"type-product","3":"status-publish","4":"has-post-thumbnail","6":"product_cat-glass-containers","7":"product_cat-glass-bottles","8":"product_cat-flip-top-bottles","9":"product_tag-beer-bottles","11":"first","12":"instock","13":"shipping-taxable","14":"product-type-simple"},"jetpack_sharing_enabled":true,"_links":{"self":[{"href":"https:\/\/minghanggroup.com\/tr\/wp-json\/wp\/v2\/product\/3384","targetHints":{"allow":["GET"]}}],"collection":[{"href":"https:\/\/minghanggroup.com\/tr\/wp-json\/wp\/v2\/product"}],"about":[{"href":"https:\/\/minghanggroup.com\/tr\/wp-json\/wp\/v2\/types\/product"}],"wp:featuredmedia":[{"embeddable":true,"href":"https:\/\/minghanggroup.com\/tr\/wp-json\/wp\/v2\/media\/3402"}],"wp:attachment":[{"href":"https:\/\/minghanggroup.com\/tr\/wp-json\/wp\/v2\/media?parent=3384"}],"wp:term":[{"taxonomy":"product_brand","embeddable":true,"href":"https:\/\/minghanggroup.com\/tr\/wp-json\/wp\/v2\/product_brand?post=3384"},{"taxonomy":"product_cat","embeddable":true,"href":"https:\/\/minghanggroup.com\/tr\/wp-json\/wp\/v2\/product_cat?post=3384"},{"taxonomy":"product_tag","embeddable":true,"href":"https:\/\/minghanggroup.com\/tr\/wp-json\/wp\/v2\/product_tag?post=3384"}],"curies":[{"name":"wp","href":"https:\/\/api.w.org\/{rel}","templated":true}]}}