{"id":3356,"date":"2025-11-19T11:48:50","date_gmt":"2025-11-19T03:48:50","guid":{"rendered":"https:\/\/minghanggroup.com\/?post_type=product&#038;p=3356"},"modified":"2026-01-20T13:59:17","modified_gmt":"2026-01-20T05:59:17","slug":"glass-jars-for-pickle-with-lid-wholesale","status":"publish","type":"product","link":"https:\/\/minghanggroup.com\/tr\/urun\/glass-jars-for-pickle-with-lid-wholesale\/","title":{"rendered":"50ml - 150ml Kapakl\u0131 Tur\u015fu \u0130\u00e7in Kare Cam Kavanozlar Toptan"},"content":{"rendered":"<p>Markan\u0131z\u0131 ucuz g\u00f6steren s\u0131k\u0131c\u0131 ambalajlara para harcamay\u0131 b\u0131rak\u0131n. Tur\u015fular\u0131n\u0131z\u0131 taze tutarken yiyecek saklama alan\u0131n\u0131z\u0131 \u015f\u0131k ve i\u015flevsel bir \u00e7\u00f6z\u00fcme d\u00f6n\u00fc\u015ft\u00fcren birinci s\u0131n\u0131f kare cam tur\u015fu kavanozlar\u0131 \u00fcretiyoruz. Bunlar sadece kaplar de\u011fil, markan\u0131z\u0131n g\u0131da ambalaj\u0131 i\u00e7in yeni gizli silah\u0131.<\/p>\n<h2>\u00dcr\u00fcn \u00d6zellikleri<\/h2>\n<ol>\n<li><strong>Kare\u200b\u200d\u200b\u200c\u200d\u200b\u200d\u200c\u200b\u200d\u200b\u200c\u200d\u200b\u200d\u200c Tasar\u0131m:<\/strong>\uba54\uc2dc\uc9c0 \uc0ac\uc5c5\uccb4\uba85<\/li>\n<li><strong>Kristal Berrakl\u0131\u011f\u0131:<\/strong>\u015eeffaf cam sayesinde, bo\u015f bir tur\u015fu kavanozundaki tur\u015fular\u0131n\u0131z\u0131n canl\u0131 renklerini m\u00fc\u015fterilerinize sergilersiniz. Bu g\u00f6r\u00fcn\u00fcrl\u00fck, m\u00fc\u015fterilerin tam olarak ne ald\u0131klar\u0131n\u0131 bilmelerini sa\u011flar ve bu da \u00f6zellikle de dereotu tur\u015fusu ve salatal\u0131k tur\u015fusu sat\u0131\u015flar\u0131n\u0131 art\u0131r\u0131r.<\/li>\n<li><strong>G\u00fcvenli M\u00fch\u00fcr:<\/strong>Hava ge\u00e7irmez metal kapak, tur\u015fu ve konservelerinizin lezzetini ve tazeli\u011fini korur. S\u00fcrekli di\u015fli kaplama ve plastisol astarl\u0131 conta, m\u00fckemmel uyum i\u00e7in tasarlanm\u0131\u015ft\u0131r; bu nedenle bu kavanozlar, fermentasyon s\u00fcrecinde tur\u015fu, salatal\u0131k ve di\u011fer sebzeleri saklamak i\u00e7in en iyi se\u00e7enektir.<\/li>\n<li><strong>\u00c7ok Y\u00f6nl\u00fc Boyutlar:<\/strong>\u00c7e\u015fitli kapasiteler (50 ml-150 ml), ister k\u00fc\u00e7\u00fck numuneler ister b\u00fcy\u00fck toplu sipari\u015fler olsun, t\u00fcm tur\u015fu ihtiya\u00e7lar\u0131n\u0131z\u0131 kar\u015f\u0131layabilir. Bu ekonomik kavanozlar, toptan sat\u0131\u015f i\u015fletmenizin m\u00fc\u015fteri taleplerini kar\u015f\u0131lamak ve kaplar\u0131n\u0131 yeniden kullanmak isteyenler i\u00e7in yeniden kullan\u0131labilir olmak \u00fczere farkl\u0131 boyutlar sunmas\u0131 a\u00e7\u0131s\u0131ndan tam da ihtiya\u00e7 duydu\u011fu \u015feydir.<\/li>\n<\/ol>\n<h2>Temel \u00d6zellikler<\/h2>\n<table style=\"border-collapse: collapse; width: 80%; margin-left: auto; margin-right: auto;\" border=\"0\" width=\"216\" cellspacing=\"0\" cellpadding=\"0\">\n<tbody>\n<tr style=\"height: 13.50pt;\">\n<td style=\"height: 13.5pt; width: 54pt; text-align: center;\" width=\"72\" height=\"18\">Kapasite(ml)<\/td>\n<td style=\"width: 54pt; text-align: center;\" width=\"72\">Boyut(cm)<\/td>\n<td style=\"width: 54pt; text-align: center;\" width=\"72\">Renk Se\u00e7enekleri<\/td>\n<\/tr>\n<tr style=\"height: 13.50pt;\">\n<td style=\"height: 13.5pt; text-align: center;\" height=\"18\">50<\/td>\n<td style=\"text-align: center;\">4.5 * 5.6<\/td>\n<td class=\"et2\" style=\"text-align: center;\" rowspan=\"4\">\u015eeffaf, \u00d6zel<\/td>\n<\/tr>\n<tr style=\"height: 13.50pt;\">\n<td style=\"height: 13.5pt; text-align: center;\" height=\"18\">80<\/td>\n<td style=\"text-align: center;\">5.0 * 5.5<\/td>\n<\/tr>\n<tr style=\"height: 13.50pt;\">\n<td style=\"height: 13.5pt; text-align: center;\" height=\"18\">100<\/td>\n<td style=\"text-align: center;\">5.4 * 7.5<\/td>\n<\/tr>\n<tr style=\"height: 13.50pt;\">\n<td style=\"height: 13.5pt; text-align: center;\" height=\"18\">150<\/td>\n<td style=\"text-align: center;\">5.7 * 7.6<\/td>\n<\/tr>\n<\/tbody>\n<\/table>\n<h2>Ba\u015far\u0131 \u00d6rne\u011fi<\/h2>\n<p>Tur\u015fu sebzelere odaklanan bir g\u0131da markas\u0131, e-ticaret i\u015fini b\u00fcy\u00fctmeye karar verdi\u011finde, kare \u015feklindeki bo\u015f tur\u015fu kavanozumuzu se\u00e7ti. S\u0131cak dolum i\u015flemini daha d\u00fczenli hale getirmek i\u00e7in metal kapa\u011f\u0131na s\u0131zd\u0131rmaz bir conta yerle\u015ftirdik.<\/p>\n<p>Paketleme de\u011fi\u015fikli\u011fiyle birlikte depo art\u0131k daha fazla kare yap\u0131y\u0131 istifleyebiliyor ve b\u00f6ylece toplam lojistik maliyetleri yakla\u015f\u0131k oran\u0131nda azald\u0131; yeni \u00fcr\u00fcn hatt\u0131n\u0131n sat\u0131\u015flar\u0131 ise piyasaya s\u00fcr\u00fclmesinden \u00fc\u00e7 ay sonra oran\u0131nda artt\u0131.<\/p>\n<h2>\u00d6zelle\u015ftirme \u0130pu\u00e7lar\u0131n\u0131z<\/h2>\n<p>Bu kare \u015feklindeki cam tur\u015fu kavanozu, geni\u015f bir ki\u015fiselle\u015ftirme yelpazesi sunar. Kapak rengini siyah, g\u00fcm\u00fc\u015f veya \u00f6zel bir serinin di\u011fer metal kapaklar\u0131yla de\u011fi\u015ftirmek kolayd\u0131r; \u015fi\u015fe g\u00f6vdesi, marka ileti\u015fimini t\u00fcketici i\u00e7in daha \u00e7ekici hale getirmek amac\u0131yla serigrafi bask\u0131, f\u0131r\u0131nlama, s\u0131cak damgalama veya etiket alan\u0131 optimizasyonu i\u015flemlerinden ge\u00e7irilebilir; cam ambalaj, buzlu, kabartmal\u0131 veya ultra \u015feffaf tipte olabilir ve marka izlenebilirli\u011fi i\u00e7in logo veya parti numaras\u0131 \u015fi\u015fenin alt\u0131ndaki kabartma yoluyla okunabilir.<\/p>","protected":false},"excerpt":{"rendered":"<p>G\u0131da \u00fcreticilerine y\u00f6nelik, fabrikadan do\u011frudan tedarik, toplu \u00f6zelle\u015ftirme ve g\u00fcvenilir kalite ile sunulan \u00e7ok y\u00f6nl\u00fc cam tur\u015fu kavanozlar\u0131 ve bo\u015f tur\u015fu kavanozu se\u00e7enekleri.<\/p>","protected":false},"featured_media":3357,"template":"","meta":{"postBodyCss":"","postBodyMargin":[],"postBodyPadding":[],"postBodyBackground":{"backgroundType":"classic","gradient":""}},"product_brand":[],"product_cat":[15,17,55],"product_tag":[65,71],"class_list":{"0":"post-3356","1":"product","2":"type-product","3":"status-publish","4":"has-post-thumbnail","6":"product_cat-glass-containers","7":"product_cat-glass-jars","8":"product_cat-pickle-jars","9":"product_tag-glass-jam-jars","10":"product_tag-honey-jars","12":"first","13":"instock","14":"shipping-taxable","15":"product-type-simple"},"jetpack_sharing_enabled":true,"_links":{"self":[{"href":"https:\/\/minghanggroup.com\/tr\/wp-json\/wp\/v2\/product\/3356","targetHints":{"allow":["GET"]}}],"collection":[{"href":"https:\/\/minghanggroup.com\/tr\/wp-json\/wp\/v2\/product"}],"about":[{"href":"https:\/\/minghanggroup.com\/tr\/wp-json\/wp\/v2\/types\/product"}],"wp:featuredmedia":[{"embeddable":true,"href":"https:\/\/minghanggroup.com\/tr\/wp-json\/wp\/v2\/media\/3357"}],"wp:attachment":[{"href":"https:\/\/minghanggroup.com\/tr\/wp-json\/wp\/v2\/media?parent=3356"}],"wp:term":[{"taxonomy":"product_brand","embeddable":true,"href":"https:\/\/minghanggroup.com\/tr\/wp-json\/wp\/v2\/product_brand?post=3356"},{"taxonomy":"product_cat","embeddable":true,"href":"https:\/\/minghanggroup.com\/tr\/wp-json\/wp\/v2\/product_cat?post=3356"},{"taxonomy":"product_tag","embeddable":true,"href":"https:\/\/minghanggroup.com\/tr\/wp-json\/wp\/v2\/product_tag?post=3356"}],"curies":[{"name":"wp","href":"https:\/\/api.w.org\/{rel}","templated":true}]}}