{"id":3334,"date":"2025-11-18T15:44:37","date_gmt":"2025-11-18T07:44:37","guid":{"rendered":"https:\/\/minghanggroup.com\/?post_type=product&#038;p=3334"},"modified":"2026-01-20T13:59:25","modified_gmt":"2026-01-20T05:59:25","slug":"customizable-pickling-jar-bulk","status":"publish","type":"product","link":"https:\/\/minghanggroup.com\/tr\/urun\/customizable-pickling-jar-bulk\/","title":{"rendered":"\u00d6zelle\u015ftirilebilir Cam Tur\u015fu Kavanozu Toplu 220ml 250ml 280ml"},"content":{"rendered":"<p>Markan\u0131z\u0131 ucuz g\u00f6steren s\u0131k\u0131c\u0131 ambalajlara para harcamay\u0131 b\u0131rak\u0131n. G\u0131da saklaman\u0131z\u0131 modaya uygun ve pratik bir hale getirmekle kalmay\u0131p, tur\u015fu sebzelerinizi de taze tutan birinci s\u0131n\u0131f tur\u015fu kavanozlar\u0131 \u00fcretiyoruz. Bunlar sadece tur\u015fu kavanozlar\u0131 de\u011fil; markan\u0131z\u0131n g\u0131da ambalaj\u0131ndaki yeni gizli silah\u0131.<\/p>\n<h2>\u00dcr\u00fcn \u00d6zellikleri<\/h2>\n<p><strong>Yuvarlak\u200b\u200d\u200b\u200c\u200d\u200b\u200d\u200c\u200b\u200d\u200c\u200d\u200b\u200d \u015ei\u015fe Bo\u011faz\u0131<\/strong><\/p>\n<p>Cilalama i\u015flemi m\u00fckemmel bir \u015fekilde yap\u0131lm\u0131\u015f, sap k\u0131sm\u0131 p\u00fcr\u00fczs\u00fcz ve \u00e7apaks\u0131z, keskin ve temiz, hissiyat\u0131 ise rahat.<\/p>\n<p><strong>Kal\u0131nla\u015ft\u0131r\u0131lm\u0131\u015f Taban<\/strong><\/p>\n<p>Alt k\u0131sm\u0131 kaymayan dokulu bir desenle kapl\u0131 oldu\u011fundan a\u015f\u0131nmaya dayan\u0131kl\u0131, uzun \u00f6m\u00fcrl\u00fcd\u00fcr ve devrilme olas\u0131l\u0131\u011f\u0131 daha d\u00fc\u015f\u00fckt\u00fcr.<\/p>\n<p><strong>Geni\u015f A\u011f\u0131z Tasar\u0131m\u0131<\/strong><\/p>\n<p>Salatal\u0131klar\u0131, dereotunu veya di\u011fer tur\u015fu malzemelerini ellerinizle sar\u0131n. Geni\u015f a\u011f\u0131zl\u0131 cam tur\u015fu kavanozlar\u0131yla kullanmak i\u00e7in m\u00fckemmeldir.<\/p>\n<h2>Temel \u00d6zellikler<\/h2>\n<table style=\"border-collapse: collapse; width: 80%; margin-left: auto; margin-right: auto;\" border=\"0\" width=\"216\" cellspacing=\"0\" cellpadding=\"0\">\n<tbody>\n<tr style=\"height: 13.50pt;\">\n<td style=\"height: 13.5pt; width: 54pt; text-align: center;\" width=\"72\" height=\"18\">Kapasite(ml)<\/td>\n<td style=\"width: 54pt; text-align: center;\" width=\"72\">Boyut (cm)<\/td>\n<td style=\"width: 54pt; text-align: center;\" width=\"72\">\u00d6zel Se\u00e7enekler<\/td>\n<\/tr>\n<tr style=\"height: 13.50pt;\">\n<td style=\"height: 13.5pt; text-align: center;\" align=\"right\" height=\"18\">220<\/td>\n<td style=\"text-align: center;\">6,2 x 11,3<\/td>\n<td class=\"et2\" style=\"text-align: center;\" rowspan=\"3\">Kapaklar, renk, etiket, logo<\/td>\n<\/tr>\n<tr style=\"height: 13.50pt;\">\n<td style=\"height: 13.5pt; text-align: center;\" align=\"right\" height=\"18\">250<\/td>\n<td style=\"text-align: center;\">6,5 x 12,7<\/td>\n<\/tr>\n<tr style=\"height: 13.50pt;\">\n<td style=\"height: 13.5pt; text-align: center;\" align=\"right\" height=\"18\">280<\/td>\n<td style=\"text-align: center;\">6,5 x 13,5<\/td>\n<\/tr>\n<\/tbody>\n<\/table>\n<h2>Ba\u015far\u0131 \u00d6rne\u011fi<\/h2>\n<p>Heritage\u200b\u200d\u200b\u200c\u200d\u200b\u200d\u200c\u200b\u200d\u200b\u200c\u200d\u200b\u200d\u200c Valley Foods, cam tur\u015fu kavanozlar\u0131m\u0131z\u0131 iyi bir \u015fekilde kullan\u0131yor; sa\u011flam, \u015feffaf cam ve geli\u015ftirilmi\u015f k\u0131rm\u0131z\u0131 s\u0131zd\u0131rmazl\u0131k kapaklar\u0131, tur\u015fu sebzelerine canl\u0131l\u0131k katman\u0131n yan\u0131 s\u0131ra daha \u015f\u0131k ve taze bir g\u00f6r\u00fcn\u00fcm kazand\u0131rarak \u00fcr\u00fcn\u00fc t\u00fcketiciler i\u00e7in ilk bak\u0131\u015fta olduk\u00e7a \u00e7ekici k\u0131l\u0131yor. Tur\u015fu sebze kavanozlar\u0131n\u0131n benzersiz kabartmal\u0131 dokusu ve d\u00fcz kenarlar\u0131, markalar\u0131n\u0131n perakende raflar\u0131nda di\u011fer markalar aras\u0131nda kolayca fark edilmesini sa\u011fl\u0131yor. Cirolar\u0131, yaln\u0131zca bir \u00e7eyreklik bir s\u00fcre i\u00e7inde artt\u0131.<\/p>\n<h2>Tur\u015fu Kavanozu \u0130\u00e7in \u00d6zelle\u015ftirme \u0130pu\u00e7lar\u0131n\u0131z<\/h2>\n<p>\u015ei\u015fenizi serigrafi bask\u0131, f\u0131r\u0131nlanm\u0131\u015f emaye veya y\u00fcksek s\u0131cakl\u0131\u011fa dayan\u0131kl\u0131 etiketler yoluyla ki\u015fiselle\u015ftirmeniz m\u00fcmk\u00fcnd\u00fcr, b\u00f6ylece logo veya tasar\u0131m kab\u0131n do\u011frudan bir par\u00e7as\u0131 haline gelir; tur\u015fu kavanozlar\u0131n\u0131n kapaklar\u0131 metalik boya, mat, elektrolizle kaplanm\u0131\u015f veya \u00f6zel renkli plastik kapaklardan olabilir ve kapanmay\u0131 iyile\u015ftirmek i\u00e7in h\u0131rs\u0131zl\u0131k \u00f6nleyici bir halka veya s\u0131zd\u0131rmazl\u0131k contas\u0131 tak\u0131labilir; Bunun yan\u0131 s\u0131ra, \u00e7evrimi\u00e7i ve market kanallar\u0131n\u0131n gereksinimlerini kar\u015f\u0131lamak i\u00e7in tatil kutular\u0131, k\u0131l\u0131f etiketleri, s\u0131zd\u0131rmazl\u0131k filmleri vb. gibi eksiksiz paketleme \u00e7\u00f6z\u00fcmleri sunabiliyoruz.<\/p>","protected":false},"excerpt":{"rendered":"<p>Al\u0131c\u0131lara tur\u015fu kavanozlar\u0131 sunuyoruz. Fabrikadan do\u011frudan sat\u0131\u015f olan bu tur\u015fu kavanozlar\u0131, kapaklar, boyutlar ve markalama ile \u00f6zelle\u015ftirilebilir.<\/p>","protected":false},"featured_media":3335,"template":"","meta":{"postBodyCss":"","postBodyMargin":[],"postBodyPadding":[],"postBodyBackground":{"backgroundType":"classic","gradient":""}},"product_brand":[],"product_cat":[15,17,55],"product_tag":[65,71],"class_list":{"0":"post-3334","1":"product","2":"type-product","3":"status-publish","4":"has-post-thumbnail","6":"product_cat-glass-containers","7":"product_cat-glass-jars","8":"product_cat-pickle-jars","9":"product_tag-glass-jam-jars","10":"product_tag-honey-jars","12":"first","13":"instock","14":"shipping-taxable","15":"product-type-simple"},"jetpack_sharing_enabled":true,"_links":{"self":[{"href":"https:\/\/minghanggroup.com\/tr\/wp-json\/wp\/v2\/product\/3334","targetHints":{"allow":["GET"]}}],"collection":[{"href":"https:\/\/minghanggroup.com\/tr\/wp-json\/wp\/v2\/product"}],"about":[{"href":"https:\/\/minghanggroup.com\/tr\/wp-json\/wp\/v2\/types\/product"}],"wp:featuredmedia":[{"embeddable":true,"href":"https:\/\/minghanggroup.com\/tr\/wp-json\/wp\/v2\/media\/3335"}],"wp:attachment":[{"href":"https:\/\/minghanggroup.com\/tr\/wp-json\/wp\/v2\/media?parent=3334"}],"wp:term":[{"taxonomy":"product_brand","embeddable":true,"href":"https:\/\/minghanggroup.com\/tr\/wp-json\/wp\/v2\/product_brand?post=3334"},{"taxonomy":"product_cat","embeddable":true,"href":"https:\/\/minghanggroup.com\/tr\/wp-json\/wp\/v2\/product_cat?post=3334"},{"taxonomy":"product_tag","embeddable":true,"href":"https:\/\/minghanggroup.com\/tr\/wp-json\/wp\/v2\/product_tag?post=3334"}],"curies":[{"name":"wp","href":"https:\/\/api.w.org\/{rel}","templated":true}]}}