{"id":3320,"date":"2025-11-18T13:04:23","date_gmt":"2025-11-18T05:04:23","guid":{"rendered":"https:\/\/minghanggroup.com\/?post_type=product&#038;p=3320"},"modified":"2025-11-18T13:04:23","modified_gmt":"2025-11-18T05:04:23","slug":"bulk-glass-pickling-containers-for-packaging","status":"publish","type":"product","link":"https:\/\/minghanggroup.com\/tr\/urun\/bulk-glass-pickling-containers-for-packaging\/","title":{"rendered":"Paketleme i\u00e7in Toplu Cam Tur\u015fu Kaplar\u0131 350ml 480ml 730ml"},"content":{"rendered":"<p>Bayatlam\u0131\u015f g\u0131da saklama kaplar\u0131n\u0131n markan\u0131z\u0131n cazibesini kaybetmesine neden olmas\u0131na izin vermeyin. G\u0131da ambalajlar\u0131n\u0131z\u0131 trend ve pratik bir \u00e7\u00f6z\u00fcme d\u00f6n\u00fc\u015ft\u00fcrmenin yan\u0131 s\u0131ra tur\u015fular\u0131n\u0131z\u0131 taze tutan y\u00fcksek kaliteli tur\u015fu kaplar\u0131 \u00fcretiyoruz. Bunlar sadece kavanoz de\u011fil; markan\u0131z\u0131n g\u0131da saklama ve paketleme konusundaki yeni gizli silah\u0131.<\/p>\n<h2>\u00dcr\u00fcn \u00d6zellikleri<\/h2>\n<ul>\n<li><strong>Geni\u015f a\u011f\u0131zl\u0131 tasar\u0131m:<\/strong>Salatal\u0131klar\u0131, b\u00fct\u00fcn sebzeleri veya b\u00fcy\u00fck yiyecek par\u00e7alar\u0131n\u0131 tur\u015fulamak ve ay\u0131klamak i\u00e7in idealdir.<\/li>\n<li><strong>Harika s\u0131zd\u0131rmazl\u0131k:<\/strong>Metal i\u00e7 kapakl\u0131 vidal\u0131 kapak, tur\u015fu ve konserve g\u0131dalar\u0131n tazeli\u011fini ve lezzetini uzun s\u00fcre koruman\u0131n en iyi yoludur. Hava ge\u00e7irmez tasar\u0131m\u0131 ise salamura suyunun en iyi durumda kalmas\u0131n\u0131 sa\u011flar.<\/li>\n<li><strong>B\u00fcy\u00fck kapasiteli alternatifler:<\/strong>350-730 ml&#039;lik b\u00fcy\u00fck kapasiteli cam tur\u015fu kavanozlar\u0131, k\u00fc\u00e7\u00fck kavanozlar\u0131n s\u0131k s\u0131k yeniden doldurulmas\u0131n\u0131 azaltman\u0131n en iyi yoludur.<\/li>\n<\/ul>\n<h2>Temel \u00d6zellikler<\/h2>\n<table style=\"border-collapse: collapse; width: 80%; margin-left: auto; margin-right: auto;\" border=\"0\" width=\"216\" cellspacing=\"0\" cellpadding=\"0\">\n<tbody>\n<tr style=\"height: 13.50pt;\">\n<td class=\"et2\" style=\"height: 13.5pt; width: 54pt; text-align: center;\" width=\"72\" height=\"18\">Kapasite(ml)<\/td>\n<td style=\"width: 54pt; text-align: center;\" width=\"72\">Boyut(cm)<\/td>\n<td style=\"width: 54pt; text-align: center;\" width=\"72\">M\u00fch\u00fcr Tipi<\/td>\n<\/tr>\n<tr style=\"height: 13.50pt;\">\n<td style=\"height: 13.5pt; text-align: center;\" align=\"right\" height=\"18\">350<\/td>\n<td style=\"text-align: center;\">8.5 *8.1 * 11.0<\/td>\n<td class=\"et2\" style=\"text-align: center;\" rowspan=\"3\">Metal veya Plastik<\/td>\n<\/tr>\n<tr style=\"height: 13.50pt;\">\n<td style=\"height: 13.5pt; text-align: center;\" align=\"right\" height=\"18\">480<\/td>\n<td style=\"text-align: center;\">9.2 * 8.9 * 12.2<\/td>\n<\/tr>\n<tr style=\"height: 13.50pt;\">\n<td style=\"height: 13.5pt; text-align: center;\" align=\"right\" height=\"18\">730<\/td>\n<td style=\"text-align: center;\">9.5 * 14.5<\/td>\n<\/tr>\n<\/tbody>\n<\/table>\n<h2>Ba\u015far\u0131 \u00d6rne\u011fi<\/h2>\n<p>ABD&#039;nin Teksas eyaletindeki bir tur\u015fu fabrikas\u0131, uzun mesafeli nakliyeye uygun, geni\u015f a\u011f\u0131zl\u0131 ve y\u00fcksek mukavemetli s\u0131zd\u0131rmazl\u0131k kapakl\u0131, \u00f6zel olarak kal\u0131nla\u015ft\u0131r\u0131lm\u0131\u015f cam tur\u015fu kavanozlar\u0131 i\u00e7in \u00f6zel bir sipari\u015f verdi.<\/p>\n<p>Yeni b\u00fcy\u00fck kapasiteli tur\u015fu kavanozlar\u0131 sayesinde dolum verimlili\u011fi oran\u0131nda art\u0131r\u0131l\u0131rken, nakliye s\u0131ras\u0131nda k\u0131r\u0131lma oran\u0131 azalt\u0131ld\u0131. Catering m\u00fc\u015fterilerinin tekrar sat\u0131n alma hacmi \u00fc\u00e7 ayda neredeyse iki kat\u0131na \u00e7\u0131kt\u0131.<\/p>\n<h2>Tur\u015fu Kaplar\u0131 \u0130\u00e7in \u00d6zelle\u015ftirme \u0130pu\u00e7lar\u0131n\u0131z<\/h2>\n<p>B\u00fcy\u00fck hacimli tur\u015fu kaplar\u0131 se\u00e7ilmesi durumunda, \u00fcr\u00fcn\u00fcn asitli\u011fine ve kat\u0131 madde i\u00e7eri\u011fine ba\u011fl\u0131 olarak cam kal\u0131nl\u0131\u011f\u0131 ve s\u0131zd\u0131rmazl\u0131k kapa\u011f\u0131n\u0131n malzemesi de\u011fi\u015ftirilebilir ve ayr\u0131ca geni\u015f a\u011f\u0131z boyutu ayarlanarak b\u00fcy\u00fck g\u0131da par\u00e7alar\u0131n\u0131n dolum verimlili\u011fi art\u0131r\u0131labilir; ayn\u0131 zamanda kavanozu te\u015fhirde daha dikkat \u00e7ekici hale getirmek i\u00e7in marka kabartmas\u0131 veya ya\u011f ve aside dayan\u0131kl\u0131 etiketler eklenebilir. \u00c7ok say\u0131da ihracat sevkiyat\u0131 durumunda, lojistik zincirinde t\u00fcm mal partisinin g\u00fcvenli\u011fini ve istikrar\u0131n\u0131 garanti alt\u0131na almak i\u00e7in d\u0131\u015f kutular ve paletli ambalajlar da kullan\u0131labilir.<\/p>","protected":false},"excerpt":{"rendered":"<p>Soslar ve sebzeler i\u00e7in tur\u015fu kaplar\u0131. Cam tur\u015fu kavanozlar\u0131m\u0131z m\u00fckemmel s\u0131zd\u0131rmazl\u0131k \u00f6zelli\u011fine sahiptir, \u00f6zel etiketleri destekler ve do\u011frudan fabrikadan g\u00f6nderilir.<\/p>","protected":false},"featured_media":3321,"template":"","meta":{"postBodyCss":"","postBodyMargin":[],"postBodyPadding":[],"postBodyBackground":{"backgroundType":"classic","gradient":""}},"product_brand":[],"product_cat":[15,17,55],"product_tag":[],"class_list":{"0":"post-3320","1":"product","2":"type-product","3":"status-publish","4":"has-post-thumbnail","6":"product_cat-glass-containers","7":"product_cat-glass-jars","8":"product_cat-pickle-jars","10":"first","11":"instock","12":"shipping-taxable","13":"product-type-simple"},"jetpack_sharing_enabled":true,"_links":{"self":[{"href":"https:\/\/minghanggroup.com\/tr\/wp-json\/wp\/v2\/product\/3320","targetHints":{"allow":["GET"]}}],"collection":[{"href":"https:\/\/minghanggroup.com\/tr\/wp-json\/wp\/v2\/product"}],"about":[{"href":"https:\/\/minghanggroup.com\/tr\/wp-json\/wp\/v2\/types\/product"}],"wp:featuredmedia":[{"embeddable":true,"href":"https:\/\/minghanggroup.com\/tr\/wp-json\/wp\/v2\/media\/3321"}],"wp:attachment":[{"href":"https:\/\/minghanggroup.com\/tr\/wp-json\/wp\/v2\/media?parent=3320"}],"wp:term":[{"taxonomy":"product_brand","embeddable":true,"href":"https:\/\/minghanggroup.com\/tr\/wp-json\/wp\/v2\/product_brand?post=3320"},{"taxonomy":"product_cat","embeddable":true,"href":"https:\/\/minghanggroup.com\/tr\/wp-json\/wp\/v2\/product_cat?post=3320"},{"taxonomy":"product_tag","embeddable":true,"href":"https:\/\/minghanggroup.com\/tr\/wp-json\/wp\/v2\/product_tag?post=3320"}],"curies":[{"name":"wp","href":"https:\/\/api.w.org\/{rel}","templated":true}]}}