{"id":3257,"date":"2025-11-17T16:29:55","date_gmt":"2025-11-17T08:29:55","guid":{"rendered":"https:\/\/minghanggroup.com\/?post_type=product&#038;p=3257"},"modified":"2025-11-18T10:58:25","modified_gmt":"2025-11-18T02:58:25","slug":"custom-pickle-container-pickles-jar-wholesale","status":"publish","type":"product","link":"https:\/\/minghanggroup.com\/tr\/urun\/custom-pickle-container-pickles-jar-wholesale\/","title":{"rendered":"125 ml - 280 ml \u00d6zel Cam Tur\u015fu Kaplar\u0131 Toptan Sat\u0131\u015f"},"content":{"rendered":"<p>Markan\u0131z\u0131n cazibesini azaltan s\u0131k\u0131c\u0131 g\u0131da saklama y\u00f6ntemleriyle u\u011fra\u015fmay\u0131 b\u0131rak\u0131n. Tur\u015fular\u0131n\u0131z\u0131 taze tutarken g\u0131da ambalajlar\u0131n\u0131z\u0131 \u015f\u0131k ve i\u015flevsel bir \u00e7\u00f6z\u00fcme d\u00f6n\u00fc\u015ft\u00fcren birinci s\u0131n\u0131f tur\u015fu kaplar\u0131 \u00fcretiyoruz. Bunlar sadece kavanoz de\u011fil; markan\u0131z\u0131n g\u0131da saklama ve paketleme i\u00e7in yeni gizli silah\u0131.<\/p>\n<h2>\u00dcr\u00fcn \u00d6zellikleri<\/h2>\n<ol>\n<li><strong>Kristal\u200b\u200d\u200b\u200c\u200d\u200b\u200d\u200c\u200b\u200d\u200b\u200c\u200d\u200b\u200d\u200c Berrakl\u0131k:<\/strong>S\u00fcper \u015feffaf cam sayesinde tur\u015fu yapt\u0131\u011f\u0131n\u0131z meyve ve sebzelerin parlak renkleri tur\u015fu kab\u0131n\u0131zda hemen g\u00f6ze \u00e7arpar.<\/li>\n<li><strong>Hava Ge\u00e7irmez Conta:<\/strong>Tur\u015fu ve konserveleme i\u015flemlerinizin tazeli\u011fini ve lezzetini korumak i\u00e7in, s\u00fcrekli di\u015fli metal bir kapak kullan\u0131l\u0131r. Hava ge\u00e7irmez conta, salamura suyunun taze kalmas\u0131n\u0131 sa\u011flar.<\/li>\n<li><strong>\u00c7ok Y\u00f6nl\u00fc Kapasite:<\/strong>Farkl\u0131 boyutlar\u0131 (125 ml-280 ml), ister k\u00fc\u00e7\u00fck ister g\u0131da i\u015fletmeniz i\u00e7in b\u00fcy\u00fck bir parti olsun, tur\u015fu ihtiya\u00e7lar\u0131n\u0131z\u0131 kar\u015f\u0131lamak i\u00e7in yeterlidir. Bu kavanozlar i\u00e7in toptan sipari\u015fler harikad\u0131r.<\/li>\n<\/ol>\n<h2>Temel \u00d6zellikler<\/h2>\n<table style=\"border-collapse: collapse; width: 80%; margin-left: auto; margin-right: auto;\" border=\"0\" width=\"288\" cellspacing=\"0\" cellpadding=\"0\">\n<tbody>\n<tr style=\"height: 13.50pt;\">\n<td style=\"height: 13.5pt; width: 54pt; text-align: center;\" width=\"72\" height=\"18\">Kapasite(ml)<\/td>\n<td style=\"width: 54pt; text-align: center;\" width=\"72\">Boyut(cm)<\/td>\n<td style=\"width: 54pt; text-align: center;\" width=\"72\">\u00d6zel Se\u00e7enekler<\/td>\n<\/tr>\n<tr style=\"height: 13.50pt;\">\n<td style=\"height: 13.5pt; text-align: center;\" height=\"18\">125 ml<\/td>\n<td style=\"text-align: center;\">7.5 * 7.3 * 5.5<\/td>\n<td class=\"et2\" style=\"text-align: center;\" rowspan=\"3\">Boyut,Logo,Etiket,Renk\u2026<\/td>\n<\/tr>\n<tr style=\"height: 13.50pt;\">\n<td style=\"height: 13.5pt; text-align: center;\" height=\"18\">180 ml<\/td>\n<td style=\"text-align: center;\">8.0 * 7.7 * 7.0<\/td>\n<\/tr>\n<tr style=\"height: 13.50pt;\">\n<td style=\"height: 13.5pt; text-align: center;\" height=\"18\">280 ml<\/td>\n<td style=\"text-align: center;\">8.2 * 7.9 * 9.5<\/td>\n<\/tr>\n<\/tbody>\n<\/table>\n<h2>Ba\u015far\u0131 \u00d6rne\u011fi<\/h2>\n<p>Kanada&#039;da \u00f6zel fermente g\u0131da \u00fcreten bir marka, korozyona dayan\u0131kl\u0131 alt\u0131n metal kapakl\u0131, s\u0131zd\u0131rmaz contal\u0131 ve fermantasyon s\u0131ras\u0131nda bas\u0131nca dayan\u0131kl\u0131l\u0131\u011f\u0131 art\u0131rmak i\u00e7in kal\u0131nla\u015ft\u0131r\u0131lm\u0131\u015f cam duvarl\u0131 yuvarlak bir tur\u015fu kavanozu tasarlamam\u0131z i\u00e7in bize ba\u015fvurdu.<\/p>\n<p>Ambalaj de\u011fi\u015fikli\u011finden sonra markan\u0131n tekrar sat\u0131n alma oran\u0131 artt\u0131 ve \u00fcr\u00fcn yorumlar\u0131 da \u00e7ok daha iyi hale geldi.<\/p>\n<h2>Tur\u015fu Kab\u0131n\u0131n \u00d6zelle\u015ftirme \u0130pu\u00e7lar\u0131<\/h2>\n<p>Bu cam tur\u015fu kab\u0131, sadece dokunu\u015fa ho\u015f bir his vermekle kalmay\u0131p ayn\u0131 zamanda bas\u0131nca da dayan\u0131kl\u0131, kal\u0131nla\u015ft\u0131r\u0131lm\u0131\u015f bir cam g\u00f6vdeden yap\u0131lm\u0131\u015ft\u0131r. Kullan\u0131c\u0131, alt\u0131n, elektrolizle kaplanm\u0131\u015f siyah veya do\u011fal teneke gibi se\u00e7enekler aras\u0131ndan diledi\u011fi metal kapa\u011f\u0131 se\u00e7ebilir. Ayr\u0131ca, daha iyi s\u0131zd\u0131rmazl\u0131k i\u00e7in kapa\u011f\u0131n i\u00e7ine bir silikon conta yerle\u015ftirilebilir. Tur\u015fu kavanozu, markaya daha benzersiz bir g\u00f6r\u00fcn\u00fcm kazand\u0131rmak i\u00e7in buzlu veya \u015feffaf bir s\u0131rla veya hatta hafif bir kabartma ile dekore edilebilir. Parlak alanlar, m\u00fc\u015fterinin etiketine uyacak \u015fekilde de\u011fi\u015ftirilebilir, b\u00f6ylece p\u00fcr\u00fczs\u00fcz ve e\u015fit bir uygulama sa\u011flan\u0131r. \u0130ster salatal\u0131k tur\u015fusu, ister kimchi veya ev yap\u0131m\u0131 fermente sebzeler olsun, bu \u00f6zel cam kavanoz daha profesyonel ve sofistike bir marka imaj\u0131d\u0131r.<\/p>","protected":false},"excerpt":{"rendered":"<p>Kimchi ve fermente g\u0131dalar i\u00e7in dayan\u0131kl\u0131 cam tur\u015fu kab\u0131, toplu tedarik, \u00f6zel kapaklar, markalama ve fabrikadan do\u011frudan sipari\u015fler i\u00e7in ideal \u00e7ok y\u00f6nl\u00fc bir tur\u015fu kavanozu.<\/p>","protected":false},"featured_media":3258,"template":"","meta":{"postBodyCss":"","postBodyMargin":[],"postBodyPadding":[],"postBodyBackground":{"backgroundType":"classic","gradient":""}},"product_brand":[],"product_cat":[15,17,55],"product_tag":[],"class_list":{"0":"post-3257","1":"product","2":"type-product","3":"status-publish","4":"has-post-thumbnail","6":"product_cat-glass-containers","7":"product_cat-glass-jars","8":"product_cat-pickle-jars","10":"first","11":"instock","12":"shipping-taxable","13":"product-type-simple"},"jetpack_sharing_enabled":true,"_links":{"self":[{"href":"https:\/\/minghanggroup.com\/tr\/wp-json\/wp\/v2\/product\/3257","targetHints":{"allow":["GET"]}}],"collection":[{"href":"https:\/\/minghanggroup.com\/tr\/wp-json\/wp\/v2\/product"}],"about":[{"href":"https:\/\/minghanggroup.com\/tr\/wp-json\/wp\/v2\/types\/product"}],"wp:featuredmedia":[{"embeddable":true,"href":"https:\/\/minghanggroup.com\/tr\/wp-json\/wp\/v2\/media\/3258"}],"wp:attachment":[{"href":"https:\/\/minghanggroup.com\/tr\/wp-json\/wp\/v2\/media?parent=3257"}],"wp:term":[{"taxonomy":"product_brand","embeddable":true,"href":"https:\/\/minghanggroup.com\/tr\/wp-json\/wp\/v2\/product_brand?post=3257"},{"taxonomy":"product_cat","embeddable":true,"href":"https:\/\/minghanggroup.com\/tr\/wp-json\/wp\/v2\/product_cat?post=3257"},{"taxonomy":"product_tag","embeddable":true,"href":"https:\/\/minghanggroup.com\/tr\/wp-json\/wp\/v2\/product_tag?post=3257"}],"curies":[{"name":"wp","href":"https:\/\/api.w.org\/{rel}","templated":true}]}}