{"id":3252,"date":"2025-11-17T15:02:18","date_gmt":"2025-11-17T07:02:18","guid":{"rendered":"https:\/\/minghanggroup.com\/?post_type=product&#038;p=3252"},"modified":"2026-01-20T13:59:46","modified_gmt":"2026-01-20T05:59:46","slug":"large-pickle-jar-wholesale-the-pickle-jar","status":"publish","type":"product","link":"https:\/\/minghanggroup.com\/tr\/urun\/large-pickle-jar-wholesale-the-pickle-jar\/","title":{"rendered":"Tur\u015fu \u0130htiya\u00e7lar\u0131n\u0131z \u0130\u00e7in 25oz \u2013 50oz B\u00fcy\u00fck Tur\u015fu Kavanozu Toptan Sat\u0131\u015f"},"content":{"rendered":"<p>Yiyeceklerinizin tazeli\u011fini bozan da\u011f\u0131n\u0131k saklama alanlar\u0131yla u\u011fra\u015fmay\u0131 b\u0131rak\u0131n. Tur\u015fu ve konserveleme i\u015flemlerinizi \u015f\u0131k ve verimli bir s\u00fcrece d\u00f6n\u00fc\u015ft\u00fcr\u00fcrken lezzeti de koruyan birinci s\u0131n\u0131f b\u00fcy\u00fck tur\u015fu kavanozlar\u0131 \u00fcretiyoruz. Bunlar sadece kap de\u011fil, markan\u0131z\u0131n g\u0131da ambalaj\u0131 i\u00e7in yeni gizli silah\u0131.<\/p>\n<h2>\u00dcr\u00fcn \u00d6zellikleri<\/h2>\n<ol>\n<li><strong>Geni\u015f a\u011f\u0131zl\u0131\u200b\u200d\u200b\u200c\u200d\u200b\u200d\u200c\u200b\u200d\u200c\u200d\u200b\u200d\u200c tasar\u0131m:<\/strong>Bir kavanoza b\u00fct\u00fcn bir salatal\u0131\u011f\u0131, bir avu\u00e7 dereotunu veya ba\u015fka herhangi bir malzemeyi doldurmaktan daha kolay\u0131 olamaz; dar kavanoz a\u011f\u0131zlar\u0131 art\u0131k d\u00fc\u015fman\u0131n\u0131z olmayacak ve tur\u015fular\u0131n\u0131z\u0131 kolayca doldurabileceksiniz. Geni\u015f a\u011f\u0131zl\u0131 cam kaplarla kesinlikle uyumludur.<\/li>\n<li><strong>M\u00fckemmel m\u00fch\u00fcr:<\/strong>S\u00fcrekli di\u015fli metal kapak, tur\u015fu ve konserve g\u0131dalar\u0131n tazeli\u011fini ve lezzetini m\u00fckemmel bir \u015fekilde korumas\u0131n\u0131 sa\u011flayan ana fakt\u00f6rd\u00fcr. M\u00fckemmel bir s\u0131zd\u0131rmazl\u0131k, salamura suyunun en iyi \u015fekilde korunmas\u0131n\u0131 sa\u011flar.<\/li>\n<li><strong>\u00c7oklu kapasite se\u00e7enekleri:<\/strong>\u0130ster k\u00fc\u00e7\u00fck bir parti ister bir g\u0131da i\u015fletmesi i\u00e7in b\u00fcy\u00fck \u00f6l\u00e7ekli bir depolama olsun, farkl\u0131 tur\u015fu ihtiya\u00e7lar\u0131n\u0131z i\u00e7in farkl\u0131 boyutlarda (750 ml&#039;den 1500 ml&#039;ye kadar) mevcuttur. Bu b\u00fcy\u00fck tur\u015fu kavanozlar\u0131, toptan sipari\u015fler i\u00e7in m\u00fckemmeldir.<\/li>\n<\/ol>\n<h2>Temel \u00d6zellikler<\/h2>\n<p>&nbsp;<\/p>\n<table style=\"border-collapse: collapse; width: 80%; margin-left: auto; margin-right: auto;\" border=\"0\" width=\"288\" cellspacing=\"0\" cellpadding=\"0\">\n<tbody>\n<tr style=\"height: 13.50pt;\">\n<td style=\"height: 13.5pt; width: 54pt; text-align: center;\" width=\"72\" height=\"18\">Kapasite(ml)<\/td>\n<td style=\"width: 54pt; text-align: center;\" width=\"72\">Boyut(cm)<\/td>\n<td style=\"width: 54pt; text-align: center;\" width=\"72\">\u015eekil<\/td>\n<\/tr>\n<tr style=\"height: 13.50pt;\">\n<td style=\"height: 13.5pt; text-align: center;\" align=\"right\" height=\"18\">750<\/td>\n<td style=\"text-align: center;\">9.3*15.1<\/td>\n<td class=\"et2\" style=\"text-align: center;\" rowspan=\"3\">Yuvarlak<\/td>\n<\/tr>\n<tr style=\"height: 13.50pt;\">\n<td style=\"height: 13.5pt; text-align: center;\" align=\"right\" height=\"18\">950<\/td>\n<td style=\"text-align: center;\">9.1*18.8<\/td>\n<\/tr>\n<tr style=\"height: 13.50pt;\">\n<td style=\"height: 13.5pt; text-align: center;\" align=\"right\" height=\"18\">1500<\/td>\n<td style=\"text-align: center;\">10.5*20.4<\/td>\n<\/tr>\n<\/tbody>\n<\/table>\n<h2>Ba\u015far\u0131 \u00d6rne\u011fi<\/h2>\n<p>G\u00fcney Koreli bir tur\u015fu markas\u0131, yeni \u00fcr\u00fcnlerini paketlemek i\u00e7in b\u00fcy\u00fck tur\u015fu kavanozumuzu se\u00e7ti. Daha b\u00fcy\u00fck hacimli ve daha kal\u0131n caml\u0131 \u00f6zel bir kavanoz \u00fcrettiler, \u015fi\u015feye kabartmal\u0131 bir logo eklediler ve metal kapa\u011f\u0131yla genel marka bilinirli\u011fini \u00f6nemli \u00f6l\u00e7\u00fcde art\u0131rd\u0131lar.<\/p>\n<p>Yeni ambalaj\u0131n tan\u0131t\u0131m\u0131n\u0131n hemen ard\u0131ndan, ana \u00fcr\u00fcnlerinin sat\u0131\u015flar\u0131 \u00fc\u00e7 ayda artt\u0131.<\/p>\n<h2>B\u00fcy\u00fck Baharat Kavanozunun \u00d6zelle\u015ftirme \u0130pu\u00e7lar\u0131<\/h2>\n<p>Bu b\u00fcy\u00fck tur\u015fu kavanozu, bir markan\u0131n gereksinimlerini kar\u015f\u0131lamak i\u00e7in \u00e7e\u015fitli \u015fekillerde de\u011fi\u015ftirilebilir. \u00c7e\u015fitli aile boyu tur\u015fu \u00fcr\u00fcnlerine uygun farkl\u0131 kapak boyutlar\u0131 kullan\u0131labilir. Raftaki t\u00fcketicileri g\u00f6rsel olarak cezbetmek i\u00e7in daha kal\u0131n veya daha \u015feffaf cam kullan\u0131labilir. Kapaklar s\u0131zd\u0131rmaz, paslanmaz metal veya plastik stillerde \u00f6zelle\u015ftirilebilir. Ayr\u0131ca, renk, elektrokaplama, boyama ve logo bask\u0131s\u0131na uygundur; bu da toplam paketi yaln\u0131zca daha dayan\u0131kl\u0131 hale getirmekle kalmaz, ayn\u0131 zamanda marka taraf\u0131ndan daha kolay tan\u0131n\u0131r hale getirir.<\/p>","protected":false},"excerpt":{"rendered":"<p>Toplu g\u0131da markalar\u0131 i\u00e7in fabrikadan do\u011frudan b\u00fcy\u00fck tur\u015fu kavanozu \u00e7\u00f6z\u00fcmleri. Tur\u015fu \u00fcretim hatt\u0131n\u0131z\u0131 geli\u015ftirmek i\u00e7in tur\u015fu kavanozunu kapaklar\u0131, boyutlar\u0131 ve etiketleriyle \u00f6zelle\u015ftirin.<\/p>","protected":false},"featured_media":3253,"template":"","meta":{"postBodyCss":"","postBodyMargin":[],"postBodyPadding":[],"postBodyBackground":{"backgroundType":"classic","gradient":""}},"product_brand":[],"product_cat":[15,17,55],"product_tag":[65,71],"class_list":{"0":"post-3252","1":"product","2":"type-product","3":"status-publish","4":"has-post-thumbnail","6":"product_cat-glass-containers","7":"product_cat-glass-jars","8":"product_cat-pickle-jars","9":"product_tag-glass-jam-jars","10":"product_tag-honey-jars","12":"first","13":"instock","14":"shipping-taxable","15":"product-type-simple"},"jetpack_sharing_enabled":true,"_links":{"self":[{"href":"https:\/\/minghanggroup.com\/tr\/wp-json\/wp\/v2\/product\/3252","targetHints":{"allow":["GET"]}}],"collection":[{"href":"https:\/\/minghanggroup.com\/tr\/wp-json\/wp\/v2\/product"}],"about":[{"href":"https:\/\/minghanggroup.com\/tr\/wp-json\/wp\/v2\/types\/product"}],"wp:featuredmedia":[{"embeddable":true,"href":"https:\/\/minghanggroup.com\/tr\/wp-json\/wp\/v2\/media\/3253"}],"wp:attachment":[{"href":"https:\/\/minghanggroup.com\/tr\/wp-json\/wp\/v2\/media?parent=3252"}],"wp:term":[{"taxonomy":"product_brand","embeddable":true,"href":"https:\/\/minghanggroup.com\/tr\/wp-json\/wp\/v2\/product_brand?post=3252"},{"taxonomy":"product_cat","embeddable":true,"href":"https:\/\/minghanggroup.com\/tr\/wp-json\/wp\/v2\/product_cat?post=3252"},{"taxonomy":"product_tag","embeddable":true,"href":"https:\/\/minghanggroup.com\/tr\/wp-json\/wp\/v2\/product_tag?post=3252"}],"curies":[{"name":"wp","href":"https:\/\/api.w.org\/{rel}","templated":true}]}}