{"id":3226,"date":"2025-11-17T11:46:22","date_gmt":"2025-11-17T03:46:22","guid":{"rendered":"https:\/\/minghanggroup.com\/?post_type=product&#038;p=3226"},"modified":"2026-01-20T13:59:35","modified_gmt":"2026-01-20T05:59:35","slug":"pickle-jar-bulk-pickling-jars-factory","status":"publish","type":"product","link":"https:\/\/minghanggroup.com\/tr\/urun\/pickle-jar-bulk-pickling-jars-factory\/","title":{"rendered":"105 ml \u2013 550 ml Cam Tur\u015fu Kavanozu Toplu Paketleme \u0130\u00e7in"},"content":{"rendered":"<p>Mutfa\u011f\u0131n\u0131z\u0131n esteti\u011fini bozan da\u011f\u0131n\u0131k saklama alanlar\u0131yla u\u011fra\u015fmay\u0131 b\u0131rak\u0131n. Tur\u015fular\u0131n\u0131z\u0131 taze tutarken yiyecek saklama alan\u0131n\u0131z\u0131 \u015f\u0131k bir alana d\u00f6n\u00fc\u015ft\u00fcren birinci s\u0131n\u0131f tur\u015fu kavanozlar\u0131 \u00fcretiyoruz. Bunlar sadece kap de\u011fil; markan\u0131z\u0131n mutfak d\u00fczeni ve g\u0131da paketlemesi i\u00e7in yeni gizli silah\u0131.<\/p>\n<h2>\u00dcr\u00fcn \u00d6zellikleri<\/h2>\n<ol>\n<li><strong>M\u00fckemmel\u200b\u200d\u200b\u200c\u200d\u200b\u200d\u200c\u200b\u200d\u200c\u200d\u200b\u200d\u200c M\u00fch\u00fcr:<\/strong>S\u0131k\u0131ca kapanan metal kapak, tur\u015fu kavanozlar\u0131n\u0131z\u0131n lezzetini ve tazeli\u011fini korur, b\u00f6ylece tur\u015fu yapt\u0131\u011f\u0131n\u0131z sebzeler taze ve canl\u0131 kal\u0131r.<\/li>\n<li><strong>\u00c7ok Y\u00f6nl\u00fc Kapasite:<\/strong>Farkl\u0131 boyutlar\u0131 (105ml-550ml) ister k\u00fc\u00e7\u00fck parti ister g\u0131da i\u015fletmeniz i\u00e7in toplu depolama olsun, t\u00fcm tur\u015fulama ihtiya\u00e7lar\u0131n\u0131z\u0131 kar\u015f\u0131lar.<\/li>\n<li><strong>Dayan\u0131kl\u0131 Yap\u0131:<\/strong>G\u00fc\u00e7l\u00fc cam, mutfak saklama kaplar\u0131n\u0131z i\u00e7in g\u00fcnl\u00fck kullan\u0131ma dayanabilir, bu nedenle bu cam kavanozlar uzun s\u00fcreli g\u0131da muhafazas\u0131 i\u00e7in do\u011fru olanlard\u0131r.<\/li>\n<\/ol>\n<h2>Temel \u00d6zellikler<\/h2>\n<table style=\"border-collapse: collapse; width: 80%; margin-left: auto; margin-right: auto;\" border=\"0\" width=\"360\" cellspacing=\"0\" cellpadding=\"0\">\n<tbody>\n<tr style=\"height: 13.50pt;\">\n<td style=\"height: 13.5pt; width: 54pt; text-align: center;\" width=\"72\" height=\"18\">Kapasite(ml)<\/td>\n<td style=\"width: 54pt; text-align: center;\" width=\"72\">Boyut(cm)<\/td>\n<td style=\"width: 54pt; text-align: center;\" width=\"72\">\u0130\u00e7\/D\u0131\u015f \u00c7ap (mm)<\/td>\n<td style=\"width: 54pt; text-align: center;\" width=\"72\">\u015eekil<\/td>\n<\/tr>\n<tr style=\"height: 13.50pt;\">\n<td style=\"height: 13.5pt; text-align: center;\" align=\"right\" height=\"18\">105<\/td>\n<td style=\"text-align: center;\">5.5 * 6.5<\/td>\n<td style=\"text-align: center;\">42 * 51<\/td>\n<td class=\"et2\" style=\"text-align: center;\" rowspan=\"4\">Yuvarlak<\/td>\n<\/tr>\n<tr style=\"height: 13.50pt;\">\n<td style=\"height: 13.5pt; text-align: center;\" align=\"right\" height=\"18\">230<\/td>\n<td style=\"text-align: center;\">6.7 * 9.0<\/td>\n<td style=\"text-align: center;\">52 * 62<\/td>\n<\/tr>\n<tr style=\"height: 13.50pt;\">\n<td style=\"height: 13.5pt; text-align: center;\" align=\"right\" height=\"18\">350<\/td>\n<td style=\"text-align: center;\">7.4 * 10.9<\/td>\n<td style=\"text-align: center;\">58 * 68<\/td>\n<\/tr>\n<tr style=\"height: 13.50pt;\">\n<td style=\"height: 13.5pt; text-align: center;\" align=\"right\" height=\"18\">550<\/td>\n<td style=\"text-align: center;\">8.6 * 12.6<\/td>\n<td style=\"text-align: center;\">69 * 80<\/td>\n<\/tr>\n<\/tbody>\n<\/table>\n<h2>Ba\u015far\u0131 \u00d6rne\u011fi<\/h2>\n<p>Do\u011fu Avrupal\u0131 \u200b\u200bbir \u00e7e\u015fni markas\u0131, ambalaj\u0131n\u0131 yenilerken tur\u015fular\u0131 i\u00e7in cam kavanozumuzu kullanmaya karar verdi. \u00c7e\u015fitli hacim se\u00e7eneklerini de\u011fi\u015ftirdik ve daha iyi kapat\u0131lan, paslanmaya dayan\u0131kl\u0131 siyah bir kapak sa\u011flad\u0131k; b\u00f6ylece markan\u0131n raf g\u00f6r\u00fcn\u00fcm\u00fc daha d\u00fczg\u00fcn ve g\u00f6rsel kalitesi daha y\u00fcksek oldu.<\/p>\n<p>Markan\u0131n yeni ambalaj\u0131n\u0131n tan\u0131t\u0131lmas\u0131n\u0131n ard\u0131ndan, markan\u0131n tur\u015fu sat\u0131\u015flar\u0131 sadece \u00fc\u00e7 ay gibi k\u0131sa bir s\u00fcrede y\u00fczde 30&#039;a yak\u0131n art\u0131\u015f g\u00f6sterdi ve ayr\u0131ca iki b\u00fcy\u00fck s\u00fcpermarket zincirine ba\u015far\u0131l\u0131 bir giri\u015f yaparak marka bilinirli\u011finde b\u00fcy\u00fck art\u0131\u015f sa\u011flad\u0131.<\/p>\n<h2>Tur\u015fu Kavanozu i\u00e7in \u00d6zelle\u015ftirme \u0130pu\u00e7lar\u0131<\/h2>\n<p>Bu tur\u015fu kavanozu, farkl\u0131 kapasiteler ve \u00e7e\u015fitli tur\u015fu yiyecekleri i\u00e7in \u015fi\u015fe \u015fekilleri gibi \u00e7e\u015fitli \u015fekillerde marka gereksinimlerine g\u00f6re uyarlanabilir. Bu tur\u015fu kavanozlar\u0131, dokuyu geli\u015ftirmek i\u00e7in daha kal\u0131n veya kabartmal\u0131 yap\u0131labilir. Ayr\u0131ca, paslanmaz metal kapa\u011f\u0131n rengi, y\u00f6ntemi ve s\u0131zd\u0131rmazl\u0131k yap\u0131s\u0131 m\u00fc\u015fterinin tercihine g\u00f6re de\u011fi\u015ftirilebilir. \u015ei\u015feye veya kapa\u011fa marka logolar\u0131, etiket boyutlar\u0131 ve desen tasar\u0131mlar\u0131 da eklenerek \u00fcr\u00fcn daha \u00e7ekici ve profesyonel bir raf g\u00f6r\u00fcn\u00fcm\u00fcne kavu\u015fturulabilir.<\/p>","protected":false},"excerpt":{"rendered":"<p>Do\u011frudan fabrikadan \u00fcretilen tur\u015fu kavanozlar\u0131, toplu konserve, fermente g\u0131dalar ve markal\u0131 ambalajlar i\u00e7in idealdir. OEM sipari\u015fleri i\u00e7in \u00f6zel logo bask\u0131s\u0131n\u0131 destekler.<\/p>","protected":false},"featured_media":3227,"template":"","meta":{"postBodyCss":"","postBodyMargin":[],"postBodyPadding":[],"postBodyBackground":{"backgroundType":"classic","gradient":""}},"product_brand":[],"product_cat":[15,17,55],"product_tag":[65,71],"class_list":{"0":"post-3226","1":"product","2":"type-product","3":"status-publish","4":"has-post-thumbnail","6":"product_cat-glass-containers","7":"product_cat-glass-jars","8":"product_cat-pickle-jars","9":"product_tag-glass-jam-jars","10":"product_tag-honey-jars","12":"first","13":"instock","14":"shipping-taxable","15":"product-type-simple"},"jetpack_sharing_enabled":true,"_links":{"self":[{"href":"https:\/\/minghanggroup.com\/tr\/wp-json\/wp\/v2\/product\/3226","targetHints":{"allow":["GET"]}}],"collection":[{"href":"https:\/\/minghanggroup.com\/tr\/wp-json\/wp\/v2\/product"}],"about":[{"href":"https:\/\/minghanggroup.com\/tr\/wp-json\/wp\/v2\/types\/product"}],"wp:featuredmedia":[{"embeddable":true,"href":"https:\/\/minghanggroup.com\/tr\/wp-json\/wp\/v2\/media\/3227"}],"wp:attachment":[{"href":"https:\/\/minghanggroup.com\/tr\/wp-json\/wp\/v2\/media?parent=3226"}],"wp:term":[{"taxonomy":"product_brand","embeddable":true,"href":"https:\/\/minghanggroup.com\/tr\/wp-json\/wp\/v2\/product_brand?post=3226"},{"taxonomy":"product_cat","embeddable":true,"href":"https:\/\/minghanggroup.com\/tr\/wp-json\/wp\/v2\/product_cat?post=3226"},{"taxonomy":"product_tag","embeddable":true,"href":"https:\/\/minghanggroup.com\/tr\/wp-json\/wp\/v2\/product_tag?post=3226"}],"curies":[{"name":"wp","href":"https:\/\/api.w.org\/{rel}","templated":true}]}}