{"id":3041,"date":"2025-11-14T11:13:14","date_gmt":"2025-11-14T03:13:14","guid":{"rendered":"https:\/\/minghanggroup.com\/?post_type=product&#038;p=3041"},"modified":"2025-11-14T17:28:36","modified_gmt":"2025-11-14T09:28:36","slug":"custom-glass-spice-bottles-seasoning-bottle-bulk","status":"publish","type":"product","link":"https:\/\/minghanggroup.com\/tr\/urun\/custom-glass-spice-bottles-seasoning-bottle-bulk\/","title":{"rendered":"40 ml \u00d6zel Cam Baharat \u015ei\u015feleri"},"content":{"rendered":"<p>Mutfa\u011f\u0131n\u0131z\u0131n da\u011f\u0131n\u0131k g\u00f6r\u00fcnmesine neden olan da\u011f\u0131n\u0131k baharat saklama alanlar\u0131yla u\u011fra\u015fmay\u0131 b\u0131rak\u0131n. Sadece mutfak dekorunuza \u015f\u0131kl\u0131k katmakla kalmay\u0131p baharatlar\u0131n\u0131z\u0131 taze tutan \u015f\u0131k cam baharat kavanozlar\u0131 \u00fcretiyoruz. Bunlar sadece kavanoz de\u011fil, ayn\u0131 zamanda markan\u0131z\u0131n d\u00fczenli ve \u015f\u0131k mutfaklar ve g\u0131da ambalajlar\u0131 i\u00e7in yeni g\u00f6r\u00fcnmez g\u00fcc\u00fc.<\/p>\n<h2>\u00dcr\u00fcn \u00d6zellikleri<\/h2>\n<ol>\n<li><strong>Yuvarlak \u015ei\u015fe Bo\u011faz\u0131:<\/strong>Yuvarlak ve e\u015fit \u015fi\u015fe boynu g\u00fczel bir s\u0131zd\u0131rmazl\u0131k sa\u011flar ve b\u00f6ylece s\u0131z\u0131nt\u0131ya izin verilmez.<\/li>\n<li><strong>Hassas \u00c7alkalama Kapa\u011f\u0131:<\/strong>\ub69c\uaed1<\/li>\n<li><strong>Ergonomik Tasar\u0131m:<\/strong>G\u00fczelce sivrilen tasar\u0131m\u0131yla kombinlenen \u00fcr\u00fcn\u00fcn p\u00fcr\u00fczs\u00fcz, ince \u015fi\u015fe hatlar\u0131 g\u00fczel bir tutu\u015f sa\u011fl\u0131yor ve bu sayede mutfakta kullan\u0131m\u0131 kolayla\u015f\u0131yor.<\/li>\n<\/ol>\n<h2>Temel \u00d6zellikler<\/h2>\n<table style=\"border-collapse: collapse; width: 80%; margin-left: auto; margin-right: auto;\" border=\"0\" width=\"288\" cellspacing=\"0\" cellpadding=\"0\">\n<tbody>\n<tr style=\"height: 13.50pt;\">\n<td style=\"height: 13.5pt; width: 54pt; text-align: center;\" width=\"72\" height=\"18\">Kapasite<\/td>\n<td style=\"width: 54pt; text-align: center;\" width=\"72\">Boyut<\/td>\n<td style=\"width: 54pt; text-align: center;\" width=\"72\">Renk Se\u00e7enekleri<\/td>\n<td style=\"width: 54pt; text-align: center;\" width=\"72\">Kapak Se\u00e7enekleri<\/td>\n<\/tr>\n<tr style=\"height: 13.50pt;\">\n<td style=\"height: 13.5pt; text-align: center;\" height=\"18\">40 ml<\/td>\n<td style=\"text-align: center;\">4,5 * 10 cm<\/td>\n<td style=\"text-align: center;\">Temizle, \u00d6zel<\/td>\n<td style=\"text-align: center;\">E\u015fit deliklere sahip metal<\/td>\n<\/tr>\n<\/tbody>\n<\/table>\n<h2>Ba\u015far\u0131 \u00d6rne\u011fi<\/h2>\n<p>Minimalist ama sofistike imajlar\u0131n\u0131 yans\u0131tacak bir ambalaj aray\u0131\u015f\u0131nda olan Avrupal\u0131 \u200b\u200bbir sos giri\u015fimi bize ba\u015fvurdu. Sonu\u00e7 olarak, onlar i\u00e7in \u00f6zel bir cam baharat \u015fi\u015fesi tasarlad\u0131k. Tasar\u0131m\u0131n\u0131 \u00fcr\u00fcn \u00f6zelliklerine uyacak \u015fekilde ayarlad\u0131k ve cam g\u00f6vdeyi, hem kal\u0131nla\u015ft\u0131r\u0131lm\u0131\u015f hem de sa\u011flam metal vidal\u0131 bir kapakla birle\u015ftirdik. \u015ei\u015fenin y\u00fcksek \u015feffafl\u0131\u011f\u0131, parlak renkli ac\u0131 biberleri, karabiberleri ve sar\u0131msak di\u015flerini m\u00fc\u015fteriler i\u00e7in daha \u00e7ekici hale getirdi.<\/p>\n<p>Sonu\u00e7ta, bu \u015f\u0131k cam baharat \u015fi\u015feleri m\u00fc\u015fterinin ilk \u00fc\u00e7 ayda &#039;un \u00fczerinde sat\u0131\u015f art\u0131\u015f\u0131nda etkili oldu.<\/p>\n<h2>Cam Baharat \u015ei\u015felerinin \u00d6zelle\u015ftirme \u0130pu\u00e7lar\u0131<\/h2>\n<p>Bu cam sos kab\u0131, bir markan\u0131n hassas gereksinimlerini kar\u015f\u0131lamak i\u00e7in \u00e7e\u015fitli ayarlanabilir \u00f6zellikler sunar. Bunlar aras\u0131nda, daha iyi bir g\u00f6rsel efekt i\u00e7in \u015fi\u015fenin kal\u0131nl\u0131\u011f\u0131n\u0131 ve \u015feffafl\u0131\u011f\u0131n\u0131 se\u00e7mek, rengi ayarlamak, metal kapa\u011f\u0131n elektrokaplama i\u015flemi veya sprey kaplamas\u0131n\u0131 markan\u0131n stiliyle uyumlu hale getirmek ve marka bilinirli\u011fini art\u0131rmak i\u00e7in serigrafi bask\u0131, s\u0131cak damgalama veya etiketler eklemek yer al\u0131r. Farkl\u0131 par\u00e7ac\u0131k boyutlar\u0131ndaki soslara uyum sa\u011flamak i\u00e7in \u00e7e\u015fitli delik tasar\u0131mlar\u0131 mevcuttur. Bunun yan\u0131 s\u0131ra, piyasada \u00f6ne \u00e7\u0131kacak benzersiz bir sos \u015fi\u015fesi versiyonu olu\u015fturmak i\u00e7in hacmi veya hediye kutusu ambalaj\u0131n\u0131 da ki\u015fiselle\u015ftirebilirsiniz.<\/p>","protected":false},"excerpt":{"rendered":"<p>Temiz da\u011f\u0131t\u0131m i\u00e7in tasarlanm\u0131\u015f cam baharat \u015fi\u015feleri. Toplu tedarik, marka \u00f6zelle\u015ftirmesi ve verimli mutfak depolamas\u0131 i\u00e7in \u015f\u0131k bir baharat \u015fi\u015fesi se\u00e7ene\u011fi.<\/p>","protected":false},"featured_media":3042,"template":"","meta":{"postBodyCss":"","postBodyMargin":[],"postBodyPadding":[],"postBodyBackground":{"backgroundType":"classic","gradient":""}},"product_brand":[],"product_cat":[15,17,53],"product_tag":[],"class_list":{"0":"post-3041","1":"product","2":"type-product","3":"status-publish","4":"has-post-thumbnail","6":"product_cat-glass-containers","7":"product_cat-glass-jars","8":"product_cat-spice-jars","10":"first","11":"instock","12":"shipping-taxable","13":"product-type-simple"},"jetpack_sharing_enabled":true,"_links":{"self":[{"href":"https:\/\/minghanggroup.com\/tr\/wp-json\/wp\/v2\/product\/3041","targetHints":{"allow":["GET"]}}],"collection":[{"href":"https:\/\/minghanggroup.com\/tr\/wp-json\/wp\/v2\/product"}],"about":[{"href":"https:\/\/minghanggroup.com\/tr\/wp-json\/wp\/v2\/types\/product"}],"wp:featuredmedia":[{"embeddable":true,"href":"https:\/\/minghanggroup.com\/tr\/wp-json\/wp\/v2\/media\/3042"}],"wp:attachment":[{"href":"https:\/\/minghanggroup.com\/tr\/wp-json\/wp\/v2\/media?parent=3041"}],"wp:term":[{"taxonomy":"product_brand","embeddable":true,"href":"https:\/\/minghanggroup.com\/tr\/wp-json\/wp\/v2\/product_brand?post=3041"},{"taxonomy":"product_cat","embeddable":true,"href":"https:\/\/minghanggroup.com\/tr\/wp-json\/wp\/v2\/product_cat?post=3041"},{"taxonomy":"product_tag","embeddable":true,"href":"https:\/\/minghanggroup.com\/tr\/wp-json\/wp\/v2\/product_tag?post=3041"}],"curies":[{"name":"wp","href":"https:\/\/api.w.org\/{rel}","templated":true}]}}