{"id":3031,"date":"2025-11-13T16:58:06","date_gmt":"2025-11-13T08:58:06","guid":{"rendered":"https:\/\/minghanggroup.com\/?post_type=product&#038;p=3031"},"modified":"2025-11-14T10:05:55","modified_gmt":"2025-11-14T02:05:55","slug":"custom-seasoning-container-dry-spice-grinder-bulk","status":"publish","type":"product","link":"https:\/\/minghanggroup.com\/tr\/urun\/custom-seasoning-container-dry-spice-grinder-bulk\/","title":{"rendered":"Paketleme i\u00e7in \u00d6\u011f\u00fct\u00fcc\u00fcl\u00fc 200 ml \u00d6zel Baharat Kab\u0131"},"content":{"rendered":"<p>Mutfa\u011f\u0131n\u0131z\u0131 da\u011f\u0131n\u0131k g\u00f6steren, k\u00f6t\u00fc saklanm\u0131\u015f baharatlarla u\u011fra\u015fmay\u0131 b\u0131rak\u0131n. Baharatlar\u0131n\u0131z\u0131 taze tutmakla kalmay\u0131p mutfa\u011f\u0131n\u0131z\u0131 \u015f\u0131k bir mekana d\u00f6n\u00fc\u015ft\u00fcren en kaliteli baharat kavanozlar\u0131n\u0131 \u00fcretiyoruz. Sadece birer kap de\u011filler, markan\u0131z\u0131n mutfak d\u00fczeni ve g\u0131da ambalaj\u0131 i\u00e7in yeni gizli silah\u0131 haline geliyorlar.<\/p>\n<h2>\u00dcr\u00fcn \u00d6zellikleri<\/h2>\n<ol>\n<li><strong>Hassas Ta\u015flama Kontrol\u00fc:<\/strong>Paslanmaz \u00e7elik d\u00f6ner \u00f6\u011f\u00fct\u00fcc\u00fc, karabiber, tuz ve otlar\u0131n\u0131z\u0131n irili\u011fini \u00e7ok hassas bir \u015fekilde belirlemenizi sa\u011flar.<\/li>\n<li><strong>Nem Ge\u00e7irmez S\u0131zd\u0131rmazl\u0131k Yap\u0131s\u0131:<\/strong>Paslanmaz \u00e7elik kapak ve silikon conta halkas\u0131 bir araya geldi\u011finde nemin i\u00e7eri girmesini etkili bir \u015fekilde engelleyerek, daha uzun s\u00fcre kullanaca\u011f\u0131n\u0131z baharatlar\u0131n taze kalmas\u0131n\u0131 sa\u011flar.<\/li>\n<li><strong>Ergonomik \u015ei\u015fe Tasar\u0131m\u0131:<\/strong>\u015ei\u015fenin ak\u0131c\u0131 k\u0131vr\u0131mlar\u0131 ve iyi kavramas\u0131 sayesinde tek elle \u00e7ok kolay bir \u015fekilde yap\u0131labiliyor, b\u00f6ylece kullan\u0131c\u0131 deneyimi \u00fcst seviyeye ta\u015f\u0131n\u0131yor.<\/li>\n<\/ol>\n<h2>Temel \u00d6zellikler<\/h2>\n<table style=\"border-collapse: collapse; width: 80%; margin-left: AUTO; margin-right: AUTO;\" border=\"0\" width=\"360\" cellspacing=\"0\" cellpadding=\"0\">\n<tbody>\n<tr style=\"height: 13.50pt;\">\n<td style=\"height: 13.5pt; width: 54pt; text-align: center;\" width=\"72\" height=\"18\">Kapasite<\/td>\n<td style=\"width: 54pt; text-align: center;\" width=\"72\">Boyut<\/td>\n<td style=\"width: 54pt; text-align: center;\" width=\"72\">Renk Se\u00e7enekleri<\/td>\n<td style=\"width: 54pt; text-align: center;\" width=\"72\">Aksesuar<\/td>\n<td style=\"width: 54pt; text-align: center;\" width=\"72\">Kullan\u0131m<\/td>\n<\/tr>\n<tr style=\"height: 13.50pt;\">\n<td style=\"height: 13.5pt; text-align: center;\" height=\"18\">200 ml<\/td>\n<td style=\"text-align: center;\">6,6*18,9 cm<\/td>\n<td style=\"text-align: center;\">Temizle, \u00d6zel<\/td>\n<td style=\"text-align: center;\">Kuru Baharat \u00d6\u011f\u00fct\u00fcc\u00fc<\/td>\n<td style=\"text-align: center;\">Karabiber,Kaba Tuz,Kimyon<\/td>\n<\/tr>\n<\/tbody>\n<\/table>\n<h2>Ba\u015far\u0131 \u00d6rne\u011fi<\/h2>\n<p>Yeni Himalaya tuzu ve karabiber serisi i\u00e7in \u00f6zel tasar\u0131ml\u0131, \u00fcst d\u00fczey bir baharat kavanozu ve kuru baharat \u00f6\u011f\u00fct\u00fcc\u00fc seti isteyen Kanadal\u0131 bir g\u0131da markas\u0131 bizimle ileti\u015fime ge\u00e7ti. Baharatlar\u0131n do\u011fal renklerini vurgulamak i\u00e7in, \u015f\u0131k f\u0131r\u00e7alanm\u0131\u015f paslanmaz \u00e7elik kapakl\u0131, \u015feffaf cam kavanoz ve i\u015flevsel k\u0131s\u0131m i\u00e7in ayarlanabilir \u00f6\u011f\u00fctme hassasiyetine sahip dayan\u0131kl\u0131 seramik \u00e7ekirdek tercih ettik.<\/p>\n<p>\u00dcr\u00fcn, piyasaya s\u00fcr\u00fclmesinden sonraki \u00fc\u00e7 ay i\u00e7inde perakende sat\u0131\u015flar\u0131nda &#039;l\u0131k bir art\u0131\u015f ya\u015fad\u0131 ve markan\u0131n hediye setleri ve \u00e7evrimi\u00e7i gurme ma\u011fazalar\u0131nda b\u00fcy\u00fck bir ba\u015far\u0131 elde etmesini sa\u011flad\u0131.<\/p>\n<h2>\u00d6zelle\u015ftirme \u0130pu\u00e7lar\u0131n\u0131z<\/h2>\n<p>Kuru baharat \u00f6\u011f\u00fct\u00fcc\u00fc baharat kab\u0131, farkl\u0131 baharat paketleme ihtiya\u00e7lar\u0131n\u0131 kar\u015f\u0131lamak i\u00e7in \u00e7e\u015fitli cam \u015fi\u015fe boyutlar\u0131nda mevcuttur. Kavanozlar, markan\u0131n ki\u015fili\u011fini yans\u0131tacak \u015fekilde \u015feffaf, buzlu veya bask\u0131l\u0131 olabilir. Kapaklar paslanmaz \u00e7elik, bambu veya renkli plastikten yap\u0131labilir ve marka tan\u0131n\u0131rl\u0131\u011f\u0131n\u0131 kolayla\u015ft\u0131rmak i\u00e7in \u00f6zel logo grav\u00fcr\u00fc veya serigrafi bask\u0131 mevcuttur. Ayr\u0131ca, baharatlar\u0131n uzun s\u00fcre taze kalmas\u0131n\u0131 sa\u011flayan ayarlanabilir \u00f6\u011f\u00fctme \u00f6zellikli seramik \u00f6\u011f\u00fct\u00fcc\u00fcler ve neme dayan\u0131kl\u0131 conta tasar\u0131m\u0131 da mevcuttur. Stil, tipik sade ve modern olabilir veya m\u00fc\u015fterilerin \u00f6zel ihtiya\u00e7lar\u0131n\u0131 kar\u015f\u0131lamak ve marka tan\u0131t\u0131m\u0131 ve toplu sipari\u015fler i\u00e7in ideal olmak \u00fczere ki\u015fiselle\u015ftirilmi\u015f hediye setleri tasarlayabilirsiniz.<\/p>","protected":false},"excerpt":{"rendered":"<p>Dayan\u0131kl\u0131 cam g\u00f6vdeli ve paslanmaz \u00e7elik \u00fcst y\u00fczeyli, fabrikadan do\u011frudan \u00fcretim baharat kab\u0131. Toplu sipari\u015fler, OEM \u00f6zelle\u015ftirmeleri ve markalama i\u00e7in ideal kuru baharat \u00f6\u011f\u00fct\u00fcc\u00fc.<\/p>","protected":false},"featured_media":3032,"template":"","meta":{"postBodyCss":"","postBodyMargin":[],"postBodyPadding":[],"postBodyBackground":{"backgroundType":"classic","gradient":""}},"product_brand":[],"product_cat":[15,17,53],"product_tag":[],"class_list":{"0":"post-3031","1":"product","2":"type-product","3":"status-publish","4":"has-post-thumbnail","6":"product_cat-glass-containers","7":"product_cat-glass-jars","8":"product_cat-spice-jars","10":"first","11":"instock","12":"shipping-taxable","13":"product-type-simple"},"jetpack_sharing_enabled":true,"_links":{"self":[{"href":"https:\/\/minghanggroup.com\/tr\/wp-json\/wp\/v2\/product\/3031","targetHints":{"allow":["GET"]}}],"collection":[{"href":"https:\/\/minghanggroup.com\/tr\/wp-json\/wp\/v2\/product"}],"about":[{"href":"https:\/\/minghanggroup.com\/tr\/wp-json\/wp\/v2\/types\/product"}],"wp:featuredmedia":[{"embeddable":true,"href":"https:\/\/minghanggroup.com\/tr\/wp-json\/wp\/v2\/media\/3032"}],"wp:attachment":[{"href":"https:\/\/minghanggroup.com\/tr\/wp-json\/wp\/v2\/media?parent=3031"}],"wp:term":[{"taxonomy":"product_brand","embeddable":true,"href":"https:\/\/minghanggroup.com\/tr\/wp-json\/wp\/v2\/product_brand?post=3031"},{"taxonomy":"product_cat","embeddable":true,"href":"https:\/\/minghanggroup.com\/tr\/wp-json\/wp\/v2\/product_cat?post=3031"},{"taxonomy":"product_tag","embeddable":true,"href":"https:\/\/minghanggroup.com\/tr\/wp-json\/wp\/v2\/product_tag?post=3031"}],"curies":[{"name":"wp","href":"https:\/\/api.w.org\/{rel}","templated":true}]}}