{"id":3010,"date":"2025-11-13T16:12:11","date_gmt":"2025-11-13T08:12:11","guid":{"rendered":"https:\/\/minghanggroup.com\/?post_type=product&#038;p=3010"},"modified":"2025-11-14T10:06:03","modified_gmt":"2025-11-14T02:06:03","slug":"empty-jars-for-spices-bulk-seasoning-jar","status":"publish","type":"product","link":"https:\/\/minghanggroup.com\/tr\/urun\/empty-jars-for-spices-bulk-seasoning-jar\/","title":{"rendered":"Baharatlar i\u00e7in \u00d6\u011f\u00fct\u00fcc\u00fc Kapakl\u0131 6oz Bo\u015f Kavanozlar"},"content":{"rendered":"<p>Mutfa\u011f\u0131n\u0131z\u0131 kaotik bir g\u00f6r\u00fcn\u00fcme sokan da\u011f\u0131n\u0131k baharat saklama alanlar\u0131yla u\u011fra\u015fmay\u0131 b\u0131rak\u0131n. Mutfa\u011f\u0131n\u0131z\u0131 \u015f\u0131k bir alana d\u00f6n\u00fc\u015ft\u00fcr\u00fcrken baharatlar\u0131n\u0131z\u0131 taze tutan, k\u00fc\u00e7\u00fck baharat \u00f6\u011f\u00fct\u00fcc\u00fcl\u00fc birinci s\u0131n\u0131f bo\u015f baharat kavanozlar\u0131 \u00fcretiyoruz. Bunlar sadece kaplar de\u011fil; markan\u0131z\u0131n mutfak d\u00fczeni ve g\u0131da ambalaj\u0131 i\u00e7in yeni gizli silah\u0131.<\/p>\n<h2>\u00dcr\u00fcn \u00d6zellikleri<\/h2>\n<p>Hassas\u200b\u200d\u200b\u200c\u200d\u200b\u200d\u200c\u200b\u200d\u200b\u200c\u200d\u200b\u200d\u200c Ta\u015flama Kontrol\u00fc<\/p>\n<p>\u0130nce \u00f6\u011f\u00fctme sistemi, karabiber, tuz veya otlar\u0131n iri tanelili\u011fi \u00fczerinde kesin kontrol sa\u011flar.<\/p>\n<p>Renk Tan\u0131mlamas\u0131<\/p>\n<p>\u015eeffaf baharat kavanozlar\u0131ndaki farkl\u0131 baharatlar\u0131n kolayca ay\u0131rt edilebilmesi i\u00e7in renk kodlu kapaklar (k\u0131rm\u0131z\u0131, ye\u015fil ve siyah) kullan\u0131lm\u0131\u015ft\u0131r.<\/p>\n<p>Modern Mutfak Esteti\u011fi<\/p>\n<p>\u015e\u0131k ve zarif tasar\u0131m\u0131yla mutfak saklama kaplar\u0131n\u0131z\u0131n g\u00f6r\u00fcn\u00fcm\u00fcn\u00fc g\u00fczelle\u015ftirirken, yemek masan\u0131z\u0131 da varl\u0131\u011f\u0131yla daha zarif hale getirir.<\/p>\n<h2>Temel \u00d6zellikler<\/h2>\n<table style=\"border-collapse: collapse; width: 80%; margin-left: AUTO; margin-right: AUTO;\" border=\"0\" width=\"288\" cellspacing=\"0\" cellpadding=\"0\">\n<tbody>\n<tr style=\"height: 13.50pt;\">\n<td style=\"height: 13.5pt; width: 54pt; text-align: center;\" width=\"72\" height=\"18\">Kapasite<\/td>\n<td style=\"width: 54pt; text-align: center;\" width=\"72\">Boyut<\/td>\n<td style=\"width: 54pt; text-align: center;\" width=\"72\">Renk Se\u00e7enekleri<\/td>\n<td style=\"width: 54pt; text-align: center;\" width=\"72\">Aksesuarlar<\/td>\n<\/tr>\n<tr style=\"height: 13.50pt;\">\n<td style=\"height: 13.5pt; text-align: center;\" height=\"18\">180 ml\/6 oz<\/td>\n<td style=\"text-align: center;\">6,4 * 13 cm<\/td>\n<td style=\"text-align: center;\">Temizle, \u00d6zel<\/td>\n<td style=\"text-align: center;\">K\u00fc\u00e7\u00fck Baharat \u00d6\u011f\u00fct\u00fcc\u00fc<\/td>\n<\/tr>\n<\/tbody>\n<\/table>\n<h2>Ba\u015far\u0131 \u00d6rne\u011fi<\/h2>\n<p>Avrupal\u0131 \u200b\u200bbir g\u0131da markas\u0131, dahili \u00f6\u011f\u00fct\u00fcc\u00fcyle donat\u0131lm\u0131\u015f baharat kavanozlar\u0131n\u0131 ki\u015fiselle\u015ftirmek i\u00e7in bize sipari\u015f verdi. Kendi baharat serileriyle uyumlu olmas\u0131 i\u00e7in, retorta kapaklar\u0131 i\u00e7in parlak renkler se\u00e7tiler: zerde\u00e7al i\u00e7in sar\u0131, k\u0131rm\u0131z\u0131 biber i\u00e7in k\u0131rm\u0131z\u0131 ve otlar i\u00e7in ye\u015fil. B\u00f6ylece l\u00fcks bir g\u00f6r\u00fcn\u00fcm elde ettiler. Ma\u011faza te\u015fhir ihtiya\u00e7lar\u0131n\u0131 kar\u015f\u0131lamak i\u00e7in, onlara toptan fabrika sat\u0131\u015flar\u0131, lazerle kaz\u0131nm\u0131\u015f logolar ve ki\u015fiye \u00f6zel ambalajlar sa\u011flad\u0131k.<\/p>\n<p>Yeni baharat kavanozlar\u0131 serisi \u00e7ok h\u0131zl\u0131 bir \u015fekilde viral oldu ve bu, raflardaki g\u00f6r\u00fcn\u00fcrl\u00fc\u011f\u00fcn\u00fcn artmas\u0131n\u0131n ve lansman\u0131n ard\u0131ndan ilk \u00e7eyrekte sat\u0131\u015flar\u0131n oran\u0131nda b\u00fcy\u00fcmesinin ana nedenidir.<\/p>\n<h2>\u00d6zelle\u015ftirme \u0130pu\u00e7lar\u0131n\u0131z<\/h2>\n<p>K\u00fc\u00e7\u00fck baharat \u00f6\u011f\u00fct\u00fcc\u00fcl\u00fc bo\u015f baharat kavanozlar\u0131 i\u00e7in, istedi\u011finiz baharat t\u00fcr\u00fcne ve \u00f6\u011f\u00fctme kal\u0131nl\u0131\u011f\u0131na g\u00f6re seramik veya paslanmaz \u00e7elik gibi \u00e7e\u015fitli \u00f6\u011f\u00fctme mekanizmalar\u0131ndan birini se\u00e7ebilirsiniz. B\u00fcy\u00fck bir sipari\u015f vermek isterseniz, sipari\u015finizi toplu olarak paketleme, \u00f6zel etiketinizi basma ve yaln\u0131zca markan\u0131z\u0131 g\u00fczelle\u015ftirmekle kalmay\u0131p ayn\u0131 zamanda perakende ve promosyon ama\u00e7l\u0131 da\u011f\u0131t\u0131m s\u00fcrecini de kolayla\u015ft\u0131ran ki\u015fiselle\u015ftirilmi\u015f kutu setleri olu\u015fturma imkan\u0131m\u0131z mevcuttur.<\/p>","protected":false},"excerpt":{"rendered":"<p>K\u00fc\u00e7\u00fck baharat \u00f6\u011f\u00fct\u00fcc\u00fcl\u00fc toptan bo\u015f baharat kavanozlar\u0131, toplu sipari\u015fler i\u00e7in fabrikadan do\u011frudan tedarik, baharat kavanozu markalar\u0131 i\u00e7in \u00f6zel logo ve ambalaj mevcuttur.<\/p>","protected":false},"featured_media":3019,"template":"","meta":{"postBodyCss":"","postBodyMargin":[],"postBodyPadding":[],"postBodyBackground":{"backgroundType":"classic","gradient":""}},"product_brand":[],"product_cat":[15,17,53],"product_tag":[],"class_list":{"0":"post-3010","1":"product","2":"type-product","3":"status-publish","4":"has-post-thumbnail","6":"product_cat-glass-containers","7":"product_cat-glass-jars","8":"product_cat-spice-jars","10":"first","11":"instock","12":"shipping-taxable","13":"product-type-simple"},"jetpack_sharing_enabled":true,"_links":{"self":[{"href":"https:\/\/minghanggroup.com\/tr\/wp-json\/wp\/v2\/product\/3010","targetHints":{"allow":["GET"]}}],"collection":[{"href":"https:\/\/minghanggroup.com\/tr\/wp-json\/wp\/v2\/product"}],"about":[{"href":"https:\/\/minghanggroup.com\/tr\/wp-json\/wp\/v2\/types\/product"}],"wp:featuredmedia":[{"embeddable":true,"href":"https:\/\/minghanggroup.com\/tr\/wp-json\/wp\/v2\/media\/3019"}],"wp:attachment":[{"href":"https:\/\/minghanggroup.com\/tr\/wp-json\/wp\/v2\/media?parent=3010"}],"wp:term":[{"taxonomy":"product_brand","embeddable":true,"href":"https:\/\/minghanggroup.com\/tr\/wp-json\/wp\/v2\/product_brand?post=3010"},{"taxonomy":"product_cat","embeddable":true,"href":"https:\/\/minghanggroup.com\/tr\/wp-json\/wp\/v2\/product_cat?post=3010"},{"taxonomy":"product_tag","embeddable":true,"href":"https:\/\/minghanggroup.com\/tr\/wp-json\/wp\/v2\/product_tag?post=3010"}],"curies":[{"name":"wp","href":"https:\/\/api.w.org\/{rel}","templated":true}]}}