{"id":2991,"date":"2025-11-13T15:02:56","date_gmt":"2025-11-13T07:02:56","guid":{"rendered":"https:\/\/minghanggroup.com\/?post_type=product&#038;p=2991"},"modified":"2025-11-14T10:06:14","modified_gmt":"2025-11-14T02:06:14","slug":"herb-jars-bulk-empty-spice-bottles","status":"publish","type":"product","link":"https:\/\/minghanggroup.com\/tr\/urun\/herb-jars-bulk-empty-spice-bottles\/","title":{"rendered":"Paketleme i\u00e7in Paslanmaz \u00c7elik Kapakl\u0131 4oz Kare Bitki Kavanozlar\u0131"},"content":{"rendered":"<p>\ubd80\uc18d\ud488<\/p>\n<h2>\u00dcr\u00fcn \u00d6zellikleri<\/h2>\n<ol>\n<li><strong>Kristal\u200b\u200d\u200b\u200c\u200d\u200b\u200d\u200c\u200b\u200d\u200b\u200c\u200d\u200b\u200d\u200c Berrakl\u0131\u011f\u0131nda:<\/strong>M\u00fckemmel \u015feffaf kap, baharatlar\u0131 yeniden doldurma zaman\u0131n\u0131 tahmin etmenize gerek kalmadan an\u0131nda bulman\u0131za yard\u0131mc\u0131 olur.<\/li>\n<li><strong>Hassas \u00c7alkalama Kapa\u011f\u0131:<\/strong>E\u015fit aral\u0131klarla delikleri olan paslanmaz \u00e7elik kapak, karabiber, tuz, \u015feker veya un gibi baharatlar\u0131n miktar\u0131n\u0131 m\u00fckemmel bir \u015fekilde kontrol etmenizi sa\u011flar.<\/li>\n<li><strong>Sa\u011flam Kare \u015ei\u015fe:<\/strong>Daha az alanda daha fazla e\u015fya saklama \u015fans\u0131 sunarak, e\u015fyalar\u0131n\u0131z\u0131 d\u00fczenli tutman\u0131n yan\u0131 s\u0131ra, e\u015fyalar\u0131n\u0131z\u0131n yuvarlan\u0131p gitme derdinden de kurtar\u0131r ve bu nedenle mutfaklar veya yemek odalar\u0131 i\u00e7in harika bir se\u00e7imdir.<\/li>\n<\/ol>\n<h2>Temel \u00d6zellikler<\/h2>\n<table style=\"border-collapse: collapse; width: 80%; margin-left: auto; margin-right: auto;\" border=\"0\" width=\"360\" cellspacing=\"0\" cellpadding=\"0\">\n<tbody>\n<tr style=\"height: 13.50pt;\">\n<td style=\"height: 13.5pt; width: 54pt; text-align: center;\" width=\"72\" height=\"18\">Kapasite<\/td>\n<td style=\"width: 54pt; text-align: center;\" width=\"72\">Boyut<\/td>\n<td style=\"width: 54pt; text-align: center;\" width=\"72\">\u015eekil<\/td>\n<td style=\"width: 54pt; text-align: center;\" width=\"72\">Renk Se\u00e7enekleri<\/td>\n<td style=\"width: 54pt; text-align: center;\" width=\"72\">Kullan\u0131m<\/td>\n<\/tr>\n<tr style=\"height: 13.50pt;\">\n<td style=\"height: 13.5pt; text-align: center;\" height=\"18\">120 ml (4 oz)<\/td>\n<td style=\"text-align: center;\">4*9cm<\/td>\n<td style=\"text-align: center;\">Kare<\/td>\n<td style=\"text-align: center;\">Temizle, \u00d6zel<\/td>\n<td style=\"text-align: center;\">Biber, ac\u0131 biber, tavuk bulyonu, tuz vb. paketleyin<\/td>\n<\/tr>\n<\/tbody>\n<\/table>\n<h2>Ba\u015far\u0131 \u00d6rne\u011fi<\/h2>\n<p>Birle\u015fik Krall\u0131k&#039;tan bir organik baharat markas\u0131, bu kare cam bitki kavanozlar\u0131n\u0131 ki\u015fiselle\u015ftirmek i\u00e7in bizimle ileti\u015fime ge\u00e7meye karar verdi. \u015eeffaf bo\u015f baharat \u015fi\u015feleri, baharatlar\u0131n do\u011fal renklerini yans\u0131t\u0131yor ve metal kapaklar genel \u015f\u0131kl\u0131\u011fa katk\u0131da bulunuyor. M\u00fc\u015fteri, \u015f\u0131k ve hijyenik bir mutfak trendini vurgulamak i\u00e7in \u00f6zel g\u00fcm\u00fc\u015f kapaklar ve markal\u0131 bir etiket tercih etti.<\/p>\n<p>Bu \u00fcr\u00fcn grubunun \u00e7evrimi\u00e7i sat\u0131\u015flar\u0131, piyasaya sunulmas\u0131ndan yaln\u0131zca \u00fc\u00e7 ay sonra oran\u0131nda artt\u0131.<\/p>\n<h2>\u00d6zelle\u015ftirme \u0130pu\u00e7lar\u0131n\u0131z<\/h2>\n<p>Ki\u015fiselle\u015ftirilmi\u015f baharat kavanozlar\u0131yla mutfak koleksiyonunuzu d\u00f6n\u00fc\u015ft\u00fcr\u00fcn; bu kavanozlar hem harika g\u00f6r\u00fcn\u00fcyor hem de markan\u0131z\u0131n tarz\u0131na uyum sa\u011fl\u0131yor. Baharatlar\u0131n do\u011fal renklerini sergilemek i\u00e7in \u015feffaf veya buzlu cam se\u00e7ebilir, ard\u0131ndan bambu, paslanmaz \u00e7elik veya mat siyah hava ge\u00e7irmez kapaklarla \u015f\u0131k bir g\u00f6r\u00fcn\u00fcm elde edebilirsiniz. Logonuzu serigrafi bask\u0131 veya lazer kaz\u0131ma ile i\u015fleyin ve marka ki\u015fili\u011finizi yans\u0131tan, organik, modern veya l\u00fcks olsun, \u00f6zel etiketler tasarlay\u0131n. Bu etiketler, kurutulmu\u015f otlar, baharatlar veya \u00e7ay yapraklar\u0131 i\u00e7in farkl\u0131 boyutlarda mevcuttur. Ayr\u0131ca, bu bo\u015f baharat \u015fi\u015feleri bir sonraki \u015f\u0131k hediye setiniz veya m\u00fckemmel restoran kaplar\u0131n\u0131z olabilir. Baharat serinizin, yaln\u0131zca ilgi \u00e7ekici olmakla kalmay\u0131p ayn\u0131 zamanda her kavanozun tazeli\u011fin ve kalitenin bir simgesi olmas\u0131n\u0131 sa\u011flayan ki\u015fiselle\u015ftirme sayesinde en \u00e7ok konu\u015fulan seri olmas\u0131n\u0131 sa\u011flay\u0131n.<\/p>","protected":false},"excerpt":{"rendered":"<p>Fabrikadan do\u011frudan cam bitki kavanozlar\u0131 ve bo\u015f baharat \u015fi\u015feleri, toplu sipari\u015fler ve \u00f6zel markalama i\u00e7in mevcuttur. Dayan\u0131kl\u0131 ve modern ambalaj arayan al\u0131c\u0131lar i\u00e7in idealdir.<\/p>","protected":false},"featured_media":3006,"template":"","meta":{"postBodyCss":"","postBodyMargin":[],"postBodyPadding":[],"postBodyBackground":{"backgroundType":"classic","gradient":""}},"product_brand":[],"product_cat":[15,17,53],"product_tag":[],"class_list":{"0":"post-2991","1":"product","2":"type-product","3":"status-publish","4":"has-post-thumbnail","6":"product_cat-glass-containers","7":"product_cat-glass-jars","8":"product_cat-spice-jars","10":"first","11":"instock","12":"shipping-taxable","13":"product-type-simple"},"jetpack_sharing_enabled":true,"_links":{"self":[{"href":"https:\/\/minghanggroup.com\/tr\/wp-json\/wp\/v2\/product\/2991","targetHints":{"allow":["GET"]}}],"collection":[{"href":"https:\/\/minghanggroup.com\/tr\/wp-json\/wp\/v2\/product"}],"about":[{"href":"https:\/\/minghanggroup.com\/tr\/wp-json\/wp\/v2\/types\/product"}],"wp:featuredmedia":[{"embeddable":true,"href":"https:\/\/minghanggroup.com\/tr\/wp-json\/wp\/v2\/media\/3006"}],"wp:attachment":[{"href":"https:\/\/minghanggroup.com\/tr\/wp-json\/wp\/v2\/media?parent=2991"}],"wp:term":[{"taxonomy":"product_brand","embeddable":true,"href":"https:\/\/minghanggroup.com\/tr\/wp-json\/wp\/v2\/product_brand?post=2991"},{"taxonomy":"product_cat","embeddable":true,"href":"https:\/\/minghanggroup.com\/tr\/wp-json\/wp\/v2\/product_cat?post=2991"},{"taxonomy":"product_tag","embeddable":true,"href":"https:\/\/minghanggroup.com\/tr\/wp-json\/wp\/v2\/product_tag?post=2991"}],"curies":[{"name":"wp","href":"https:\/\/api.w.org\/{rel}","templated":true}]}}